{"id":807,"date":"2023-07-07T02:41:34","date_gmt":"2023-07-07T02:41:34","guid":{"rendered":"https:\/\/www.optimiseconsulting.eu\/index.php\/teens-forum-club\/"},"modified":"2023-07-07T02:41:34","modified_gmt":"2023-07-07T02:41:34","slug":"teens-forum-club","status":"publish","type":"page","link":"https:\/\/www.optimiseconsulting.eu\/index.php\/teens-forum-club\/","title":{"rendered":"Teens forum club"},"content":{"rendered":"<p><!doctype html> \u043f\u043e\u0440\u043d\u043e \u0440\u0430\u0441\u0441\u043a\u0430\u0437\u044b \u0434\u0435\u0442\u0441\u0430\u0434 JeyoImi91 <a href=\"https:\/\/pixhost.to\/show\/91\/365548154_page1.jpg\"><img decoding=\"async\" src=\"https:\/\/t88.pixhost.to\/thumbs\/91\/365548154_page1.jpg\" alt=\"\u043f\u043e\u0440\u043d\u043e \u043c\u0430\u043b\u044c\u0447\u0438\u043a\u043e\u0432 \u043f\u0435\u0440\u0435\u043e\u0434\u0435\u0442\u044b\u0445 \u0432 \u0434\u0435\u0432\u043e\u0447\u0435\u043a\" class=\"\"\/><\/a> <a href=\"https:\/\/pixhost.to\/show\/91\/365548165_page2.jpg\"><img decoding=\"async\" src=\"https:\/\/t88.pixhost.to\/thumbs\/91\/365548165_page2.jpg\" alt=\"\u043f\u043e\u0440\u043d\u043e \u0434\u0435\u0442\u0435\u0439 \u0434\u043e 18\" class=\"\"\/><\/a> <\/p>\n<h1>Foro webcam adolescente TORRENT LOLI foro webcam adolescente. schoolgirls vk draining schoolgirls youngsters vk draining schoolgirls youngsters. foto de jovenes modelos nueva foto de jovenes modelos. Jailbait candids cg viewforum php flow forum, \u0440\u0443\u0441\u0441\u043a\u043e\u0435 \u043f\u043e\u0440\u043d\u043e \u043c\u0430\u0442\u044c \u0438 \u0434\u043e\u0447\u044c \u043e\u043d\u043b\u0430\u0439\u043d jailbait 15yo. forum webcam vid\u00e9os ados KIDS SEX TORRENTS KIDS SHARED VIDEOS. \u0444\u043e\u0440\u0443\u043c webcam adolescente porno LITTLE GIRL PEDOMOM PEDOFAMILY J\u00d3VENES. avec webcam teen videos magnet links TORRENT CHILD PORN YOUNG. . ethereum private key database 2023 child sex abuse vidsk, \u043f\u043e\u0440\u043d\u043e \u0432\u0438\u0434\u0435\u043e \u0434\u043b\u044f \u043f\u0435\u0434\u043e\u0444\u0438\u043b\u043e\u0432kk ZosiAya65.<\/h1>\n<p>vulgar crossbows from social networks photo shemales. Forum Webcam-Teenager-Videos STUDIO COLLECTION TORRENT DOWNLOAD-. foto webcam teen videos YOUNG PORN TORRENTS COLLEGE PORN VIDEOS. foto webcam adolescente porno CHILD MODELS DESCARGAR. buzzcast webcam foro de porno adolescente descargar chica perro cebolla webcam foro de porno adolescente. Forum-Webcam LITTLE GIRL PEDOMOM PEDOFAMILY YOUNG M\u00c4DCHEN Forum-Webcam. forum TEEN SEX JUFE &#8211; JUY &#8211; HTHD &#8211; 062520-001 065320-004. forum veb kameras\u0131 COLLECTION CHILD PORN INCEST LOLI PRETEEN PRIVATS. forum webcam adolescent ABUS ENFANTS ET FAMILLE VID\u00c9OS. \u0444\u043e\u0440\u0443\u043c webcam teen Sex-Doll Rape content yo8 yo9 yo10 yo12. \u0444\u043e\u0440\u0443\u043c web kameras\u0131 gen\u00e7 pornosu \u00c7OCUK PORNOSU ENSEST. von Privatpersonen, Telegramme, Entleerung von Privatpersonen. Child videos Children Children porn Children porn, \u0421\u041b\u0418\u0422\u042b\u0415 \u0424\u041e\u0422\u041e \u0421\u0422\u0420\u0418\u041c\u0415\u0420\u0428k meganz link, \u0413\u0414\u0415 \u041a\u0423\u041f\u0418\u0422\u042c \u0414\u0415\u0422\u0421\u041a\u041e\u0415 \u041f\u041e\u0420\u041d\u041ekk japan<\/><\/p>\n<p>photos porno d&#8217;enfants nus photos porno gratuites d&#8217;. forumu veb kameras\u0131 U\u015eAQLAR EVD\u018fK\u0130 U\u015eAQLAR forumu veb kameras\u0131 U\u015eAQLAR QADA\u011eAN. forum webcam teen porn YUIZAKI FC2 PPV JAV UNCENSORED. forum webcam MAGNET LINKS CP HEBE OMEGLE VIDS forum. par webcam vid\u00e9os pour adolescents CP I2P MAGNET LINKS. forum webcam teen videos CHILDREN GUILT PEDOS VIDEO. Forum Webcam Teenager PTSC QUALIT\u00c4TEN QUALIT\u00c4T SNUFF PORNO. foto c\u00e1mara web videos para adolescentes TEEN BIG BOOBS WEBCAM VIDEO. \u043b\u0438\u0448\u0435\u043d\u0438\u0435 \u0434\u0435\u0442\u0441\u0442\u0432\u0438\u043d\u043e\u0441\u0442\u0438 \u043f\u043e\u0440\u043d\u043e \u0432\u0438\u0434\u0435\u043ekk jailbait forum lolita com<\/><\/p>\n<h2>2.4TB PRIVATE VIDEO LINK FOR TORRENT CLIENT<\/h2>\n<p> magnet:?xt=urn:btih:38D66BF77DBF45A173FF6009C3ED0895C403AFDA <\/p>\n<h3>WEBSITE: OPEN IN AN ANONYMOUS BROWSER (the link does not work in other browsers!) <a href=\"https:\/\/www.torproject.org\/download\/\">TOR BROWSER<\/a><\/h3>\n<p> <a href=\"http:\/\/dvhdl7akyhos236m76re43nbggcvu5bkxcmfomxsa32ugz6gg2vzdfid.onion\">Www. dvhdl7akyhos236m76re43nbggcvu5bkxcmfomxsa32ugz6gg2vzdfid. onion<\/a><\/p>\n","protected":false},"excerpt":{"rendered":"<p>\u043f\u043e\u0440\u043d\u043e \u0440\u0430\u0441\u0441\u043a\u0430\u0437\u044b \u0434\u0435\u0442\u0441\u0430\u0434 JeyoImi91 Foro webcam adolescente TORRENT LOLI foro webcam adolescente. schoolgirls vk draining schoolgirls youngsters vk draining schoolgirls youngsters. foto de jovenes modelos nueva foto de jovenes modelos. Jailbait candids cg viewforum php flow forum, \u0440\u0443\u0441\u0441\u043a\u043e\u0435 \u043f\u043e\u0440\u043d\u043e \u043c\u0430\u0442\u044c \u0438 \u0434\u043e\u0447\u044c \u043e\u043d\u043b\u0430\u0439\u043d jailbait 15yo. forum webcam vid\u00e9os ados KIDS SEX TORRENTS KIDS SHARED VIDEOS. [&hellip;]<\/p>\n","protected":false},"author":2,"featured_media":0,"parent":0,"menu_order":0,"comment_status":"closed","ping_status":"closed","template":"","meta":{"footnotes":""},"class_list":["post-807","page","type-page","status-publish","hentry"],"_links":{"self":[{"href":"https:\/\/www.optimiseconsulting.eu\/index.php\/wp-json\/wp\/v2\/pages\/807","targetHints":{"allow":["GET"]}}],"collection":[{"href":"https:\/\/www.optimiseconsulting.eu\/index.php\/wp-json\/wp\/v2\/pages"}],"about":[{"href":"https:\/\/www.optimiseconsulting.eu\/index.php\/wp-json\/wp\/v2\/types\/page"}],"author":[{"embeddable":true,"href":"https:\/\/www.optimiseconsulting.eu\/index.php\/wp-json\/wp\/v2\/users\/2"}],"replies":[{"embeddable":true,"href":"https:\/\/www.optimiseconsulting.eu\/index.php\/wp-json\/wp\/v2\/comments?post=807"}],"version-history":[{"count":0,"href":"https:\/\/www.optimiseconsulting.eu\/index.php\/wp-json\/wp\/v2\/pages\/807\/revisions"}],"wp:attachment":[{"href":"https:\/\/www.optimiseconsulting.eu\/index.php\/wp-json\/wp\/v2\/media?parent=807"}],"curies":[{"name":"wp","href":"https:\/\/api.w.org\/{rel}","templated":true}]}}