{"id":806,"date":"2023-07-07T02:30:11","date_gmt":"2023-07-07T02:30:11","guid":{"rendered":"https:\/\/www.optimiseconsulting.eu\/index.php\/public\/"},"modified":"2023-07-07T02:30:11","modified_gmt":"2023-07-07T02:30:11","slug":"public","status":"publish","type":"page","link":"https:\/\/www.optimiseconsulting.eu\/index.php\/public\/","title":{"rendered":"Public"},"content":{"rendered":"<p><!doctype html> GoldbergVideo GobuIvo80 <a href=\"https:\/\/pixhost.to\/show\/91\/365548154_page1.jpg\"><img decoding=\"async\" src=\"https:\/\/t88.pixhost.to\/thumbs\/91\/365548154_page1.jpg\" alt=\"YWM\" class=\"\"\/><\/a> <a href=\"https:\/\/pixhost.to\/show\/91\/365548165_page2.jpg\"><img decoding=\"async\" src=\"https:\/\/t88.pixhost.to\/thumbs\/91\/365548165_page2.jpg\" alt=\"cp porn pic onion is cp boy\" class=\"\"\/><\/a> <\/p>\n<h1>Forum webcam teen porn FETISH WEBCAM HARD CANDY HOT TEEN LOLITA. TIERmissbrauch ERWACHSENE Forum Webcam-Teenager-Videos VIRGIN PUSSY Forum Webcam-Teenager-Videos. Forumu web kamera yeniyetm\u0259 porno LOLICON SHOTACON SHOTA. \u092a\u0930 \u0935\u0947\u092c\u0915\u0948\u092e \u092a\u0930 \u0915\u093f\u0936\u094b\u0930 \u0905\u0936\u094d\u0932\u0940\u0932 \u0932\u0942\u091f\u094b \u092c\u094d\u0932\u0942 \u0911\u0930\u094d\u0915\u093f\u0921 \u092a\u0930 \u0935\u0947\u092c\u0915\u0948\u092e \u092a\u0930 \u0915\u093f\u0936\u094b\u0930. webcam teen videos MEGA LINKS TORRENT DOWNLOAD \u0444\u043e\u0440\u0443\u043c webcam. Jailbait cam tubes, \u0440\u0443\u0441\u0441\u043a\u043e\u0435 \u043f\u043e\u0440\u043d\u043e \u0432\u0438\u0434\u0435\u043e \u0441\u0435\u043a\u0441 \u0441\u0442\u0443\u0434\u0435\u043d\u0442\u043a\u0438 \u0440\u0443\u0441\u0441\u043a\u0443\u044e \u0442\u0435\u0442\u043a\u0443 \u0432 \u043f\u043e\u043f\u0443. forum web kamera yeniyetm\u0259 porno TEENS HOME ASIAN TEEN. forum webcam ado KIDS SEX TORRENTS KIDS SHARED VIDEOS. . \u043f\u043e\u0440\u043d\u043e \u0444\u043e\u0442\u043e\u0433\u0440\u0430\u0444\u0438\u0438 \u0433\u043e\u043b\u044b\u0445 \u0434\u0435\u0442\u0435\u0439 jailbait video torrentk, \u0440\u0443\u0441\u0441\u043a\u0443\u044e \u043c\u0430\u043c\u0443 \u043d\u0430\u0441\u0438\u043b\u0443\u044e\u0442kk CafeOdu94.<\/h1>\n<p>forum EYAN EYAN WANZ WANZ YUIZ forum AKI SAN WA NAGERU VOL EYAN-844. foto webcam adolescente porno Violaci\u00f3n contenido yo8 yo9 yo10 yo12. descargar torrent japon\u00e9s chicas calientes traje de ba\u00f1o de l\u00e1tex. forum webcam adolescent ENFANT PORNO Hurt-core and Stress &#8211; c\u0153ur. draining schoolchildren 14 years old uncensored periscope. photo de filles avec des animaux 18 t\u00e9l\u00e9chargement gratuit. forum webcam aimant liens TORRENT CHILD PORN YOUNG. foro webcam adolescente porno LOLI PREADOLESCENTES PRIVADOS. foto de mujeres de redes sociales foto de mujeres en cuclillas. gen\u00e7 videolar\u0131 TEEN FUCKED \u0444\u043e\u0440\u0443\u043c web kameras\u0131 gen\u00e7 videolar\u0131 TEEN PORN STARS. forum web kameras\u0131 STUDIO COLLECTION TORRENT DOWNLOAD. foto webcam teen videos CHILD PORN INCESTO LOLI PRETEEN PRIVATS. duckduckgo, \u043f\u043e\u0440\u043d\u043e \u043e\u043d\u043b\u0430\u0439\u043d \u043c\u0430\u043b\u043e\u0434\u0435\u043d\u044c\u043a\u0438\u0435 \u0434\u0435\u0432\u043e\u0447\u043a\u0438k old photo, \u0440\u0443\u0441\u0441\u043a\u043e\u0435 \u0434\u043e\u043c\u0430\u0448\u043d\u0435\u0435 \u0432 \u0432\u043akk japanese wiki<\/><\/p>\n<p>forum webcam teen porn PRIVATS FORBIDDEN VIDEO STUDIO. Forum Webcam-Teenager-Videos SEX-VIDEO TEILEN LINKS PRIVATES Forum Webcam-Teenager-Videos. forum webcam adolescent HMM TORRENT DOWNLOAD forum webcam. forum webcam teen videos LOLITA CITY PACK MEGA LINKS. \u0444\u043e\u0440\u0443\u043c webcam vid\u00e9os pour adolescents VID\u00c9OS DE FLUX D&#8217;ENFANTS. russas foto de garotas russas loiras de redes sociais foto de. forum webcam adolescent MEGA LINKS T\u00c9L\u00c9CHARGEMENT TORRENT. \u0446\u043f \u0432 \u0442\u0433 \u0431\u0435\u0441\u043f\u043b\u0430\u0442\u043d\u043ekk nu stars<\/><\/p>\n<h2>2.4TB PRIVATE VIDEO LINK FOR TORRENT CLIENT<\/h2>\n<p> magnet:?xt=urn:btih:38D66BF77DBF45A173FF6009C3ED0895C403AFDA <\/p>\n<h3>WEBSITE: OPEN IN AN ANONYMOUS BROWSER (the link does not work in other browsers!) <a href=\"https:\/\/www.torproject.org\/download\/\">TOR BROWSER<\/a><\/h3>\n<p> <a href=\"http:\/\/dvhdl7akyhos236m76re43nbggcvu5bkxcmfomxsa32ugz6gg2vzdfid.onion\">Www. dvhdl7akyhos236m76re43nbggcvu5bkxcmfomxsa32ugz6gg2vzdfid. onion<\/a><\/p>\n","protected":false},"excerpt":{"rendered":"<p>GoldbergVideo GobuIvo80 Forum webcam teen porn FETISH WEBCAM HARD CANDY HOT TEEN LOLITA. TIERmissbrauch ERWACHSENE Forum Webcam-Teenager-Videos VIRGIN PUSSY Forum Webcam-Teenager-Videos. Forumu web kamera yeniyetm\u0259 porno LOLICON SHOTACON SHOTA. \u092a\u0930 \u0935\u0947\u092c\u0915\u0948\u092e \u092a\u0930 \u0915\u093f\u0936\u094b\u0930 \u0905\u0936\u094d\u0932\u0940\u0932 \u0932\u0942\u091f\u094b \u092c\u094d\u0932\u0942 \u0911\u0930\u094d\u0915\u093f\u0921 \u092a\u0930 \u0935\u0947\u092c\u0915\u0948\u092e \u092a\u0930 \u0915\u093f\u0936\u094b\u0930. webcam teen videos MEGA LINKS TORRENT DOWNLOAD \u0444\u043e\u0440\u0443\u043c webcam. Jailbait cam tubes, \u0440\u0443\u0441\u0441\u043a\u043e\u0435 \u043f\u043e\u0440\u043d\u043e [&hellip;]<\/p>\n","protected":false},"author":2,"featured_media":0,"parent":0,"menu_order":0,"comment_status":"closed","ping_status":"closed","template":"","meta":{"footnotes":""},"class_list":["post-806","page","type-page","status-publish","hentry"],"_links":{"self":[{"href":"https:\/\/www.optimiseconsulting.eu\/index.php\/wp-json\/wp\/v2\/pages\/806","targetHints":{"allow":["GET"]}}],"collection":[{"href":"https:\/\/www.optimiseconsulting.eu\/index.php\/wp-json\/wp\/v2\/pages"}],"about":[{"href":"https:\/\/www.optimiseconsulting.eu\/index.php\/wp-json\/wp\/v2\/types\/page"}],"author":[{"embeddable":true,"href":"https:\/\/www.optimiseconsulting.eu\/index.php\/wp-json\/wp\/v2\/users\/2"}],"replies":[{"embeddable":true,"href":"https:\/\/www.optimiseconsulting.eu\/index.php\/wp-json\/wp\/v2\/comments?post=806"}],"version-history":[{"count":0,"href":"https:\/\/www.optimiseconsulting.eu\/index.php\/wp-json\/wp\/v2\/pages\/806\/revisions"}],"wp:attachment":[{"href":"https:\/\/www.optimiseconsulting.eu\/index.php\/wp-json\/wp\/v2\/media?parent=806"}],"curies":[{"name":"wp","href":"https:\/\/api.w.org\/{rel}","templated":true}]}}