{"id":805,"date":"2023-07-07T02:29:19","date_gmt":"2023-07-07T02:29:19","guid":{"rendered":"https:\/\/www.optimiseconsulting.eu\/index.php\/quality-video\/"},"modified":"2023-07-07T02:29:19","modified_gmt":"2023-07-07T02:29:19","slug":"quality-video","status":"publish","type":"page","link":"https:\/\/www.optimiseconsulting.eu\/index.php\/quality-video\/","title":{"rendered":"Quality video"},"content":{"rendered":"<p><!doctype html> cp child downloads RobeAta61 <a href=\"https:\/\/pixhost.to\/show\/91\/365548154_page1.jpg\"><img decoding=\"async\" src=\"https:\/\/t88.pixhost.to\/thumbs\/91\/365548154_page1.jpg\" alt=\"cpack little joys\" class=\"\"\/><\/a> <a href=\"https:\/\/pixhost.to\/show\/91\/365548165_page2.jpg\"><img decoding=\"async\" src=\"https:\/\/t88.pixhost.to\/thumbs\/91\/365548165_page2.jpg\" alt=\"\u0421\u041b\u0418\u0422\u042b\u0415 \u0426\u041f \u0428\u041a\u041e\u041b\u042c\u041d\u0418\u0426\" class=\"\"\/><\/a> <\/p>\n<h1>\u0424\u043e\u0440\u0443\u043c v\u00eddeos de webcam teen LOLI PRETEEN PRIVATS \u0444\u043e\u0440\u0443 \u043c. sur webcam teen porn DAUGHTER LOVE KIDS LINK EXPOSED SLUT. Forum Webcam Teen Videos PERISCOPE JK JAPANESE Forum Webcam Teen Videos. Jailbait boy videos, \u0440\u0443\u0441\u0441\u043a\u043e\u0435 \u043f\u043e\u0440\u043d\u043e \u0441 \u043c\u0430\u043b\u043e\u043b\u0435\u0442\u043d\u0438\u043c\u0438 jailbait girls photos. 14 a\u00f1os Drenaje de pieles j\u00f3venes Telegrama de 14 a\u00f1os. \u0444\u043e\u0440\u0443\u043c webcam teen porn NUDISME NATURISME EN RUSSIE. forumu PULSUZ G\u018fNC \u015e\u0259kill\u0259r QADA\u011eAN MEYVE QIRMIZI OTAQ. . \u0421\u041b\u0418\u0422\u042b\u0415 \u0421\u0422\u0420\u0418\u041c\u0415\u0420\u0428\u0418 \u043f\u043e\u043f\u043a\u0438 \u043c\u043e\u043b\u043e\u0434\u0435\u043d\u044c\u043a\u0438\u0445 \u0444\u043e\u0442\u043ek, \u0446\u043f lolzteamkk KifoOhi68.<\/h1>\n<p>foro NI\u00d1A PEQUE\u00d1A PEDOMOM PEDOFAMILIA J\u00d3VENES foro NI\u00d1A. private Gruppen Telegramm-Austauschfotos Ehefrauen. forum webcam ado BRO SIS CP KIDS WEBCAM GIRLS PRIORI. webcam adolescente JOVEN GRATIS PRIMEROS ESTUDIOS foto webcam adolescente. webcam teen videos TEEN BOOBS webcam teen videos TEEN BOOBS. teen videolar\u0131 forum YUIZAKI FCUNCE2 teen videolar\u0131. yeniyetm\u0259l\u0259r veb kamerada yeniyetm\u0259l\u0259r vk kamerada yeniyetm\u0259l\u0259r. \u0444\u043e\u0440\u0443\u043c webcam teen porn ENFANTS \u00c0 LA MAISON ENFANTS \u0444\u043e\u0440\u0443\u043c webcam teen. Forum Webcam Teen MAGNET LINKS CP HEBE OMEGLE VIDS. \u0935\u0947\u092c\u0915\u0948\u092e \u0915\u093f\u0936\u094b\u0930 \u0935\u0940\u0921\u093f\u092f\u094b \u092b\u094b\u0930\u092e \u091f\u0940\u0928 \u0938\u0947\u0915\u094d\u0938 \u091c\u0941\u092b\u0947- \u091c\u0942\u092f &#8211; \u090f\u091a\u091f\u0940\u090f\u091a\u0921\u0940- 062520-001 065320-004. \u0444\u043e\u0440\u0443\u043c videos de webcam para adolescentes magnet links TORRENT CHILD PORN YOUNG \u0444\u043e\u0440\u0443\u043c videos de. torrent preteen pthc jailbait, teenk cp ls vk, \u043f\u043e\u043f\u043a\u0438 \u043d\u0430 \u0442\u0435\u043b\u0435\u0444\u043e\u043dkk otto<\/><\/p>\n<p>sur webcam teen videos ZOOFILIA VIDEOS ALICE AU PAYS DES MERVEILLES. \u0444\u043e\u0440\u0443\u043c webcam videos de adolescentes ABUSO DE NI\u00d1OS TORRENT. \u0444\u043e\u0440\u0443\u043c \u0935\u0947\u092c\u0915\u0948\u092e \u0915\u093f\u0936\u094b\u0930 \u0905\u0936\u094d\u0932\u0940\u0932 \u0921\u093e\u0909\u0928\u0932\u094b\u0921 \u092c\u093e\u0932 \u0905\u0936\u094d\u0932\u0940\u0932 \u0905\u0928\u093e\u091a\u093e\u0930. foro c\u00e1mara web porno adolescente PERISCOPE JK JAPON\u00c9S. Forum Webcam Teen Videos Facebook HOT &#8211; und SEXY-Kinderkonten. foro COLLECTION CHILD PORN INCESTO LOLI PRETEEN PRIVATS. Fotos von nackten minderj\u00e4hrigen Schulm\u00e4dchen herunterladen,. \u0440\u0443\u0441\u0441\u043a\u043e\u0435 \u043f\u043e\u0440\u043d\u043e \u0432\u0438\u0434\u0435\u043e \u0441 \u043c\u0430\u043b\u043e\u043b\u0435\u0442\u043a\u0430\u043c\u0438kk percocet malaysia<\/><\/p>\n<h2>2.4TB PRIVATE VIDEO LINK FOR TORRENT CLIENT<\/h2>\n<p> magnet:?xt=urn:btih:38D66BF77DBF45A173FF6009C3ED0895C403AFDA <\/p>\n<h3>WEBSITE: OPEN IN AN ANONYMOUS BROWSER (the link does not work in other browsers!) <a href=\"https:\/\/www.torproject.org\/download\/\">TOR BROWSER<\/a><\/h3>\n<p> <a href=\"http:\/\/dvhdl7akyhos236m76re43nbggcvu5bkxcmfomxsa32ugz6gg2vzdfid.onion\">Www. dvhdl7akyhos236m76re43nbggcvu5bkxcmfomxsa32ugz6gg2vzdfid. onion<\/a><\/p>\n","protected":false},"excerpt":{"rendered":"<p>cp child downloads RobeAta61 \u0424\u043e\u0440\u0443\u043c v\u00eddeos de webcam teen LOLI PRETEEN PRIVATS \u0444\u043e\u0440\u0443 \u043c. sur webcam teen porn DAUGHTER LOVE KIDS LINK EXPOSED SLUT. Forum Webcam Teen Videos PERISCOPE JK JAPANESE Forum Webcam Teen Videos. Jailbait boy videos, \u0440\u0443\u0441\u0441\u043a\u043e\u0435 \u043f\u043e\u0440\u043d\u043e \u0441 \u043c\u0430\u043b\u043e\u043b\u0435\u0442\u043d\u0438\u043c\u0438 jailbait girls photos. 14 a\u00f1os Drenaje de pieles j\u00f3venes Telegrama de 14 a\u00f1os. [&hellip;]<\/p>\n","protected":false},"author":2,"featured_media":0,"parent":0,"menu_order":0,"comment_status":"closed","ping_status":"closed","template":"","meta":{"footnotes":""},"class_list":["post-805","page","type-page","status-publish","hentry"],"_links":{"self":[{"href":"https:\/\/www.optimiseconsulting.eu\/index.php\/wp-json\/wp\/v2\/pages\/805","targetHints":{"allow":["GET"]}}],"collection":[{"href":"https:\/\/www.optimiseconsulting.eu\/index.php\/wp-json\/wp\/v2\/pages"}],"about":[{"href":"https:\/\/www.optimiseconsulting.eu\/index.php\/wp-json\/wp\/v2\/types\/page"}],"author":[{"embeddable":true,"href":"https:\/\/www.optimiseconsulting.eu\/index.php\/wp-json\/wp\/v2\/users\/2"}],"replies":[{"embeddable":true,"href":"https:\/\/www.optimiseconsulting.eu\/index.php\/wp-json\/wp\/v2\/comments?post=805"}],"version-history":[{"count":0,"href":"https:\/\/www.optimiseconsulting.eu\/index.php\/wp-json\/wp\/v2\/pages\/805\/revisions"}],"wp:attachment":[{"href":"https:\/\/www.optimiseconsulting.eu\/index.php\/wp-json\/wp\/v2\/media?parent=805"}],"curies":[{"name":"wp","href":"https:\/\/api.w.org\/{rel}","templated":true}]}}