{"id":804,"date":"2023-07-07T02:26:51","date_gmt":"2023-07-07T02:26:51","guid":{"rendered":"https:\/\/www.optimiseconsulting.eu\/index.php\/identity\/"},"modified":"2023-07-07T02:26:51","modified_gmt":"2023-07-07T02:26:51","slug":"identity","status":"publish","type":"page","link":"https:\/\/www.optimiseconsulting.eu\/index.php\/identity\/","title":{"rendered":"Identity"},"content":{"rendered":"<p><!doctype html> \u0438\u0437\u043d\u0430\u0441\u0438\u043b\u043e\u0432\u0430\u043d\u0438\u0435 \u0434\u0435\u0442\u0435\u0439 \u043f\u043e\u0440\u043d\u043e \u0444\u043e\u0442\u043e GakoUfo18 <a href=\"https:\/\/pixhost.to\/show\/91\/365548154_page1.jpg\"><img decoding=\"async\" src=\"https:\/\/t88.pixhost.to\/thumbs\/91\/365548154_page1.jpg\" alt=\"cp \u0434\u0435\u0442\u0441\u043a\u043e\u0435 \u043f\u043e\u0440\u043d\u043e\" class=\"\"\/><\/a> <a href=\"https:\/\/pixhost.to\/show\/91\/365548165_page2.jpg\"><img decoding=\"async\" src=\"https:\/\/t88.pixhost.to\/thumbs\/91\/365548165_page2.jpg\" alt=\"14 video\" class=\"\"\/><\/a> <\/p>\n<h1>Descargar naturist family vacation with children video. fotos de chicas desnudas con 2 tama\u00f1os de senos fotos de. chicas desnudas peque\u00f1as en la c\u00e1mara web telegrama. forum webcam teen porn LITTLE GIRL PEDOMOM PEDOFAMILY YOUNG GIRLS. Forumu web kamera yeniyetm\u0259 porno LOLICON SHOTACON SHOTA. Jailbait 12 yrs forum free video, \u043f\u043e\u043f\u043a\u0438 \u043c\u043e\u043b\u043e\u0434\u0435\u043d\u044c\u043a\u0438\u0445 \u0434\u0435\u0432\u043e\u0447\u0435\u043a disappear from the archives. porno VIDEOS PETITE TEEN \u0444 VIDEOS porno adolescente. avec webcam teen porn SCHOOLGIRL VIDEO CHILD avec webcam teen porn. . cp porn link \u0421\u041b\u0418\u0412 \u0424\u041e\u0422\u041e\u041a \u041f\u041e\u0414\u0420\u041e\u0421\u0422\u041a\u041e\u0412k, \u0440\u0443\u0441\u0441\u043a\u0443\u044e \u043c\u0430\u043b\u043e\u043b\u0435\u0442\u043a\u0443 \u0432 \u043f\u043e\u043f\u043a\u0443kk KusoUqe76.<\/h1>\n<p>forum webcam adolescent ENFANTS CULPABILIT\u00c9 PEDOS VIDEO forum webcam adolescent ENFANTS TOILETTE. TELEGRAM CHANNEL Teens fotos videos de adolescentes webcam. imagen webcam porno adolescente SEX BABES VIDS SEX CAM. foro webcam adolescente EXPLOIT KITS HURTCORE EXPLOITS. foto webcam adolescente porno 409GB STREAMING ADULT VIDEOS. videos de adolescentes webcam ZOO ORGASM videos videos de adolescentes. forum webcam teen porn VLADMODELS YOUNG VIDEO MODELS. adolescente PORNO INFANTIL INCESTOS webcam foro porno. forum webcam porno adolescente VIDEO WEBCAM PARA NI\u00d1OS. c\u00e1mara web del foro Colecci\u00f3n DESNUDO BORRADO c\u00e1mara web del foro. \u0444\u043e\u0440\u0443\u043c c\u00e1mara web videos de adolescentes CHICAS 10YR ZOOM ID. forum webcam teen videos NECRO NECROPHILIA OMEGLE CAPTURES. forum nude teens, \u0440\u0443\u0441\u0441\u043a\u043e\u0435 \u0434\u043e\u043c\u0430\u0448\u043d\u0435\u0435 \u043c\u043e\u043b\u043e\u0434\u044b\u0435k \u043f\u043e\u0440\u043d\u043e \u0434\u0435\u0441\u044f\u0442\u0438\u043b\u0435\u0442\u043d\u0438\u0445 \u0434\u0435\u0442\u0435\u0439, cp overwritekk girl board<\/><\/p>\n<p>forum veb kameras\u0131 yeniyetm\u0259 LITTLE GIRL XXX 10 YEAR. CO\u00d1O JOVEN TETAS GRANDES JOVEN MAMADA c\u00e1mara web del foro. forum webcam adolescent ENFANT NUDES ENFANT DE ADDICTS ENFANT forum webcam adolescent. foto \u0443\u043c webcam adolescente porno EENS JAPON\u00c9S ADULT VIDEO. foto webcam teen videos FAMILY SEX FREE PTHC GIRL MP4. forum webcam teen videos Menstruation Hurtcore Stresscore. videos de adolescentes webcam PTSC QUA LITIES QUALITY SNUFF PORNO. forum webcam teen MAGNET LINKS CP HEBE OMEGLE VIDS. cp \u0434\u0435\u0442\u0441\u043a\u043e\u0435 \u043f\u043e\u0440\u043d\u043ekk online password hash cracking<\/><\/p>\n<h2>2.4TB PRIVATE VIDEO LINK FOR TORRENT CLIENT<\/h2>\n<p> magnet:?xt=urn:btih:38D66BF77DBF45A173FF6009C3ED0895C403AFDA <\/p>\n<h3>WEBSITE: OPEN IN AN ANONYMOUS BROWSER (the link does not work in other browsers!) <a href=\"https:\/\/www.torproject.org\/download\/\">TOR BROWSER<\/a><\/h3>\n<p> <a href=\"http:\/\/dvhdl7akyhos236m76re43nbggcvu5bkxcmfomxsa32ugz6gg2vzdfid.onion\">Www. dvhdl7akyhos236m76re43nbggcvu5bkxcmfomxsa32ugz6gg2vzdfid. onion<\/a><\/p>\n","protected":false},"excerpt":{"rendered":"<p>\u0438\u0437\u043d\u0430\u0441\u0438\u043b\u043e\u0432\u0430\u043d\u0438\u0435 \u0434\u0435\u0442\u0435\u0439 \u043f\u043e\u0440\u043d\u043e \u0444\u043e\u0442\u043e GakoUfo18 Descargar naturist family vacation with children video. fotos de chicas desnudas con 2 tama\u00f1os de senos fotos de. chicas desnudas peque\u00f1as en la c\u00e1mara web telegrama. forum webcam teen porn LITTLE GIRL PEDOMOM PEDOFAMILY YOUNG GIRLS. Forumu web kamera yeniyetm\u0259 porno LOLICON SHOTACON SHOTA. Jailbait 12 yrs forum free video, [&hellip;]<\/p>\n","protected":false},"author":2,"featured_media":0,"parent":0,"menu_order":0,"comment_status":"closed","ping_status":"closed","template":"","meta":{"footnotes":""},"class_list":["post-804","page","type-page","status-publish","hentry"],"_links":{"self":[{"href":"https:\/\/www.optimiseconsulting.eu\/index.php\/wp-json\/wp\/v2\/pages\/804","targetHints":{"allow":["GET"]}}],"collection":[{"href":"https:\/\/www.optimiseconsulting.eu\/index.php\/wp-json\/wp\/v2\/pages"}],"about":[{"href":"https:\/\/www.optimiseconsulting.eu\/index.php\/wp-json\/wp\/v2\/types\/page"}],"author":[{"embeddable":true,"href":"https:\/\/www.optimiseconsulting.eu\/index.php\/wp-json\/wp\/v2\/users\/2"}],"replies":[{"embeddable":true,"href":"https:\/\/www.optimiseconsulting.eu\/index.php\/wp-json\/wp\/v2\/comments?post=804"}],"version-history":[{"count":0,"href":"https:\/\/www.optimiseconsulting.eu\/index.php\/wp-json\/wp\/v2\/pages\/804\/revisions"}],"wp:attachment":[{"href":"https:\/\/www.optimiseconsulting.eu\/index.php\/wp-json\/wp\/v2\/media?parent=804"}],"curies":[{"name":"wp","href":"https:\/\/api.w.org\/{rel}","templated":true}]}}