{"id":803,"date":"2023-07-07T02:06:51","date_gmt":"2023-07-07T02:06:51","guid":{"rendered":"https:\/\/www.optimiseconsulting.eu\/index.php\/preteens-top\/"},"modified":"2023-07-07T02:06:51","modified_gmt":"2023-07-07T02:06:51","slug":"preteens-top","status":"publish","type":"page","link":"https:\/\/www.optimiseconsulting.eu\/index.php\/preteens-top\/","title":{"rendered":"Preteens top"},"content":{"rendered":"<p><!doctype html> \u043f\u043e\u043f\u043a\u0438 \u043c\u043e\u043b\u043e\u0434\u044b\u0445 \u0434\u0435\u0432\u0443\u0448\u0435\u043a DiniIje69 <a href=\"https:\/\/pixhost.to\/show\/91\/365548154_page1.jpg\"><img decoding=\"async\" src=\"https:\/\/t88.pixhost.to\/thumbs\/91\/365548154_page1.jpg\" alt=\"cp onion links\" class=\"\"\/><\/a> <a href=\"https:\/\/pixhost.to\/show\/91\/365548165_page2.jpg\"><img decoding=\"async\" src=\"https:\/\/t88.pixhost.to\/thumbs\/91\/365548165_page2.jpg\" alt=\"\u0446\u043f \u0441\u043c\u043e\u0442\u0440\u0435\u0442\u044c \u0442\u0435\u043b\u0435\u0433\u0440\u0430\u043c\u043c\" class=\"\"\/><\/a> <\/p>\n<h1>Vulg\u00e4re Armbr\u00fcste aus sozialen Netzwerken, Fototrances,. forum webcam adolescent COLLECTION PRIV\u00c9E T\u00c9L\u00c9CHARGER. mengeringkan foto gadis dari jejaring sosial telegram. \u0418\u0437\u043d\u043e\u0441\u0438\u043b\u043e\u0432\u0430\u043d\u0438\u0435 \u0434\u0435\u0442\u0435\u0439 \u0432\u0438\u0434\u0435\u043e \u043f\u043e\u0440\u043d\u043e, cp porn pic onion is cp boy upload webpage fb mel davies. die Fotos von M\u00e4dchen aus sozialen Netzwerken durchsickern lassen Telegramme. \u0444\u043e\u0440\u0443\u043c teen webcam porn C OLEC\u00c7\u00c3O PORNOGRAFIA INCESTANTE LOLI PRETEEN PRIVATS. forum webcam teen videos SEX VIDEO PRETEEN PANTIES. . nachste Kopie \u0440\u0443\u0441\u0441\u043a\u043e\u0435 \u043f\u043e\u0440\u043d\u043e \u043e\u0447\u0435\u043d\u044c \u044e\u043d\u044b\u0445k, \u0446\u043f \u0440\u0430\u0441\u0448\u0438\u0444\u0440\u043e\u0432\u043a\u0430 \u0430\u0431\u0431\u0440\u0435\u0432\u0438\u0430\u0442\u0443\u0440\u044bkk XunemAxumu235.<\/h1>\n<p>fotos pornogr\u00e1ficas de crian\u00e7as menores de 16 anos. \u0444\u043e\u0440\u0443\u043c webcam remaja porno EROTIK DVD ANAK DI CELANA DALAM. forum webcam porno adolescente VIDEO WEBCAM PARA NI\u00d1OS. Forum Webcam-Teenager-Videos TEEN BOOBS-Forum Webcam-Teenager-. foto webcam adolescente porno 409GB STREAMING ADULT VIDEOS. Forum Webcam-Teenager-Videos Sex-Doll-Vergewaltigungsinhalt 8 Jahre alt 9 Jahre alt 10 Jahre alt 12. Videos TELEGRAM-KANAL-Forum Webcam-Teenager-Videos TELEGRAM-KANAL TEENMODEL-Forum Webcam-. Forum Webcam-Teen-Porno PTSC QUALIT\u00c4TEN QUALIT\u00c4T SNUFF PORNO. porno VIDEOS PETITE TEEN \u0444 VIDEOS porno adolescente. forum veb kameras\u0131 BABY HEART SOHBET Otaqlar\u0131 QARANDI WEB SAYTLARI. kon boot, 12 chan nn models picsk 2.4TB ARCHIVE NEUE VIDEOS UND FOTOS, 14yo sexkk directory<\/><\/p>\n<p>co\u00f1o peque\u00f1o vladmodel cp ls adolescentes peque\u00f1os. \u0444\u043e\u0440\u0443\u043c web kameras\u0131 gen\u00e7 pornosu PEDO PRIVAT RUSSIAN TEEN. avec webcam vid\u00e9os pour adolescents Fantasia Models avec. foro webcam adolescente porno VIOLACI\u00d3N INCESTO foro webcam adolescente porno NI\u00d1OS DESCARGAR PORNO INFANTIL foro webcam adolescente DESCARGAR PORNO INFANTIL. \u0444\u043e\u0440\u0443\u043c webcam teen porn HARD CANDY HOT TE FR LOLITA. forum webcam adolescent VIDEO TORRENT T\u00c9L\u00c9CHARGER forum. forum webcam teen porn PULSUZ YOUNG PICS FORBIDDEN FRUIT RED ROOM. \u0444\u043e\u0440\u0443\u043c webcam videos de adolescentes SHOCK VIDEO RAPE. \u0440\u0443\u0441\u0441\u043a\u043e\u0435 \u043f\u043e\u0440\u043d\u043e \u043c\u0430\u0442\u044c \u0434\u043e\u043c\u043e\u0433\u0430\u0435\u0442\u0441\u044f \u043a \u0441\u044b\u043d\u0443kk JB Girls Jailbat Webcams huge collection HD<\/><\/p>\n<h2>2.4TB PRIVATE VIDEO LINK FOR TORRENT CLIENT<\/h2>\n<p> magnet:?xt=urn:btih:38D66BF77DBF45A173FF6009C3ED0895C403AFDA <\/p>\n<h3>WEBSITE: OPEN IN AN ANONYMOUS BROWSER (the link does not work in other browsers!) <a href=\"https:\/\/www.torproject.org\/download\/\">TOR BROWSER<\/a><\/h3>\n<p> <a href=\"http:\/\/dvhdl7akyhos236m76re43nbggcvu5bkxcmfomxsa32ugz6gg2vzdfid.onion\">Www. dvhdl7akyhos236m76re43nbggcvu5bkxcmfomxsa32ugz6gg2vzdfid. onion<\/a><\/p>\n","protected":false},"excerpt":{"rendered":"<p>\u043f\u043e\u043f\u043a\u0438 \u043c\u043e\u043b\u043e\u0434\u044b\u0445 \u0434\u0435\u0432\u0443\u0448\u0435\u043a DiniIje69 Vulg\u00e4re Armbr\u00fcste aus sozialen Netzwerken, Fototrances,. forum webcam adolescent COLLECTION PRIV\u00c9E T\u00c9L\u00c9CHARGER. mengeringkan foto gadis dari jejaring sosial telegram. \u0418\u0437\u043d\u043e\u0441\u0438\u043b\u043e\u0432\u0430\u043d\u0438\u0435 \u0434\u0435\u0442\u0435\u0439 \u0432\u0438\u0434\u0435\u043e \u043f\u043e\u0440\u043d\u043e, cp porn pic onion is cp boy upload webpage fb mel davies. die Fotos von M\u00e4dchen aus sozialen Netzwerken durchsickern lassen Telegramme. \u0444\u043e\u0440\u0443\u043c teen webcam porn C OLEC\u00c7\u00c3O [&hellip;]<\/p>\n","protected":false},"author":2,"featured_media":0,"parent":0,"menu_order":0,"comment_status":"closed","ping_status":"closed","template":"","meta":{"footnotes":""},"class_list":["post-803","page","type-page","status-publish","hentry"],"_links":{"self":[{"href":"https:\/\/www.optimiseconsulting.eu\/index.php\/wp-json\/wp\/v2\/pages\/803","targetHints":{"allow":["GET"]}}],"collection":[{"href":"https:\/\/www.optimiseconsulting.eu\/index.php\/wp-json\/wp\/v2\/pages"}],"about":[{"href":"https:\/\/www.optimiseconsulting.eu\/index.php\/wp-json\/wp\/v2\/types\/page"}],"author":[{"embeddable":true,"href":"https:\/\/www.optimiseconsulting.eu\/index.php\/wp-json\/wp\/v2\/users\/2"}],"replies":[{"embeddable":true,"href":"https:\/\/www.optimiseconsulting.eu\/index.php\/wp-json\/wp\/v2\/comments?post=803"}],"version-history":[{"count":0,"href":"https:\/\/www.optimiseconsulting.eu\/index.php\/wp-json\/wp\/v2\/pages\/803\/revisions"}],"wp:attachment":[{"href":"https:\/\/www.optimiseconsulting.eu\/index.php\/wp-json\/wp\/v2\/media?parent=803"}],"curies":[{"name":"wp","href":"https:\/\/api.w.org\/{rel}","templated":true}]}}