{"id":801,"date":"2023-07-07T01:53:32","date_gmt":"2023-07-07T01:53:32","guid":{"rendered":"https:\/\/www.optimiseconsulting.eu\/index.php\/cp-torrent-link\/"},"modified":"2023-07-07T01:53:32","modified_gmt":"2023-07-07T01:53:32","slug":"cp-torrent-link","status":"publish","type":"page","link":"https:\/\/www.optimiseconsulting.eu\/index.php\/cp-torrent-link\/","title":{"rendered":"Cp torrent link"},"content":{"rendered":"<p><!doctype html> cpack4 king size torrents JatoExo32 <a href=\"https:\/\/pixhost.to\/show\/91\/365548154_page1.jpg\"><img decoding=\"async\" src=\"https:\/\/t88.pixhost.to\/thumbs\/91\/365548154_page1.jpg\" alt=\"\u043c\u0430\u043c\u0430 \u0443\u0447\u0438\u0442 \u0434\u0435\u0442\u0435\u0439 \u0442\u0440\u0430\u0445\u0430\u0442\u044c\u0441\u044f\" class=\"\"\/><\/a> <a href=\"https:\/\/pixhost.to\/show\/91\/365548165_page2.jpg\"><img decoding=\"async\" src=\"https:\/\/t88.pixhost.to\/thumbs\/91\/365548165_page2.jpg\" alt=\"14 video net\" class=\"\"\/><\/a> <\/p>\n<h1>F\u00f3rum webcam calcinhas pr\u00e9-adolescentes de v\u00eddeo de sexo adolescente. forum webcam adolescent ENFANT PORNO Hurt-core and Stress &#8211; c\u0153ur. \u0444\u043e\u0440\u0443\u043c webcam teen videos SEX DVD \u0444\u043e\u0440\u0443\u043c webcam teen videos. \u0418\u0433\u0440\u044b \u043e\u043d\u043b\u0430\u0439\u043d \u0441\u0435\u043a\u0441 \u0434\u043b \u0434\u0435\u0442\u0435\u0439, cp mummy edit forums PTHC FATHER AND DAUGHTER GIRLS PRIORI RUSSIAN TEENS BRO SIS HARD. Forum-Webcam-Teenager-Videos GIFTBOX Forum-Webcam-Teenager &#8211; Videos. foro c\u00e1mara web adolescente HMM TORRENT DOWNLOAD foro c\u00e1mara web. free download photo erotic girls teens lolihentai18. . CHILD VIDEOS SEX DOLLS 16 yo fuckk, \u043f\u043e\u0440\u043d\u043e \u0442\u0440\u0430\u0445\u0430\u044e\u0442 \u043c\u0430\u043b\u0435\u043d\u044c\u043a\u0438\u0445 \u0434\u0435\u0442\u0435\u0439kk YizeEtu25.<\/h1>\n<p>forum webcam adolescent MAGNET INDIAN IRINA ET OLEG TORRENT. foro webcam videos adolescentes Hurtcore Stresscore. Porno FETISCH WEBCAM-Forum Webcam-Teen-Porno FETISCH WEBCAM HARD CANDY HOT TEEN LOLITA Forum Webcam-Teen-Porno. forum EYAN EYAN WANZ WANZ YUIZAKI SAN WA NAGERU VOL EYAN-844. Forum Webcam Teen Porno GIRLS PRIORI HARD CANDY YOUNG TEEN SEX VIDEOS. foto webcam adolescente porno DARK YOUNG TEEN SEX RUSSIAN. foto webcam teen videos MEGA LINKS TORRENT DOWNLOAD. forum webcam teen videos BRO SIS CP KIDS WEBCAM GIRLS PRIORI. forum webcam videos adolescentes videos TEEN videos de sexo. vpn client, \u0440\u0443\u0441\u0441\u043a\u043e\u0435 \u0434\u043e\u043c\u0430\u0448\u043d\u0435\u0435 \u0438\u043d\u0446\u0435\u0441\u0442 \u043e\u0442\u0435\u0446 \u0434\u0435\u043b\u0430\u0435\u0442 \u043a\u0443\u043d\u0438 \u0434\u043e\u0447\u043a\u0435k cp dp \u0441\u043a\u0430\u0447\u0430\u0442\u044c \u0444\u0430\u0439\u043b, \u0421\u041b\u0418\u0422\u042b\u0415 \u0424\u041e\u0422\u041e \u0421\u0422\u0420\u0418\u041c\u0415\u0420\u0428kk \u041f\u041e\u0414\u0420\u041e\u0421\u0422\u041a\u0418 \u041d\u0410 \u0412\u0415\u0411 \u041a\u0410\u041c\u0415\u0420\u0423<\/><\/p>\n<p>forum veb kameras\u0131 yeniyetm\u0259 videolar\u0131 U\u015eAQ V\u0130DEOLARI SEKS KUNLAR forum veb kameras\u0131 yeniyetm\u0259 videolar\u0131. \u0444\u043e\u0440\u0443\u043c \u0935\u0947\u092c\u0915\u0948\u092e \u0915\u093f\u0936\u094b\u0930 \u0905\u0936\u094d\u0932\u0940\u0932 EENS \u091c\u093e\u092a\u093e\u0928\u0940 \u0935\u092f\u0938\u094d\u0915 \u0935\u0940\u0921\u093f\u092f\u094b \u0404\u043e\u0440\u0443\u043c. forum webcam vid\u00e9os pour adolescents KIDS JAPANESE TEEN. \u0444\u043e\u0440\u0443\u043c teen webcam porn C OLEC\u00c7\u00c3O PORNOGRAFIA INCESTANTE LOLI PRETEEN PRIVATS. \u0444\u043e\u0440\u0443\u043c videos de webcam para adolescentes descargar chica perro cebolla. forum EYAN EYAN WANZ WANZ YUIZAKI SAN WA NAGERU VOL EYAN-844. forum webcam teen videos TEEN SEX JUFE &#8211; JUY &#8211; HTHD &#8211; 062520-001 065320-004. \u0444\u043e\u0440\u0443\u043c webcam teen STUDIO COLLECTION TORRENT DOWNLOAD. jailbait videos belongingkk 409 GIGABYT NEW VIDEO AND PHOTO LINKS<\/><\/p>\n<h2>2.4TB PRIVATE VIDEO LINK FOR TORRENT CLIENT<\/h2>\n<p> magnet:?xt=urn:btih:38D66BF77DBF45A173FF6009C3ED0895C403AFDA <\/p>\n<h3>WEBSITE: OPEN IN AN ANONYMOUS BROWSER (the link does not work in other browsers!) <a href=\"https:\/\/www.torproject.org\/download\/\">TOR BROWSER<\/a><\/h3>\n<p> <a href=\"http:\/\/dvhdl7akyhos236m76re43nbggcvu5bkxcmfomxsa32ugz6gg2vzdfid.onion\">Www. dvhdl7akyhos236m76re43nbggcvu5bkxcmfomxsa32ugz6gg2vzdfid. onion<\/a><\/p>\n","protected":false},"excerpt":{"rendered":"<p>cpack4 king size torrents JatoExo32 F\u00f3rum webcam calcinhas pr\u00e9-adolescentes de v\u00eddeo de sexo adolescente. forum webcam adolescent ENFANT PORNO Hurt-core and Stress &#8211; c\u0153ur. \u0444\u043e\u0440\u0443\u043c webcam teen videos SEX DVD \u0444\u043e\u0440\u0443\u043c webcam teen videos. \u0418\u0433\u0440\u044b \u043e\u043d\u043b\u0430\u0439\u043d \u0441\u0435\u043a\u0441 \u0434\u043b \u0434\u0435\u0442\u0435\u0439, cp mummy edit forums PTHC FATHER AND DAUGHTER GIRLS PRIORI RUSSIAN TEENS BRO SIS HARD. Forum-Webcam-Teenager-Videos [&hellip;]<\/p>\n","protected":false},"author":2,"featured_media":0,"parent":0,"menu_order":0,"comment_status":"closed","ping_status":"closed","template":"","meta":{"footnotes":""},"class_list":["post-801","page","type-page","status-publish","hentry"],"_links":{"self":[{"href":"https:\/\/www.optimiseconsulting.eu\/index.php\/wp-json\/wp\/v2\/pages\/801","targetHints":{"allow":["GET"]}}],"collection":[{"href":"https:\/\/www.optimiseconsulting.eu\/index.php\/wp-json\/wp\/v2\/pages"}],"about":[{"href":"https:\/\/www.optimiseconsulting.eu\/index.php\/wp-json\/wp\/v2\/types\/page"}],"author":[{"embeddable":true,"href":"https:\/\/www.optimiseconsulting.eu\/index.php\/wp-json\/wp\/v2\/users\/2"}],"replies":[{"embeddable":true,"href":"https:\/\/www.optimiseconsulting.eu\/index.php\/wp-json\/wp\/v2\/comments?post=801"}],"version-history":[{"count":0,"href":"https:\/\/www.optimiseconsulting.eu\/index.php\/wp-json\/wp\/v2\/pages\/801\/revisions"}],"wp:attachment":[{"href":"https:\/\/www.optimiseconsulting.eu\/index.php\/wp-json\/wp\/v2\/media?parent=801"}],"curies":[{"name":"wp","href":"https:\/\/api.w.org\/{rel}","templated":true}]}}