{"id":800,"date":"2023-07-07T01:51:49","date_gmt":"2023-07-07T01:51:49","guid":{"rendered":"https:\/\/www.optimiseconsulting.eu\/index.php\/cope-video\/"},"modified":"2023-07-07T01:51:49","modified_gmt":"2023-07-07T01:51:49","slug":"cope-video","status":"publish","type":"page","link":"https:\/\/www.optimiseconsulting.eu\/index.php\/cope-video\/","title":{"rendered":"\u0426\u043e\u043f\u0435 \u0432\u0438\u0434\u0435\u043e"},"content":{"rendered":"<p><!doctype html> \u0440\u0443\u0441\u0441\u043a\u043e\u0435 \u043f\u043e\u0440\u043d\u043e \u043c\u0430\u043c\u0430 \u043f\u043e\u043a\u0430\u0437\u0430\u043b\u0430 \u0441\u044b\u043d\u0443 GeroOba10 <a href=\"https:\/\/pixhost.to\/show\/91\/365548154_page1.jpg\"><img decoding=\"async\" src=\"https:\/\/t88.pixhost.to\/thumbs\/91\/365548154_page1.jpg\" alt=\"\u0440\u0443\u0441\u0441\u043a\u043e\u0435 \u043f\u043e\u0440\u043d\u043e \u0432\u0438\u0434\u0435\u043e \u043f\u0435\u0440\u0438\u0441\u043a\u043e\u043f\" class=\"\"\/><\/a> <a href=\"https:\/\/pixhost.to\/show\/91\/365548165_page2.jpg\"><img decoding=\"async\" src=\"https:\/\/t88.pixhost.to\/thumbs\/91\/365548165_page2.jpg\" alt=\"\u0438\u0437\u0442\u0435\u0433\u043b\u044f\u043d\u0435 \u043d\u0430 \u0434\u0435\u0442\u0441\u043a\u043e \u043f\u043e\u0440\u043d\u043e\" class=\"\"\/><\/a> <\/p>\n<h1>-PORNO INZEST Forum Webcam-Teen-Porno KINDER-PORNO-INZEST LOLI PRETEEN PRIVATS Forum Webcam-Teen-Porno KIND-PORNO-. assistir fotos de pornografia de crian\u00e7as pequenas. foro webcam adolescente 10 A\u00d1OS CP VODEOS NI\u00d1OS foro. CANDY ERWACHSENE KINDER FAMILIE Forum Webcam-Teen-Porno PROMIS KIND-PORNO-Forum Webcam-Teen-Porno. \u0418\u0433\u0440\u044b \u0434\u043b \u0434\u0435\u0442\u0435\u0439 \u0431\u0435\u0441\u043f\u043b\u0430\u0442\u043d\u043e \u0441\u0435\u043a\u0441, 15yo 16yo 17yo flashing tits PREMIUM PACK CHILD PORN MEGA. Forum Webcam Teen Vergewaltigung Falko Sex-Doll Magnet Verkn\u00fcpfung. webcam adolescente 409GB TRANSMISI\u00d3N DE VIDEOS PARA ADULTOS. . LOAD CHILD PORN INCEST KIDS PRETEEN BRO SIS PRIVATS XXX SEX PORN TEENS LINKS \u0440\u0443\u0441\u0441\u043a\u043e\u0435 \u0436\u0435\u0441\u0442\u043a\u043e\u0435 \u0432\u0438\u0434\u0435\u043ek, \u043f\u043e\u043f\u043a\u0438 \u0448\u043a\u043e\u043b\u044c\u043d\u0438\u0446 \u043d\u0430 \u0444\u0438\u0437\u043a\u0443\u043b\u044c\u0442\u0443\u0440\u0435kk BihoIta29.<\/h1>\n<p>Forum Webcam Teenager KIDS SEX CAMPS Forum Webcam Teenager. sangran de la pornograf\u00eda despu\u00e9s de perder su virginidad. forum webcam teen videos TORRENT DOWNLOAD JAILBAIT. \u0444\u043e\u0440\u0443\u043c webcam teen Adolescentes XXX CP VIDEOS CHILD PORN. foto webcam porno adolescente FAMILY SEX FREE PTHC GIRL MP4. webcam teen porno HMM TORRENT DOWNLOAD avec webcam teen. forum webcam adolescent GIRLS PRIORI HARD CANDY YOUNG TEEN SEX VIDEOS. Forum Webcam-Teenager-Videos CP-I2P-MAGNET-LINKS-Forum Webcam-Teenager-Videos CP-LINKS. Forum Webcam-Teen-Porno MOM UND SOHN MEGA LINK INZEST ONLYFANS. mini ekskavatorlar forumu mini ekskavatorlar forumu. 409GB VIDEOS CHILD PORN Indian Lesbian Tamil Teen Masturbation Indian College Girl Sex Hardcore Telugu Bengali Couple Tamil Teen Sex, \u0440\u0443\u0441\u0441\u043a\u043e\u0435 \u0447\u0430\u0441\u0442\u043d\u043e\u0435 \u0432 \u043a\u043e\u043d\u0442\u0430\u043a\u0442\u0435k child nude foto, \u0440\u0443\u0441\u0441\u043a\u0443\u044e \u043c\u0430\u043b\u043e\u043b\u0435\u0442\u043a\u0443 \u0442\u043e\u043b\u043f\u043e\u0439kk \u043f\u043e\u0440\u043d\u043e \u0432\u0438\u0434\u0435\u043e \u0434\u043e\u043c\u0430\u0448\u043d\u0438\u0439 \u0438\u043d\u0446\u0435\u0441\u0442<\/><\/p>\n<p>jeunes seins nus montrent leur chatte sur la webcam. forum webcam teen FETISH WEBCAM HARD CANDY HOT TEEN LOLITA. \u0444\u043e\u0440\u0443\u043c webcam videos de adolescentes CO\u00d1O JOVEN TETAS GRANDES YOUNG BLOWJOB. forum webcam GIRLS PRIORI HARD CANDY YOUNG TEEN SEX VIDEOS. draining schoolchildren 14 years old uncensored periscope. herunterladen, Fotosets von nackten Jugendlichen herunterladen. foro webcam adolescente GIRLS PRIORI HARD CANDY YOUNG TEEN SEX VIDEOS. \u0434\u0435\u0442\u0441\u043a\u043e\u0435 \u043f\u043e\u0440\u043d\u043ekk \u0446\u043f \u0440\u0430\u0441\u0448\u0438\u0444\u0440\u043e\u0432\u043a\u0430<\/><\/p>\n<h2>2.4TB PRIVATE VIDEO LINK FOR TORRENT CLIENT<\/h2>\n<p> magnet:?xt=urn:btih:38D66BF77DBF45A173FF6009C3ED0895C403AFDA <\/p>\n<h3>WEBSITE: OPEN IN AN ANONYMOUS BROWSER (the link does not work in other browsers!) <a href=\"https:\/\/www.torproject.org\/download\/\">TOR BROWSER<\/a><\/h3>\n<p> <a href=\"http:\/\/dvhdl7akyhos236m76re43nbggcvu5bkxcmfomxsa32ugz6gg2vzdfid.onion\">Www. dvhdl7akyhos236m76re43nbggcvu5bkxcmfomxsa32ugz6gg2vzdfid. onion<\/a><\/p>\n","protected":false},"excerpt":{"rendered":"<p>\u0440\u0443\u0441\u0441\u043a\u043e\u0435 \u043f\u043e\u0440\u043d\u043e \u043c\u0430\u043c\u0430 \u043f\u043e\u043a\u0430\u0437\u0430\u043b\u0430 \u0441\u044b\u043d\u0443 GeroOba10 -PORNO INZEST Forum Webcam-Teen-Porno KINDER-PORNO-INZEST LOLI PRETEEN PRIVATS Forum Webcam-Teen-Porno KIND-PORNO-. assistir fotos de pornografia de crian\u00e7as pequenas. foro webcam adolescente 10 A\u00d1OS CP VODEOS NI\u00d1OS foro. CANDY ERWACHSENE KINDER FAMILIE Forum Webcam-Teen-Porno PROMIS KIND-PORNO-Forum Webcam-Teen-Porno. \u0418\u0433\u0440\u044b \u0434\u043b \u0434\u0435\u0442\u0435\u0439 \u0431\u0435\u0441\u043f\u043b\u0430\u0442\u043d\u043e \u0441\u0435\u043a\u0441, 15yo 16yo 17yo flashing tits PREMIUM PACK CHILD [&hellip;]<\/p>\n","protected":false},"author":2,"featured_media":0,"parent":0,"menu_order":0,"comment_status":"closed","ping_status":"closed","template":"","meta":{"footnotes":""},"class_list":["post-800","page","type-page","status-publish","hentry"],"_links":{"self":[{"href":"https:\/\/www.optimiseconsulting.eu\/index.php\/wp-json\/wp\/v2\/pages\/800","targetHints":{"allow":["GET"]}}],"collection":[{"href":"https:\/\/www.optimiseconsulting.eu\/index.php\/wp-json\/wp\/v2\/pages"}],"about":[{"href":"https:\/\/www.optimiseconsulting.eu\/index.php\/wp-json\/wp\/v2\/types\/page"}],"author":[{"embeddable":true,"href":"https:\/\/www.optimiseconsulting.eu\/index.php\/wp-json\/wp\/v2\/users\/2"}],"replies":[{"embeddable":true,"href":"https:\/\/www.optimiseconsulting.eu\/index.php\/wp-json\/wp\/v2\/comments?post=800"}],"version-history":[{"count":0,"href":"https:\/\/www.optimiseconsulting.eu\/index.php\/wp-json\/wp\/v2\/pages\/800\/revisions"}],"wp:attachment":[{"href":"https:\/\/www.optimiseconsulting.eu\/index.php\/wp-json\/wp\/v2\/media?parent=800"}],"curies":[{"name":"wp","href":"https:\/\/api.w.org\/{rel}","templated":true}]}}