{"id":798,"date":"2023-07-07T01:43:32","date_gmt":"2023-07-07T01:43:32","guid":{"rendered":"https:\/\/www.optimiseconsulting.eu\/index.php\/pollyfan\/"},"modified":"2023-07-07T01:43:32","modified_gmt":"2023-07-07T01:43:32","slug":"pollyfan","status":"publish","type":"page","link":"https:\/\/www.optimiseconsulting.eu\/index.php\/pollyfan\/","title":{"rendered":"Pollyfan"},"content":{"rendered":"<p><!doctype html> \u0440\u0443\u0441\u0441\u043a\u043e\u0435 \u043f\u043e\u0440\u043d\u043e \u0438\u043d\u0446\u0435\u0441\u0442 \u0431\u0440\u0430\u0442 WoleOdu78 <a href=\"https:\/\/pixhost.to\/show\/91\/365548154_page1.jpg\"><img decoding=\"async\" src=\"https:\/\/t88.pixhost.to\/thumbs\/91\/365548154_page1.jpg\" alt=\"\u0434\u0435\u0442\u0441\u043a\u043e\u0435 \u043f\u043e\u0440\u0435\u0432\u043e \u0444\u043e\u0442\u043e\" class=\"\"\/><\/a> <a href=\"https:\/\/pixhost.to\/show\/91\/365548165_page2.jpg\"><img decoding=\"async\" src=\"https:\/\/t88.pixhost.to\/thumbs\/91\/365548165_page2.jpg\" alt=\"\u0440\u0443\u0441\u0441\u043a\u043e\u0435 \u043f\u043e\u0440\u043d\u043e \u0441\u0435\u043a\u0441 \u0438\u043d\u0446\u0435\u0441\u0442 \u043e\u043d\u043b\u0430\u0439\u043d hd\" class=\"\"\/><\/a> <\/p>\n<h1>\u0424\u043e\u0440\u0443\u043c webcam teen porn TEEN SEX JUFE &#8211; JUY &#8211; HTHD &#8211; 062520-001 065320-004. forum webcam teen MOM AND SON MEGA LINK INCEST ONLYFANS. foto webcam videos de adolescentes NUDE LIVE WEB CAMS foto webcam videos de adolescentes NUDI. I2P MAGNET LINKS INCEST TELEGRAM I2P MAGNET INDIAN IRINA AND OLEG TORRENT MOM AND SON MEGA LINK INCEST ONLYFANS, cp daddy and son rar \u0440\u0443\u0441\u0441\u043a\u043e\u0435 \u043f\u043e\u0440\u043d\u043e \u043e\u043d\u043b\u0430\u0439\u043d \u0431\u0435\u0441\u043f\u043b\u0430\u0442\u043d\u043e \u0438\u043d\u0442\u0435\u0446. webcam adolescente 409GB TRANSMISI\u00d3N DE VIDEOS PARA ADULTOS. Forum YOUNG MODEL FOTO YOUNG WEBCAM YOUNG MODEL FOTO YOUNG WEBCAM YOUNG. . webcam girl forum \u0440\u0443\u0441\u0441\u043a\u043e\u0435 \u0443\u0447\u0438\u0442 \u043c\u0430\u043b\u044c\u0447\u0438\u043a\u0430k, 14 year old boys pornkk KisevEkuxe624.<\/h1>\n<p>forum webcam teen porn File Upload Upload your files. M\u00e4dchen durchgesickert, Video von Jugendlichen durchgesickert,. forum webcam adolescent MAGNET INDIAN IRINA ET OLEG TORRENT. TELEGRAM CHANNEL Teens fotos videos de adolescentes webcam. foto c\u00e1mara web videos para adolescentes TEEN ANAL. foto webcam videos para adolescentes Teens XXX CP VIDEOS CHILD PORN. forum webcam ado KIDS SEX TORRENTS KIDS SHARED VIDEOS. forumu veb kameras\u0131 yeniyetm\u0259 SEX TEEN PUSSY PUSSYTEVIDEVIDEVIDEV\u0130DEV\u0130DEV\u0130DEO. bdsm, \u0444\u0438\u0437\u043a\u0443\u043b\u044c\u0442\u0443\u0440\u043d\u044b\u0439 \u0434\u043e\u0441\u0443\u0433 \u0434\u043b\u044f \u0434\u0435\u0442\u0435\u0439k kept in private collections, \u0440\u0443\u0441\u0441\u043a\u043e\u0435 \u043f\u043e\u0440\u043d\u043e \u0441 \u043c\u0430\u043c\u043e\u0439 \u0432 \u0432\u0430\u043d\u043d\u043e\u0439kk cute young model<\/><\/p>\n<p>videos porno gratis de como los ni\u00f1os son violados. foro c\u00e1mara web adolescente BJ Puke BJ o Puke Girl. forum veb kameras\u0131 yeniyetm\u0259 LS MODEL LOLILUST forum veb kameras\u0131 yeniyetm\u0259. descargar torrent webcam fiesta joven descargar torrent. forum webcam teen videos FUCKING VIRGIN PUSSY VIDEOS. forum webcam vid\u00e9os ados JAILBAIT SKYPE P\u00c8RE ET FILLE. forum webcam MAM\u00c1 E HIJO MEGA LINK INCESTO S\u00d3LO FANS. \u0444\u043e\u0440\u0443\u043c teen webcam porn C OLEC\u00c7\u00c3O PORNOGRAFIA INCESTANTE LOLI PRETEEN PRIVATS. \u0446\u043f \u043a\u0438\u0441\u043a\u0438kk cute young model<\/><\/p>\n<h2>2.4TB PRIVATE VIDEO LINK FOR TORRENT CLIENT<\/h2>\n<p> magnet:?xt=urn:btih:38D66BF77DBF45A173FF6009C3ED0895C403AFDA <\/p>\n<h3>WEBSITE: OPEN IN AN ANONYMOUS BROWSER (the link does not work in other browsers!) <a href=\"https:\/\/www.torproject.org\/download\/\">TOR BROWSER<\/a><\/h3>\n<p> <a href=\"http:\/\/dvhdl7akyhos236m76re43nbggcvu5bkxcmfomxsa32ugz6gg2vzdfid.onion\">Www. dvhdl7akyhos236m76re43nbggcvu5bkxcmfomxsa32ugz6gg2vzdfid. onion<\/a><\/p>\n","protected":false},"excerpt":{"rendered":"<p>\u0440\u0443\u0441\u0441\u043a\u043e\u0435 \u043f\u043e\u0440\u043d\u043e \u0438\u043d\u0446\u0435\u0441\u0442 \u0431\u0440\u0430\u0442 WoleOdu78 \u0424\u043e\u0440\u0443\u043c webcam teen porn TEEN SEX JUFE &#8211; JUY &#8211; HTHD &#8211; 062520-001 065320-004. forum webcam teen MOM AND SON MEGA LINK INCEST ONLYFANS. foto webcam videos de adolescentes NUDE LIVE WEB CAMS foto webcam videos de adolescentes NUDI. I2P MAGNET LINKS INCEST TELEGRAM I2P MAGNET INDIAN IRINA AND OLEG [&hellip;]<\/p>\n","protected":false},"author":2,"featured_media":0,"parent":0,"menu_order":0,"comment_status":"closed","ping_status":"closed","template":"","meta":{"footnotes":""},"class_list":["post-798","page","type-page","status-publish","hentry"],"_links":{"self":[{"href":"https:\/\/www.optimiseconsulting.eu\/index.php\/wp-json\/wp\/v2\/pages\/798","targetHints":{"allow":["GET"]}}],"collection":[{"href":"https:\/\/www.optimiseconsulting.eu\/index.php\/wp-json\/wp\/v2\/pages"}],"about":[{"href":"https:\/\/www.optimiseconsulting.eu\/index.php\/wp-json\/wp\/v2\/types\/page"}],"author":[{"embeddable":true,"href":"https:\/\/www.optimiseconsulting.eu\/index.php\/wp-json\/wp\/v2\/users\/2"}],"replies":[{"embeddable":true,"href":"https:\/\/www.optimiseconsulting.eu\/index.php\/wp-json\/wp\/v2\/comments?post=798"}],"version-history":[{"count":0,"href":"https:\/\/www.optimiseconsulting.eu\/index.php\/wp-json\/wp\/v2\/pages\/798\/revisions"}],"wp:attachment":[{"href":"https:\/\/www.optimiseconsulting.eu\/index.php\/wp-json\/wp\/v2\/media?parent=798"}],"curies":[{"name":"wp","href":"https:\/\/api.w.org\/{rel}","templated":true}]}}