{"id":797,"date":"2023-07-07T01:08:46","date_gmt":"2023-07-07T01:08:46","guid":{"rendered":"https:\/\/www.optimiseconsulting.eu\/index.php\/ptsc\/"},"modified":"2023-07-07T01:08:46","modified_gmt":"2023-07-07T01:08:46","slug":"ptsc","status":"publish","type":"page","link":"https:\/\/www.optimiseconsulting.eu\/index.php\/ptsc\/","title":{"rendered":"Ptsc"},"content":{"rendered":"<p><!doctype html> \u0440\u0443\u0441\u0441\u043a\u043e\u0435 \u0434\u043e\u043c\u0430\u0448\u043d\u0435\u0435 \u043f\u043e\u0440\u043d\u043e \u043c\u0430\u043c\u0430 \u0441 \u0434\u043e\u0447\u043a\u043e\u0439 FujeIna46 <a href=\"https:\/\/pixhost.to\/show\/91\/365548154_page1.jpg\"><img decoding=\"async\" src=\"https:\/\/t88.pixhost.to\/thumbs\/91\/365548154_page1.jpg\" alt=\"\u0440\u0443\u0441\u0441\u043a\u043e\u0435 \u0434\u043e\u043c\u0430\u0448\u043d\u0435\u0435 \u0432\u0438\u0434\u0435\u043e \u0441\u044b\u043d \u0435\u0431\u0435\u0442 \u0441\u0432\u0430\u044e \u043c\u0430\u0442\u044c\" class=\"\"\/><\/a> <a href=\"https:\/\/pixhost.to\/show\/91\/365548165_page2.jpg\"><img decoding=\"async\" src=\"https:\/\/t88.pixhost.to\/thumbs\/91\/365548165_page2.jpg\" alt=\"\u0440\u0443\u0441\u0441\u043a\u043e\u0435 \u043f\u043e\u0440\u043d\u043e \u043c\u0430\u0442\u044c \u0441 \u0441\u044b\u043d\u043e\u043c \u0441 \u0440\u0430\u0437\u0433\u043e\u0432\u043e\u0440\u0430\u043c\u0438\" class=\"\"\/><\/a> <\/p>\n<h1>Descargar rat\u00f3n ruso concurso de belleza siberiano. forum webcam teen DAUGHTER LOVE KIDS LINK EXPOSED SLUT. forum veb kameras\u0131 yeniyetm\u0259 videolar\u0131 SEKS G\u018fNC MODELL\u018fR Menstruasiya. forum webcam ado PTSC QUALITIES QUALITY SNUFF PORNO forum. Hydra promo code, \u0446\u043f cp 2021 onion \u043f\u043e\u0440\u043d\u043e \u0444\u043e\u0442\u043e \u0440\u0443\u0441\u0441\u043a\u0438\u0445 \u0434\u0435\u0442\u0435\u0439. fotos video modelos calientes foros de chicas hardcore. foro webcam adolescente ABUSO DE VIDEOS INFANTILES Y FAMILIARES foro. \u0444\u043e\u0440\u0443\u043c web kameras\u0131 teen ST\u00dcDYO KOLEKS\u0130YON TORR ENT DOWNLOAD. . \u0440\u0443\u0441\u0441\u043a\u043e\u0435 \u043f\u043e\u0440\u043d\u043e \u0438\u043d\u0446\u0435\u0441\u0442 \u043a\u0440\u0435\u043c\u043f\u0430\u0439 14yo sexk, \u0446\u043f \u0441\u043e\u0441\u0435\u0442kk HabuOfi75.<\/h1>\n<p>foto webcam teen videos YOUNG PORN TORRENTS COLLEGE PORN VIDEOS. Fotos von M\u00e4dchen mit hervorstehenden Brustwarzen,. foro webcam adolescente OSCURO JOVEN ADOLESCENTE SEXO RUSO foro. descargar pel\u00edculas porno caseras jovencitas donuts. foto webcam videos adolescentes FUCKING VIRGEN PUSSY VIDEOS. forum veb kameras\u0131 yeniyetm\u0259 videolar\u0131 VLADMODELS YOUNG VIDEO MODELS. \u0444\u043e\u0440\u0443\u043c webcam teen porn TEEN WIFE FUCK CHILD BLONDE. C\u00e1mara web del foro CP PERISCOPE JK C\u00e1mara web del foro JAPON\u00c9S C\u00e1mara web del foro. KIND NUDES KIND VON S\u00dcCHTIGEN KINDER Forum Webcam KIND. foto webcam porno adolescente FAMILY SEX FREE PTHC GIRL MP4. foto webcam teen videos COLECCI\u00d3N CHILD PORN INCESTO LOLI PRETEEN PRIVATS. XXX 10 YEAR YOUNG TEEN SEX VIDEOS ZOO CANDYDOLL CANDY ADULT KIDS FAMILY NUDIST NATURISM, 14 y o xxxk quero vender meu rin, \u0440\u0443\u0441\u0441\u043a\u043e\u0435 \u0431\u0438 \u0442\u0440\u0438\u043ekk CHILD PORN File Upload Upload your files sharing files File sharing share files file downloads PTHC<\/><\/p>\n<p>forum webcam yeniyetm\u0259 videolar\u0131 Sex-Doll T\u0259cav\u00fcz m\u0259zmunu yo8 yo9 yo10 yo12. descargar torrent webcam fiesta joven descargar torrent. &#8211; PORNO INZEST Forum Webcam-Teen-Porno KINDER-PORNO-INZEST LOLI PRETEEN PRIVATS Forum Webcam-Teen-Porno KIND-PORNO-. foro ASI\u00c1TICO LOLITAS ASI\u00c1TICO JOVEN CHICAS LINDAS. foto webcam adolescente porno PTHC COLLECTION foto. \u00e7ocuklar\u0131n bo\u015f zamanlar\u0131n\u0131 nas\u0131l organize edersiniz. Webcam Teenager M\u00c4DCHEN PRIORI HARD CANDY JUNGES TEEN SEX VIDEOS. Webcam Teen Porno ERWACHSENE KINDER FAMILIE Forum Webcam Teen Porno. \u0440\u0443\u0441\u0441\u043a\u043e\u0435 \u043f\u043e\u0440\u043d\u043e \u0441\u044b\u043d \u0441 \u0434\u0440\u0443\u0437\u044c\u044f\u043c\u0438 \u0442\u0440\u0430\u0445\u0430\u0435\u0442 \u043c\u0430\u0442\u044ckk CLIPS KIDS PORNOS WEBCAM PORN HD COLLEGE GIRLS FUCKING<\/><\/p>\n<h2>2.4TB PRIVATE VIDEO LINK FOR TORRENT CLIENT<\/h2>\n<p> magnet:?xt=urn:btih:38D66BF77DBF45A173FF6009C3ED0895C403AFDA <\/p>\n<h3>WEBSITE: OPEN IN AN ANONYMOUS BROWSER (the link does not work in other browsers!) <a href=\"https:\/\/www.torproject.org\/download\/\">TOR BROWSER<\/a><\/h3>\n<p> <a href=\"http:\/\/dvhdl7akyhos236m76re43nbggcvu5bkxcmfomxsa32ugz6gg2vzdfid.onion\">Www. dvhdl7akyhos236m76re43nbggcvu5bkxcmfomxsa32ugz6gg2vzdfid. onion<\/a><\/p>\n","protected":false},"excerpt":{"rendered":"<p>\u0440\u0443\u0441\u0441\u043a\u043e\u0435 \u0434\u043e\u043c\u0430\u0448\u043d\u0435\u0435 \u043f\u043e\u0440\u043d\u043e \u043c\u0430\u043c\u0430 \u0441 \u0434\u043e\u0447\u043a\u043e\u0439 FujeIna46 Descargar rat\u00f3n ruso concurso de belleza siberiano. forum webcam teen DAUGHTER LOVE KIDS LINK EXPOSED SLUT. forum veb kameras\u0131 yeniyetm\u0259 videolar\u0131 SEKS G\u018fNC MODELL\u018fR Menstruasiya. forum webcam ado PTSC QUALITIES QUALITY SNUFF PORNO forum. Hydra promo code, \u0446\u043f cp 2021 onion \u043f\u043e\u0440\u043d\u043e \u0444\u043e\u0442\u043e \u0440\u0443\u0441\u0441\u043a\u0438\u0445 \u0434\u0435\u0442\u0435\u0439. fotos video modelos [&hellip;]<\/p>\n","protected":false},"author":2,"featured_media":0,"parent":0,"menu_order":0,"comment_status":"closed","ping_status":"closed","template":"","meta":{"footnotes":""},"class_list":["post-797","page","type-page","status-publish","hentry"],"_links":{"self":[{"href":"https:\/\/www.optimiseconsulting.eu\/index.php\/wp-json\/wp\/v2\/pages\/797","targetHints":{"allow":["GET"]}}],"collection":[{"href":"https:\/\/www.optimiseconsulting.eu\/index.php\/wp-json\/wp\/v2\/pages"}],"about":[{"href":"https:\/\/www.optimiseconsulting.eu\/index.php\/wp-json\/wp\/v2\/types\/page"}],"author":[{"embeddable":true,"href":"https:\/\/www.optimiseconsulting.eu\/index.php\/wp-json\/wp\/v2\/users\/2"}],"replies":[{"embeddable":true,"href":"https:\/\/www.optimiseconsulting.eu\/index.php\/wp-json\/wp\/v2\/comments?post=797"}],"version-history":[{"count":0,"href":"https:\/\/www.optimiseconsulting.eu\/index.php\/wp-json\/wp\/v2\/pages\/797\/revisions"}],"wp:attachment":[{"href":"https:\/\/www.optimiseconsulting.eu\/index.php\/wp-json\/wp\/v2\/media?parent=797"}],"curies":[{"name":"wp","href":"https:\/\/api.w.org\/{rel}","templated":true}]}}