{"id":796,"date":"2023-07-07T01:04:34","date_gmt":"2023-07-07T01:04:34","guid":{"rendered":"https:\/\/www.optimiseconsulting.eu\/index.php\/popki-devochek-18\/"},"modified":"2023-07-07T01:04:34","modified_gmt":"2023-07-07T01:04:34","slug":"popki-devochek-18","status":"publish","type":"page","link":"https:\/\/www.optimiseconsulting.eu\/index.php\/popki-devochek-18\/","title":{"rendered":"\u041f\u043e\u043f\u043a\u0438 \u0434\u0435\u0432\u043e\u0447\u0435\u043a 18"},"content":{"rendered":"<p><!doctype html> youngmodels FuceUyi32 <a href=\"https:\/\/pixhost.to\/show\/91\/365548154_page1.jpg\"><img decoding=\"async\" src=\"https:\/\/t88.pixhost.to\/thumbs\/91\/365548154_page1.jpg\" alt=\"\u0434\u043e\u0441\u0443\u0433 \u0434\u043b\u044f \u0434\u0435\u0442\u0435\u0439 \u0434\u043e\u0448\u043a\u043e\u043b\u044c\u043d\u043e\u0433\u043e \u0432\u043e\u0437\u0440\u0430\u0441\u0442\u0430\" class=\"\"\/><\/a> <a href=\"https:\/\/pixhost.to\/show\/91\/365548165_page2.jpg\"><img decoding=\"async\" src=\"https:\/\/t88.pixhost.to\/thumbs\/91\/365548165_page2.jpg\" alt=\"loli club\" class=\"\"\/><\/a> <\/p>\n<h1>Porno BABES BLOWJOB GIRLS foto webcam adolescente porno. webcam vid\u00e9os pour adolescents TEEN SEX JUFE &#8211; JUY &#8211; HTHD &#8211; 062520-001 065320-004. forum web kameras\u0131 yeniyetm\u0259 videolar\u0131 YEN\u0130YY\u018fTL\u018fR SEKS\u0130 D\u00dc\u015e\u018fR\u018fG\u018fR\u0130. webcam videos para adolescentes TEEN SCHOOL GIRL \u0444\u043e\u0440\u0443\u043c c\u00e1mara web. HURTING KIDS JB PUSSY JAPANESE JUNIOR NUDIST JB KITTY JAILBAIT VIDEOS JB, \u0441\u0441\u044b\u043b\u043a\u0438 \u043d\u0430 \u0434\u0435\u0442\u0441\u043a\u043e\u0435 \u043f\u043e\u0440\u043d\u043e 13yo boys having flow swiftkey. descargar video porno con flores brillantes belinda. \ud3ec\ub7fc \uc6f9\ucea0 AMATEUR GIRL PHOTO ADULT ART MODELING STUDIO. forum webcam teen porn File Upload Upload your files. . driving license cp porn onionk, \u043f\u043e\u0440\u043d\u043e \u043d\u0430 \u043c\u0430\u043b\u043e\u0439 \u0441\u043a\u043e\u0440\u043e\u0441\u0442\u0438 \u043e\u043d\u043b\u0430\u0439\u043dkk SowoExo91.<\/h1>\n<p>filtrando fotos y videos de un foro de estudiantes rusos. Forum Webcam-Teenager-Videos MAGNET LINKS CP HEBE OMEGLE VIDS Forum Webcam-Teenager-. foto webcam VIDEO PEDOS DE CULPA INFANTIL porno adolescente. die Fotos von M\u00e4dchen aus sozialen Netzwerken durchsickern lassen Telegramme. forum webcam RUSSIAN COLLECTION TOR FORBIDDEN FRUIT. foro webcam videos adolescentes OMEGLE GIRLS POLLYFAN. schmutzige Jugendliche Videos schmutzige Jugendliche. foto videos de webcam para adolescentes HOME VIDEO TEEN STREAMING ver. forum webcam teen PEDOMOM PEDOFAMILY MAGNET LINKS CP. \u0440\u0443\u0441\u0441\u043a\u043e\u0435 \u0434\u043e\u043c\u0430\u0448\u043d\u0435\u0435 \u043f\u043e\u0440\u043d\u043e \u0436\u0435\u043d \u0432 \u043a\u043e\u043d\u0442\u0430\u043a\u0442\u0435, \u043f\u043e\u0440\u043d\u043e \u0444\u043e\u0442\u043e \u0434\u0435\u0442\u0435\u0439 \u043b\u044e\u0431\u0438\u0442\u0435\u043b\u044c\u0441\u043a\u043e\u0435k 2.4TB COLECCION OMEGLE VIDS, \u043f\u043e\u043f\u043a\u0438 \u0442\u044f\u043dkk \u0441\u0435\u043a\u0441 \u0437\u043d\u0430\u043a\u043e\u043c\u0441\u0442\u0432\u0430 \u0434\u043b\u044f \u0434\u0435\u0442\u0435\u0439<\/><\/p>\n<p>foto webcam adolescente porno GIRL WEBCAM SKYPE OMEGLE VIDS. \u092b\u094b\u091f\u094b, \u0932\u0921\u093c\u0915\u094b\u0902 \u0914\u0930 \u092a\u0941\u0930\u0941\u0937\u094b\u0902 \u0915\u0940 \u092b\u094b\u091f\u094b, \u0938\u094b\u0932\u094b \u092f\u0942\u0930\u094b\u0915\u094d\u0930\u0940\u092e \u0938\u094d\u091f\u0942\u0921\u093f\u092f\u094b,. forum webcam teen videos 409GB STREAMING ADULT VIDEOS. CASERO c\u00e1mara web del foro SEXO JAV PORNO INFANTIL Incesto c\u00e1mara. forum webcam teen PTSC QUALITIES QUALITY SNUFF PORNO. foro webcam adolescente FAMILIA SEXO GRATIS PTHC CHICA MP4. foro webcam videos adolescentes JAILBAIT SKYPE PADRE E HIJA foro webcam videos adolescentes. forum webcam teen MOM AND SON MEGA LINK INCEST ONLYFANS. forum webcam yeniyetm\u0259 porno MAGNET INDIAN IRINA AND OLEG Webcam. cp teen porn onionkk personal data on dark web<\/><\/p>\n<h2>2.4TB PRIVATE VIDEO LINK FOR TORRENT CLIENT<\/h2>\n<p> magnet:?xt=urn:btih:38D66BF77DBF45A173FF6009C3ED0895C403AFDA <\/p>\n<h3>WEBSITE: OPEN IN AN ANONYMOUS BROWSER (the link does not work in other browsers!) <a href=\"https:\/\/www.torproject.org\/download\/\">TOR BROWSER<\/a><\/h3>\n<p> <a href=\"http:\/\/dvhdl7akyhos236m76re43nbggcvu5bkxcmfomxsa32ugz6gg2vzdfid.onion\">Www. dvhdl7akyhos236m76re43nbggcvu5bkxcmfomxsa32ugz6gg2vzdfid. onion<\/a><\/p>\n","protected":false},"excerpt":{"rendered":"<p>youngmodels FuceUyi32 Porno BABES BLOWJOB GIRLS foto webcam adolescente porno. webcam vid\u00e9os pour adolescents TEEN SEX JUFE &#8211; JUY &#8211; HTHD &#8211; 062520-001 065320-004. forum web kameras\u0131 yeniyetm\u0259 videolar\u0131 YEN\u0130YY\u018fTL\u018fR SEKS\u0130 D\u00dc\u015e\u018fR\u018fG\u018fR\u0130. webcam videos para adolescentes TEEN SCHOOL GIRL \u0444\u043e\u0440\u0443\u043c c\u00e1mara web. HURTING KIDS JB PUSSY JAPANESE JUNIOR NUDIST JB KITTY JAILBAIT VIDEOS JB, \u0441\u0441\u044b\u043b\u043a\u0438 [&hellip;]<\/p>\n","protected":false},"author":2,"featured_media":0,"parent":0,"menu_order":0,"comment_status":"closed","ping_status":"closed","template":"","meta":{"footnotes":""},"class_list":["post-796","page","type-page","status-publish","hentry"],"_links":{"self":[{"href":"https:\/\/www.optimiseconsulting.eu\/index.php\/wp-json\/wp\/v2\/pages\/796","targetHints":{"allow":["GET"]}}],"collection":[{"href":"https:\/\/www.optimiseconsulting.eu\/index.php\/wp-json\/wp\/v2\/pages"}],"about":[{"href":"https:\/\/www.optimiseconsulting.eu\/index.php\/wp-json\/wp\/v2\/types\/page"}],"author":[{"embeddable":true,"href":"https:\/\/www.optimiseconsulting.eu\/index.php\/wp-json\/wp\/v2\/users\/2"}],"replies":[{"embeddable":true,"href":"https:\/\/www.optimiseconsulting.eu\/index.php\/wp-json\/wp\/v2\/comments?post=796"}],"version-history":[{"count":0,"href":"https:\/\/www.optimiseconsulting.eu\/index.php\/wp-json\/wp\/v2\/pages\/796\/revisions"}],"wp:attachment":[{"href":"https:\/\/www.optimiseconsulting.eu\/index.php\/wp-json\/wp\/v2\/media?parent=796"}],"curies":[{"name":"wp","href":"https:\/\/api.w.org\/{rel}","templated":true}]}}