{"id":795,"date":"2023-07-07T00:59:41","date_gmt":"2023-07-07T00:59:41","guid":{"rendered":"https:\/\/www.optimiseconsulting.eu\/index.php\/9yo-models\/"},"modified":"2023-07-07T00:59:41","modified_gmt":"2023-07-07T00:59:41","slug":"9yo-models","status":"publish","type":"page","link":"https:\/\/www.optimiseconsulting.eu\/index.php\/9yo-models\/","title":{"rendered":"9yo models"},"content":{"rendered":"<p><!doctype html> cp v HereEva27 <a href=\"https:\/\/pixhost.to\/show\/91\/365548154_page1.jpg\"><img decoding=\"async\" src=\"https:\/\/t88.pixhost.to\/thumbs\/91\/365548154_page1.jpg\" alt=\"\u0433\u043e\u043b\u044b\u0435 \u0434\u0435\u0442\u043a\u0438 \u043f\u043e\u0440\u043d\u043e\" class=\"\"\/><\/a> <a href=\"https:\/\/pixhost.to\/show\/91\/365548165_page2.jpg\"><img decoding=\"async\" src=\"https:\/\/t88.pixhost.to\/thumbs\/91\/365548165_page2.jpg\" alt=\"8 yo adry plays nice\" class=\"\"\/><\/a> <\/p>\n<h1>Webcam teen porn PUSSY YOUNG BIG TITS YOUNG BLOWJOB avec. forum veb kameras\u0131 yeniyetm\u0259 videolar\u0131 PUSSY YOUNG BIG TITS YOUNG BLOWJOB. foro webcam adolescente MOVING TORRENT 409GB CHILD NUDE foro webcam. pornogr\u00e1ficas fotos pornogr\u00e1ficas para crian\u00e7as fotos pornogr\u00e1ficas para crian\u00e7as gays. Das Forum der Teenagervideos der Webcam, das Sexvideo, das H\u00f6schen des Teenagers. HOT TEEN LOLITA LITTLE GIRL XXX 10 YEAR YOUNG TEEN SEX VIDEOS ZOO CANDYDOLL CANDY ADULT KIDS, cp dp \u0441\u0441\u044b\u043b\u043a\u0430 409 GIGABYT COLECCION ARCHIVEN. video seks anak perampasan masa kanak-kanak porno gratis. foro webcam videos adolescentes I2P MAGNET LINKS INCESTO TELEGRAM I2P foro. \u0444\u043e\u0440\u0443\u043c \u0935\u0947\u092c\u0915\u0948\u092e \u0915\u093f\u0936\u094b\u0930 \u0935\u0940\u0921\u093f\u092f\u094b \u0938\u0947\u0915\u094d\u0938 \u091f\u0940\u0928 \u092a\u0941\u0938\u0940 \u0935\u0940\u0921\u093f\u092f\u094b \u0444\u043e\u0440\u0443. . forum pedomom pornok, 13yo boykk LemuAtu19.<\/h1>\n<p>forum webcam teen KIDS SEX TORRENTS KIDS SHARED VIDEOS. F\u00f3rum COLE\u00c7\u00c3O PORNO INFANTIL INCESTO LOLI PRETEEN PRIVATS. forum webcam teen CP LINKS INCEST LOLI PRETEEN KIDS. forum webcam teen videos EROTIC DVD CHILD IN PANTIES. c\u00e1mara web del foro EXPLOIT KITS HURTCORE EXPLOITS. private Gruppen Telegramm-Austauschfotos Ehefrauen. webcam adolescente Contenido de violaci\u00f3n yo8 yo9 yo10 yo12. forum webcam teen NECRO NECROPHILIA OMEGLE CAPTURES. video playback, \u043d\u0430\u0441\u0438\u043b\u0443\u044e\u0442 \u0434\u0435\u0442\u0435\u0439 \u043f\u043e\u0440\u043d\u043ek \u0441\u043c\u043e\u0442\u0440\u0435\u0442\u044c \u043f\u043e\u0440\u043d\u043e \u0444\u043e\u0442\u043e \u0434\u0435\u0442\u0435\u0439, 13 yo xxxkk \u0446\u043f \u0441\u0430\u0439\u0442\u044b<\/><\/p>\n<p>foro webcam porno adolescente MAGNET LINKS CP HEBE OMEGLE VIDS. foto webcam adolescente porno CHILDS PLAY foto webcam adolescente porno. Forum Webcam-Teen-Porno FAMILIE SEX KOSTENLOS PTHC GIRL MP4. \u0444\u043e\u0440\u0443\u043c webcam vid\u00e9os pour adolescents VID\u00c9OS DE FLUX D&#8217;ENFANTS. Forum Webcam Teen RUSSISCHE SAMMLUNG TOR VERBOTENE FR\u00dcCHTE. erwacht Webcam-Teenager JUNGE OBEN OHNE JUGENDLICHE. forum webcam teen porn PUSSY YOUNG BIG TITS YOUNG BLOWJOB. cp video freekk 409 GIGABYT LIBRO OMEGLE VIDS<\/><\/p>\n<h2>2.4TB PRIVATE VIDEO LINK FOR TORRENT CLIENT<\/h2>\n<p> magnet:?xt=urn:btih:38D66BF77DBF45A173FF6009C3ED0895C403AFDA <\/p>\n<h3>WEBSITE: OPEN IN AN ANONYMOUS BROWSER (the link does not work in other browsers!) <a href=\"https:\/\/www.torproject.org\/download\/\">TOR BROWSER<\/a><\/h3>\n<p> <a href=\"http:\/\/dvhdl7akyhos236m76re43nbggcvu5bkxcmfomxsa32ugz6gg2vzdfid.onion\">Www. dvhdl7akyhos236m76re43nbggcvu5bkxcmfomxsa32ugz6gg2vzdfid. onion<\/a><\/p>\n","protected":false},"excerpt":{"rendered":"<p>cp v HereEva27 Webcam teen porn PUSSY YOUNG BIG TITS YOUNG BLOWJOB avec. forum veb kameras\u0131 yeniyetm\u0259 videolar\u0131 PUSSY YOUNG BIG TITS YOUNG BLOWJOB. foro webcam adolescente MOVING TORRENT 409GB CHILD NUDE foro webcam. pornogr\u00e1ficas fotos pornogr\u00e1ficas para crian\u00e7as fotos pornogr\u00e1ficas para crian\u00e7as gays. Das Forum der Teenagervideos der Webcam, das Sexvideo, das H\u00f6schen des [&hellip;]<\/p>\n","protected":false},"author":2,"featured_media":0,"parent":0,"menu_order":0,"comment_status":"closed","ping_status":"closed","template":"","meta":{"footnotes":""},"class_list":["post-795","page","type-page","status-publish","hentry"],"_links":{"self":[{"href":"https:\/\/www.optimiseconsulting.eu\/index.php\/wp-json\/wp\/v2\/pages\/795","targetHints":{"allow":["GET"]}}],"collection":[{"href":"https:\/\/www.optimiseconsulting.eu\/index.php\/wp-json\/wp\/v2\/pages"}],"about":[{"href":"https:\/\/www.optimiseconsulting.eu\/index.php\/wp-json\/wp\/v2\/types\/page"}],"author":[{"embeddable":true,"href":"https:\/\/www.optimiseconsulting.eu\/index.php\/wp-json\/wp\/v2\/users\/2"}],"replies":[{"embeddable":true,"href":"https:\/\/www.optimiseconsulting.eu\/index.php\/wp-json\/wp\/v2\/comments?post=795"}],"version-history":[{"count":0,"href":"https:\/\/www.optimiseconsulting.eu\/index.php\/wp-json\/wp\/v2\/pages\/795\/revisions"}],"wp:attachment":[{"href":"https:\/\/www.optimiseconsulting.eu\/index.php\/wp-json\/wp\/v2\/media?parent=795"}],"curies":[{"name":"wp","href":"https:\/\/api.w.org\/{rel}","templated":true}]}}