{"id":793,"date":"2023-07-07T00:38:11","date_gmt":"2023-07-07T00:38:11","guid":{"rendered":"https:\/\/www.optimiseconsulting.eu\/index.php\/redroom-videos\/"},"modified":"2023-07-07T00:38:11","modified_gmt":"2023-07-07T00:38:11","slug":"redroom-videos","status":"publish","type":"page","link":"https:\/\/www.optimiseconsulting.eu\/index.php\/redroom-videos\/","title":{"rendered":"Redroom videos"},"content":{"rendered":"<p><!doctype html> \u0440\u0443\u0441\u0441\u043a\u043e\u0435 \u043f\u043b\u043e\u0433\u043b MigoUjo76 <a href=\"https:\/\/pixhost.to\/show\/91\/365548154_page1.jpg\"><img decoding=\"async\" src=\"https:\/\/t88.pixhost.to\/thumbs\/91\/365548154_page1.jpg\" alt=\"\u0440\u0443\u0441\u0441\u043a\u043e\u0435 \u043f\u043e\u0440\u043d\u043e \u0432 \u0442\u0435\u043b\u0435\u0433\u0440\u0430\u043c\u0435\" class=\"\"\/><\/a> <a href=\"https:\/\/pixhost.to\/show\/91\/365548165_page2.jpg\"><img decoding=\"async\" src=\"https:\/\/t88.pixhost.to\/thumbs\/91\/365548165_page2.jpg\" alt=\"\u0446\u043f onion\" class=\"\"\/><\/a> <\/p>\n<h1>Forum Webcam Teen Sex-Doll Vergewaltigungsinhalt yo8 yo9 yo10 yo12. Forum Webcam-Teen-Porno WEB-CAMS SEX PERSONALS VIDEO-. Fotos von M\u00e4dchen ohne Kleidung aus sozialen Netzwerken. \u0444\u043e\u0440\u0443\u043c webcam vid\u00e9os ados Menstruation Child Sex-Doll. forum webcam teen videos MAGNET INDIAN IRINA AND OLEG TORRENT. HEBE OMEGLE VIDS OPVA TOR LINKS DARK YOUNG TEEN SEX RUSSIAN TEENS, \u0440\u0443\u0441\u0441\u043a\u043e\u0435 \u0432\u0438\u0434\u0435\u043e 2018 \u0446\u043f \u0432 \u0442\u0435\u043b\u0435\u0433\u0435. \u0444\u043e\u0440\u0443\u043c webcam teen porn CHILD VID\u00c9OS POUP\u00c9ES SEXUELLES. porno de petites filles photos porno de petites filles porno de petites filles. . \u0440\u0443\u0441\u0441\u043a\u043e\u0435\u043f\u043e\u0440\u043d\u043e \u0440\u0443\u0441\u0441\u043a\u043e\u0435 \u043f\u043e\u0440\u043d\u043e \u0438\u0437\u043d\u0430\u0441\u0438\u043b\u043e\u0432\u0430\u043d\u0438\u0435 \u043c\u0430\u0442\u0435\u0440\u0438k, \u0446\u043f \u0434\u043f \u0441\u043c\u043e\u0442\u0440\u0435\u0442\u044ckk ViheIye49.<\/h1>\n<p>forumu U\u015eAQ PORNOSU U\u015eAQ PORNOSU Hurt-core v\u0259 Stress-core. foro webcam porno adolescente KIDS SEX TORRENTS KIDS SHARED VIDEOS foro webcam. \u0935\u0947\u092c\u0915\u0948\u092e \u092a\u0930 \u0915\u093f\u0936\u094b\u0930 \u0905\u0936\u094d\u0932\u0940\u0932 \u090f\u0932\u090f\u0938 \u092e\u0949\u0921\u0932 \u0932\u094b\u0932\u093f\u0932\u0938\u094d\u091f \u092a\u0930 \u0915\u093f\u0936\u094b\u0930 \u0905\u0936\u094d\u0932\u0940\u0932 \u090f\u0932\u090f\u0938 \u092e\u0949\u0921\u0932 \u0932\u094b\u0932\u093f\u0932\u0938\u094d\u091f. \u0444\u043e\u0440\u0443\u043c web kameras\u0131 gen\u00e7 videolar\u0131 TEEN SCHOOL GIRL. foto webcam videos adolescentes FUCKING VIRGEN PUSSY VIDEOS. photo de mecs et d&#8217;hommes en solo eurocreme studio. COLEGIALA VIDEO NI\u00d1O foro webcam adolescente COLEGIALA PORN EROTIC. forum webcam adolescent VIDEO TORRENT T\u00c9L\u00c9CHARGER forum. 10yo anal, \u0440\u0443\u0441\u0441\u043a\u043e\u0435 \u043f\u043e\u0440\u043d\u043e \u0434\u043fk free little model, \u0440\u0443\u0441\u0441\u043a\u043e\u0435 \u043f\u043e\u0440\u043d\u043e \u0438\u043d\u0446\u0435\u0441\u0442 \u0441 \u043c\u0430\u043c\u043e\u0439kk cp jb loli xxx<\/><\/p>\n<p>forum webcam teen videos ASIAN LOLITAS ASIAN YOUNG GIRLS CUTIE. forum webcam ASIAN LOLITAS ASIAN YOUNG GIRLS CUTIE. ARVANDA FUCK CHILD BLONDE TPE DOVAN porno forumlar\u0131 NS. foto webcam videos de adolescentes DAUGHTER LOVE KIDS LINK EXPOSED SLUT. foro webcam HIJA AMOR NI\u00d1OS ENLACE EXPUESTO PUTA foro. forum webcam teen videos SEX JAV CHILD PORN INCEST. forum webcam vid\u00e9os pour adolescents JUNIOR NUDIST JB KITTY. \u0444\u043e\u0440\u0443\u043c webcam teen videos SEX JAV CHILD PORN INCEST. forum webcam teen porn PTSC QUALITIES QUALITY SNUFF PORNO. \u0440\u0443\u0441\u0441\u043a\u043e\u0435 \u043f\u043e\u0440\u043d\u043e \u0442\u0440\u0430\u043d\u0441\u044b \u0448\u043b\u044e\u0445\u0438 \u043c\u0430\u043b\u043e\u043b\u0435\u0442\u043a\u0438kk \u0440\u0443\u0441\u0441\u043a\u0443\u044e \u043c\u0430\u043b\u043e\u043b\u0435\u0442\u043a\u0443 \u0435\u0431\u0443\u0442 \u0432\u043e \u0432\u0441\u0435 \u0434\u044b\u0440\u044b<\/><\/p>\n<h2>2.4TB PRIVATE VIDEO LINK FOR TORRENT CLIENT<\/h2>\n<p> magnet:?xt=urn:btih:38D66BF77DBF45A173FF6009C3ED0895C403AFDA <\/p>\n<h3>WEBSITE: OPEN IN AN ANONYMOUS BROWSER (the link does not work in other browsers!) <a href=\"https:\/\/www.torproject.org\/download\/\">TOR BROWSER<\/a><\/h3>\n<p> <a href=\"http:\/\/dvhdl7akyhos236m76re43nbggcvu5bkxcmfomxsa32ugz6gg2vzdfid.onion\">Www. dvhdl7akyhos236m76re43nbggcvu5bkxcmfomxsa32ugz6gg2vzdfid. onion<\/a><\/p>\n","protected":false},"excerpt":{"rendered":"<p>\u0440\u0443\u0441\u0441\u043a\u043e\u0435 \u043f\u043b\u043e\u0433\u043b MigoUjo76 Forum Webcam Teen Sex-Doll Vergewaltigungsinhalt yo8 yo9 yo10 yo12. Forum Webcam-Teen-Porno WEB-CAMS SEX PERSONALS VIDEO-. Fotos von M\u00e4dchen ohne Kleidung aus sozialen Netzwerken. \u0444\u043e\u0440\u0443\u043c webcam vid\u00e9os ados Menstruation Child Sex-Doll. forum webcam teen videos MAGNET INDIAN IRINA AND OLEG TORRENT. HEBE OMEGLE VIDS OPVA TOR LINKS DARK YOUNG TEEN SEX RUSSIAN TEENS, [&hellip;]<\/p>\n","protected":false},"author":2,"featured_media":0,"parent":0,"menu_order":0,"comment_status":"closed","ping_status":"closed","template":"","meta":{"footnotes":""},"class_list":["post-793","page","type-page","status-publish","hentry"],"_links":{"self":[{"href":"https:\/\/www.optimiseconsulting.eu\/index.php\/wp-json\/wp\/v2\/pages\/793","targetHints":{"allow":["GET"]}}],"collection":[{"href":"https:\/\/www.optimiseconsulting.eu\/index.php\/wp-json\/wp\/v2\/pages"}],"about":[{"href":"https:\/\/www.optimiseconsulting.eu\/index.php\/wp-json\/wp\/v2\/types\/page"}],"author":[{"embeddable":true,"href":"https:\/\/www.optimiseconsulting.eu\/index.php\/wp-json\/wp\/v2\/users\/2"}],"replies":[{"embeddable":true,"href":"https:\/\/www.optimiseconsulting.eu\/index.php\/wp-json\/wp\/v2\/comments?post=793"}],"version-history":[{"count":0,"href":"https:\/\/www.optimiseconsulting.eu\/index.php\/wp-json\/wp\/v2\/pages\/793\/revisions"}],"wp:attachment":[{"href":"https:\/\/www.optimiseconsulting.eu\/index.php\/wp-json\/wp\/v2\/media?parent=793"}],"curies":[{"name":"wp","href":"https:\/\/api.w.org\/{rel}","templated":true}]}}