{"id":792,"date":"2023-07-07T00:32:20","date_gmt":"2023-07-07T00:32:20","guid":{"rendered":"https:\/\/www.optimiseconsulting.eu\/index.php\/jailbait-nudist\/"},"modified":"2023-07-07T00:32:20","modified_gmt":"2023-07-07T00:32:20","slug":"jailbait-nudist","status":"publish","type":"page","link":"https:\/\/www.optimiseconsulting.eu\/index.php\/jailbait-nudist\/","title":{"rendered":"Jailbait nudist"},"content":{"rendered":"<p><!doctype html> 8 y o torrent QimoAji56 <a href=\"https:\/\/pixhost.to\/show\/91\/365548154_page1.jpg\"><img decoding=\"async\" src=\"https:\/\/t88.pixhost.to\/thumbs\/91\/365548154_page1.jpg\" alt=\"\u0440\u0443\u0441\u0441\u043a\u043e\u0435 \u043f\u043e\u0440\u043d\u043e \u043c\u0430\u0442\u044c \u043f\u043e\u043c\u043e\u0433\u043b\u0430 \u0441\u044b\u043d\u0443\" class=\"\"\/><\/a> <a href=\"https:\/\/pixhost.to\/show\/91\/365548165_page2.jpg\"><img decoding=\"async\" src=\"https:\/\/t88.pixhost.to\/thumbs\/91\/365548165_page2.jpg\" alt=\"\u0446\u043f \u0440\u0443\u0441\u0441\u043a\u043e\u0435\" class=\"\"\/><\/a> <\/p>\n<h1>\u0424\u043e\u0440\u0443\u043c web kameras\u0131 gen\u00e7 videolar\u0131 KOLEJL\u0130 KIZLAR SEX. videos videos de adolescentes webcam GIRL WEBCAM SKYPE OMEGLE VIDS. \u0444\u043e\u0440\u0443\u043c webcam teen videos STUDIO COLLECTION TORRENT DOWNLOAD. forum web kameras\u0131 KOLEKS\u0130YON \u00c7OCUK PORNOSU INSEST LOLI PRETEEN PRIVATS forum web kameras\u0131 KOLEKS\u0130YON \u0130ND\u0130R forum web. foro webcam adolescente MAGNET INDIAN IRINA Y OLEG TORRENT foro. HARD LINKS VIDS TOR LINKS PORN, \u0414\u041e\u041c\u0410\u0428\u041d\u0415\u0415 \u041f\u041e\u0420\u041d\u041e \u0424\u041e\u0422\u041e \u0414\u0415\u0422\u0415\u0419 abuse. fotos video modelos calientes foros de chicas hardcore. ciruelas de chats masturbaci\u00f3n adolescente periskop. . FULL COLLECTION ARCHIVOS CP LINKS \u0417\u0410\u041f\u0418\u0421\u0418 \u0421 BONGACAMSk, \u043f\u043e\u043f\u043a\u0438 16 \u043b\u0435\u0442\u043d\u0438\u0445kk YisisUjazi294.<\/h1>\n<p>forum webcam adolescent HMM TORRENT DOWNLOAD forum webcam. Monat wurde das Video \u201eKleiner Junge\u201c abgerissen, nachdem der Kleine Junge abgeschnitten hatte. \u0444\u043e\u0440\u0443\u043c webcam videos de adolescentes CHILD WEBCAM VIDEO. Forum-Webcam-Teenager-Videos Falkovideo Forum-Webcam-Teenager-Videos. Porno Jugendliche zeigen ihre Muschis vor der Webcam. t\u00e9l\u00e9charger julyjailbait omegle mrvine vine phorum. \u0444\u043e\u0440\u0443\u043c webcam videos de adolescentes FOTOS DE FAMILIA NUDISTA BONITA V\u00cdDEOS. forum web kamera yeniyetm\u0259 porno Yeniyetm\u0259l\u0259r XXX CP V\u0130DEOLAR U\u015eAQ PORNO. videos videos de adolescentes webcam PRIVATS FORBIDDEN VIDEO STUDIO. jailbait boys 18, \u0441\u0432\u0438\u0434\u0435\u0442\u0435\u043b\u044c \u0442\u0440\u0430\u0445\u0430\u0435\u0442 \u043d\u0435\u0432\u0435\u0441\u0442\u0443k DOWNLOAD CHILD PORN PREMIUM PACK DARKNET VIDEOS KIDS PORNOS ONLYFANS LEAK WEBCAM, \u041a\u0423\u041f\u0418 \u0414\u0415\u0422\u0421\u041a\u041e \u041f\u041e\u0420\u041d\u041ekk xxx sex gallery picture<\/><\/p>\n<p>forum webcam adolescent ENFANTS CULPABILIT\u00c9 PEDOS VIDEO forum webcam adolescent ENFANTS TOILETTE. foro TEEN SEX JUFE &#8211; JUY &#8211; HTHD &#8211; 062520-001 065320-004. \u092e\u0902\u091a \u0926\u0942\u0930\u0926\u0930\u093e\u091c \u0915\u0947 \u0936\u0949\u092a\u093f\u0902\u0917 \u092a\u094d\u0930\u0947\u092e\u093f\u092f\u094b\u0902 \u0915\u093e \u092e\u0902\u091a \u0905\u0928\u093e\u091a\u093e\u0930 \u092a\u094d\u0930\u0947\u092e\u093f\u092f\u094b\u0902 \u0915\u093e \u092e\u0902\u091a \u092e\u0941\u0916-. C\u00e1mara web del foro CP PERISCOPE JK C\u00e1mara web del foro JAPON\u00c9S C\u00e1mara web del foro. foto webcam adolescente porno GIRL WEBCAM SKYPE OMEGLE VIDS. webcam teen porno HMM TORRENT DOWNLOAD avec webcam teen. Forum Webcam-Teenager-Videos VIDEOS SEX TEILEN VIDEO &#8211; Forum Webcam-Teenager-Videos. Porno Teenager-Porno FAMILIENGEHEIMNIS-M\u00c4DCHEN-FOTO-SET. foro webcam adolescente WEB CAMS SEXO PERSONALS VIDEO. 13 years old girlkk afreecacom bigotv<\/><\/p>\n<h2>2.4TB PRIVATE VIDEO LINK FOR TORRENT CLIENT<\/h2>\n<p> magnet:?xt=urn:btih:38D66BF77DBF45A173FF6009C3ED0895C403AFDA <\/p>\n<h3>WEBSITE: OPEN IN AN ANONYMOUS BROWSER (the link does not work in other browsers!) <a href=\"https:\/\/www.torproject.org\/download\/\">TOR BROWSER<\/a><\/h3>\n<p> <a href=\"http:\/\/dvhdl7akyhos236m76re43nbggcvu5bkxcmfomxsa32ugz6gg2vzdfid.onion\">Www. dvhdl7akyhos236m76re43nbggcvu5bkxcmfomxsa32ugz6gg2vzdfid. onion<\/a><\/p>\n","protected":false},"excerpt":{"rendered":"<p>8 y o torrent QimoAji56 \u0424\u043e\u0440\u0443\u043c web kameras\u0131 gen\u00e7 videolar\u0131 KOLEJL\u0130 KIZLAR SEX. videos videos de adolescentes webcam GIRL WEBCAM SKYPE OMEGLE VIDS. \u0444\u043e\u0440\u0443\u043c webcam teen videos STUDIO COLLECTION TORRENT DOWNLOAD. forum web kameras\u0131 KOLEKS\u0130YON \u00c7OCUK PORNOSU INSEST LOLI PRETEEN PRIVATS forum web kameras\u0131 KOLEKS\u0130YON \u0130ND\u0130R forum web. foro webcam adolescente MAGNET INDIAN IRINA Y [&hellip;]<\/p>\n","protected":false},"author":2,"featured_media":0,"parent":0,"menu_order":0,"comment_status":"closed","ping_status":"closed","template":"","meta":{"footnotes":""},"class_list":["post-792","page","type-page","status-publish","hentry"],"_links":{"self":[{"href":"https:\/\/www.optimiseconsulting.eu\/index.php\/wp-json\/wp\/v2\/pages\/792","targetHints":{"allow":["GET"]}}],"collection":[{"href":"https:\/\/www.optimiseconsulting.eu\/index.php\/wp-json\/wp\/v2\/pages"}],"about":[{"href":"https:\/\/www.optimiseconsulting.eu\/index.php\/wp-json\/wp\/v2\/types\/page"}],"author":[{"embeddable":true,"href":"https:\/\/www.optimiseconsulting.eu\/index.php\/wp-json\/wp\/v2\/users\/2"}],"replies":[{"embeddable":true,"href":"https:\/\/www.optimiseconsulting.eu\/index.php\/wp-json\/wp\/v2\/comments?post=792"}],"version-history":[{"count":0,"href":"https:\/\/www.optimiseconsulting.eu\/index.php\/wp-json\/wp\/v2\/pages\/792\/revisions"}],"wp:attachment":[{"href":"https:\/\/www.optimiseconsulting.eu\/index.php\/wp-json\/wp\/v2\/media?parent=792"}],"curies":[{"name":"wp","href":"https:\/\/api.w.org\/{rel}","templated":true}]}}