{"id":791,"date":"2023-07-07T00:31:13","date_gmt":"2023-07-07T00:31:13","guid":{"rendered":"https:\/\/www.optimiseconsulting.eu\/index.php\/cp-radioheart-ru\/"},"modified":"2023-07-07T00:31:13","modified_gmt":"2023-07-07T00:31:13","slug":"cp-radioheart-ru","status":"publish","type":"page","link":"https:\/\/www.optimiseconsulting.eu\/index.php\/cp-radioheart-ru\/","title":{"rendered":"Cp radioheart ru"},"content":{"rendered":"<p><!doctype html> 10yo video WiteOzu57 <a href=\"https:\/\/pixhost.to\/show\/91\/365548154_page1.jpg\"><img decoding=\"async\" src=\"https:\/\/t88.pixhost.to\/thumbs\/91\/365548154_page1.jpg\" alt=\"cp porno torrent pack\" class=\"\"\/><\/a> <a href=\"https:\/\/pixhost.to\/show\/91\/365548165_page2.jpg\"><img decoding=\"async\" src=\"https:\/\/t88.pixhost.to\/thumbs\/91\/365548165_page2.jpg\" alt=\"\u0440\u0443\u0441\u0441\u043a\u043e\u0435 \u043f\u043e\u0440\u043d\u043e 1\" class=\"\"\/><\/a> <\/p>\n<h1>Webcam teen videos TEEN BOOBS webcam teen videos TEEN BOOBS. Forum Webcam-Teen-Porno JUNGES TEEN SEX-VIDEOS ZOO-. foto webcam teen videos SEX BABES VIDS SEX CAM foto \u043c. Forum Webcam-Teen-Porno WEBCAM-PORNO SEX-SZENE-Forum Webcam-Teen-Porno. Grand archive, \u0440\u0443\u0441\u0441\u043a\u043e\u0435 \u043f\u043e\u0440\u043d\u043e \u043c\u0430\u043b\u043e\u043b\u0435\u0442\u043e\u043a teens model forum. foto webcam videos para adolescentes TEEN PUSSY foto. c\u00e1mara web del foro BABY HEART CHAT ROOMS SITIOS WEB OSCUROS c\u00e1mara. Porno-Jugendliche in der Umkleidekabine der Schule. . jailbait depfile 8yo 9yok, \u043f\u043e\u0440\u043d\u043e \u0438\u0437\u043d\u043e\u0441\u0438\u043b\u043e\u0432\u0430\u043d\u0438\u0435 \u0434\u0435\u0442\u0435\u0439 \u043e\u043d\u043b\u0430\u0439\u043dkk QaxaUsi56.<\/h1>\n<p>\u00d6ZEL forum web kameras\u0131 gen\u00e7 PRETEEN PAYLA\u015eILAN V\u0130DEOLAR. \u0444\u043e\u0440\u0443\u043c webcam teen porn TEENS CHILD PORNO MY PRIVATS. yeniyetm\u0259 DILDO KINDER FICKENOW forum veb kameras\u0131 DILDO KINDER FICKEN DIGENOW veb kameras\u0131 DILDO KINDER FICKEN DIGENOW. forum webcam teen porn DAUGHTER LOVE KIDS LINK EXPOSED SLUT. TELEGRAM CHANNEL Teens fotos videos de adolescentes webcam. avec webcam teen porn SCHOOLGIRL VIDEO CHILD avec webcam teen porn. foro webcam adolescente PEDOMOM PEDOFAMILY MAGNET LINKS CP foro. forum webcam teen videos EROTIC DVD CHILD IN PANTIES. forum webcam teen porn EXPLOIT KITS HURTCORE EXPLOITS. forum webcam teen porn FAMILY SEX FREE PTHC GIRL MP4. sur webcam teen porno AMATEUR GIRL PHOTO ART ADULTE MODELING STUDIO sur webcam teen. Forum Webcam-Teenager-Videos VIDEO TORRENT DOWNLOAD-. jailbait video download, 9yo videok I2P MAGNET LINKS INCEST TELEGRAM I2P, \u0440\u0443\u0441\u0441\u043a\u043e\u0435 \u0433\u0435\u0439 \u043f\u043e\u0440\u043d\u043e \u0441\u043c\u043e\u0442\u0440\u0435\u0442\u044c \u0431\u0435\u0441\u043f\u043b\u0430\u0442\u043d\u043ekk 14 years old girls sex videos<\/><\/p>\n<p>forum webcam teen videos KIDS SEX TORRENTS KIDS SHARED VIDEOS. Forum-Webcam LITTLE GIRL PEDOMOM PEDOFAMILY YOUNG M\u00c4DCHEN Forum-Webcam. Forum Webcam Teen-Porno SAMMLUNG KINDERPORNO INZEST LOLI PRETEEN PRIVATS Forum Webcam Teen-Porno. Pflaumen Pflaumen Schauspielerinnen Marvel Pflaumen. foto webcam teen videos CANDYDOLL CANDY ADULT KIDS FAMILY. fotos pornogr\u00e1ficas para crian\u00e7as menores de 15 anos. les jeunes montrent les seins sur webcam les jeunes montrent. \u0444\u043e\u0440\u0443\u043c webcam teen porn KIDS SEX TORRENTS ENFANTS VID\u00c9OS PARTAG\u00c9ES. foro webcam adolescente AMATEUR CHICA FOTO ADULTO ARTE ESTUDIO DE MODELAJE. \u043f\u0435\u0440\u0435\u043e\u0434\u0435\u0442\u044b\u0435 \u043c\u0430\u043b\u044c\u0447\u0438\u043a\u0438 \u043f\u043e\u0440\u043d\u043ekk jailbait young porn<\/><\/p>\n<h2>2.4TB PRIVATE VIDEO LINK FOR TORRENT CLIENT<\/h2>\n<p> magnet:?xt=urn:btih:38D66BF77DBF45A173FF6009C3ED0895C403AFDA <\/p>\n<h3>WEBSITE: OPEN IN AN ANONYMOUS BROWSER (the link does not work in other browsers!) <a href=\"https:\/\/www.torproject.org\/download\/\">TOR BROWSER<\/a><\/h3>\n<p> <a href=\"http:\/\/dvhdl7akyhos236m76re43nbggcvu5bkxcmfomxsa32ugz6gg2vzdfid.onion\">Www. dvhdl7akyhos236m76re43nbggcvu5bkxcmfomxsa32ugz6gg2vzdfid. onion<\/a><\/p>\n","protected":false},"excerpt":{"rendered":"<p>10yo video WiteOzu57 Webcam teen videos TEEN BOOBS webcam teen videos TEEN BOOBS. Forum Webcam-Teen-Porno JUNGES TEEN SEX-VIDEOS ZOO-. foto webcam teen videos SEX BABES VIDS SEX CAM foto \u043c. Forum Webcam-Teen-Porno WEBCAM-PORNO SEX-SZENE-Forum Webcam-Teen-Porno. Grand archive, \u0440\u0443\u0441\u0441\u043a\u043e\u0435 \u043f\u043e\u0440\u043d\u043e \u043c\u0430\u043b\u043e\u043b\u0435\u0442\u043e\u043a teens model forum. foto webcam videos para adolescentes TEEN PUSSY foto. c\u00e1mara web del foro [&hellip;]<\/p>\n","protected":false},"author":2,"featured_media":0,"parent":0,"menu_order":0,"comment_status":"closed","ping_status":"closed","template":"","meta":{"footnotes":""},"class_list":["post-791","page","type-page","status-publish","hentry"],"_links":{"self":[{"href":"https:\/\/www.optimiseconsulting.eu\/index.php\/wp-json\/wp\/v2\/pages\/791","targetHints":{"allow":["GET"]}}],"collection":[{"href":"https:\/\/www.optimiseconsulting.eu\/index.php\/wp-json\/wp\/v2\/pages"}],"about":[{"href":"https:\/\/www.optimiseconsulting.eu\/index.php\/wp-json\/wp\/v2\/types\/page"}],"author":[{"embeddable":true,"href":"https:\/\/www.optimiseconsulting.eu\/index.php\/wp-json\/wp\/v2\/users\/2"}],"replies":[{"embeddable":true,"href":"https:\/\/www.optimiseconsulting.eu\/index.php\/wp-json\/wp\/v2\/comments?post=791"}],"version-history":[{"count":0,"href":"https:\/\/www.optimiseconsulting.eu\/index.php\/wp-json\/wp\/v2\/pages\/791\/revisions"}],"wp:attachment":[{"href":"https:\/\/www.optimiseconsulting.eu\/index.php\/wp-json\/wp\/v2\/media?parent=791"}],"curies":[{"name":"wp","href":"https:\/\/api.w.org\/{rel}","templated":true}]}}