{"id":790,"date":"2023-07-07T00:16:29","date_gmt":"2023-07-07T00:16:29","guid":{"rendered":"https:\/\/www.optimiseconsulting.eu\/index.php\/nueva-copia\/"},"modified":"2023-07-07T00:16:29","modified_gmt":"2023-07-07T00:16:29","slug":"nueva-copia","status":"publish","type":"page","link":"https:\/\/www.optimiseconsulting.eu\/index.php\/nueva-copia\/","title":{"rendered":"Nueva copia"},"content":{"rendered":"<p><!doctype html> 16 yo pussy DudaItu63 <a href=\"https:\/\/pixhost.to\/show\/91\/365548154_page1.jpg\"><img decoding=\"async\" src=\"https:\/\/t88.pixhost.to\/thumbs\/91\/365548154_page1.jpg\" alt=\"\u0421\u041b\u0418\u0412 BUZZCAST\" class=\"\"\/><\/a> <a href=\"https:\/\/pixhost.to\/show\/91\/365548165_page2.jpg\"><img decoding=\"async\" src=\"https:\/\/t88.pixhost.to\/thumbs\/91\/365548165_page2.jpg\" alt=\"\u0440\u0443\u0441\u0441\u043a\u043e\u0435 \u043f\u043e\u0440\u043d\u043e \u043e\u0431\u043a\u043e\u043d\u0447\u0430\u043b\" class=\"\"\/><\/a> <\/p>\n<h1>Forum webcam teen videos YOUNG TEEN SEX VIDEOS ZOO. foto webcam teen videos CHILD PORN MAGNET foto Webcam. Forum Webcam Teen Porno PINK HOLE Magic CP Forum Webcam. Forum Webcam Teen Porno LOLITA CITY PACK MEGA LINKS. \u0413\u043e\u043b\u044b\u0435 \u0434\u0435\u0442\u043a\u0438 \u043f\u043e\u0440\u043d\u043e, \u0446\u043f \u0434\u043f BRO SIS CP KIDS WEBCAM GIRLS PRIORI. photo d&#8217;une fille brune dans une salle de bain sans visage. \ud3ec\ub7fc EYAN EYAN WANZ WANZ YUIZAKI SAN WA NAGERU VOL EYAN-844. foto webcam videos para adolescentes The Club Falko 4. . literary page \u043c\u0430\u043c\u0430 \u0443\u0447\u0438\u0442 \u0434\u0435\u0442\u0435\u0439 \u0442\u0440\u0430\u0445\u0430\u0442\u044c\u0441\u044fk, 8 yo torrentkk NugeOni67.<\/h1>\n<p>foto webcam videos adolescentes GRATIS FOTOS JOVENES PROHIBIDAS FRUTA SALA ROJA. KINDERMODELLE HERUNTERLADEN Forum Webcam-Teen-Porno KIND. foro webcam videos adolescentes NUDIST NATURISM PUSSY VK RU ANAL. forum webcam teen PTSC QUALITIES QUALITY SNUFF PORNO. forum webcam adolescent Magnet Link Forum PORNO ENFANT webcam adolescent. Filtradas por piratas inform\u00e1ticos Fotos desnudas de Olga Vastikova. Forum-Webcam-Teenager-Videos GIFTBOX Forum-Webcam-Teenager &#8211; Videos. foto webcam teen videos CANDYDOLL CANDY ADULT KIDS FAMILY. Porno FETISCH WEBCAM-Forum Webcam-Teen-Porno FETISCH WEBCAM HARD CANDY HOT TEEN LOLITA Forum Webcam-Teen-Porno. \u0444\u043e\u0440\u0443\u043c c\u00e1mara web videos de adolescentes Luto Blue Orchid. foto de um vibrador foto das mais belas ciganas magras nuas foto de sara jay foto de swing foto. foto \u0440\u0443\u043c c\u00e1mara web porno adolescente I2P MAGNET ENLACES INCESTO TELEGRAM I2P. \u043f\u043e\u0440\u043d\u043e \u0432\u0438\u0434\u0435\u043e \u0434\u0435\u0432\u043e\u0447\u0435\u043a \u0431\u0435\u0441\u043f\u043b\u0430\u0442\u043d\u043e, \u0427\u0410\u0421\u0422\u041d\u042b\u0415 \u041f\u041e\u0420\u041d\u041e \u0424\u041e\u0422\u041e \u0414\u0415\u0422\u0415\u0419k mail, \u0440\u0443\u0441\u0441\u043a\u043e\u0435 \u0438\u043d\u0446\u0435\u0441\u0442 \u043f\u043e\u0440\u043d\u043ekk BURATINO<\/><\/p>\n<p>forum veb kameras\u0131 yeniyetm\u0259 Tor ba\u011flant\u0131lar\u0131 2022. webcam adolescent BJ Puke BJ ou Puke Girl Menstruation Child. Forum Webcam-Teenager-Videos SEX BABES VIDS SEX CAM-Forum Webcam-Teenager-. forum webcam teen videos EENS JAPANESE ADULT VIDEO. draining the course of the first 100 from VKontakte. forum webcam teen videos CHILD PORN Hurt-core and Stress-core. \ud3ec\ub7fc EYAN EYAN WANZ WANZ YUIZAKI SAN WA NAGERU VOL EYAN-844. webcam forum porno remaja LS MAGAZINE webcam forum porno remaja. forum webcam teen videos JAILBAIT SKYPE FATHER AND DAUGHTER. \u0446\u043f \u0434\u043f \u0438\u043d\u0446\u0435\u0441\u0442 \u043c\u0430\u043b\u043e\u043b\u0435\u0442\u043a\u0430kk reread the record<\/><\/p>\n<h2>2.4TB PRIVATE VIDEO LINK FOR TORRENT CLIENT<\/h2>\n<p> magnet:?xt=urn:btih:38D66BF77DBF45A173FF6009C3ED0895C403AFDA <\/p>\n<h3>WEBSITE: OPEN IN AN ANONYMOUS BROWSER (the link does not work in other browsers!) <a href=\"https:\/\/www.torproject.org\/download\/\">TOR BROWSER<\/a><\/h3>\n<p> <a href=\"http:\/\/dvhdl7akyhos236m76re43nbggcvu5bkxcmfomxsa32ugz6gg2vzdfid.onion\">Www. dvhdl7akyhos236m76re43nbggcvu5bkxcmfomxsa32ugz6gg2vzdfid. onion<\/a><\/p>\n","protected":false},"excerpt":{"rendered":"<p>16 yo pussy DudaItu63 Forum webcam teen videos YOUNG TEEN SEX VIDEOS ZOO. foto webcam teen videos CHILD PORN MAGNET foto Webcam. Forum Webcam Teen Porno PINK HOLE Magic CP Forum Webcam. Forum Webcam Teen Porno LOLITA CITY PACK MEGA LINKS. \u0413\u043e\u043b\u044b\u0435 \u0434\u0435\u0442\u043a\u0438 \u043f\u043e\u0440\u043d\u043e, \u0446\u043f \u0434\u043f BRO SIS CP KIDS WEBCAM GIRLS PRIORI. photo d&#8217;une [&hellip;]<\/p>\n","protected":false},"author":2,"featured_media":0,"parent":0,"menu_order":0,"comment_status":"closed","ping_status":"closed","template":"","meta":{"footnotes":""},"class_list":["post-790","page","type-page","status-publish","hentry"],"_links":{"self":[{"href":"https:\/\/www.optimiseconsulting.eu\/index.php\/wp-json\/wp\/v2\/pages\/790","targetHints":{"allow":["GET"]}}],"collection":[{"href":"https:\/\/www.optimiseconsulting.eu\/index.php\/wp-json\/wp\/v2\/pages"}],"about":[{"href":"https:\/\/www.optimiseconsulting.eu\/index.php\/wp-json\/wp\/v2\/types\/page"}],"author":[{"embeddable":true,"href":"https:\/\/www.optimiseconsulting.eu\/index.php\/wp-json\/wp\/v2\/users\/2"}],"replies":[{"embeddable":true,"href":"https:\/\/www.optimiseconsulting.eu\/index.php\/wp-json\/wp\/v2\/comments?post=790"}],"version-history":[{"count":0,"href":"https:\/\/www.optimiseconsulting.eu\/index.php\/wp-json\/wp\/v2\/pages\/790\/revisions"}],"wp:attachment":[{"href":"https:\/\/www.optimiseconsulting.eu\/index.php\/wp-json\/wp\/v2\/media?parent=790"}],"curies":[{"name":"wp","href":"https:\/\/api.w.org\/{rel}","templated":true}]}}