{"id":789,"date":"2023-07-06T23:59:41","date_gmt":"2023-07-06T23:59:41","guid":{"rendered":"https:\/\/www.optimiseconsulting.eu\/index.php\/jen-m\/"},"modified":"2023-07-06T23:59:41","modified_gmt":"2023-07-06T23:59:41","slug":"jen-m","status":"publish","type":"page","link":"https:\/\/www.optimiseconsulting.eu\/index.php\/jen-m\/","title":{"rendered":"Jen m"},"content":{"rendered":"<p><!doctype html> 15yo girls \u0441\u0435\u043a\u0441 MupaUne69 <a href=\"https:\/\/pixhost.to\/show\/91\/365548154_page1.jpg\"><img decoding=\"async\" src=\"https:\/\/t88.pixhost.to\/thumbs\/91\/365548154_page1.jpg\" alt=\"\u0421\u041b\u0418\u0412 \u042e\u041d\u042b\u0425 \u0428\u041a\u0423\u0420\" class=\"\"\/><\/a> <a href=\"https:\/\/pixhost.to\/show\/91\/365548165_page2.jpg\"><img decoding=\"async\" src=\"https:\/\/t88.pixhost.to\/thumbs\/91\/365548165_page2.jpg\" alt=\"\u0440\u0443\u0441\u0441\u043a\u043e\u0435 \u043f\u043e\u0440\u043d\u043e \u0432\u0438\u0434\u0435\u043e \u043c\u0430\u043c\u0430 \u0434\u043e\u043c\u0438\u043d\u0438\u0440\u0443\u0435\u0442 \u043d\u0430\u0434 \u0441\u044b\u043d\u043e\u043c\" class=\"\"\/><\/a> <\/p>\n<h1>Porno PRETEEN PRIVATS Forum Webcam-Teen-Porno PRETEEN GETEILTE VIDEOS. Forum Webcam Teenager VLADMODELS JUNGE VIDEOMODELLE. \u8ad6\u58c7 EYAN EYAN WANZ WANZ YUIZAKI SAN WA NAGERU VOL EYAN-844. Girls video forum, opva stickam teens. forum webcam teen videos FAMILY SECRET GIRL PHOTO SET. webcam adolescente Contenido de violaci\u00f3n yo8 yo9 yo10 yo12. webcam adolescente CHILD HARDCORE PORN NAKED imagen. . 14 y o video jailbait video omeglek, \u041f\u041e\u0420\u041d\u041e \u0421\u041b\u0418\u0412 \u041c\u0410\u041b\u041e\u041b\u0415\u0422\u041d\u0418\u0425 \u0428\u041a\u041e\u041b\u042c\u041d\u0418\u0426kk TofaEde23.<\/h1>\n<p>Forum Webcam Teen Porno SEX VIDEO TEILEN LINKS PRIVAT. foro webcam adolescente videos jav sin censura hd estrellas. \u092e\u0902\u091a \u0935\u0947\u092c\u0915\u0948\u092e \u0938\u0902\u0917\u094d\u0930\u0939 \u092c\u093e\u0932 \u0905\u0936\u094d\u0932\u0940\u0932 \u0905\u0928\u093e\u091a\u093e\u0930 \u0932\u094b\u0932\u0940 \u092a\u094d\u0930\u0940\u091f\u0940\u0928 \u092a\u094d\u0930\u093e\u0907\u0935\u0947\u091f \u092b\u094b\u0930\u092e. forum veb kameras\u0131 yeniyetm\u0259 porno PINK HOLE Magic CP. HOME ASIAN TEEN-Forum Webcam-Teenager-Videos TEENS-KIDS-Forum Webcam-Teenager-Videos. forum webcam ado ONION SITES CATALOG forum webcam ado. forum webcam teen videos SEX JAV CHILD PORN INCEST. forum webcam teen porn SEX YOUNG MODELS Menstruation. \u8ad6\u58c7 EYAN EYAN WANZ WANZ YUIZAKI SAN WA NAGERU VOL EYAN-844. forum webcam teen videos SEX VIDEO PRETEEN PANTIES. par webcam vid\u00e9os pour adolescents ONLYFANS LEAK par. forumu veb kameras\u0131 yeniyetm\u0259 EROT\u0130K DVD CHILD IN PANTIES. jailbait bbs forum teens, \u0446\u043f \u0447\u0442\u043e \u0437\u043d\u0430\u0447\u0438\u0442 \u043d\u0430 \u043c\u043e\u043b\u043e\u0434\u0435\u0436\u043d\u043e\u043ck RUSSIAN COLLECTION TOR FORBIDDEN FRUIT YOUNG MODEL FOTO YOUNG WEBCAM YOUNG, \u0440\u0443\u0441\u0441\u043a\u043e\u0435 \u043f\u043e\u0440\u043d\u043e \u0441 \u043d\u0430\u0442\u0430\u0448\u043a\u043e\u0439kk \u0440\u0443\u0441\u0441\u043a\u043e\u0435 \u0432\u0438\u0434\u0435\u043e \u0434\u0435\u0432\u0443\u0448\u043a\u0438<\/><\/p>\n<p>vidange instafemale vid\u00e9o vidange vk compl\u00e8te instafemale. par webcam vid\u00e9os pour adolescents Menstruation Hurtcore Stresscore. \u0444\u043e\u0440\u0443\u043c web kameras\u0131 gen\u00e7 pornosu EENS JAPON YET\u0130\u015eK\u0130N V\u0130DEO. webcam teen videos PUSSY YOUNG GROS SEINS YOUNG BLOWJOB. Forum Webcam-Teen-Porno WEB-CAMS SEX PERSONALS VIDEO-. de 14 a\u00f1os chupando la polla en la c\u00e1mara web digitaci\u00f3n. schmutzige Jugendliche Videos schmutzige Jugendliche. forum webcam teen porn YOUNG PORN TORRENTS COLLEGE PORN VIDEOS. soldats bong drainant les soldats bongakams drainant les. 12 teen pornkk child baby nudist sex foto<\/><\/p>\n<h2>2.4TB PRIVATE VIDEO LINK FOR TORRENT CLIENT<\/h2>\n<p> magnet:?xt=urn:btih:38D66BF77DBF45A173FF6009C3ED0895C403AFDA <\/p>\n<h3>WEBSITE: OPEN IN AN ANONYMOUS BROWSER (the link does not work in other browsers!) <a href=\"https:\/\/www.torproject.org\/download\/\">TOR BROWSER<\/a><\/h3>\n<p> <a href=\"http:\/\/dvhdl7akyhos236m76re43nbggcvu5bkxcmfomxsa32ugz6gg2vzdfid.onion\">Www. dvhdl7akyhos236m76re43nbggcvu5bkxcmfomxsa32ugz6gg2vzdfid. onion<\/a><\/p>\n","protected":false},"excerpt":{"rendered":"<p>15yo girls \u0441\u0435\u043a\u0441 MupaUne69 Porno PRETEEN PRIVATS Forum Webcam-Teen-Porno PRETEEN GETEILTE VIDEOS. Forum Webcam Teenager VLADMODELS JUNGE VIDEOMODELLE. \u8ad6\u58c7 EYAN EYAN WANZ WANZ YUIZAKI SAN WA NAGERU VOL EYAN-844. Girls video forum, opva stickam teens. forum webcam teen videos FAMILY SECRET GIRL PHOTO SET. webcam adolescente Contenido de violaci\u00f3n yo8 yo9 yo10 yo12. webcam adolescente [&hellip;]<\/p>\n","protected":false},"author":2,"featured_media":0,"parent":0,"menu_order":0,"comment_status":"closed","ping_status":"closed","template":"","meta":{"footnotes":""},"class_list":["post-789","page","type-page","status-publish","hentry"],"_links":{"self":[{"href":"https:\/\/www.optimiseconsulting.eu\/index.php\/wp-json\/wp\/v2\/pages\/789","targetHints":{"allow":["GET"]}}],"collection":[{"href":"https:\/\/www.optimiseconsulting.eu\/index.php\/wp-json\/wp\/v2\/pages"}],"about":[{"href":"https:\/\/www.optimiseconsulting.eu\/index.php\/wp-json\/wp\/v2\/types\/page"}],"author":[{"embeddable":true,"href":"https:\/\/www.optimiseconsulting.eu\/index.php\/wp-json\/wp\/v2\/users\/2"}],"replies":[{"embeddable":true,"href":"https:\/\/www.optimiseconsulting.eu\/index.php\/wp-json\/wp\/v2\/comments?post=789"}],"version-history":[{"count":0,"href":"https:\/\/www.optimiseconsulting.eu\/index.php\/wp-json\/wp\/v2\/pages\/789\/revisions"}],"wp:attachment":[{"href":"https:\/\/www.optimiseconsulting.eu\/index.php\/wp-json\/wp\/v2\/media?parent=789"}],"curies":[{"name":"wp","href":"https:\/\/api.w.org\/{rel}","templated":true}]}}