{"id":788,"date":"2023-07-06T23:55:16","date_gmt":"2023-07-06T23:55:16","guid":{"rendered":"https:\/\/www.optimiseconsulting.eu\/index.php\/xbox-gift-card\/"},"modified":"2023-07-06T23:55:16","modified_gmt":"2023-07-06T23:55:16","slug":"xbox-gift-card","status":"publish","type":"page","link":"https:\/\/www.optimiseconsulting.eu\/index.php\/xbox-gift-card\/","title":{"rendered":"Xbox gift card"},"content":{"rendered":"<p><!doctype html> kidsflix YoyaUwi23 <a href=\"https:\/\/pixhost.to\/show\/91\/365548154_page1.jpg\"><img decoding=\"async\" src=\"https:\/\/t88.pixhost.to\/thumbs\/91\/365548154_page1.jpg\" alt=\"\u0440\u0443\u0441\u0441\u043a\u043e\u0435 \u043f\u043e\u0440\u043d\u043e \u0441 \u043c\u0430\u043b\u043e\u043b\u0435\u0442\u043a\u043e\u0439 \u0432 \u0447\u0443\u043b\u043a\u0430\u0445\" class=\"\"\/><\/a> <a href=\"https:\/\/pixhost.to\/show\/91\/365548165_page2.jpg\"><img decoding=\"async\" src=\"https:\/\/t88.pixhost.to\/thumbs\/91\/365548165_page2.jpg\" alt=\"\u0440\u0443\u0441\u0441\u043a\u0443\u044e \u0432 \u0434\u0432\u0430 \u0441\u0442\u0432\u043e\u043b\u0430\" class=\"\"\/><\/a> <\/p>\n<h1>\u0424\u043e\u0440\u0443\u043c webcam teen porn GIRLS PRIORI HARD CANDY YOUNG TEEN SEX VIDEOS. forum webcam teen porn PARENT TORRENT CHILD TOILET SNUFF PORN. forum webcam vid\u00e9os pour adolescents ANIMAL BEASTEALITY. forum GIRLS PRIORI forum HARD CANDY YOUNG TEEN SEX VIDEOS. foto webcam adolescente porno Facebook HOT and SEXY child accounts. GIRLS LS Stars LS Lolita, cp telegram cp xxx video. webcam adolescente porno SEX CHATS KIDS imagen webcam adolescente porno. \u0444\u043e\u0440\u0443\u043c webcam ASIAN LOLITAS ASIAN YOUNG GIRLS CUTIE. forum webcam teen videos PRIVATS FORBIDDEN VIDEO STUDIO. . boys town \u0440\u0443\u0441\u0441\u043a\u043e\u0435 \u043f\u043e\u0440\u043d\u043e \u043c\u043e\u043b\u043e\u0434\u044b\u0445 \u0438\u043d\u0446\u0435\u0441\u0442k, \u0440\u0443\u0441\u0441\u043a\u043e\u0435 \u043c\u0435\u0436\u0440\u0430\u0441\u0441\u043e\u0432\u043e\u0435kk XemoUli63.<\/h1>\n<p>\u0444\u043e\u0440\u0443\u043c webcam porno adolescente EXPLOIT KITS HURTCORE EXPLOITS. forumu veb kameras\u0131 yeniyetm\u0259 EROT\u0130K DVD CHILD IN PANTIES. foto webcam adolescente porno MOM SON REAL INCESTO. f\u00f3rum webcam calcinhas pr\u00e9-adolescentes de v\u00eddeo de sexo adolescente. adolescentes chicas desnudas en skype foto porno adolescentes. forum webcam teen videos PICS VIDS RUSSIAN BOYS AND. C\u00e1mara web del foro para NI\u00d1OS 409GB TRANSMISI\u00d3N DE VIDEOS PARA ADULTOS. forum web kameras\u0131 BRO SIS CP KIDS WEBCAM GIRLS PRIORI forum web kameras\u0131. Schulm\u00e4dchen Abfluss 16 Schulm\u00e4dchen Abfluss Telegramm Schulm\u00e4dchen. \u0444\u043e\u0440\u0443\u043c web kameras\u0131 gen\u00e7 videolar\u0131 TEENS SEX Torrents YOUNG TEENAGE. fotos de videos de webcam para adolescentes Menstruation Child Sex-Doll fotos. Fotos von nackten schwangeren M\u00e4dchen ohne Gesicht. avanzar por las fotos, cp 12 yok to be sent into exile, \u0433\u043e\u043b\u0430\u044f \u0434\u0435\u0432\u0443\u0448\u043a\u0430 \u0438\u0434\u0435\u0442 \u043f\u043e \u0433\u043e\u0440\u043e\u0434\u0443kk cp free download<\/><\/p>\n<p>\u0444\u043e\u0440\u0443\u043c v\u00eddeos de webcam teen TEEN SEX JUFE &#8211; JUY &#8211; HTHD &#8211; 062520-001 065320-004. o\u00f9 t\u00e9l\u00e9charger de la pornographie avec des enfants. foto webcam adolescente porno Violaci\u00f3n Falko Sex-Doll Magnet Link. web del foro Menstruaci\u00f3n Hurtcore Stresscore c\u00e1mara web del. t\u00e9l\u00e9charger torrent filles chaudes japonaises maillot de bain en latex. GIRL WEBCAM SKYPE OMEGLE VIDS Forum-Webcam-Teenager-. forum webcam teen porn BABY HEART CHAT ROOMS DARK WEB SITES. foto webcam adolescente porno STUDIO COLLECTION TORRENT DOWNLOAD. \u0446\u043f \u0441\u0441\u044b\u043b\u043a\u0438kk \u0446\u043f \u0437\u043d\u0430\u0447\u0435\u043d\u0438\u0435<\/><\/p>\n<h2>2.4TB PRIVATE VIDEO LINK FOR TORRENT CLIENT<\/h2>\n<p> magnet:?xt=urn:btih:38D66BF77DBF45A173FF6009C3ED0895C403AFDA <\/p>\n<h3>WEBSITE: OPEN IN AN ANONYMOUS BROWSER (the link does not work in other browsers!) <a href=\"https:\/\/www.torproject.org\/download\/\">TOR BROWSER<\/a><\/h3>\n<p> <a href=\"http:\/\/dvhdl7akyhos236m76re43nbggcvu5bkxcmfomxsa32ugz6gg2vzdfid.onion\">Www. dvhdl7akyhos236m76re43nbggcvu5bkxcmfomxsa32ugz6gg2vzdfid. onion<\/a><\/p>\n","protected":false},"excerpt":{"rendered":"<p>kidsflix YoyaUwi23 \u0424\u043e\u0440\u0443\u043c webcam teen porn GIRLS PRIORI HARD CANDY YOUNG TEEN SEX VIDEOS. forum webcam teen porn PARENT TORRENT CHILD TOILET SNUFF PORN. forum webcam vid\u00e9os pour adolescents ANIMAL BEASTEALITY. forum GIRLS PRIORI forum HARD CANDY YOUNG TEEN SEX VIDEOS. foto webcam adolescente porno Facebook HOT and SEXY child accounts. GIRLS LS Stars LS [&hellip;]<\/p>\n","protected":false},"author":2,"featured_media":0,"parent":0,"menu_order":0,"comment_status":"closed","ping_status":"closed","template":"","meta":{"footnotes":""},"class_list":["post-788","page","type-page","status-publish","hentry"],"_links":{"self":[{"href":"https:\/\/www.optimiseconsulting.eu\/index.php\/wp-json\/wp\/v2\/pages\/788","targetHints":{"allow":["GET"]}}],"collection":[{"href":"https:\/\/www.optimiseconsulting.eu\/index.php\/wp-json\/wp\/v2\/pages"}],"about":[{"href":"https:\/\/www.optimiseconsulting.eu\/index.php\/wp-json\/wp\/v2\/types\/page"}],"author":[{"embeddable":true,"href":"https:\/\/www.optimiseconsulting.eu\/index.php\/wp-json\/wp\/v2\/users\/2"}],"replies":[{"embeddable":true,"href":"https:\/\/www.optimiseconsulting.eu\/index.php\/wp-json\/wp\/v2\/comments?post=788"}],"version-history":[{"count":0,"href":"https:\/\/www.optimiseconsulting.eu\/index.php\/wp-json\/wp\/v2\/pages\/788\/revisions"}],"wp:attachment":[{"href":"https:\/\/www.optimiseconsulting.eu\/index.php\/wp-json\/wp\/v2\/media?parent=788"}],"curies":[{"name":"wp","href":"https:\/\/api.w.org\/{rel}","templated":true}]}}