{"id":787,"date":"2023-07-06T22:57:08","date_gmt":"2023-07-06T22:57:08","guid":{"rendered":"https:\/\/www.optimiseconsulting.eu\/index.php\/children-love-ru\/"},"modified":"2023-07-06T22:57:08","modified_gmt":"2023-07-06T22:57:08","slug":"children-love-ru","status":"publish","type":"page","link":"https:\/\/www.optimiseconsulting.eu\/index.php\/children-love-ru\/","title":{"rendered":"Children love ru"},"content":{"rendered":"<p><!doctype html> cp daddy and son rar ZayuEra21 <a href=\"https:\/\/pixhost.to\/show\/91\/365548154_page1.jpg\"><img decoding=\"async\" src=\"https:\/\/t88.pixhost.to\/thumbs\/91\/365548154_page1.jpg\" alt=\"buzzcast\" class=\"\"\/><\/a> <a href=\"https:\/\/pixhost.to\/show\/91\/365548165_page2.jpg\"><img decoding=\"async\" src=\"https:\/\/t88.pixhost.to\/thumbs\/91\/365548165_page2.jpg\" alt=\"13yo 15yo boys 69\" class=\"\"\/><\/a> <\/p>\n<h1>Videos SKYPE PRIVATS Forum Webcam-Teenager-Videos SPYCAM LOLI VIDEO-. forum webcam vid\u00e9os pour adolescents vid\u00e9os TEEN vid\u00e9os de sexe. foto webcam teen videos MODELO CHICO Y CHICA BESTIALIDAD PERRO SEXO foto webcam teen. avec webcam teen porno RUSSE COLLECTION TOR FRUITS INTERDITS. Forum Webcam Teenager MAGNETVERBINDUNGEN MISSBRAUCH VON ERWACHSENEN. Girl webcam, \u043f\u043e\u043f\u043a\u0438 \u0441\u0442\u0443\u0434\u0435\u043d\u0442\u043e\u043a \u0432\u043a Teens. webcam vid\u00e9os pour adolescents YWM avec webcam vid\u00e9os pour adolescents. Forum Webcam-Teen-Porno PTHC COLLECTION Forum Webcam-. entleeren ber\u00fchmte Pers\u00f6nlichkeiten Russlands entleeren. . girl forum \u043a\u0443\u043f\u0438 \u0434\u0435\u0442\u0441\u043a\u043e \u043f\u043e\u0440\u043d\u043ek, \u0446\u043f 2chkk XoxeOce16.<\/h1>\n<p>fotos de jovencitos mostrando genitales en video chat. forum webcam teen videos YOUNG PORN TORRENTS COLLEGE PORN VIDEOS. assistir pornografia infantil online assistir foto assistir. foto webcam adolescente porno CHILD STREAMING foto. v\u00eddeos pornogr\u00e1ficos de crian\u00e7as assistir v\u00eddeos porn\u00f4 gr\u00e1tis. forum webcam teen porn FREE YOUNG PICS FORBIDDEN FRUIT RED ROOM. forum webcam VIDEOS WEBCAM ANAL ANIMAL ABUSE ADULT. foro webcam videos adolescentes OPVA TOR ENLACES OSCURO foro. foto c\u00e1mara web videos adolescentes RAPING LITTLE foto c\u00e1mara web videos adolescentes. drenaje de las esposas de otras personas vkontakte. foro webcam COLECCI\u00d3N CHILD PORN INCESTO LOLI PREADOLESCENTES PRIVADOS. foto webcam adolescente porno Facebook HOT and SEXY child accounts. hot teen, cp children nudesk \u0440\u0443\u0441\u0441\u043a\u043e\u0435 \u0434\u043e\u043c\u0430\u0448\u043d\u0435\u0435 \u0432\u0438\u0434\u0435\u043e \u0433\u043e\u043b\u044b\u0445 \u043c\u0430\u043c \u0441 \u0434\u0435\u0442\u044c\u043c\u0438, \u0446\u043f \u0432\u043b\u0430\u0434\u043c\u043e\u0434\u0435\u043b\u0441kk take a look at the recordings<\/><\/p>\n<p>Forum Webcam Teenager SCHULM\u00c4DCHEN FILME Forum Webcam Teenager SCHULM\u00c4DCHEN VIDEO KIND Forum. prohibido foto porno ni\u00f1os video prohibido ni\u00f1os porno prohibido. \u0444\u043e\u0440\u0443\u043c webcam videos adolescentes PORNO INFANTIL DESCARGAR. photo de filles dans les transports la culotte est visible. webcam teen porn ADULTE ENFANTS FAMILLE sur webcam teen porno. forum webcam vid\u00e9os pour adolescents ANIMAL BEASTEALITY. grupos privados intercambio de telegramas fotos esposas. \u0421\u041b\u0418\u0412 \u042e\u041d\u042b\u0425 \u041c\u0410\u041b\u041e\u041b\u0415\u0422\u041e\u041akk CP PACK 2023 WEBCAM GIRLS TORRENT DOWNLOAD<\/><\/p>\n<h2>2.4TB PRIVATE VIDEO LINK FOR TORRENT CLIENT<\/h2>\n<p> magnet:?xt=urn:btih:38D66BF77DBF45A173FF6009C3ED0895C403AFDA <\/p>\n<h3>WEBSITE: OPEN IN AN ANONYMOUS BROWSER (the link does not work in other browsers!) <a href=\"https:\/\/www.torproject.org\/download\/\">TOR BROWSER<\/a><\/h3>\n<p> <a href=\"http:\/\/dvhdl7akyhos236m76re43nbggcvu5bkxcmfomxsa32ugz6gg2vzdfid.onion\">Www. dvhdl7akyhos236m76re43nbggcvu5bkxcmfomxsa32ugz6gg2vzdfid. onion<\/a><\/p>\n","protected":false},"excerpt":{"rendered":"<p>cp daddy and son rar ZayuEra21 Videos SKYPE PRIVATS Forum Webcam-Teenager-Videos SPYCAM LOLI VIDEO-. forum webcam vid\u00e9os pour adolescents vid\u00e9os TEEN vid\u00e9os de sexe. foto webcam teen videos MODELO CHICO Y CHICA BESTIALIDAD PERRO SEXO foto webcam teen. avec webcam teen porno RUSSE COLLECTION TOR FRUITS INTERDITS. Forum Webcam Teenager MAGNETVERBINDUNGEN MISSBRAUCH VON ERWACHSENEN. Girl [&hellip;]<\/p>\n","protected":false},"author":2,"featured_media":0,"parent":0,"menu_order":0,"comment_status":"closed","ping_status":"closed","template":"","meta":{"footnotes":""},"class_list":["post-787","page","type-page","status-publish","hentry"],"_links":{"self":[{"href":"https:\/\/www.optimiseconsulting.eu\/index.php\/wp-json\/wp\/v2\/pages\/787","targetHints":{"allow":["GET"]}}],"collection":[{"href":"https:\/\/www.optimiseconsulting.eu\/index.php\/wp-json\/wp\/v2\/pages"}],"about":[{"href":"https:\/\/www.optimiseconsulting.eu\/index.php\/wp-json\/wp\/v2\/types\/page"}],"author":[{"embeddable":true,"href":"https:\/\/www.optimiseconsulting.eu\/index.php\/wp-json\/wp\/v2\/users\/2"}],"replies":[{"embeddable":true,"href":"https:\/\/www.optimiseconsulting.eu\/index.php\/wp-json\/wp\/v2\/comments?post=787"}],"version-history":[{"count":0,"href":"https:\/\/www.optimiseconsulting.eu\/index.php\/wp-json\/wp\/v2\/pages\/787\/revisions"}],"wp:attachment":[{"href":"https:\/\/www.optimiseconsulting.eu\/index.php\/wp-json\/wp\/v2\/media?parent=787"}],"curies":[{"name":"wp","href":"https:\/\/api.w.org\/{rel}","templated":true}]}}