{"id":786,"date":"2023-07-06T22:56:51","date_gmt":"2023-07-06T22:56:51","guid":{"rendered":"https:\/\/www.optimiseconsulting.eu\/index.php\/cp-gostevaya\/"},"modified":"2023-07-06T22:56:51","modified_gmt":"2023-07-06T22:56:51","slug":"cp-gostevaya","status":"publish","type":"page","link":"https:\/\/www.optimiseconsulting.eu\/index.php\/cp-gostevaya\/","title":{"rendered":"Cp \u0433\u043e\u0441\u0442\u0435\u0432\u0430\u044f"},"content":{"rendered":"<p><!doctype html> \u043f\u043e\u0440\u043d\u043e \u0432\u0438\u0434\u0435\u043e \u0434\u0435\u0442\u0438 YetugUfahe943 <a href=\"https:\/\/pixhost.to\/show\/91\/365548154_page1.jpg\"><img decoding=\"async\" src=\"https:\/\/t88.pixhost.to\/thumbs\/91\/365548154_page1.jpg\" alt=\"\u043f\u043e\u043f\u043a\u0438 \u0434\u0435\u0432\u0438\u0447\u044c\u0438\" class=\"\"\/><\/a> <a href=\"https:\/\/pixhost.to\/show\/91\/365548165_page2.jpg\"><img decoding=\"async\" src=\"https:\/\/t88.pixhost.to\/thumbs\/91\/365548165_page2.jpg\" alt=\"cp tor links\" class=\"\"\/><\/a> <\/p>\n<h1>Forum-Webcam-Teenager-Videos Falkovideo Forum-Webcam-Teenager-Videos. foto de chicas en ropa interior de transporte son visibles. foto webcam videos adolescentes TORRENT HOT TEEN foto webcam videos adolescentes. foto c\u00e1mara web videos adolescentes LOLITA CITY PACK MEGA LINKS. forum webcam teen BRO SIS CP KIDS WEBCAM GIRLS PRIORI. \u0413\u0434\u0435 \u0441\u043a\u0430\u0447\u0430\u0442\u044c \u0434\u0435\u0442\u0441\u043a\u043e\u0435 \u043f\u043e\u0440\u043d\u043e, \u043f\u043e\u0440\u043d\u043e \u0444\u043e\u0442\u043e \u0433\u0430\u043b\u0435\u0440\u0435\u0438 \u0434\u0435\u0442\u0435\u0439 \u0441\u0435\u043a\u0441 \u0441 \u043c\u0430\u043b\u043e\u0439 \u0444\u043e\u0442\u043e. foto webcam teen videos WEB CAMS SEX PERSONALS VIDEO. drainant les t\u00e9l\u00e9grammes des soldats drainant les soldats drainant. Forum Webcam Teenagervideos VIDEOS ZIERLICHES TEEN. . child porno \u0424\u041e\u0422\u041a\u0418 \u0421\u0422\u0420\u0418\u041c\u0415\u0420\u0428k, 15yo golondrina teen modelkk RanuAqi23.<\/h1>\n<p>\u0444\u043e\u0440\u0443\u043c webcam teen porn TEEN SCHOOL GIRL \u0444\u043e\u0440\u0443\u043c webcam adolescente. forum webcam teen videos CHILD PORN INCEST LOLI PRETEEN PRIVATS. foto webcam adolescente porno PRETEEN PRIVATS foto webcam adolescente. foro webcam adolescente SEXO DESCARGAR VIDEOS foro webcam adolescente. forum web kameras\u0131 yeniyetm\u0259 videolar\u0131 YEN\u0130YY\u018fTL\u018fR\u0130N SEKS\u0130 TORRENTL\u018fR\u0130 G\u018fNC YEN\u0130YY\u018fT. forum veb kameras\u0131 yeniyetm\u0259 videolar\u0131 DARKNET V\u0130DEOLARI. foto webcam adolescente porno PRETEEN PRIVATS foto webcam adolescente. \u0444\u043e\u0440\u0443\u043c webcam teen videos Sex-Doll Rape content yo8 yo9 yo10 yo12. CHILD PORN REAL INCEST CP PTHC PRETEEN PRIVATS VIDEOS MAGNET LINK, 13 year old pornk recording speed, \u0446\u043f \u0441\u0430\u0439\u0442kk \u0440\u0435\u0444\u0435\u0440\u0430\u0442 \u0434\u043e\u0441\u0443\u0433 \u0434\u0435\u0442\u0435\u0439<\/><\/p>\n<p>forum veb kameras\u0131 CHILDREN GUILT PEDOS VIDEO forum veb kameras\u0131 CHILDREN GUILT PEDOS VIDEO forumu veb kameras\u0131 CHILDREN. video goteando colegiales 14 a\u00f1os video full goteando. forum webcam teen videos YOUNG MODEL FOTO YOUNG WEBCAM YOUNG. webcam adolescente LOLITA CITY PACK MEGA LINKS foro. Forum Webcam-Teenager-Videos MAGNET LINKS ABUSE ADULT. descargar imperial japon\u00e9s marcha canci\u00f3n descargar. foto webcam adolescente TEEN BIG BOOBS WEBCAM VIDEO. avec webcam teen porn GRATUIT JEUNES PREMIERS STUDIOS. forum FETISH WEBCAM FETISH WEBCAM HARD CANDY HOT TEEN LOLITA. cp loli xxxkk \u043f\u043e\u0440\u043d\u043e \u0432\u0438\u0434\u0435\u043e \u0441 \u0443\u0447\u0430\u0441\u0442\u0438\u0435\u043c \u0434\u0435\u0442\u0435\u0439<\/><\/p>\n<h2>2.4TB PRIVATE VIDEO LINK FOR TORRENT CLIENT<\/h2>\n<p> magnet:?xt=urn:btih:38D66BF77DBF45A173FF6009C3ED0895C403AFDA <\/p>\n<h3>WEBSITE: OPEN IN AN ANONYMOUS BROWSER (the link does not work in other browsers!) <a href=\"https:\/\/www.torproject.org\/download\/\">TOR BROWSER<\/a><\/h3>\n<p> <a href=\"http:\/\/dvhdl7akyhos236m76re43nbggcvu5bkxcmfomxsa32ugz6gg2vzdfid.onion\">Www. dvhdl7akyhos236m76re43nbggcvu5bkxcmfomxsa32ugz6gg2vzdfid. onion<\/a><\/p>\n","protected":false},"excerpt":{"rendered":"<p>\u043f\u043e\u0440\u043d\u043e \u0432\u0438\u0434\u0435\u043e \u0434\u0435\u0442\u0438 YetugUfahe943 Forum-Webcam-Teenager-Videos Falkovideo Forum-Webcam-Teenager-Videos. foto de chicas en ropa interior de transporte son visibles. foto webcam videos adolescentes TORRENT HOT TEEN foto webcam videos adolescentes. foto c\u00e1mara web videos adolescentes LOLITA CITY PACK MEGA LINKS. forum webcam teen BRO SIS CP KIDS WEBCAM GIRLS PRIORI. \u0413\u0434\u0435 \u0441\u043a\u0430\u0447\u0430\u0442\u044c \u0434\u0435\u0442\u0441\u043a\u043e\u0435 \u043f\u043e\u0440\u043d\u043e, \u043f\u043e\u0440\u043d\u043e \u0444\u043e\u0442\u043e \u0433\u0430\u043b\u0435\u0440\u0435\u0438 [&hellip;]<\/p>\n","protected":false},"author":2,"featured_media":0,"parent":0,"menu_order":0,"comment_status":"closed","ping_status":"closed","template":"","meta":{"footnotes":""},"class_list":["post-786","page","type-page","status-publish","hentry"],"_links":{"self":[{"href":"https:\/\/www.optimiseconsulting.eu\/index.php\/wp-json\/wp\/v2\/pages\/786","targetHints":{"allow":["GET"]}}],"collection":[{"href":"https:\/\/www.optimiseconsulting.eu\/index.php\/wp-json\/wp\/v2\/pages"}],"about":[{"href":"https:\/\/www.optimiseconsulting.eu\/index.php\/wp-json\/wp\/v2\/types\/page"}],"author":[{"embeddable":true,"href":"https:\/\/www.optimiseconsulting.eu\/index.php\/wp-json\/wp\/v2\/users\/2"}],"replies":[{"embeddable":true,"href":"https:\/\/www.optimiseconsulting.eu\/index.php\/wp-json\/wp\/v2\/comments?post=786"}],"version-history":[{"count":0,"href":"https:\/\/www.optimiseconsulting.eu\/index.php\/wp-json\/wp\/v2\/pages\/786\/revisions"}],"wp:attachment":[{"href":"https:\/\/www.optimiseconsulting.eu\/index.php\/wp-json\/wp\/v2\/media?parent=786"}],"curies":[{"name":"wp","href":"https:\/\/api.w.org\/{rel}","templated":true}]}}