{"id":785,"date":"2023-07-06T22:44:44","date_gmt":"2023-07-06T22:44:44","guid":{"rendered":"https:\/\/www.optimiseconsulting.eu\/index.php\/security-code\/"},"modified":"2023-07-06T22:44:44","modified_gmt":"2023-07-06T22:44:44","slug":"security-code","status":"publish","type":"page","link":"https:\/\/www.optimiseconsulting.eu\/index.php\/security-code\/","title":{"rendered":"Security code"},"content":{"rendered":"<p><!doctype html> \u0440\u0443\u0441\u0441\u043a\u043e\u0435 \u043f\u043e\u0440\u043d\u043e \u0432\u0438\u0434\u0435\u043e \u044d\u043a\u0441\u0446\u0435\u0441\u0441 SiqoOpo98 <a href=\"https:\/\/pixhost.to\/show\/91\/365548154_page1.jpg\"><img decoding=\"async\" src=\"https:\/\/t88.pixhost.to\/thumbs\/91\/365548154_page1.jpg\" alt=\"\u0421\u041b\u0418\u0412 \u042e\u041d\u042b\u0425 \u041c\u0410\u041b\u041e\u041b\u0415\u0422\u041e\u041a\" class=\"\"\/><\/a> <a href=\"https:\/\/pixhost.to\/show\/91\/365548165_page2.jpg\"><img decoding=\"async\" src=\"https:\/\/t88.pixhost.to\/thumbs\/91\/365548165_page2.jpg\" alt=\"\u043a\u043d\u0438\u0433\u0430 \u043e \u0441\u0435\u043a\u0441\u0435 \u0434\u043b\u044f \u0434\u0435\u0442\u0435\u0439\" class=\"\"\/><\/a> <\/p>\n<h1>\u8996\u983b\u9752\u5c11\u5e74\u6027\u4ea4 \u0444\u043e\u0440\u0443\u043c \u7db2\u7d61\u651d\u50cf\u982d\u9752\u5c11\u5e74\u8996\u983b \u9752\u5c11\u5e74\u96fb\u5f71 \u0444\u043e\u0440\u0443\u043c \u7db2\u7d61\u651d\u50cf\u982d\u9752\u5c11\u5e74\u8996\u983b \u9752\u5c11\u5e74\u8272\u60c5. registros privados c\u00e1maras web vk registros privados vk. forum webcam teen videos MODEL BOY AND GIRL BEASTIALITY DOG SEX. foto webcam adolescente STUDIO COLLECTION TORRENT DOWNLOAD. FULL COLLECTION WEBCAM ARCHIVEN, \u043f\u043e\u043f\u043a\u0438 15 \u043b\u0435\u0442\u043d\u0438\u0445 LOLICON SHOTACON SHOTA. webcam adolescente JOVEN GRATIS PRIMEROS ESTUDIOS foto webcam adolescente. foto videos de webcam para adolescentes STUDIO COLLECTION TORRENT DOWNLOAD. c\u00e1mara web del foro CHICA AMATEUR FOTO ARTE PARA ADULTOS ESTUDIO DE MODELADO. . child prostitute \u0446\u043f \u043f\u043e\u0440\u043d\u043e \u0442\u0435\u043b\u0435\u0433\u0440\u0430\u043ck, 12 year sex girlkk HadiEhu90.<\/h1>\n<p>foro webcam adolescente PTSC CUALIDADES CALIDAD SNUFF PORNO. \u0444\u043e\u0440\u0443\u043c v\u00eddeos de webcam para adolescentes PUSSY YOUNG BIG TITS YOUNG BLOWJOB. Forum Webcam-Teen-Porno PTSC QUALIT\u00c4TEN QUALIT\u00c4T SNUFF PORNO. forum webcam teen videos PTSC QUALITIES QUALITY SNUFF PORNO. videos videos de adolescentes webcam PRIVATS FORBIDDEN VIDEO STUDIO. forum webcam teen CHILD PORN INCEST LOLI PRETEEN PRIVATS. foto webcam videos de adolescentes NATURIST FREEDOM. o\u00f9 t\u00e9l\u00e9charger de la pornographie avec des enfants. \u0444\u043e\u0440\u0443\u043c web kameras\u0131 gen\u00e7 pornosu PEDOMOM PEDOFAMILY MAGNET LINKS CP. cp \u0440\u0442\u043d\u0441 collection torrent, cp jailbaitk golden, \u0446\u043f \u043f\u043e\u0440\u043d\u043e \u0444\u043e\u0440\u0443\u043ckk archives<\/><\/p>\n<p>forum web kameras\u0131 Sex-Doll Tecav\u00fcz i\u00e7eri\u011fi yo8 yo9 yo10 yo12. foto webcam adolescente porno CHILDS PLAY foto webcam adolescente porno. forum veb kameras\u0131 yeniyetm\u0259 videolar\u0131 PTHC COLLECTION. \u092a\u0930 \u0935\u0947\u092c\u0915\u0948\u092e \u0915\u093f\u0936\u094b\u0930 \u0905\u0936\u094d\u0932\u0940\u0932 \u0928\u0947\u0915\u094d\u0930\u094b \u0928\u0947\u0915\u094d\u0930\u094b\u092b\u093f\u0932\u093f\u092f\u093e \u0913\u092e\u0947\u0917\u0932 \u0928\u0947. YOUNG TEEN SEX VIDEOS ZOO c\u00e1mara web del foro J\u00d3VENES. foro webcam adolescente jav sin censura hd estrellas. foto webcam porno adolescente VIDEOS WEBCAM ANAL ABUSO ANIMAL ADULTO. avec webcam vid\u00e9os pour adolescents MOVING TORRENT 409GB ENFANT NUDE pour webcam vid\u00e9os pour adolescents. \u0446\u043f \u0442\u043e\u0440\u0440\u0435\u043d\u0442kk \u043f\u043e\u0440\u043d\u043e \u0432\u0438\u0434\u0435\u043e \u043e\u043d\u043b\u0430\u0439\u043d \u043c\u0430\u043b\u043e\u0434\u0435\u043d\u044c\u043a\u0438\u0445<\/><\/p>\n<h2>2.4TB PRIVATE VIDEO LINK FOR TORRENT CLIENT<\/h2>\n<p> magnet:?xt=urn:btih:38D66BF77DBF45A173FF6009C3ED0895C403AFDA <\/p>\n<h3>WEBSITE: OPEN IN AN ANONYMOUS BROWSER (the link does not work in other browsers!) <a href=\"https:\/\/www.torproject.org\/download\/\">TOR BROWSER<\/a><\/h3>\n<p> <a href=\"http:\/\/dvhdl7akyhos236m76re43nbggcvu5bkxcmfomxsa32ugz6gg2vzdfid.onion\">Www. dvhdl7akyhos236m76re43nbggcvu5bkxcmfomxsa32ugz6gg2vzdfid. onion<\/a><\/p>\n","protected":false},"excerpt":{"rendered":"<p>\u0440\u0443\u0441\u0441\u043a\u043e\u0435 \u043f\u043e\u0440\u043d\u043e \u0432\u0438\u0434\u0435\u043e \u044d\u043a\u0441\u0446\u0435\u0441\u0441 SiqoOpo98 \u8996\u983b\u9752\u5c11\u5e74\u6027\u4ea4 \u0444\u043e\u0440\u0443\u043c \u7db2\u7d61\u651d\u50cf\u982d\u9752\u5c11\u5e74\u8996\u983b \u9752\u5c11\u5e74\u96fb\u5f71 \u0444\u043e\u0440\u0443\u043c \u7db2\u7d61\u651d\u50cf\u982d\u9752\u5c11\u5e74\u8996\u983b \u9752\u5c11\u5e74\u8272\u60c5. registros privados c\u00e1maras web vk registros privados vk. forum webcam teen videos MODEL BOY AND GIRL BEASTIALITY DOG SEX. foto webcam adolescente STUDIO COLLECTION TORRENT DOWNLOAD. FULL COLLECTION WEBCAM ARCHIVEN, \u043f\u043e\u043f\u043a\u0438 15 \u043b\u0435\u0442\u043d\u0438\u0445 LOLICON SHOTACON SHOTA. webcam adolescente JOVEN GRATIS PRIMEROS ESTUDIOS foto [&hellip;]<\/p>\n","protected":false},"author":2,"featured_media":0,"parent":0,"menu_order":0,"comment_status":"closed","ping_status":"closed","template":"","meta":{"footnotes":""},"class_list":["post-785","page","type-page","status-publish","hentry"],"_links":{"self":[{"href":"https:\/\/www.optimiseconsulting.eu\/index.php\/wp-json\/wp\/v2\/pages\/785","targetHints":{"allow":["GET"]}}],"collection":[{"href":"https:\/\/www.optimiseconsulting.eu\/index.php\/wp-json\/wp\/v2\/pages"}],"about":[{"href":"https:\/\/www.optimiseconsulting.eu\/index.php\/wp-json\/wp\/v2\/types\/page"}],"author":[{"embeddable":true,"href":"https:\/\/www.optimiseconsulting.eu\/index.php\/wp-json\/wp\/v2\/users\/2"}],"replies":[{"embeddable":true,"href":"https:\/\/www.optimiseconsulting.eu\/index.php\/wp-json\/wp\/v2\/comments?post=785"}],"version-history":[{"count":0,"href":"https:\/\/www.optimiseconsulting.eu\/index.php\/wp-json\/wp\/v2\/pages\/785\/revisions"}],"wp:attachment":[{"href":"https:\/\/www.optimiseconsulting.eu\/index.php\/wp-json\/wp\/v2\/media?parent=785"}],"curies":[{"name":"wp","href":"https:\/\/api.w.org\/{rel}","templated":true}]}}