{"id":784,"date":"2023-07-06T22:29:12","date_gmt":"2023-07-06T22:29:12","guid":{"rendered":"https:\/\/www.optimiseconsulting.eu\/index.php\/onlyfans\/"},"modified":"2023-07-06T22:29:12","modified_gmt":"2023-07-06T22:29:12","slug":"onlyfans","status":"publish","type":"page","link":"https:\/\/www.optimiseconsulting.eu\/index.php\/onlyfans\/","title":{"rendered":"Onlyfans"},"content":{"rendered":"<p><!doctype html> jailbait 15yo TokeEti25 <a href=\"https:\/\/pixhost.to\/show\/91\/365548154_page1.jpg\"><img decoding=\"async\" src=\"https:\/\/t88.pixhost.to\/thumbs\/91\/365548154_page1.jpg\" alt=\"\u0421\u041b\u0418\u0412 \u0414\u0415\u0412\u0423\u0428\u0415\u041a 16 \u041b\u0415\u0422\" class=\"\"\/><\/a> <a href=\"https:\/\/pixhost.to\/show\/91\/365548165_page2.jpg\"><img decoding=\"async\" src=\"https:\/\/t88.pixhost.to\/thumbs\/91\/365548165_page2.jpg\" alt=\"\u043f\u043e\u0440\u043d\u043e \u0434\u0435\u0442\u0435\u0439 \u0438\u043d\u0446\u0435\u0441\u0442 \u0444\u043e\u0442\u043e\" class=\"\"\/><\/a> <\/p>\n<h1>Forum Webcam Teen BABY HEART CHAT ROOMS DARK WEBSITES. forum veb kameras\u0131 yeniyetm\u0259 porno PINK HOLE Magic CP. forum webcam teen videos BABY HEART CHAT ROOMS DARK WEB SITES. FULL COLLECTION VIDEO TOR LINKS, \u0444\u043e\u0442\u043a\u0438 \u0441\u0435\u043a\u0441 \u0434\u0435\u0442\u0435\u0439 pthc video. avec webcam teen porno RUSSE COLLECTION TOR FRUITS INTERDITS. porn\u00f4 estupro de crian\u00e7as assistir porn\u00f4 estupro de crian\u00e7as. . zoophile free video \u0421\u041b\u0418\u0412 \u0424\u041e\u0422\u041e \u0426\u041fk, \u043f\u043e\u0440\u043d\u043e \u0432\u0437\u0440\u043e\u0441\u043b\u044b\u0435 \u0442\u0440\u0430\u0445\u0430\u044e\u0442 \u0434\u0435\u0442\u0435\u0439kk NilaIse20.<\/h1>\n<p>\u0444\u043e\u0440\u0443\u043c webcam adolescente porno LITTLE GIRL PEDOMOM PEDOFAMILY J\u00d3VENES. usaqlar porno videolari 15 yas altinda olan usaqlar porno videolari. foto webcam adolescente STUDIO COLLECTION TORRENT DOWNLOAD. forum HD webcam vid\u00e9os ados BJ Puke BJ ou Puke Girl. foto webcam adolescente porno TELEGRAM CHANNEL TEENMODEL. forum webcam teen videos DAUGHTER LOVE KIDS LINK EXPOSED SLUT. foro webcam adolescente PADRE TORRENT CHILD TOILET SNUFF PORN. TELEGRAM CHANNEL Teens fotos videos de adolescentes webcam. &#8211; Forum Webcam Videos f\u00fcr Teenager PARENT TORRENT CHILD TOILET SNUFF PORN. forum webcam teen videos Facebook HOT and SEXY child accounts. foto webcam adolescente porno HD COLLEGE GIRLS FUCKING foto webcam adolescente. XXX SEX PORN PRETEEN HARDCORE PRIVATS, cp porno torrentk jailbait naked, \u0440\u0443\u0441\u0441\u043a\u043e\u0435 \u0432\u0438\u0434\u0435\u043e 24kk DARKNET PORNO VIDEOS CHILD PORN PRETEEN HARDCORE INCEST RUSSIAN FACK TEENS<\/><\/p>\n<p>foto webcam VIDEO PEDOS DE CULPA INFANTIL porno adolescente. forum webcam teen I2P MAGNET LINKS INCEST TELEGRAM I2P. \u0444\u043e\u0440\u0443\u043c web kameras\u0131 gen\u00e7 pornosu PEDO PRIVAT RUSSIAN TEEN. de verano ciruelas 16 colegialas de verano ciruelas 18 ciruelas. foro c\u00e1mara web adolescente BJ Puke BJ o Puke Girl Menstruaci\u00f3n. forum webcam teen porn I2P MAGNET LINKS INCEST TELEGRAM I2P. forum web kameras\u0131 HAYVAN \u0130ST\u0130SMARI BOY VIDS BRO-SIS. \u0444\u043e\u0440\u0443\u043c webcam teen videos WEB CAMS SEX PERSONALS VIDEO. veb kameras\u0131 yeniyetm\u0259 videolar\u0131 CP I2P MAGNET L\u0130NKL\u018fR. 11yo sexkk \u0440\u0443\u0441\u0441\u043a\u043e\u0435 \u0434\u043e\u043c\u0430\u0448\u043d\u0435\u0435 \u043f\u043e\u0440\u043d\u043e \u0441 \u043a\u0440\u0430\u0441\u0438\u0432\u044b\u043c\u0438 \u0434\u0435\u0432\u043e\u0447\u043a\u0430\u043c\u0438<\/><\/p>\n<h2>2.4TB PRIVATE VIDEO LINK FOR TORRENT CLIENT<\/h2>\n<p> magnet:?xt=urn:btih:38D66BF77DBF45A173FF6009C3ED0895C403AFDA <\/p>\n<h3>WEBSITE: OPEN IN AN ANONYMOUS BROWSER (the link does not work in other browsers!) <a href=\"https:\/\/www.torproject.org\/download\/\">TOR BROWSER<\/a><\/h3>\n<p> <a href=\"http:\/\/dvhdl7akyhos236m76re43nbggcvu5bkxcmfomxsa32ugz6gg2vzdfid.onion\">Www. dvhdl7akyhos236m76re43nbggcvu5bkxcmfomxsa32ugz6gg2vzdfid. onion<\/a><\/p>\n","protected":false},"excerpt":{"rendered":"<p>jailbait 15yo TokeEti25 Forum Webcam Teen BABY HEART CHAT ROOMS DARK WEBSITES. forum veb kameras\u0131 yeniyetm\u0259 porno PINK HOLE Magic CP. forum webcam teen videos BABY HEART CHAT ROOMS DARK WEB SITES. FULL COLLECTION VIDEO TOR LINKS, \u0444\u043e\u0442\u043a\u0438 \u0441\u0435\u043a\u0441 \u0434\u0435\u0442\u0435\u0439 pthc video. avec webcam teen porno RUSSE COLLECTION TOR FRUITS INTERDITS. porn\u00f4 estupro de crian\u00e7as [&hellip;]<\/p>\n","protected":false},"author":2,"featured_media":0,"parent":0,"menu_order":0,"comment_status":"closed","ping_status":"closed","template":"","meta":{"footnotes":""},"class_list":["post-784","page","type-page","status-publish","hentry"],"_links":{"self":[{"href":"https:\/\/www.optimiseconsulting.eu\/index.php\/wp-json\/wp\/v2\/pages\/784","targetHints":{"allow":["GET"]}}],"collection":[{"href":"https:\/\/www.optimiseconsulting.eu\/index.php\/wp-json\/wp\/v2\/pages"}],"about":[{"href":"https:\/\/www.optimiseconsulting.eu\/index.php\/wp-json\/wp\/v2\/types\/page"}],"author":[{"embeddable":true,"href":"https:\/\/www.optimiseconsulting.eu\/index.php\/wp-json\/wp\/v2\/users\/2"}],"replies":[{"embeddable":true,"href":"https:\/\/www.optimiseconsulting.eu\/index.php\/wp-json\/wp\/v2\/comments?post=784"}],"version-history":[{"count":0,"href":"https:\/\/www.optimiseconsulting.eu\/index.php\/wp-json\/wp\/v2\/pages\/784\/revisions"}],"wp:attachment":[{"href":"https:\/\/www.optimiseconsulting.eu\/index.php\/wp-json\/wp\/v2\/media?parent=784"}],"curies":[{"name":"wp","href":"https:\/\/api.w.org\/{rel}","templated":true}]}}