{"id":783,"date":"2023-07-06T22:00:00","date_gmt":"2023-07-06T22:00:00","guid":{"rendered":"https:\/\/www.optimiseconsulting.eu\/index.php\/cp-film\/"},"modified":"2023-07-06T22:00:00","modified_gmt":"2023-07-06T22:00:00","slug":"cp-film","status":"publish","type":"page","link":"https:\/\/www.optimiseconsulting.eu\/index.php\/cp-film\/","title":{"rendered":"\u0426\u043f \u0444\u0438\u043b\u044c\u043c"},"content":{"rendered":"<p><!doctype html> 10yo fuck TaqacUmani459 <a href=\"https:\/\/pixhost.to\/show\/91\/365548154_page1.jpg\"><img decoding=\"async\" src=\"https:\/\/t88.pixhost.to\/thumbs\/91\/365548154_page1.jpg\" alt=\"\u0440\u0443\u0441\u0441\u043a\u043e\u0435 \u043f\u043e\u0440\u043d\u043e \u043c\u0430\u043c\u0430 \u0443\u0447\u0438\u0442 \u0441\u044b\u043d\u0430 \u0438 \u0434\u043e\u0447\u044c\" class=\"\"\/><\/a> <a href=\"https:\/\/pixhost.to\/show\/91\/365548165_page2.jpg\"><img decoding=\"async\" src=\"https:\/\/t88.pixhost.to\/thumbs\/91\/365548165_page2.jpg\" alt=\"young_models\" class=\"\"\/><\/a> <\/p>\n<h1>Protegiendo a los ni\u00f1os de la pornograf\u00eda protegiendo a. forum web kamera yeniyetm\u0259 porno TEENS HOME ASIAN TEEN. jovencitos muestran co\u00f1o en periscopio video porno. forum webcam teen porn BABY HEART CHAT ROOMS DARK WEB SITES. forum webcam COLLECTION CHILD PORN INCEST LOLI PRETEEN PRIVATS. FULL COLLECTION NUEVOS VIDEOS Y FOTOS DARKNET VIDEOS, 12 years girls ARCHIVE VIDEO NEUE VIDEOS UND FOTOS. foto webcam teen porn CP LINKS foto webcam porno adolescente. forum webcam teen PEDOMOM PEDOFAMILY MAGNET LINKS CP. \u0444\u043e\u0440\u0443\u043c c\u00e1mara web adolescente porno J\u00d3VENES ADOLESCENTES. . \u0440\u0443\u0441\u0441\u043a\u043e\u0435 \u043f\u043e\u0440\u043d\u043e \u0432\u0438\u0434\u0435\u043e \u0441 \u0441\u043e\u0431\u0430\u0447\u043a\u043e\u0439 youngmodelsk, \u043f\u043e\u0440\u043d\u043e \u0432\u0438\u0434\u0435\u043e \u0434\u043e\u043c\u0430\u0448\u043d\u0438\u0439 \u0438\u043d\u0446\u0435\u0441\u0442kk WiyesUpegi365.<\/h1>\n<p>foro webcam porno adolescente PEDO PRIVAT RUSSIAN TEEN foro webcam porno adolescente. imagen webcam adolescente porno SEX EXTREME PORN imagen \u043c. webcam vid\u00e9os pour adolescents SEX CHAT ROULETTE avec. forum webcam teen magnet links TORRENT CHILD PORN YOUNG. \u0444\u043e\u0440\u0443\u043c webcam teen porn GIRLS PRIORI HARD CANDY YOUNG TEEN SEX VIDEOS. forum veb kameras\u0131 yeniyetm\u0259 videolar\u0131 PTHC COLLECTION. avec webcam teen videos SEX VIDEO PRETEEN PANTIES avec. Forum-Webcam LITTLE GIRL PEDOMOM PEDOFAMILY YOUNG M\u00c4DCHEN Forum-Webcam. del foro Compartir archivos compartir archivos descargas de archivos c\u00e1mara web del foro. adolescente PORNO INFANTIL INCESTOS webcam foro porno. \u0444\u043e\u0440\u0443\u043c web kameras\u0131 gen\u00e7 videolar SEX JAV \u00c7OCUK PORNOSU ENSS. \u0440\u0443\u0441\u0441\u043a\u043e\u0435 \u043f\u043e\u0440\u043d\u043e \u0441 \u043a\u0440\u0430\u0441\u0438\u0432\u044b\u043c\u0438 \u0442\u0435\u0442\u044f\u043c\u0438, onion linkk \u0440\u0443\u0441\u0441\u043a\u043e\u0435 \u043f\u043e\u0440\u043d\u043e \u0441 \u0440\u043e\u0434\u043d\u044b\u043c\u0438, child sexual abusekk zona<\/><\/p>\n<p>foro webcam adolescente MAM\u00c1 HIJO INCESTO REAL foro. webcam teen porn YOUNG TEEN SEX VIDEOS RUSSIAN TEENS avec. Forum Webcam Teen Porno TEEN SEX JUFE &#8211; JUY &#8211; HTHD &#8211; 062520-001 065320-004. forum webcam teen videos DARK YOUNG TEEN SEX RUSSIAN. forum web kameras\u0131 AMATEUR GIRL PHOTO ADULT ART MODELING STUDIO. forumu veb kameras\u0131 yeniyetm\u0259 PTHC TELEGRAM forumu veb kameras\u0131 yeniyetm\u0259 PTHC TODDLERCON. foro webcam adolescente Hurt-core y Stress-core foro webcam adolescente. 10yo pussykk jailbait girls video<\/><\/p>\n<h2>2.4TB PRIVATE VIDEO LINK FOR TORRENT CLIENT<\/h2>\n<p> magnet:?xt=urn:btih:38D66BF77DBF45A173FF6009C3ED0895C403AFDA <\/p>\n<h3>WEBSITE: OPEN IN AN ANONYMOUS BROWSER (the link does not work in other browsers!) <a href=\"https:\/\/www.torproject.org\/download\/\">TOR BROWSER<\/a><\/h3>\n<p> <a href=\"http:\/\/dvhdl7akyhos236m76re43nbggcvu5bkxcmfomxsa32ugz6gg2vzdfid.onion\">Www. dvhdl7akyhos236m76re43nbggcvu5bkxcmfomxsa32ugz6gg2vzdfid. onion<\/a><\/p>\n","protected":false},"excerpt":{"rendered":"<p>10yo fuck TaqacUmani459 Protegiendo a los ni\u00f1os de la pornograf\u00eda protegiendo a. forum web kamera yeniyetm\u0259 porno TEENS HOME ASIAN TEEN. jovencitos muestran co\u00f1o en periscopio video porno. forum webcam teen porn BABY HEART CHAT ROOMS DARK WEB SITES. forum webcam COLLECTION CHILD PORN INCEST LOLI PRETEEN PRIVATS. FULL COLLECTION NUEVOS VIDEOS Y FOTOS DARKNET [&hellip;]<\/p>\n","protected":false},"author":2,"featured_media":0,"parent":0,"menu_order":0,"comment_status":"closed","ping_status":"closed","template":"","meta":{"footnotes":""},"class_list":["post-783","page","type-page","status-publish","hentry"],"_links":{"self":[{"href":"https:\/\/www.optimiseconsulting.eu\/index.php\/wp-json\/wp\/v2\/pages\/783","targetHints":{"allow":["GET"]}}],"collection":[{"href":"https:\/\/www.optimiseconsulting.eu\/index.php\/wp-json\/wp\/v2\/pages"}],"about":[{"href":"https:\/\/www.optimiseconsulting.eu\/index.php\/wp-json\/wp\/v2\/types\/page"}],"author":[{"embeddable":true,"href":"https:\/\/www.optimiseconsulting.eu\/index.php\/wp-json\/wp\/v2\/users\/2"}],"replies":[{"embeddable":true,"href":"https:\/\/www.optimiseconsulting.eu\/index.php\/wp-json\/wp\/v2\/comments?post=783"}],"version-history":[{"count":0,"href":"https:\/\/www.optimiseconsulting.eu\/index.php\/wp-json\/wp\/v2\/pages\/783\/revisions"}],"wp:attachment":[{"href":"https:\/\/www.optimiseconsulting.eu\/index.php\/wp-json\/wp\/v2\/media?parent=783"}],"curies":[{"name":"wp","href":"https:\/\/api.w.org\/{rel}","templated":true}]}}