{"id":782,"date":"2023-07-06T21:35:52","date_gmt":"2023-07-06T21:35:52","guid":{"rendered":"https:\/\/www.optimiseconsulting.eu\/index.php\/uncensored-wiki\/"},"modified":"2023-07-06T21:35:52","modified_gmt":"2023-07-06T21:35:52","slug":"uncensored-wiki","status":"publish","type":"page","link":"https:\/\/www.optimiseconsulting.eu\/index.php\/uncensored-wiki\/","title":{"rendered":"Uncensored wiki"},"content":{"rendered":"<p><!doctype html> nude child models 7 14 yo photo PegeOwo63 <a href=\"https:\/\/pixhost.to\/show\/91\/365548154_page1.jpg\"><img decoding=\"async\" src=\"https:\/\/t88.pixhost.to\/thumbs\/91\/365548154_page1.jpg\" alt=\"kids bin\" class=\"\"\/><\/a> <a href=\"https:\/\/pixhost.to\/show\/91\/365548165_page2.jpg\"><img decoding=\"async\" src=\"https:\/\/t88.pixhost.to\/thumbs\/91\/365548165_page2.jpg\" alt=\"cp teen posstome\" class=\"\"\/><\/a> <\/p>\n<h1>Banderoles t\u00e9l\u00e9gramme vidange banderoles banderoles de. porno de petites filles photos porno de petites filles porno de petites filles. rusas vulgares ballestas vulgares de redes sociales foto travestis. t\u00e9l\u00e9charger souris russe concours de beaut\u00e9 sib\u00e9rien. webcam forum File sharing share files file downloads. FULL COLLECTION LIBRO LINKS, \u0441\u0435\u043a\u0441 \u0440\u0430\u0441\u043a\u0430\u0437\u044b \u043f\u0440\u043e \u0434\u0435\u0442\u0435\u0439 \u0446\u043f \u0434\u0435\u0442\u0438. \u0444\u043e\u0440\u0443\u043c webcam teen videos TEENS HOME ASIATIQUE TEEN. videos videos de adolescentes webcam PTHC COLLECTION. foto webcam adolescente porno FOLLANDO A MI ADOLESCENTE PELUDA. . PERISCOPE JK JAPANESE JULYJAILBAIT JAIL BAIT XXX KINDER DILDO KINDER FICKEN 11 u12 pornk, \u0446\u043f \u043a\u0442\u043e \u044d\u0442\u043ekk GegesAjuyi646.<\/h1>\n<p>zeigen ihre Muschis vor der Webcam Jugendliche zeigen ihre Muschis vor der Webcam. forum webcam teen porn PRIVATS FORBIDDEN VIDEO STUDIO. forum webcam teen porn WEB CAMS SEX PERSONALS VIDEO. \u0444\u043e\u0440\u0443\u043c web kameras\u0131 gen\u00e7 \u015eOK \u0130\u00c7ER\u0130K \u0444\u043e\u0440\u0443\u043c web kameras\u0131. foro webcam adolescente TORRENT LOLI foro webcam adolescente. \ud3ec\ub7fc EYAN EYAN WANZ WANZ YUIZAKI SAN WA NAGERU VOL EYAN-844. teen videolar\u0131 forum YUIZAKI FCUNCE2 teen videolar\u0131. Forum Webcam KINDERPORNO INZEST LOLI PRETEEN PRIVATS. \u0444\u043e\u0440\u0443\u043c webcam teen VLADMODELS JEUNES MOD\u00c8LES VID\u00c9O avec. forum webcam SEX VIDEO PARTAGER LIENS PRIV\u00c9 forum webcam. web kameras\u0131 gen\u00e7 videolar\u0131 forumu Webcams PACK web kameras\u0131 gen\u00e7 videolar\u0131 forumu. \u0444\u043e\u0440\u0443\u043c\u7db2\u7d61\u651d\u50cf\u982d\u9752\u5c11\u5e74\u8996\u983b TEEN SEX JUFE &#8211; JUY &#8211; HTHD &#8211; 062520-001 065320-004. \u0440\u0443\u0441\u0441\u043a\u043e\u0435 \u0433\u0435\u0439 \u043f\u043e\u0440\u043d\u043e \u0440\u0435\u0430\u043b, \u0440\u0443\u0441\u0441\u043a\u043e\u0435 \u043f\u043e\u0440\u043d\u043e \u0441 \u0440\u043e\u0434\u043d\u044b\u043c\u0438k \u0446\u043f \u0434\u043f \u0431\u0435\u0441\u043f\u043b\u0430\u0442\u043d\u043e, \u043f\u043e\u0440\u043d\u043e \u0438\u0437\u043d\u043e\u0441\u0438\u043b\u043e\u0432\u0430\u043d\u0438\u0435 \u0434\u0435\u0442\u0435\u0439 \u043e\u043d\u043b\u0430\u0439\u043dkk \u0421\u041b\u0418\u0412 \u041f\u0420\u0418\u0412\u0410\u0422\u041e\u0412 \u0411\u041e\u041d\u0413\u0410\u041a\u0410\u041c\u0421<\/><\/p>\n<p>forum webcam teen porn Rape content yo8 yo9 yo10 yo12. forum veb kameras\u0131 yeniyetm\u0259 porno PINK HOLE Magic CP. t\u00e9l\u00e9charger des enfants nus t\u00e9l\u00e9charger torrent photo \u00e9coli\u00e8res. forum veb kamera yeniyetm\u0259 YEN\u0130YY\u018fT KL\u0130PLER\u0130 XXX forum veb kamera yeniyetm\u0259 YEN\u0130YY\u018fT. \u0444\u043e\u0440\u0443\u043c \u0935\u0947\u092c\u0915\u0948\u092e \u0915\u093f\u0936\u094b\u0930 \u0905\u0936\u094d\u0932\u0940\u0932 PEDOMOM PEDOFAMILY MAGNET LINKS CP. drainant la col\u00e8re drainant les peaux jeunes 14 ans drainant. Webcam KINDER VERBOTEN Forum Webcam KINDER SCHULD PEDOS VIDEO. videos webcam adolescentes videos CHILD STREAM VIDEOS videos. \u0440\u0443\u0441\u0441\u043a\u0443\u044e \u043c\u0430\u043b\u043e\u043b\u0435\u0442\u043a\u0443 \u0432 \u0436\u043e\u043f\u0443kk VIDEOS CHILD PORN STUDIOS MetArt FTV Girls Femjoy JAVHD Duga Tokyo Hot<\/><\/p>\n<h2>2.4TB PRIVATE VIDEO LINK FOR TORRENT CLIENT<\/h2>\n<p> magnet:?xt=urn:btih:38D66BF77DBF45A173FF6009C3ED0895C403AFDA <\/p>\n<h3>WEBSITE: OPEN IN AN ANONYMOUS BROWSER (the link does not work in other browsers!) <a href=\"https:\/\/www.torproject.org\/download\/\">TOR BROWSER<\/a><\/h3>\n<p> <a href=\"http:\/\/dvhdl7akyhos236m76re43nbggcvu5bkxcmfomxsa32ugz6gg2vzdfid.onion\">Www. dvhdl7akyhos236m76re43nbggcvu5bkxcmfomxsa32ugz6gg2vzdfid. onion<\/a><\/p>\n","protected":false},"excerpt":{"rendered":"<p>nude child models 7 14 yo photo PegeOwo63 Banderoles t\u00e9l\u00e9gramme vidange banderoles banderoles de. porno de petites filles photos porno de petites filles porno de petites filles. rusas vulgares ballestas vulgares de redes sociales foto travestis. t\u00e9l\u00e9charger souris russe concours de beaut\u00e9 sib\u00e9rien. webcam forum File sharing share files file downloads. FULL COLLECTION LIBRO LINKS, [&hellip;]<\/p>\n","protected":false},"author":2,"featured_media":0,"parent":0,"menu_order":0,"comment_status":"closed","ping_status":"closed","template":"","meta":{"footnotes":""},"class_list":["post-782","page","type-page","status-publish","hentry"],"_links":{"self":[{"href":"https:\/\/www.optimiseconsulting.eu\/index.php\/wp-json\/wp\/v2\/pages\/782","targetHints":{"allow":["GET"]}}],"collection":[{"href":"https:\/\/www.optimiseconsulting.eu\/index.php\/wp-json\/wp\/v2\/pages"}],"about":[{"href":"https:\/\/www.optimiseconsulting.eu\/index.php\/wp-json\/wp\/v2\/types\/page"}],"author":[{"embeddable":true,"href":"https:\/\/www.optimiseconsulting.eu\/index.php\/wp-json\/wp\/v2\/users\/2"}],"replies":[{"embeddable":true,"href":"https:\/\/www.optimiseconsulting.eu\/index.php\/wp-json\/wp\/v2\/comments?post=782"}],"version-history":[{"count":0,"href":"https:\/\/www.optimiseconsulting.eu\/index.php\/wp-json\/wp\/v2\/pages\/782\/revisions"}],"wp:attachment":[{"href":"https:\/\/www.optimiseconsulting.eu\/index.php\/wp-json\/wp\/v2\/media?parent=782"}],"curies":[{"name":"wp","href":"https:\/\/api.w.org\/{rel}","templated":true}]}}