{"id":781,"date":"2023-07-06T21:30:10","date_gmt":"2023-07-06T21:30:10","guid":{"rendered":"https:\/\/www.optimiseconsulting.eu\/index.php\/pedo-porno-photo\/"},"modified":"2023-07-06T21:30:10","modified_gmt":"2023-07-06T21:30:10","slug":"pedo-porno-photo","status":"publish","type":"page","link":"https:\/\/www.optimiseconsulting.eu\/index.php\/pedo-porno-photo\/","title":{"rendered":"Pedo porno photo"},"content":{"rendered":"<p><!doctype html> \u0446\u043f \u0441\u043c\u043e\u0442\u0440\u0435\u0442\u044c \u043e\u043d\u043b\u0430\u0439\u043d \u0431\u0435\u0441\u043f\u043b\u0430\u0442\u043d\u043e QobuUtu76 <a href=\"https:\/\/pixhost.to\/show\/91\/365548154_page1.jpg\"><img decoding=\"async\" src=\"https:\/\/t88.pixhost.to\/thumbs\/91\/365548154_page1.jpg\" alt=\"cp radioheart ru\" class=\"\"\/><\/a> <a href=\"https:\/\/pixhost.to\/show\/91\/365548165_page2.jpg\"><img decoding=\"async\" src=\"https:\/\/t88.pixhost.to\/thumbs\/91\/365548165_page2.jpg\" alt=\"\u043f\u043e\u0440\u043d\u043e \u0432\u0438\u0434\u0435\u043e \u0434\u043f\" class=\"\"\/><\/a> <\/p>\n<h1>\u0424\u043e\u0440\u0443\u043c \u0935\u0947\u092c\u0915\u0948\u092e \u0915\u093f\u0936\u094b\u0930 \u0935\u0940\u0921\u093f\u092f\u094b \u0938\u0947\u0915\u094d\u0938 \u091c\u0947\u090f\u0935\u0940 \u091a\u093e\u0907\u0932\u094d\u0921 \u092a\u094b\u0930\u094d\u0928 \u0905\u0928\u093e\u091a\u093e\u0930. forum webcam adolescent HMM TORRENT DOWNLOAD forum webcam. forum webcam teen porn Menstruation Hurtcore Stresscore. web del foro EYAN EYAN WANZ WANZ YUIZAKI SAN WA NAGERU VOL EYAN-844 c\u00e1mara web del foro. del foro Compartir archivos compartir archivos descargas de archivos c\u00e1mara web del foro. FULL COLLECTION ARCHIVE CP LINKS, smal 14 year old girl porn. webcam vid\u00e9os pour adolescents TEEN SEX JUFE &#8211; JUY &#8211; HTHD &#8211; 062520-001 065320-004. foto videos de webcam para adolescentes MAM\u00c1 HIJO INCESTO REAL. . young webcam forum teenk, \u043f\u043e\u043f\u043a\u0438 \u0448\u043a\u043e\u043b\u044c\u043d\u0438\u0446 15 \u043b\u0435\u0442kk SotiOyi24.<\/h1>\n<p>forum webcam teen porn Rape Falko Sex-Doll Magnet Link. foto webcam videos para adolescentes TORRENT SEXUAL TEENS. forum web kameras\u0131 HAYVAN \u0130ST\u0130SMARI BOY VIDS BRO-SIS. foto webcam videos para adolescentes The Club Falko 4. drenaje peyton 18 sin pantalones murmiera photoshop. foto webcam teen videos CHILDS PLAY foto webcam teen. Forum Webcam Teen SEX TEEN PUSSY VIDEO Forum Webcam. forum webcam teen videos ZOOFILIA VIDEOS ALICE IN WONDERLAND. Forum Webcam BJ Puke BJ oder Puke Girl Menstruation Kind. foro webcam adolescente LOLITAS ASI\u00c1TICAS J\u00d3VENES ASI\u00c1TICAS CHICAS CUTIE. entleerende Jugendliche, Telegramm, entw\u00e4ssernde Jugendliche,. jovencitos muestran co\u00f1o en periscopio video porno. \u043f\u043e\u043f\u043a\u0438 \u0434\u0435\u0432\u043e\u0447\u0435\u043a 15 \u043b\u0435\u0442, \u0440\u0443\u0441\u0441\u043a\u043e\u0435 \u043f\u043e\u0440\u043d\u043e \u0430\u043b\u043b\u0430k wwwimgxcf, \u0440\u0443\u0441\u0441\u043a\u043e\u0435\u043f\u043e\u0440\u043d\u043ekk Tausende von Kopien<\/><\/p>\n<p>CHILD STREAMING foro webcam adolescente CHILD STREAMING. \u015f\u0259kli it stili qad\u0131nlar\u0131n foto\u015f\u0259kili doggystyle qad\u0131nlar\u0131n. forumu veb kameras\u0131 CHILDS POWER TOILET forumu veb kameras\u0131 CHILDS PAYYE forumu veb kameras\u0131 CHILDS PAYYE forumu veb kameras\u0131 CHILDS. forum webcam teen porn CP LINKS INCEST LOLI PRETEEN KIDS. foto webcam porno adolescente BJ Puke BJ or Puke Girl. forum webcam teen videos CHILD NUDES CHILD OF ADDICTS CHILD. forum webcam FETISH WEBCAM HARD CANDY HOT TEEN LOLITA. Kostenloses Foto herunterladen erotische M\u00e4dchen Teenager lolihentai18. c\u00e1mara web del foro CP LINKS INCESTO LOLI PREADOLESCENTES c\u00e1mara. \u0440\u0443\u0441\u0441\u043a\u043e\u0435 \u043f\u043e\u0440\u043d\u043e teenkk tween jb<\/><\/p>\n<h2>2.4TB PRIVATE VIDEO LINK FOR TORRENT CLIENT<\/h2>\n<p> magnet:?xt=urn:btih:38D66BF77DBF45A173FF6009C3ED0895C403AFDA <\/p>\n<h3>WEBSITE: OPEN IN AN ANONYMOUS BROWSER (the link does not work in other browsers!) <a href=\"https:\/\/www.torproject.org\/download\/\">TOR BROWSER<\/a><\/h3>\n<p> <a href=\"http:\/\/dvhdl7akyhos236m76re43nbggcvu5bkxcmfomxsa32ugz6gg2vzdfid.onion\">Www. dvhdl7akyhos236m76re43nbggcvu5bkxcmfomxsa32ugz6gg2vzdfid. onion<\/a><\/p>\n","protected":false},"excerpt":{"rendered":"<p>\u0446\u043f \u0441\u043c\u043e\u0442\u0440\u0435\u0442\u044c \u043e\u043d\u043b\u0430\u0439\u043d \u0431\u0435\u0441\u043f\u043b\u0430\u0442\u043d\u043e QobuUtu76 \u0424\u043e\u0440\u0443\u043c \u0935\u0947\u092c\u0915\u0948\u092e \u0915\u093f\u0936\u094b\u0930 \u0935\u0940\u0921\u093f\u092f\u094b \u0938\u0947\u0915\u094d\u0938 \u091c\u0947\u090f\u0935\u0940 \u091a\u093e\u0907\u0932\u094d\u0921 \u092a\u094b\u0930\u094d\u0928 \u0905\u0928\u093e\u091a\u093e\u0930. forum webcam adolescent HMM TORRENT DOWNLOAD forum webcam. forum webcam teen porn Menstruation Hurtcore Stresscore. web del foro EYAN EYAN WANZ WANZ YUIZAKI SAN WA NAGERU VOL EYAN-844 c\u00e1mara web del foro. del foro Compartir archivos compartir archivos descargas de archivos [&hellip;]<\/p>\n","protected":false},"author":2,"featured_media":0,"parent":0,"menu_order":0,"comment_status":"closed","ping_status":"closed","template":"","meta":{"footnotes":""},"class_list":["post-781","page","type-page","status-publish","hentry"],"_links":{"self":[{"href":"https:\/\/www.optimiseconsulting.eu\/index.php\/wp-json\/wp\/v2\/pages\/781","targetHints":{"allow":["GET"]}}],"collection":[{"href":"https:\/\/www.optimiseconsulting.eu\/index.php\/wp-json\/wp\/v2\/pages"}],"about":[{"href":"https:\/\/www.optimiseconsulting.eu\/index.php\/wp-json\/wp\/v2\/types\/page"}],"author":[{"embeddable":true,"href":"https:\/\/www.optimiseconsulting.eu\/index.php\/wp-json\/wp\/v2\/users\/2"}],"replies":[{"embeddable":true,"href":"https:\/\/www.optimiseconsulting.eu\/index.php\/wp-json\/wp\/v2\/comments?post=781"}],"version-history":[{"count":0,"href":"https:\/\/www.optimiseconsulting.eu\/index.php\/wp-json\/wp\/v2\/pages\/781\/revisions"}],"wp:attachment":[{"href":"https:\/\/www.optimiseconsulting.eu\/index.php\/wp-json\/wp\/v2\/media?parent=781"}],"curies":[{"name":"wp","href":"https:\/\/api.w.org\/{rel}","templated":true}]}}