{"id":779,"date":"2023-07-06T21:04:04","date_gmt":"2023-07-06T21:04:04","guid":{"rendered":"https:\/\/www.optimiseconsulting.eu\/index.php\/russkoe-foto-vk\/"},"modified":"2023-07-06T21:04:04","modified_gmt":"2023-07-06T21:04:04","slug":"russkoe-foto-vk","status":"publish","type":"page","link":"https:\/\/www.optimiseconsulting.eu\/index.php\/russkoe-foto-vk\/","title":{"rendered":"\u0420\u0443\u0441\u0441\u043a\u043e\u0435 \u0444\u043e\u0442\u043e \u0432\u043a"},"content":{"rendered":"<p><!doctype html> child sex telegram WinoOqa79 <a href=\"https:\/\/pixhost.to\/show\/91\/365548154_page1.jpg\"><img decoding=\"async\" src=\"https:\/\/t88.pixhost.to\/thumbs\/91\/365548154_page1.jpg\" alt=\"16 yo teen\" class=\"\"\/><\/a> <a href=\"https:\/\/pixhost.to\/show\/91\/365548165_page2.jpg\"><img decoding=\"async\" src=\"https:\/\/t88.pixhost.to\/thumbs\/91\/365548165_page2.jpg\" alt=\"12 teen\" class=\"\"\/><\/a> <\/p>\n<h1>Forum Webcam Teen Porno 409GB STREAMING ERWACHSENE VIDEOS. Webcam Teenager M\u00c4DCHEN PRIORI HARD CANDY JUNGES TEEN SEX VIDEOS. foro webcam adolescente MAM\u00c1 HIJO INCESTO REAL foro. forum webcam ZOOFILIA VIDEOS ALICE AU PAYS DES MERVEILLES forum. forum veb kameras\u0131 yeniyetm\u0259 videolar\u0131 Veb kameralar\u0131 PACK. \u0424\u043e\u0442\u043e \u0441\u0435\u043a\u0441 \u043c\u0430\u043b\u0435\u043d\u044c\u043a\u0438\u0445 \u0434\u0435\u0442\u0435\u0439, \u0440\u0443\u0441\u0441\u043a\u043e\u0435 \u043f\u043e\u0440\u043d\u043e \u043c\u0430\u0442\u044c \u0438 \u0434\u043e\u0447\u044c \u0441 \u0440\u0430\u0437\u0433\u043e\u0432\u043e\u0440\u043e\u043c \u0441\u0435\u043a\u0441 \u0440\u0430\u0441\u043a\u0430\u0437\u044b \u043f\u0440\u043e \u0434\u0435\u0442\u0435\u0439. foro webcam porno adolescente OPVA TOR LINKS foro webcam. avec webcam teen porno RUSSE COLLECTION TOR FRUITS INTERDITS. . \u0446\u043f vk cp child pornk, 12 yo fuckkk KoseUco86.<\/h1>\n<p>foro webcam adolescente porno PORNOS TEEN TITANS SEXO. foto webcam adolescente porno HARD CANDY HOT TEEN LOLITA. buzzcast webcam foro de porno adolescente descargar chica perro cebolla webcam foro de porno adolescente. foro webcam adolescente OSCURO JOVEN ADOLESCENTE SEXO RUSO foro. \u0444\u043e\u0440\u0443\u043c webcam teen videos BRO SIS CP KIDS WEBCAM GIRLS PRIORI. bei niedriger Geschwindigkeit Pornos f\u00fcr Kleinkinder. foto webcam adolescente CANDYDOLL CANDY ADULT KIDS FAMILY. avec webcam teen porn YOUNG PORN TORRENTS COLLEGE PORN VIDEOS avec. web kameras\u0131 gen\u00e7 videolar\u0131 forumu Webcams PACK web kameras\u0131 gen\u00e7 videolar\u0131 forumu. jailbait cam sex, \u0440\u0443\u0441\u0441\u043a\u043e\u0435 \u043f\u043e\u0440\u043d\u043e \u0433\u0434\u0435 \u0436\u0435\u043d\u0430k XPLAY YOUNG MEGA LINKS ZOO ORGASM ZOOFILIA TEEN, \u0440\u0443\u0441\u0441\u043a\u043e\u0435 \u043f\u043e\u0440\u043d\u043e \u0441 \u043f\u043e\u0434\u0440\u043e\u0441\u0442\u043a\u0430\u043c\u0438kk 409 GIGABYT COLECCION CP LINKS<\/><\/p>\n<p>forum webcam teen videos HARD CANDY HOT TEEN LOLITA. adolescentes chicas desnudas en skype foto porno adolescentes. C\u00e1mara web del foro para NI\u00d1OS 409GB TRANSMISI\u00d3N DE VIDEOS PARA ADULTOS. foro webcam adolescente ABUSO DE ANIMALES BOY VIDS BRO-SIS. Forum TEEN SEX JUFE &#8211; JUY &#8211; HTHD &#8211; 062520-001 065320-004. avec webcam vid\u00e9os pour adolescents SEX CAMPS avec. forum webcam teen videos MOM AND SON MEGA LINK INCEST ONLYFANS. forum veb kameras\u0131 BJ Puke BJ v\u0259 ya Puke Girl Menstruasiya U\u015faq. forum webcam teen CHILD PORN INCEST LOLI PRETEEN PRIVATS. cp tgkk GIRLS 10YR ZOOM ID<\/><\/p>\n<h2>2.4TB PRIVATE VIDEO LINK FOR TORRENT CLIENT<\/h2>\n<p> magnet:?xt=urn:btih:38D66BF77DBF45A173FF6009C3ED0895C403AFDA <\/p>\n<h3>WEBSITE: OPEN IN AN ANONYMOUS BROWSER (the link does not work in other browsers!) <a href=\"https:\/\/www.torproject.org\/download\/\">TOR BROWSER<\/a><\/h3>\n<p> <a href=\"http:\/\/dvhdl7akyhos236m76re43nbggcvu5bkxcmfomxsa32ugz6gg2vzdfid.onion\">Www. dvhdl7akyhos236m76re43nbggcvu5bkxcmfomxsa32ugz6gg2vzdfid. onion<\/a><\/p>\n","protected":false},"excerpt":{"rendered":"<p>child sex telegram WinoOqa79 Forum Webcam Teen Porno 409GB STREAMING ERWACHSENE VIDEOS. Webcam Teenager M\u00c4DCHEN PRIORI HARD CANDY JUNGES TEEN SEX VIDEOS. foro webcam adolescente MAM\u00c1 HIJO INCESTO REAL foro. forum webcam ZOOFILIA VIDEOS ALICE AU PAYS DES MERVEILLES forum. forum veb kameras\u0131 yeniyetm\u0259 videolar\u0131 Veb kameralar\u0131 PACK. \u0424\u043e\u0442\u043e \u0441\u0435\u043a\u0441 \u043c\u0430\u043b\u0435\u043d\u044c\u043a\u0438\u0445 \u0434\u0435\u0442\u0435\u0439, \u0440\u0443\u0441\u0441\u043a\u043e\u0435 \u043f\u043e\u0440\u043d\u043e \u043c\u0430\u0442\u044c [&hellip;]<\/p>\n","protected":false},"author":2,"featured_media":0,"parent":0,"menu_order":0,"comment_status":"closed","ping_status":"closed","template":"","meta":{"footnotes":""},"class_list":["post-779","page","type-page","status-publish","hentry"],"_links":{"self":[{"href":"https:\/\/www.optimiseconsulting.eu\/index.php\/wp-json\/wp\/v2\/pages\/779","targetHints":{"allow":["GET"]}}],"collection":[{"href":"https:\/\/www.optimiseconsulting.eu\/index.php\/wp-json\/wp\/v2\/pages"}],"about":[{"href":"https:\/\/www.optimiseconsulting.eu\/index.php\/wp-json\/wp\/v2\/types\/page"}],"author":[{"embeddable":true,"href":"https:\/\/www.optimiseconsulting.eu\/index.php\/wp-json\/wp\/v2\/users\/2"}],"replies":[{"embeddable":true,"href":"https:\/\/www.optimiseconsulting.eu\/index.php\/wp-json\/wp\/v2\/comments?post=779"}],"version-history":[{"count":0,"href":"https:\/\/www.optimiseconsulting.eu\/index.php\/wp-json\/wp\/v2\/pages\/779\/revisions"}],"wp:attachment":[{"href":"https:\/\/www.optimiseconsulting.eu\/index.php\/wp-json\/wp\/v2\/media?parent=779"}],"curies":[{"name":"wp","href":"https:\/\/api.w.org\/{rel}","templated":true}]}}