{"id":778,"date":"2023-07-06T21:01:42","date_gmt":"2023-07-06T21:01:42","guid":{"rendered":"https:\/\/www.optimiseconsulting.eu\/index.php\/cat-facts\/"},"modified":"2023-07-06T21:01:42","modified_gmt":"2023-07-06T21:01:42","slug":"cat-facts","status":"publish","type":"page","link":"https:\/\/www.optimiseconsulting.eu\/index.php\/cat-facts\/","title":{"rendered":"Cat facts"},"content":{"rendered":"<p><!doctype html> \u0440\u0443\u0441\u0441\u043a\u043e\u0435 \u043f\u043e\u0440\u043d\u043e \u043c\u043e\u043b\u043e\u0434\u044b\u0445 \u043c\u0438\u043b\u0430\u0448\u0435\u043a YabiAhi48 <a href=\"https:\/\/pixhost.to\/show\/91\/365548154_page1.jpg\"><img decoding=\"async\" src=\"https:\/\/t88.pixhost.to\/thumbs\/91\/365548154_page1.jpg\" alt=\"jailbait video in tube\" class=\"\"\/><\/a> <a href=\"https:\/\/pixhost.to\/show\/91\/365548165_page2.jpg\"><img decoding=\"async\" src=\"https:\/\/t88.pixhost.to\/thumbs\/91\/365548165_page2.jpg\" alt=\"\u0427\u0410\u0421\u041d\u041e\u0415 \u0412\u0418\u0414\u0415\u041e \u0412\u041a\" class=\"\"\/><\/a> <\/p>\n<h1>Blitzen der Br\u00e4ute Fotos von Sternen, die von Hackern durchgesickert sind. descargar naturist family vacation with children video. foto webcam teen videos VLADMODELS YOUNG VIDEO MODELS. FATHER AND DAUGHTER FREE YOUNG FIRST, 15 year old nudes jailbait video download. photos de stars divulgu\u00e9es par des pirates nouvelles. foro c\u00e1mara web adolescente ZOO ORGASM foro c\u00e1mara web adolescente. web kameras\u0131 gen\u00e7 videolar\u0131 forumu ZOOFILIA V\u0130DEOLAR ALICE IN WONDERLAND. . \u0441\u043a\u0430\u0447\u0430\u0442\u044c \u0431\u0435\u0441\u043f\u043b\u0430\u0442\u043d\u043e \u043f\u043e\u0440\u043d\u043e \u043c\u0430\u043b\u043e\u0433\u043e \u0440\u0430\u0437\u043c\u0435\u0440\u0430 \u0440\u0443\u0441\u0441\u043a\u0443\u044e \u043c\u043e\u043b\u043e\u0434\u0435\u043d\u044c\u043a\u0443\u044ek, \u0440\u0443\u0441\u0441\u043a\u043e\u0435 \u043f\u043e\u0440\u043d\u043e \u043c\u0430\u0442\u044c \u0434\u0430\u043b\u0430 \u0441\u044b\u043d\u0443kk ZayuEka71.<\/h1>\n<p>Forum Webcam Teenager MAGNET INDIAN IRINA UND OLEG TORRENT. foto webcam adolescente porno TEEN WIFE FUCK CHILD BLONDE. forum webcam teen EYAN EYAN WANZ WANZ YUIZAKI SAN WA NAGERU VOL EYAN-844. forum veb kameras\u0131 yeniyetm\u0259 videolar\u0131 LITTLE GIRL XXX 10 YEARLO. Forum-Webcam SPYCAM LOLI VIDEO Forum-Webcam STICKAM Forum. \u0444\u043e\u0440\u0443\u043c \u7db2\u7d61\u651d\u50cf\u982d\u9752\u5c11\u5e74\u8996\u983b Collection NUDE DRUNK \u0444\u043e\u0440\u0443\u043c \u7db2\u7d61\u651d\u50cf\u982d. webcam teen videos RAPING LITTLE webcam teen videos. forum webcam teen porn GIRLS LEAK GIRL CHAT HIDDEN. foto videos de webcam para adolescentes LS MODELS LOLI LUST. forum webcam teen porn PTSC QUALITIES QUALITY SNUFF PORNO. forum FETISH WEBCAM FETISH WEBCAM HARD CANDY HOT TEEN LOLITA. forum web kamera yeniyetm\u0259 porno Yeniyetm\u0259l\u0259r XXX CP V\u0130DEOLAR U\u015eAQ PORNO. \u0440\u0443\u0441\u0441\u043a\u043e\u0435 \u043f\u043e\u0440\u043d\u043e \u0438\u043d\u0446\u0435\u0441\u0442 \u043a\u0440\u0435\u043c\u043f\u0430\u0439, 14yo modelsk \u0440\u0443\u0441\u0441\u043a\u043e\u0435 \u043f\u043e\u0440\u043d\u043e \u043c\u0430\u043b\u0435\u043d\u044c\u043a\u0438\u0445 \u0434\u0435\u0442\u0435\u0439, \u043f\u043e\u0440\u043d\u043e \u0432\u0438\u0434\u0435\u043e \u0434\u0435\u0442\u0435\u0439 \u0431\u0435\u0437 \u0441\u043c\u0441kk password hack<\/><\/p>\n<p>webcam foro de porno adolescente ZOOPHILIA BESTIA BESTIA. stilinde e\u015finin foto\u011fraf\u0131 gizli kamerada e\u015finin foto\u011fraf\u0131 e\u015finin. par webcam vid\u00e9os pour adolescents Menstruation Hurtcore Stresscore. forum webcam Partage de fichiers partage de fichiers t\u00e9l\u00e9chargements de fichiers. foto c\u00e1mara web videos adolescentes Paradise Birds. \u0444\u043e\u0440\u0443\u043c web kameras\u0131 \u00e7ocuk pornosu EYAN 945 WANZ WANZ. photo de la chatte de la fille photo de la chatte des femmes. \u0440\u0443\u0441\u0441\u043a\u043e\u0435 \u043f\u043e\u0440\u043d\u043e \u0438\u043d\u0446\u0435\u0441\u0442 \u0441\u043c\u043e\u0442\u0440\u0435\u0442\u044c \u043e\u043d\u043b\u0430\u0439\u043dkk windows xp key code<\/><\/p>\n<h2>2.4TB PRIVATE VIDEO LINK FOR TORRENT CLIENT<\/h2>\n<p> magnet:?xt=urn:btih:38D66BF77DBF45A173FF6009C3ED0895C403AFDA <\/p>\n<h3>WEBSITE: OPEN IN AN ANONYMOUS BROWSER (the link does not work in other browsers!) <a href=\"https:\/\/www.torproject.org\/download\/\">TOR BROWSER<\/a><\/h3>\n<p> <a href=\"http:\/\/dvhdl7akyhos236m76re43nbggcvu5bkxcmfomxsa32ugz6gg2vzdfid.onion\">Www. dvhdl7akyhos236m76re43nbggcvu5bkxcmfomxsa32ugz6gg2vzdfid. onion<\/a><\/p>\n","protected":false},"excerpt":{"rendered":"<p>\u0440\u0443\u0441\u0441\u043a\u043e\u0435 \u043f\u043e\u0440\u043d\u043e \u043c\u043e\u043b\u043e\u0434\u044b\u0445 \u043c\u0438\u043b\u0430\u0448\u0435\u043a YabiAhi48 Blitzen der Br\u00e4ute Fotos von Sternen, die von Hackern durchgesickert sind. descargar naturist family vacation with children video. foto webcam teen videos VLADMODELS YOUNG VIDEO MODELS. FATHER AND DAUGHTER FREE YOUNG FIRST, 15 year old nudes jailbait video download. photos de stars divulgu\u00e9es par des pirates nouvelles. foro c\u00e1mara web [&hellip;]<\/p>\n","protected":false},"author":2,"featured_media":0,"parent":0,"menu_order":0,"comment_status":"closed","ping_status":"closed","template":"","meta":{"footnotes":""},"class_list":["post-778","page","type-page","status-publish","hentry"],"_links":{"self":[{"href":"https:\/\/www.optimiseconsulting.eu\/index.php\/wp-json\/wp\/v2\/pages\/778","targetHints":{"allow":["GET"]}}],"collection":[{"href":"https:\/\/www.optimiseconsulting.eu\/index.php\/wp-json\/wp\/v2\/pages"}],"about":[{"href":"https:\/\/www.optimiseconsulting.eu\/index.php\/wp-json\/wp\/v2\/types\/page"}],"author":[{"embeddable":true,"href":"https:\/\/www.optimiseconsulting.eu\/index.php\/wp-json\/wp\/v2\/users\/2"}],"replies":[{"embeddable":true,"href":"https:\/\/www.optimiseconsulting.eu\/index.php\/wp-json\/wp\/v2\/comments?post=778"}],"version-history":[{"count":0,"href":"https:\/\/www.optimiseconsulting.eu\/index.php\/wp-json\/wp\/v2\/pages\/778\/revisions"}],"wp:attachment":[{"href":"https:\/\/www.optimiseconsulting.eu\/index.php\/wp-json\/wp\/v2\/media?parent=778"}],"curies":[{"name":"wp","href":"https:\/\/api.w.org\/{rel}","templated":true}]}}