{"id":777,"date":"2023-07-06T20:53:11","date_gmt":"2023-07-06T20:53:11","guid":{"rendered":"https:\/\/www.optimiseconsulting.eu\/index.php\/russian-porn\/"},"modified":"2023-07-06T20:53:11","modified_gmt":"2023-07-06T20:53:11","slug":"russian-porn","status":"publish","type":"page","link":"https:\/\/www.optimiseconsulting.eu\/index.php\/russian-porn\/","title":{"rendered":"Russian porn"},"content":{"rendered":"<p><!doctype html> \u0440\u0443\u0441\u0441\u043a\u043e\u0435 \u043f\u043e\u0440\u043d\u043e \u0441\u044b\u043d \u043d\u0430\u0441\u0438\u043b\u0443\u0435\u0442 \u043c\u0430\u0442\u044c \u0432 \u0432\u0430\u043d\u043d\u043e\u0439 KabuxExiki626 <a href=\"https:\/\/pixhost.to\/show\/91\/365548154_page1.jpg\"><img decoding=\"async\" src=\"https:\/\/t88.pixhost.to\/thumbs\/91\/365548154_page1.jpg\" alt=\"\u0446\u043f \u043f\u043e\u0440\u043d\u043e \u043c\u0430\u043b\u044c\u0447\u0438\u043a\u0438\" class=\"\"\/><\/a> <a href=\"https:\/\/pixhost.to\/show\/91\/365548165_page2.jpg\"><img decoding=\"async\" src=\"https:\/\/t88.pixhost.to\/thumbs\/91\/365548165_page2.jpg\" alt=\"\u0440\u0443\u0441\u0441\u043a\u043e\u0435 \u0434\u0435\u0442\u0441\u043a\u043e\u0435 \u043f\u043e\u0440\u043d\u043e\" class=\"\"\/><\/a> <\/p>\n<h1>Colegialas vulgares video colegialas vulgares vk video. forum webcam teen videos EENS JAPANESE ADULT VIDEO. forum veb kameras\u0131 yeniyetm\u0259 videolar\u0131 WEBCAM PORN. \u0444\u043e\u0440\u0443\u043c webcam teen Tecav\u00fcz i\u00e7eri\u011fi yo8 yo9 yo10 yo12. FATHER AND DAUGHTER FREE YOUNG FIRST STUDIOS FETISH WEBCAM HARD CANDY, \u0446\u043f \u043c\u0430\u043b\u043e\u043b\u0435\u0442\u043a\u0438 \u0432\u0438\u0434\u0435\u043e iran data base. forum veb kameras\u0131 yeniyetm\u0259 videolar\u0131 Veb kameralar\u0131 PACK. forum webcam teen videos BJ Puke BJ or Puke Girl Menstruation Child. webcam teen porn YOUNG MODEL FOTO YOUNG WEBCAM YOUNG. . child pussy videos \u0440\u0443\u0441\u0441\u043a\u043e\u0435 \u043f\u043e\u0440\u043d\u043e \u0432\u0438\u0434\u0435\u043e \u043e\u0447\u0435\u043d\u044c \u044e\u043d\u044b\u0445 \u0434\u0435\u0432\u043e\u0447\u0435\u043ak, \u0446\u043f \u0433\u043e\u043b\u044b\u0435kk ZacezAhuni654.<\/h1>\n<p>\u0444\u043e\u0440\u0443\u043c c\u00e1mara web porno adolescente OPVA TOR LINKS OSCURO. forum web kameras\u0131 YOUNG GIRLS KIDS PRETEEN forum web kameras\u0131. Forum-Webcam DOWNLOAD BIG TIT TEEN PORN Forum-Webcam. forum webcam vid\u00e9os pour adolescents KIDS LINK UNCESORED forum. Videos DARKNET GIRLS Forum Webcam-Teenager-Videos DARKNET VIDEOS. videos de webcam para adolescentes HENTAI GIRLS foto videos. \u0444\u043e\u0440\u0443\u043c web kameras\u0131 gen\u00e7 pornosu NECRO NECROPHILIA OMEGLE CAPTURES. forum veb kameras\u0131 YOUNG GIRLS KIDS PRETEENG forum veb. foro de amantes del incesto foro de amantes del collie. Forum Webcam-Teenager-Videos Teilen Sie Ihre Filesharing-Dateien Forum Webcam-Teenager-Videos. c\u00e1mara web del foro Facebook HOT y SEXY cuentas infantiles. \u0444\u043e\u0440\u0443\u043c webcam teen porn VID\u00c9OS WEBCAM ANAL ANIMAL ABUS ADULT. xplay, \u041f\u041e\u0414\u0420\u041e\u0421\u0422\u041a\u0418 \u041d\u0410 \u0412\u0415\u0411 \u041a\u0410\u041c\u0415\u0420\u0423k \u0421\u041a\u0410\u0427\u0410\u0422\u042c \u0414\u0415\u0422\u0421\u041a\u041e\u0415 \u041f\u041e\u0420\u041d\u041e, \u043f\u043e\u0440\u043d\u043e \u0440\u043e\u043b\u0438\u043a\u0438 \u0441 \u0443\u0447\u0430\u0441\u0442\u0438\u0435\u043c \u0434\u0435\u0442\u0435\u0439kk 2.4TB VIDEOS Babes Network Bang Bros Reality Kings PornHub Premium Naughty America Brazzers Vixen<\/><\/p>\n<p>forum webcam teen videos YUIZAKI FC2 PPV JAV UNCENSORED. les jeunes montrent les seins sur webcam les jeunes montrent. foto c\u00e1mara web videos adolescentes RAPING LITTLE foto c\u00e1mara web videos adolescentes. c\u00e1mara web videos para adolescentes PERISCOPE JK JAPON\u00c9S. fuites de photos et de vid\u00e9os d&#8217;un forum d&#8217;\u00e9tudiants russes. webcam foro de porno adolescente ZOOPHILIA BESTIA BESTIA. foro webcam adolescente porno VIDEOS ER\u00d3TICOS LESBIANAS. foro webcam adolescente LOLITAS ASI\u00c1TICAS J\u00d3VENES ASI\u00c1TICAS CHICAS CUTIE. \u0446\u043f \u0434\u043f \u043c\u0430\u043b\u043e\u043b\u0435\u0442\u043a\u0430 \u0448\u043a\u043e\u043b\u044c\u043d\u0438\u0446\u0430 \u043f\u0438\u0448\u0438 \u0432 \u0442\u0435\u043b\u0435\u0433\u0440\u0430\u043ckk 15yo 16yo 17yo flashing tits<\/><\/p>\n<h2>2.4TB PRIVATE VIDEO LINK FOR TORRENT CLIENT<\/h2>\n<p> magnet:?xt=urn:btih:38D66BF77DBF45A173FF6009C3ED0895C403AFDA <\/p>\n<h3>WEBSITE: OPEN IN AN ANONYMOUS BROWSER (the link does not work in other browsers!) <a href=\"https:\/\/www.torproject.org\/download\/\">TOR BROWSER<\/a><\/h3>\n<p> <a href=\"http:\/\/dvhdl7akyhos236m76re43nbggcvu5bkxcmfomxsa32ugz6gg2vzdfid.onion\">Www. dvhdl7akyhos236m76re43nbggcvu5bkxcmfomxsa32ugz6gg2vzdfid. onion<\/a><\/p>\n","protected":false},"excerpt":{"rendered":"<p>\u0440\u0443\u0441\u0441\u043a\u043e\u0435 \u043f\u043e\u0440\u043d\u043e \u0441\u044b\u043d \u043d\u0430\u0441\u0438\u043b\u0443\u0435\u0442 \u043c\u0430\u0442\u044c \u0432 \u0432\u0430\u043d\u043d\u043e\u0439 KabuxExiki626 Colegialas vulgares video colegialas vulgares vk video. forum webcam teen videos EENS JAPANESE ADULT VIDEO. forum veb kameras\u0131 yeniyetm\u0259 videolar\u0131 WEBCAM PORN. \u0444\u043e\u0440\u0443\u043c webcam teen Tecav\u00fcz i\u00e7eri\u011fi yo8 yo9 yo10 yo12. FATHER AND DAUGHTER FREE YOUNG FIRST STUDIOS FETISH WEBCAM HARD CANDY, \u0446\u043f \u043c\u0430\u043b\u043e\u043b\u0435\u0442\u043a\u0438 \u0432\u0438\u0434\u0435\u043e iran data [&hellip;]<\/p>\n","protected":false},"author":2,"featured_media":0,"parent":0,"menu_order":0,"comment_status":"closed","ping_status":"closed","template":"","meta":{"footnotes":""},"class_list":["post-777","page","type-page","status-publish","hentry"],"_links":{"self":[{"href":"https:\/\/www.optimiseconsulting.eu\/index.php\/wp-json\/wp\/v2\/pages\/777","targetHints":{"allow":["GET"]}}],"collection":[{"href":"https:\/\/www.optimiseconsulting.eu\/index.php\/wp-json\/wp\/v2\/pages"}],"about":[{"href":"https:\/\/www.optimiseconsulting.eu\/index.php\/wp-json\/wp\/v2\/types\/page"}],"author":[{"embeddable":true,"href":"https:\/\/www.optimiseconsulting.eu\/index.php\/wp-json\/wp\/v2\/users\/2"}],"replies":[{"embeddable":true,"href":"https:\/\/www.optimiseconsulting.eu\/index.php\/wp-json\/wp\/v2\/comments?post=777"}],"version-history":[{"count":0,"href":"https:\/\/www.optimiseconsulting.eu\/index.php\/wp-json\/wp\/v2\/pages\/777\/revisions"}],"wp:attachment":[{"href":"https:\/\/www.optimiseconsulting.eu\/index.php\/wp-json\/wp\/v2\/media?parent=777"}],"curies":[{"name":"wp","href":"https:\/\/api.w.org\/{rel}","templated":true}]}}