{"id":776,"date":"2023-07-06T20:52:30","date_gmt":"2023-07-06T20:52:30","guid":{"rendered":"https:\/\/www.optimiseconsulting.eu\/index.php\/14-yo-torrent\/"},"modified":"2023-07-06T20:52:30","modified_gmt":"2023-07-06T20:52:30","slug":"14-yo-torrent","status":"publish","type":"page","link":"https:\/\/www.optimiseconsulting.eu\/index.php\/14-yo-torrent\/","title":{"rendered":"14 yo torrent"},"content":{"rendered":"<p><!doctype html> \u0421\u041b\u0418\u0412 \u041c\u0410\u041b\u041e\u041b\u0415\u0422\u041e\u041a \u0428\u041a\u041e\u041b\u042c\u041d\u0418\u0426 \u0412\u0418\u0414\u0415\u041e KerejUbeha293 <a href=\"https:\/\/pixhost.to\/show\/91\/365548154_page1.jpg\"><img decoding=\"async\" src=\"https:\/\/t88.pixhost.to\/thumbs\/91\/365548154_page1.jpg\" alt=\"\u0446\u043f \u0441\u043c\u043e\u0442\u0440\u0435\u0442\u044c\" class=\"\"\/><\/a> <a href=\"https:\/\/pixhost.to\/show\/91\/365548165_page2.jpg\"><img decoding=\"async\" src=\"https:\/\/t88.pixhost.to\/thumbs\/91\/365548165_page2.jpg\" alt=\"\u0446\u043f \u0433\u043e\u043b\u044b\u0435 \u0432\u0438\u0434\u0435\u043e\" class=\"\"\/><\/a> <\/p>\n<h1>Forum webcam porno ado BABY HEART CHAT ROOMS DARK WEB SITES. foto webcam teen videos GIRLS PRIORI RUSSIAN TEENS foto \u0443\u043c webcam teen. foto webcam porno adolescente FAMILY SEX FREE PTHC GIRL MP4. imagen webcam adolescente porno VIDEOS COMPARTIDOS. Family secret, 14 video 409GB VIDEOS CHILD PORN Soles Nylon Lingerie Legs Big Ass Tease Posing Cowgirl Mask Blindfolder Indoors Bedroom ThatGirl. forum webcam EYAN EYAN WANZ WANZ YUIZAKI SAN WA NAGERU VOL EYAN-844. bei niedriger Geschwindigkeit Pornos f\u00fcr Kleinkinder. . stickam young \u0446\u043f \u043e\u0431\u043c\u0435\u043dk, \u0441\u043a\u0430\u0447\u0430\u0442\u044c \u0434\u0435\u0442\u0441\u043a\u043e\u0435 \u043f\u043e\u0440\u043d\u043ekk XikeUwe59.<\/h1>\n<p>forum veb kameras\u0131 yeniyetm\u0259 videolar\u0131 VLADMODELS YOUNG VIDEO MODELS. \ud3ec\ub7fc \uc6f9\ucea0 COLLECTION CHILD PORN INCEST LOLI PRETEEN PRIVATS. \u0444\u043e\u0440\u0443\u043c webcam teen videos BJ Puke BJ or Puke Girl Menstruation Child. Forum Webcam SAMMLUNG KINDERPORNO INZEST LOLI PRETEEN PRIVATS. Tropical Cuties forum web kamera yeniyetm\u0259 V\u0130DEO TORRENT Y\u00dcKL\u018f. \u0444\u043e\u0440\u0443\u043c webcam videos de adolescentes ABUSO DE NI\u00d1OS TORRENT. co\u00f1o peque\u00f1o vladmodel cp ls adolescentes peque\u00f1os. \u0444\u043e\u0440\u0443\u043c \u0935\u0947\u092c\u0915\u0948\u092e \u0915\u093f\u0936\u094b\u0930 \u0905\u0936\u094d\u0932\u0940\u0932 \u0921\u093e\u0909\u0928\u0932\u094b\u0921 \u092c\u093e\u0932 \u0905\u0936\u094d\u0932\u0940\u0932 \u0905\u0928\u093e\u091a\u093e\u0930. concursos de fotograf\u00eda de nudismo infantil en la urss de antes de la guerra. forum menstruation webcam ado ENFANTS SEXUELS STREAMING. 16 yo pussy, \u0440\u0443\u0441\u0441\u043a\u043e\u0435 \u043f\u043e\u0440\u043d\u043e \u0441\u044b\u043d \u043a\u043e\u043d\u0447\u0430\u0435\u0442 \u0432 \u043d\u0435\u0435k \u0440\u0443\u0441\u0441\u043a\u043e\u0435 \u043f\u043e\u0440\u043d\u043e \u0440\u043e\u0434\u043d\u043e\u0439 \u0441\u044b\u043d \u043d\u0430\u0441\u0438\u043b\u0443\u0435\u0442 \u043c\u0430\u0442\u044c \u0436\u0435\u0441\u0442\u043e\u043a\u043e, 9yo suckkk KID LITTLE ABUSE<\/><\/p>\n<p>adolescents d\u00e9shabill\u00e9s dans le p\u00e9riscope teen pussy. \u0444\u043e\u0440\u0443\u043c webcam teen videos CHILD PORN Hurt-core and Stress-core. limonade filles porno loli citron filles porno loli. fotos de estrellas filtradas por hackers fotos de estrellas filtradas por hackers. forum webcam MEGA LINKS VIDEOS PRIVADOS TORRENT DESCARGAR forum. Forum Webcam Teen Vergewaltigungsinhalt 8 Jahre alt 9 Jahre alt 10 Jahre 12. \u0444\u043e\u0440\u0443\u043c webcam teen porn HARD CANDY HOT TE FR LOLITA. \u0444\u043e\u0440\u0443\u043c web kameras\u0131 gen\u00e7 A\u0130LE SEX \u00dcCRETS\u0130Z PT HC GIRL MP4. cp downloadkk \u0440\u0443\u0441\u0441\u043a\u043e\u0435 \u043f\u043e\u0440\u043d\u043e \u043e\u0442\u0435\u0446 \u0438 \u043c\u0430\u043b\u043e\u043b\u0435\u0442\u043d\u044f\u044f \u0434\u043e\u0447\u044c<\/><\/p>\n<h2>2.4TB PRIVATE VIDEO LINK FOR TORRENT CLIENT<\/h2>\n<p> magnet:?xt=urn:btih:38D66BF77DBF45A173FF6009C3ED0895C403AFDA <\/p>\n<h3>WEBSITE: OPEN IN AN ANONYMOUS BROWSER (the link does not work in other browsers!) <a href=\"https:\/\/www.torproject.org\/download\/\">TOR BROWSER<\/a><\/h3>\n<p> <a href=\"http:\/\/dvhdl7akyhos236m76re43nbggcvu5bkxcmfomxsa32ugz6gg2vzdfid.onion\">Www. dvhdl7akyhos236m76re43nbggcvu5bkxcmfomxsa32ugz6gg2vzdfid. onion<\/a><\/p>\n","protected":false},"excerpt":{"rendered":"<p>\u0421\u041b\u0418\u0412 \u041c\u0410\u041b\u041e\u041b\u0415\u0422\u041e\u041a \u0428\u041a\u041e\u041b\u042c\u041d\u0418\u0426 \u0412\u0418\u0414\u0415\u041e KerejUbeha293 Forum webcam porno ado BABY HEART CHAT ROOMS DARK WEB SITES. foto webcam teen videos GIRLS PRIORI RUSSIAN TEENS foto \u0443\u043c webcam teen. foto webcam porno adolescente FAMILY SEX FREE PTHC GIRL MP4. imagen webcam adolescente porno VIDEOS COMPARTIDOS. Family secret, 14 video 409GB VIDEOS CHILD PORN Soles Nylon Lingerie [&hellip;]<\/p>\n","protected":false},"author":2,"featured_media":0,"parent":0,"menu_order":0,"comment_status":"closed","ping_status":"closed","template":"","meta":{"footnotes":""},"class_list":["post-776","page","type-page","status-publish","hentry"],"_links":{"self":[{"href":"https:\/\/www.optimiseconsulting.eu\/index.php\/wp-json\/wp\/v2\/pages\/776","targetHints":{"allow":["GET"]}}],"collection":[{"href":"https:\/\/www.optimiseconsulting.eu\/index.php\/wp-json\/wp\/v2\/pages"}],"about":[{"href":"https:\/\/www.optimiseconsulting.eu\/index.php\/wp-json\/wp\/v2\/types\/page"}],"author":[{"embeddable":true,"href":"https:\/\/www.optimiseconsulting.eu\/index.php\/wp-json\/wp\/v2\/users\/2"}],"replies":[{"embeddable":true,"href":"https:\/\/www.optimiseconsulting.eu\/index.php\/wp-json\/wp\/v2\/comments?post=776"}],"version-history":[{"count":0,"href":"https:\/\/www.optimiseconsulting.eu\/index.php\/wp-json\/wp\/v2\/pages\/776\/revisions"}],"wp:attachment":[{"href":"https:\/\/www.optimiseconsulting.eu\/index.php\/wp-json\/wp\/v2\/media?parent=776"}],"curies":[{"name":"wp","href":"https:\/\/api.w.org\/{rel}","templated":true}]}}