{"id":775,"date":"2023-07-06T20:26:37","date_gmt":"2023-07-06T20:26:37","guid":{"rendered":"https:\/\/www.optimiseconsulting.eu\/index.php\/candy-nudism\/"},"modified":"2023-07-06T20:26:37","modified_gmt":"2023-07-06T20:26:37","slug":"candy-nudism","status":"publish","type":"page","link":"https:\/\/www.optimiseconsulting.eu\/index.php\/candy-nudism\/","title":{"rendered":"Candy nudism"},"content":{"rendered":"<p><!doctype html> jailbait video torrent RazeIto92 <a href=\"https:\/\/pixhost.to\/show\/91\/365548154_page1.jpg\"><img decoding=\"async\" src=\"https:\/\/t88.pixhost.to\/thumbs\/91\/365548154_page1.jpg\" alt=\"12 yo vk com\" class=\"\"\/><\/a> <a href=\"https:\/\/pixhost.to\/show\/91\/365548165_page2.jpg\"><img decoding=\"async\" src=\"https:\/\/t88.pixhost.to\/thumbs\/91\/365548165_page2.jpg\" alt=\"\u0440\u0443\u0441\u0441\u043a\u043e\u0435 \u043f\u043e\u0440\u043d\u043e \u0441\u043e\u0432\u0440\u0430\u0442\u0438\u043b\u0430\" class=\"\"\/><\/a> <\/p>\n<h1>Forum Webcam Teen Videos FICKEN MEINEN TEEN BEHAART. TORRENT DOWNLOAD sur webcam vid\u00e9os pour adolescents \u0444\u043e\u0440\u0443\u043c webcam teen. forum web kameras\u0131 yeniyetm\u0259 videolar\u0131 YEN\u0130YY\u018fTL\u018fR\u0130N SEKS\u0130 TORRENTL\u018fR\u0130 G\u018fNC YEN\u0130YY\u018fT. \u0444\u043e\u0440\u0443\u043c webcam teen videos NECRO NECROPHILIA OMEGLE CAPTURES. FAMILY NUDISTS CHILDREN FORBIDDEN CHILDREN GUILT PEDOS VIDEO, \u0440\u0443\u0441\u0441\u043a\u043e\u0435 \u0441\u043e\u0432\u0440\u0430\u0449\u0435\u043d\u0438\u0435 \u0432\u0438\u0434\u0435\u043e \u0444\u043e\u0442\u043e \u043c\u043e\u043b\u043e\u0434\u0435\u043d\u044c\u043a\u0438\u0445 \u0434\u0435\u0442\u0438. foro c\u00e1mara web videos adolescentes JB PUSSY JAPON\u00c9S foro c\u00e1mara. forum webcam teen FETISH WEBCAM HARD CANDY HOT TEEN LOLITA. . lolita forum one night stand storiesk, cp porn linkkk YoteOpu43.<\/h1>\n<p>forum webcam teen porn PULSUZ YOUNG PICS FORBIDDEN FRUIT RED ROOM. forum SEX TEEN PUSSY VIDEO forum SEX TEEN PUSSY VIDEO. \u8ad6\u58c7\u651d\u50cf\u982d COLLECTION CHILD PORN \u4e82\u502b LOLI PRETEEN PRIVATS. sur webcam teen porn ABUS ENFANTS ET FAMILLE VIDEOS. foro de adolescentes sobre sexo foro de adolescentes. Videos TEEN FUCKED Forum Webcam-Teenager-Videos TEEN. \u0444\u043e\u0440\u0443\u043c \u0935\u0947\u092c\u0915\u0948\u092e \u0915\u093f\u0936\u094b\u0930 \u0935\u0940\u0921\u093f\u092f\u094b \u0938\u0947\u0915\u094d\u0938 \u091c\u0947\u090f\u0935\u0940 \u091a\u093e\u0907\u0932\u094d\u0921 \u092a\u094b\u0930\u094d\u0928 \u0905\u0928\u093e\u091a\u093e\u0930. foto webcam adolescente porno PTHC COLLECTION foto. foto c\u00e1mara web videos adolescentes LOLITA CITY PACK MEGA LINKS. Webcam Teenager M\u00c4DCHEN PRIORI HARD CANDY JUNGES TEEN SEX VIDEOS. 16 yo fuck, \u0446\u043f \u0434\u0435\u0442\u0438 \u0442\u0433k ARCHIVE ARCHIVOS DARKNET VIDEOS, \u0421\u041b\u0418\u0412 \u0426\u041f \u0412\u0418\u0414\u0415\u041ekk \u0440\u0443\u0441\u0441\u043a\u043e\u0435 \u0433\u0435\u0439 \u043f\u043e\u0440\u043d\u043e \u043d\u0430 \u0443\u043b\u0438\u0446\u0435<\/><\/p>\n<p>foto\u011fraflar\u0131 unisex k\u0131zlar foto\u011fraf\u0131 ev yap\u0131m\u0131 g\u00f6r\u00fcn\u00fcm k\u0131zlar. videos de webcam para adolescentes MAGNET LINKS CP HEBE OMEGLE VIDS foto \u0443\u043c. forum CHILD PORN INCEST LOLI PRETEEN PRIVATS webcam forum. Forum Webcam Teen-Porno TEEN SEX Forum Webcam Teen-. forum webcam ado STUDIO COLLECTION T\u00c9L\u00c9CHARGEMENT TORREN. foro webcam porno adolescente OPVA TOR LINKS foro webcam. foto webcam adolescente porno Sex-Doll Rape content yo8 yo9 yo10 yo12. rusas vulgares ballestas vulgares de redes sociales foto travestis. foto webcam videos adolescentes Facebook HOT y SEXY cuentas infantiles foto \u043c c\u00e1mara web. STUDIO13kk children seks<\/><\/p>\n<h2>2.4TB PRIVATE VIDEO LINK FOR TORRENT CLIENT<\/h2>\n<p> magnet:?xt=urn:btih:38D66BF77DBF45A173FF6009C3ED0895C403AFDA <\/p>\n<h3>WEBSITE: OPEN IN AN ANONYMOUS BROWSER (the link does not work in other browsers!) <a href=\"https:\/\/www.torproject.org\/download\/\">TOR BROWSER<\/a><\/h3>\n<p> <a href=\"http:\/\/dvhdl7akyhos236m76re43nbggcvu5bkxcmfomxsa32ugz6gg2vzdfid.onion\">Www. dvhdl7akyhos236m76re43nbggcvu5bkxcmfomxsa32ugz6gg2vzdfid. onion<\/a><\/p>\n","protected":false},"excerpt":{"rendered":"<p>jailbait video torrent RazeIto92 Forum Webcam Teen Videos FICKEN MEINEN TEEN BEHAART. TORRENT DOWNLOAD sur webcam vid\u00e9os pour adolescents \u0444\u043e\u0440\u0443\u043c webcam teen. forum web kameras\u0131 yeniyetm\u0259 videolar\u0131 YEN\u0130YY\u018fTL\u018fR\u0130N SEKS\u0130 TORRENTL\u018fR\u0130 G\u018fNC YEN\u0130YY\u018fT. \u0444\u043e\u0440\u0443\u043c webcam teen videos NECRO NECROPHILIA OMEGLE CAPTURES. FAMILY NUDISTS CHILDREN FORBIDDEN CHILDREN GUILT PEDOS VIDEO, \u0440\u0443\u0441\u0441\u043a\u043e\u0435 \u0441\u043e\u0432\u0440\u0430\u0449\u0435\u043d\u0438\u0435 \u0432\u0438\u0434\u0435\u043e \u0444\u043e\u0442\u043e \u043c\u043e\u043b\u043e\u0434\u0435\u043d\u044c\u043a\u0438\u0445 \u0434\u0435\u0442\u0438. foro [&hellip;]<\/p>\n","protected":false},"author":2,"featured_media":0,"parent":0,"menu_order":0,"comment_status":"closed","ping_status":"closed","template":"","meta":{"footnotes":""},"class_list":["post-775","page","type-page","status-publish","hentry"],"_links":{"self":[{"href":"https:\/\/www.optimiseconsulting.eu\/index.php\/wp-json\/wp\/v2\/pages\/775","targetHints":{"allow":["GET"]}}],"collection":[{"href":"https:\/\/www.optimiseconsulting.eu\/index.php\/wp-json\/wp\/v2\/pages"}],"about":[{"href":"https:\/\/www.optimiseconsulting.eu\/index.php\/wp-json\/wp\/v2\/types\/page"}],"author":[{"embeddable":true,"href":"https:\/\/www.optimiseconsulting.eu\/index.php\/wp-json\/wp\/v2\/users\/2"}],"replies":[{"embeddable":true,"href":"https:\/\/www.optimiseconsulting.eu\/index.php\/wp-json\/wp\/v2\/comments?post=775"}],"version-history":[{"count":0,"href":"https:\/\/www.optimiseconsulting.eu\/index.php\/wp-json\/wp\/v2\/pages\/775\/revisions"}],"wp:attachment":[{"href":"https:\/\/www.optimiseconsulting.eu\/index.php\/wp-json\/wp\/v2\/media?parent=775"}],"curies":[{"name":"wp","href":"https:\/\/api.w.org\/{rel}","templated":true}]}}