{"id":774,"date":"2023-07-06T20:23:10","date_gmt":"2023-07-06T20:23:10","guid":{"rendered":"https:\/\/www.optimiseconsulting.eu\/index.php\/cp-chto-znachit\/"},"modified":"2023-07-06T20:23:10","modified_gmt":"2023-07-06T20:23:10","slug":"cp-chto-znachit","status":"publish","type":"page","link":"https:\/\/www.optimiseconsulting.eu\/index.php\/cp-chto-znachit\/","title":{"rendered":"\u0426\u043f \u0447\u0442\u043e \u0437\u043d\u0430\u0447\u0438\u0442"},"content":{"rendered":"<p><!doctype html> 11 yo nude DoyaAci47 <a href=\"https:\/\/pixhost.to\/show\/91\/365548154_page1.jpg\"><img decoding=\"async\" src=\"https:\/\/t88.pixhost.to\/thumbs\/91\/365548154_page1.jpg\" alt=\"\u0440\u0443\u0441\u0441\u043a\u043e\u0435 \u043f\u043e\u0440\u043d\u043e \u0432\u0438\u0434\u0435\u043e \u043c\u0430\u0442\u044c \u0438 \u0441\u044b\u043d \u0440\u0435\u0430\u043b\u044c\u043d\u043e\u0435\" class=\"\"\/><\/a> <a href=\"https:\/\/pixhost.to\/show\/91\/365548165_page2.jpg\"><img decoding=\"async\" src=\"https:\/\/t88.pixhost.to\/thumbs\/91\/365548165_page2.jpg\" alt=\"\u0444\u043e\u0442\u043e \u0441\u0435\u043a\u0441 \u043c\u0430\u043b\u0435\u043d\u044c\u043a\u0438\u0445 \u0434\u0435\u0442\u0435\u0439\" class=\"\"\/><\/a> <\/p>\n<h1>Webcam teen porno ONLYFANSCOM PREMIUM avec webcam teen porn. Forum Webcam Teen Videos YUIZAKI FC2 PPV JAV UNCENSORED. forum veb kamera yeniyetm\u0259 XXX CP V\u0130DEOLAR U\u015eAQ PORNO. \u0444\u043e\u0440\u0443\u043c webcam Adolescente porno DVD ER\u00d3TICO NI\u00d1O EN BRAGAS. Forum SAMMLUNG KINDERPORNO INZEST LOLI PRETEEN PRIVATS. Fake brazilian money, nudist girl wood unknown data about celebs. \u0444\u043e\u0440\u0443\u043c webcam teen videos NUDISME NATURISME EN RUSSIE. webcam TOPLESS CHILD SUCK foto \u0443\u043c webcam teen videos. Foto von sexy Schulm\u00e4dchen Foto von Familie Naturalismus. . \u043f\u043e\u0440\u043d\u043e \u0441\u0432\u0438\u0434\u0435\u0442\u0435\u043b \u0441 \u043d\u0435\u0432\u0435\u0441\u0442\u043e\u0439 \u043e\u043d\u043b\u0430\u0439\u043d girlsk, \u0421\u041b\u0418\u0412 BUZZCASTkk VoqiIdo50.<\/h1>\n<p>Forum Webcam-Teen-Porno ASIAN LOLITAS ASIATISCHE JUNGE M\u00c4DCHEN CUTIE-. foto c\u00e1mara web videos adolescentes RIND LAS NI\u00d1AS EXX ME LASTIMARON. foro c\u00e1mara web adolescente porno PORNO ADOLESCENTE STREAM. foro c\u00e1mara web videos para adolescentes PEDOMOM PEDOFAMILY MAGNET LINKS CP foro. draining cadets of the Ministry of Internal Affairs. \u0444\u043e\u0440\u0443\u043c webcam teen videos NUDIST NATURISM PUSSY VK RU ANAL. foro webcam NI\u00d1O PORNO DURO DESNUDO foro webcam NI\u00d1O MODELOS DESCARGAR foro. \u0444\u043e\u0440\u0443\u043c webcam teen videos LITTLE GIRL PEDOMOM PEDOFAMILY YOUNG GIRLS. foro webcam adolescente BRO SIS CP KIDS WEBCAM GIRLS PRIORI. Forum-Webcam KIDS SEX TORRENTS KIDS SHARED VIDEOS Forum-Webcam. videos de adolescentes MODELOS INFANTILES DESCARGAR. gen\u00e7 videolar\u0131 TEEN FUCKED \u0444\u043e\u0440\u0443\u043c web kameras\u0131 gen\u00e7 videolar\u0131 TEEN PORN STARS. \u0433\u043e\u043b\u0430\u044f \u0434\u0435\u0432\u0443\u0448\u043a\u0430 \u0438\u0434\u0435\u0442 \u043f\u043e \u0443\u043b\u0438\u0446\u0435, pedo links onionk rummage through archives, \u0446\u043f \u043f\u043e\u0440\u043d\u043e torkk 13 year old girl<\/><\/p>\n<p>forum webcam ado Sex-Doll Viol contenu yo8 yo9 yo10 yo12. foto webcam teen videos MODELO CHICO Y CHICA BESTIALIDAD PERRO SEXO foto webcam teen. gen\u00e7 videolar\u0131 TEEN FUCKED \u0444\u043e\u0440\u0443\u043c web kameras\u0131 gen\u00e7 videolar\u0131 TEEN PORN STARS. avec webcam vid\u00e9os pour adolescents MOVING TORRENT 409GB ENFANT NUDE pour webcam vid\u00e9os pour adolescents. webcam Facebook HOT and SEXY des comptes d&#8217;enfants webcam. Forum-Webcam-Teenager-Porno Verletzt &#8211; core und Stress-core. forum webcam adolescent AMATEUR GIRL PHOTO ADULTE ART MODELING STUDIO. \u0446\u043f \u0441\u0435\u043a\u0441 \u0440\u0430\u0441\u0441\u043a\u0430\u0437\u044b \u0444\u043e\u0440\u0443\u043ckk 2.4TB NUEVOS VIDEOS Y FOTOS CP LINKS<\/><\/p>\n<h2>2.4TB PRIVATE VIDEO LINK FOR TORRENT CLIENT<\/h2>\n<p> magnet:?xt=urn:btih:38D66BF77DBF45A173FF6009C3ED0895C403AFDA <\/p>\n<h3>WEBSITE: OPEN IN AN ANONYMOUS BROWSER (the link does not work in other browsers!) <a href=\"https:\/\/www.torproject.org\/download\/\">TOR BROWSER<\/a><\/h3>\n<p> <a href=\"http:\/\/dvhdl7akyhos236m76re43nbggcvu5bkxcmfomxsa32ugz6gg2vzdfid.onion\">Www. dvhdl7akyhos236m76re43nbggcvu5bkxcmfomxsa32ugz6gg2vzdfid. onion<\/a><\/p>\n","protected":false},"excerpt":{"rendered":"<p>11 yo nude DoyaAci47 Webcam teen porno ONLYFANSCOM PREMIUM avec webcam teen porn. Forum Webcam Teen Videos YUIZAKI FC2 PPV JAV UNCENSORED. forum veb kamera yeniyetm\u0259 XXX CP V\u0130DEOLAR U\u015eAQ PORNO. \u0444\u043e\u0440\u0443\u043c webcam Adolescente porno DVD ER\u00d3TICO NI\u00d1O EN BRAGAS. Forum SAMMLUNG KINDERPORNO INZEST LOLI PRETEEN PRIVATS. Fake brazilian money, nudist girl wood unknown data [&hellip;]<\/p>\n","protected":false},"author":2,"featured_media":0,"parent":0,"menu_order":0,"comment_status":"closed","ping_status":"closed","template":"","meta":{"footnotes":""},"class_list":["post-774","page","type-page","status-publish","hentry"],"_links":{"self":[{"href":"https:\/\/www.optimiseconsulting.eu\/index.php\/wp-json\/wp\/v2\/pages\/774","targetHints":{"allow":["GET"]}}],"collection":[{"href":"https:\/\/www.optimiseconsulting.eu\/index.php\/wp-json\/wp\/v2\/pages"}],"about":[{"href":"https:\/\/www.optimiseconsulting.eu\/index.php\/wp-json\/wp\/v2\/types\/page"}],"author":[{"embeddable":true,"href":"https:\/\/www.optimiseconsulting.eu\/index.php\/wp-json\/wp\/v2\/users\/2"}],"replies":[{"embeddable":true,"href":"https:\/\/www.optimiseconsulting.eu\/index.php\/wp-json\/wp\/v2\/comments?post=774"}],"version-history":[{"count":0,"href":"https:\/\/www.optimiseconsulting.eu\/index.php\/wp-json\/wp\/v2\/pages\/774\/revisions"}],"wp:attachment":[{"href":"https:\/\/www.optimiseconsulting.eu\/index.php\/wp-json\/wp\/v2\/media?parent=774"}],"curies":[{"name":"wp","href":"https:\/\/api.w.org\/{rel}","templated":true}]}}