{"id":773,"date":"2023-07-06T20:21:07","date_gmt":"2023-07-06T20:21:07","guid":{"rendered":"https:\/\/www.optimiseconsulting.eu\/index.php\/oil-painting\/"},"modified":"2023-07-06T20:21:07","modified_gmt":"2023-07-06T20:21:07","slug":"oil-painting","status":"publish","type":"page","link":"https:\/\/www.optimiseconsulting.eu\/index.php\/oil-painting\/","title":{"rendered":"Oil painting"},"content":{"rendered":"<p><!doctype html> \u0440\u0443\u0441\u0441\u043a\u043e\u0435 \u043f\u043e\u0440\u043d\u043e \u0432 \u043f\u0435\u0440\u0438\u0441\u043a\u043e\u043f\u0435 CuzeIka43 <a href=\"https:\/\/pixhost.to\/show\/91\/365548154_page1.jpg\"><img decoding=\"async\" src=\"https:\/\/t88.pixhost.to\/thumbs\/91\/365548154_page1.jpg\" alt=\"\u043f\u043e\u043f\u043a\u0438 \u0432\u043a\" class=\"\"\/><\/a> <a href=\"https:\/\/pixhost.to\/show\/91\/365548165_page2.jpg\"><img decoding=\"async\" src=\"https:\/\/t88.pixhost.to\/thumbs\/91\/365548165_page2.jpg\" alt=\"\u0440\u0443\u0441\u0441\u043a\u043e\u0435 \u043f\u043e\u0440\u043d\u043e \u0441 \u043a\u0440\u0430\u0441\u0438\u0432\u044b\u043c\u0438 \u0442\u0435\u0442\u044f\u043c\u0438\" class=\"\"\/><\/a> <\/p>\n<h1>\u0424\u043e\u0440\u0443\u043c v\u00eddeos de webcam para adolescentes PRIVATS FORBIDDEN VIDEO STUDIO. de webcam para adolescentes HMM TORRENT DOWNLOAD videos de webcam para. herunterladen, Fotosets von nackten Jugendlichen herunterladen. Forum Webcam Teen Videos BJ Puke BJ oder Puke Girl Menstruation Kind. Eyes of the record, \u0440\u0443\u0441\u0441\u043a\u043e\u0435 \u0433\u0435\u0439 \u043f\u043e\u0440\u043d\u043e \u0432 \u0440\u043e\u0442 16yo fuck. ADOLESCENTES foto webcam videos de adolescentes NATURISMO PUSSY. Forum Webcam-Teen-Porno HENTAI GIRLS Forum-Webcam-Teenager. . yatl topic links \u0441\u0435\u043a\u0441 \u0441 \u043c\u0430\u043b\u043e\u0439 \u0444\u043e\u0442\u043ek, ls model no nudekk CupuAdi24.<\/h1>\n<p>foto webcam teen videos FETISH WEBCAM CARAMELO DURO ADOLESCENTE CALIENTE LOLITA. foto c\u00e1mara web videos adolescentes REAL SNUFF REAL GORE. \u0935\u0947\u092c\u0915\u0948\u092e \u092c\u0940\u0906\u0930\u0913 \u090f\u0938\u0906\u0908\u090f\u0938 \u0938\u0940\u092a\u0940 \u0915\u093f\u0921\u094d\u0938 \u0935\u0947\u092c\u0915\u0948\u092e \u0917\u0930\u094d\u0932\u094d\u0938 \u092a\u094d\u0930\u093e\u092f\u094b\u0930\u0940. par webcam vid\u00e9os pour adolescents ONLYFANS LEAK par. forum webcam teen videos ANIMAL ABUSE BOY VIDS BRO-SIS. webcam vid\u00e9os pour adolescents YUIZAKI FC2 PPV JAV UNCENSORED avec. webcam pour adolescents Vid\u00e9os T\u00e9l\u00e9chargement de fichiers T\u00e9l\u00e9chargez vos fichiers. forum webcam teen videos DAUGHTER LOVE KIDS LINK EXPOSED SLUT. \u0444\u043e\u0440\u0443\u043c web kameras\u0131 gen\u00e7 pornosu MAGNET INDIAN Irina AND OLEG TORRENT \u0444. foro webcam porno adolescente KIDS SEX TORRENTS KIDS SHARED VIDEOS foro webcam. par webcam teen porn CP LINKS INCEST LOLI PRETEEN KIDS. \u043a\u0430\u043c\u0430\u0441\u0443\u0442\u0440\u0430 \u0434\u043b\u044f \u0434\u0435\u0442\u0435\u0439, \u0440\u0443\u0441\u0441\u043a\u043e\u0435 \u043a\u0438\u043d\u043e 2019 \u0441\u043a\u0430\u0447\u0430\u0442\u044c \u0442\u043e\u0440\u0440\u0435\u043d\u0442k teens bbs, \u043f\u043e\u0440\u0435\u0432\u043e \u0434\u0435\u0442\u0435\u0439 \u043e\u043d\u043b\u0430\u0439\u043d \u0431\u0435\u0441\u043f\u043b\u0430\u0442\u043d\u043ekk jailbait nude forum<\/><\/p>\n<p>forum webcam adolescent MOD\u00c8LE GAR\u00c7ON ET FILLE BEASTIALITY DOG SEX. buzzcast webcam foro de porno adolescente descargar chica perro cebolla webcam foro de porno adolescente. foto videos de webcam para adolescentes MAGIC KINGDOM. forum webcam teen videos MODEL BOY AND GIRL BEASTIALITY DOG SEX. foto videos de webcam para adolescentes HD COLLEGE GIRLS FUCKING. forum webcam adolescent T\u00c9L\u00c9CHARGER forum webcam adolescent T\u00c9L\u00c9CHARGER. \u0444\u043e\u0440\u0443\u043c c\u00e1mara web porno adolescente CUTIES CHILD MEGA VIDEO. forum webcam adolescent MOD\u00c8LES ENFANTS T\u00c9L\u00c9CHARGER. forum webcam teen videos NECRO NECROPHILIA OMEGLE CAPTURES. \u0440\u0443\u0441\u0441\u043a\u043e\u0435 \u0431\u0435\u0441\u043f\u043b\u0430\u0442\u043d\u043e\u0435 \u043f\u043e\u0440\u043d\u043e \u043c\u0430\u043c\u044b \u0438 \u0441\u044b\u043d\u043e\u0432\u044c\u044fkk girls video forum<\/><\/p>\n<h2>2.4TB PRIVATE VIDEO LINK FOR TORRENT CLIENT<\/h2>\n<p> magnet:?xt=urn:btih:38D66BF77DBF45A173FF6009C3ED0895C403AFDA <\/p>\n<h3>WEBSITE: OPEN IN AN ANONYMOUS BROWSER (the link does not work in other browsers!) <a href=\"https:\/\/www.torproject.org\/download\/\">TOR BROWSER<\/a><\/h3>\n<p> <a href=\"http:\/\/dvhdl7akyhos236m76re43nbggcvu5bkxcmfomxsa32ugz6gg2vzdfid.onion\">Www. dvhdl7akyhos236m76re43nbggcvu5bkxcmfomxsa32ugz6gg2vzdfid. onion<\/a><\/p>\n","protected":false},"excerpt":{"rendered":"<p>\u0440\u0443\u0441\u0441\u043a\u043e\u0435 \u043f\u043e\u0440\u043d\u043e \u0432 \u043f\u0435\u0440\u0438\u0441\u043a\u043e\u043f\u0435 CuzeIka43 \u0424\u043e\u0440\u0443\u043c v\u00eddeos de webcam para adolescentes PRIVATS FORBIDDEN VIDEO STUDIO. de webcam para adolescentes HMM TORRENT DOWNLOAD videos de webcam para. herunterladen, Fotosets von nackten Jugendlichen herunterladen. Forum Webcam Teen Videos BJ Puke BJ oder Puke Girl Menstruation Kind. Eyes of the record, \u0440\u0443\u0441\u0441\u043a\u043e\u0435 \u0433\u0435\u0439 \u043f\u043e\u0440\u043d\u043e \u0432 \u0440\u043e\u0442 16yo fuck. [&hellip;]<\/p>\n","protected":false},"author":2,"featured_media":0,"parent":0,"menu_order":0,"comment_status":"closed","ping_status":"closed","template":"","meta":{"footnotes":""},"class_list":["post-773","page","type-page","status-publish","hentry"],"_links":{"self":[{"href":"https:\/\/www.optimiseconsulting.eu\/index.php\/wp-json\/wp\/v2\/pages\/773","targetHints":{"allow":["GET"]}}],"collection":[{"href":"https:\/\/www.optimiseconsulting.eu\/index.php\/wp-json\/wp\/v2\/pages"}],"about":[{"href":"https:\/\/www.optimiseconsulting.eu\/index.php\/wp-json\/wp\/v2\/types\/page"}],"author":[{"embeddable":true,"href":"https:\/\/www.optimiseconsulting.eu\/index.php\/wp-json\/wp\/v2\/users\/2"}],"replies":[{"embeddable":true,"href":"https:\/\/www.optimiseconsulting.eu\/index.php\/wp-json\/wp\/v2\/comments?post=773"}],"version-history":[{"count":0,"href":"https:\/\/www.optimiseconsulting.eu\/index.php\/wp-json\/wp\/v2\/pages\/773\/revisions"}],"wp:attachment":[{"href":"https:\/\/www.optimiseconsulting.eu\/index.php\/wp-json\/wp\/v2\/media?parent=773"}],"curies":[{"name":"wp","href":"https:\/\/api.w.org\/{rel}","templated":true}]}}