{"id":772,"date":"2023-07-06T20:18:10","date_gmt":"2023-07-06T20:18:10","guid":{"rendered":"https:\/\/www.optimiseconsulting.eu\/index.php\/14yo-nudes\/"},"modified":"2023-07-06T20:18:10","modified_gmt":"2023-07-06T20:18:10","slug":"14yo-nudes","status":"publish","type":"page","link":"https:\/\/www.optimiseconsulting.eu\/index.php\/14yo-nudes\/","title":{"rendered":"14yo nudes"},"content":{"rendered":"<p><!doctype html> \u043f\u043e\u0440\u043d\u043e \u0434\u0435\u0442\u0435\u0439 \u0434\u043e 18 ZubeIti81 <a href=\"https:\/\/pixhost.to\/show\/91\/365548154_page1.jpg\"><img decoding=\"async\" src=\"https:\/\/t88.pixhost.to\/thumbs\/91\/365548154_page1.jpg\" alt=\"\u043f\u043e\u043f\u043a\u0438 \u0448\u043a\u043e\u043b\u044c\u043d\u0438\u0446 \u0433\u043e\u043b\u044b\u0435\" class=\"\"\/><\/a> <a href=\"https:\/\/pixhost.to\/show\/91\/365548165_page2.jpg\"><img decoding=\"async\" src=\"https:\/\/t88.pixhost.to\/thumbs\/91\/365548165_page2.jpg\" alt=\"\u0446\u043f \u0441\u0430\u0439\u0442\u044b \u0432 \u0442\u043e\u0440\u0435\" class=\"\"\/><\/a> <\/p>\n<h1>\u0424\u043e\u0440\u0443\u043c webcam remaja Sex-Doll Rape content yo8 yo9 yo10 yo12. par webcam vid\u00e9os pour adolescents Menstruation Hurtcore Stresscore. foro webcam adolescente VIDEO CASERO ADOLESCENTE STREAMING. porn\u00f4 estupro de crian\u00e7as assistir porn\u00f4 estupro de crian\u00e7as. webcam adolescente porno MAM\u00c1 Y HIJO MEGA ENLACE INCESTO ONLYFANS. EYAN844 EYAN945 WANZ2956 WANZ4957, \u041f\u0420\u0418\u0412\u0410\u0422 \u0417\u0410\u041f\u0418\u0421\u0418 LOLICON. forum webcam PRETTY NUDIST FAMILY PICS VIDS forum webcam. Forum Webcam Teen Porno AMATEUR M\u00c4DCHEN FOTO ERWACHSENE ART MODELING STUDIO. forum webcam teen videos DARK YOUNG TEEN SEX RUSSIAN. . cp torrent download \u043f\u043e\u043f\u043a\u0438 \u043c\u043e\u043b\u043e\u0434\u0435\u043d\u044c\u043a\u0438\u0445k, \u0446\u043f \u0448\u043a\u043e\u043b\u044c\u043d\u0438\u0446 \u0432 \u0442\u0435\u043b\u0435\u0433\u0440\u0430\u043ckk RopoEte67.<\/h1>\n<p>\u0444\u043e\u0440\u0443\u043c webcam teen porn VID\u00c9OS WEBCAM ANAL ANIMAL ABUS ADULT. draining schoolchildren 14 years old telegram privat. descargar imperial japon\u00e9s marcha canci\u00f3n descargar. foto webcam teen videos PREADOLESCENTES VIDEOS COMPARTIDOS. Forum Webcam-Teen-Porno MEGA LINKS PRIVATS VIDEOS TORRENT DOWNLOAD-Forum Webcam-Teen-Porno MEGA. forum webcam teen porn ZOOFILIA VIDEOS ALICE IN WONDERLAND. forum webcam adolescent COLLECTION PRIV\u00c9E T\u00c9L\u00c9CHARGER. foto webcam adolescente porno PRIVATS FORBIDDEN VIDEO STUDIO. entleeren Okidoki aus dem Privaten entleeren Porno. forum webcam adolescent MAGNET LINKS CP HEBE OMEGLE VIDS. \u0440\u0443\u0441\u0441\u043a\u043e\u0435 \u043f\u043e\u0440\u043d\u043e \u0438\u043d\u0446\u0438\u0434\u0435\u043d\u0442, \u0440\u0443\u0441\u0441\u043a\u043e\u0435 \u043f\u043e\u0440\u043d\u043e \u0438\u043d\u0446\u0435\u0441\u0442 \u0430\u043d\u0430\u043bk \u043c\u0430\u043b\u043e\u043b\u0435\u0442\u043a\u0430 2014, child sexual abusekk \u0434\u0435\u0442 \u043f\u043e\u0440\u043d\u043e \u0444\u043e\u0440\u0443\u043c<\/><\/p>\n<p>forum webcam teen CHILD PORN Hurt-core and Stress-core. F\u00f3rum COLE\u00c7\u00c3O PORNO INFANTIL INCESTO LOLI PRETEEN PRIVATS. sur webcam teen porn Menstruation Hurtcore Stresscore. Forum Webcam Teen Porno 409GB STREAMING ERWACHSENE VIDEOS. \u8ad6\u58c7 EYAN EYAN WANZ WANZ YUIZAKI SAN WA NAGERU VOL EYAN-844. foro webcam TORRENT DESCARGAR NI\u00d1O foro webcam TORRENT. sur webcam vid\u00e9os pour adolescents TOPLESS CHILD SUCK. c\u00e1mara web del foro BJ Puke BJ o Puke Girl Menstruation Child c\u00e1mara web del foro. entleerende Streamer unzensiert entleerende Streamer. 12 year old nudekk oxygenen2ohzmxofv4jrmy3tor2weblink<\/><\/p>\n<h2>2.4TB PRIVATE VIDEO LINK FOR TORRENT CLIENT<\/h2>\n<p> magnet:?xt=urn:btih:38D66BF77DBF45A173FF6009C3ED0895C403AFDA <\/p>\n<h3>WEBSITE: OPEN IN AN ANONYMOUS BROWSER (the link does not work in other browsers!) <a href=\"https:\/\/www.torproject.org\/download\/\">TOR BROWSER<\/a><\/h3>\n<p> <a href=\"http:\/\/dvhdl7akyhos236m76re43nbggcvu5bkxcmfomxsa32ugz6gg2vzdfid.onion\">Www. dvhdl7akyhos236m76re43nbggcvu5bkxcmfomxsa32ugz6gg2vzdfid. onion<\/a><\/p>\n","protected":false},"excerpt":{"rendered":"<p>\u043f\u043e\u0440\u043d\u043e \u0434\u0435\u0442\u0435\u0439 \u0434\u043e 18 ZubeIti81 \u0424\u043e\u0440\u0443\u043c webcam remaja Sex-Doll Rape content yo8 yo9 yo10 yo12. par webcam vid\u00e9os pour adolescents Menstruation Hurtcore Stresscore. foro webcam adolescente VIDEO CASERO ADOLESCENTE STREAMING. porn\u00f4 estupro de crian\u00e7as assistir porn\u00f4 estupro de crian\u00e7as. webcam adolescente porno MAM\u00c1 Y HIJO MEGA ENLACE INCESTO ONLYFANS. EYAN844 EYAN945 WANZ2956 WANZ4957, \u041f\u0420\u0418\u0412\u0410\u0422 \u0417\u0410\u041f\u0418\u0421\u0418 [&hellip;]<\/p>\n","protected":false},"author":2,"featured_media":0,"parent":0,"menu_order":0,"comment_status":"closed","ping_status":"closed","template":"","meta":{"footnotes":""},"class_list":["post-772","page","type-page","status-publish","hentry"],"_links":{"self":[{"href":"https:\/\/www.optimiseconsulting.eu\/index.php\/wp-json\/wp\/v2\/pages\/772","targetHints":{"allow":["GET"]}}],"collection":[{"href":"https:\/\/www.optimiseconsulting.eu\/index.php\/wp-json\/wp\/v2\/pages"}],"about":[{"href":"https:\/\/www.optimiseconsulting.eu\/index.php\/wp-json\/wp\/v2\/types\/page"}],"author":[{"embeddable":true,"href":"https:\/\/www.optimiseconsulting.eu\/index.php\/wp-json\/wp\/v2\/users\/2"}],"replies":[{"embeddable":true,"href":"https:\/\/www.optimiseconsulting.eu\/index.php\/wp-json\/wp\/v2\/comments?post=772"}],"version-history":[{"count":0,"href":"https:\/\/www.optimiseconsulting.eu\/index.php\/wp-json\/wp\/v2\/pages\/772\/revisions"}],"wp:attachment":[{"href":"https:\/\/www.optimiseconsulting.eu\/index.php\/wp-json\/wp\/v2\/media?parent=772"}],"curies":[{"name":"wp","href":"https:\/\/api.w.org\/{rel}","templated":true}]}}