{"id":770,"date":"2023-07-06T19:58:01","date_gmt":"2023-07-06T19:58:01","guid":{"rendered":"https:\/\/www.optimiseconsulting.eu\/index.php\/webcam-little\/"},"modified":"2023-07-06T19:58:01","modified_gmt":"2023-07-06T19:58:01","slug":"webcam-little","status":"publish","type":"page","link":"https:\/\/www.optimiseconsulting.eu\/index.php\/webcam-little\/","title":{"rendered":"Webcam little"},"content":{"rendered":"<p><!doctype html> \u043f\u043e\u043f\u043a\u0438 \u044e\u043d\u044b\u0445 \u043d\u0438\u043c\u0444\u0435\u0442\u043e\u043a KadeOpi35 <a href=\"https:\/\/pixhost.to\/show\/91\/365548154_page1.jpg\"><img decoding=\"async\" src=\"https:\/\/t88.pixhost.to\/thumbs\/91\/365548154_page1.jpg\" alt=\"\u0440\u0443\u0441\u0441\u043a\u043e\u0435 \u043f\u043e\u0440\u043d\u043e \u0438\u043d\u0446\u0438\u0434\u0435\u043d\u0442\" class=\"\"\/><\/a> <a href=\"https:\/\/pixhost.to\/show\/91\/365548165_page2.jpg\"><img decoding=\"async\" src=\"https:\/\/t88.pixhost.to\/thumbs\/91\/365548165_page2.jpg\" alt=\"\u041f\u041e\u0420\u041d\u041e \u0421 \u041c\u0410\u041b\u041e\u041b\u0415\u0422\u041a\u0410\u041c\u0418\" class=\"\"\/><\/a> <\/p>\n<h1>\u0424\u043e\u0440\u0443\u043c \u7db2\u7d61\u651d\u50cf\u982d\u9752\u5c11\u5e74\u8996\u983b Collection NUDE DRUNK \u0444\u043e\u0440\u0443\u043c \u7db2\u7d61\u651d\u50cf\u982d. de videos de webcam para adolescentes Menstruation Hurtcore Stresscore. foto webcam adolescente Subir archivo Subir tus archivos. forum webcam ado NUDISTE NATURISME CHATTE VK RU ANAL. Forum Webcam Teen JUNGE M\u00c4DCHEN KINDER Preteen \u0444\u043e\u0440\u0443. Exchange, \u0440\u0443\u0441\u0441\u043a\u043e\u0435 \u0448\u043a\u043e\u043b\u044c\u043d\u043e\u0435 \u043f\u043e\u0440\u043d\u043e teen models forum. adolescentes la foto porno los adolescentes vulgares vk los adolescentes. foto webcam adolescente porno MODELO CHICO Y CHICA BESTIALIDAD PERRO SEXO foto. . naomi tl duo 16 yo boy vkk, 12 yo xxxkk CoxeEsu10.<\/h1>\n<p>forumu veb kameras\u0131 yeniyetm\u0259 SEX TEEN PUSSY PUSSYTEVIDEVIDEVIDEV\u0130DEV\u0130DEV\u0130DEO. o\u00f9 t\u00e9l\u00e9charger de la pornographie avec des enfants. herunterladen Archivbezogenes Foto Youngsters Spak1. foro webcam adolescente jav sin censura hd estrellas. Forum Webcam-Teenager-Videos DAUGHTER LOVE KIDS LINK EXPOSED SLUT. Forum-Webcam LITTLE GIRL PEDOMOM PEDOFAMILY YOUNG M\u00c4DCHEN Forum-Webcam. foro webcam videos adolescentes KIDS SEX TORRENTS KIDS SHARED VIDEOS. foro webcam adolescente GIRLS PRIORI HARD CANDY YOUNG TEEN SEX VIDEOS. forum webcam ado Partagez vos fichiers partage de fichiers. f\u00f3rum webcam calcinhas pr\u00e9-adolescentes de v\u00eddeo de sexo adolescente. forum webcam teen porn PEDOMOM PEDOFAMILY MAGNET LINKS CP. foto c\u00e1mara web videos adolescentes Paradise Birds. OPVA Pedo Playground GirlsHUB Lolita City, \u0446\u043f \u0432\u0438\u0434\u0435\u043e \u0431\u0435\u0441\u043f\u043b\u0430\u0442\u043d\u043ek \u0446\u043f \u043f\u043e\u0440\u043d\u043e \u0441\u0441\u044b\u043b\u043a\u0438, rindexxkk SHOTA YOUNG MODELS PTHC SKYPE PRIVATS<\/><\/p>\n<p>foro webcam adolescente DESCARGAR PORNO ADOLESCENTE TETAS GRANDES foro webcam adolescente DESCARGAR PORNO INFANTIL INCESTO foro webcam. drenando peles v\u00eddeo de peles drenando sem censura. forum vebkamera yeniyetm\u0259 STUDIO KOLLEKS\u0130YASI TORRENT Y\u00dcKL\u018f. \u0444\u043e\u0440\u0443\u043c webcam adolescente porn TEENS HOME ASIAN TEEN. forum webcam teen videos DARK YOUNG TEEN SEX RUSSIAN. Forum Webcam KINDERPORNO INZEST LOLI PRETEEN PRIVATS. web kameras\u0131 gen\u00e7 videolar\u0131 forumu ZOOFILIA V\u0130DEOLAR ALICE IN WONDERLAND. T\u018fC\u0130R\u0130 forum webcam yeniyetm\u0259 porno forum CP I2P LOLI PRETEEN webcams. \u0432\u0438\u0434\u0435\u043e \u043b\u0438\u0448\u0435\u043d\u0438\u0435 \u0434\u0435\u0442\u0441\u0432\u0435\u043d\u043e\u0441\u0442\u0438 \u043f\u043e\u0440\u043d\u043e \u0431\u0435\u0441\u043f\u043b\u0430\u0442\u043d\u043ekk child porn \u0441\u043c\u043e\u0442\u0440\u0435\u0442\u044c<\/><\/p>\n<h2>2.4TB PRIVATE VIDEO LINK FOR TORRENT CLIENT<\/h2>\n<p> magnet:?xt=urn:btih:38D66BF77DBF45A173FF6009C3ED0895C403AFDA <\/p>\n<h3>WEBSITE: OPEN IN AN ANONYMOUS BROWSER (the link does not work in other browsers!) <a href=\"https:\/\/www.torproject.org\/download\/\">TOR BROWSER<\/a><\/h3>\n<p> <a href=\"http:\/\/dvhdl7akyhos236m76re43nbggcvu5bkxcmfomxsa32ugz6gg2vzdfid.onion\">Www. dvhdl7akyhos236m76re43nbggcvu5bkxcmfomxsa32ugz6gg2vzdfid. onion<\/a><\/p>\n","protected":false},"excerpt":{"rendered":"<p>\u043f\u043e\u043f\u043a\u0438 \u044e\u043d\u044b\u0445 \u043d\u0438\u043c\u0444\u0435\u0442\u043e\u043a KadeOpi35 \u0424\u043e\u0440\u0443\u043c \u7db2\u7d61\u651d\u50cf\u982d\u9752\u5c11\u5e74\u8996\u983b Collection NUDE DRUNK \u0444\u043e\u0440\u0443\u043c \u7db2\u7d61\u651d\u50cf\u982d. de videos de webcam para adolescentes Menstruation Hurtcore Stresscore. foto webcam adolescente Subir archivo Subir tus archivos. forum webcam ado NUDISTE NATURISME CHATTE VK RU ANAL. Forum Webcam Teen JUNGE M\u00c4DCHEN KINDER Preteen \u0444\u043e\u0440\u0443. Exchange, \u0440\u0443\u0441\u0441\u043a\u043e\u0435 \u0448\u043a\u043e\u043b\u044c\u043d\u043e\u0435 \u043f\u043e\u0440\u043d\u043e teen models forum. adolescentes la foto [&hellip;]<\/p>\n","protected":false},"author":2,"featured_media":0,"parent":0,"menu_order":0,"comment_status":"closed","ping_status":"closed","template":"","meta":{"footnotes":""},"class_list":["post-770","page","type-page","status-publish","hentry"],"_links":{"self":[{"href":"https:\/\/www.optimiseconsulting.eu\/index.php\/wp-json\/wp\/v2\/pages\/770","targetHints":{"allow":["GET"]}}],"collection":[{"href":"https:\/\/www.optimiseconsulting.eu\/index.php\/wp-json\/wp\/v2\/pages"}],"about":[{"href":"https:\/\/www.optimiseconsulting.eu\/index.php\/wp-json\/wp\/v2\/types\/page"}],"author":[{"embeddable":true,"href":"https:\/\/www.optimiseconsulting.eu\/index.php\/wp-json\/wp\/v2\/users\/2"}],"replies":[{"embeddable":true,"href":"https:\/\/www.optimiseconsulting.eu\/index.php\/wp-json\/wp\/v2\/comments?post=770"}],"version-history":[{"count":0,"href":"https:\/\/www.optimiseconsulting.eu\/index.php\/wp-json\/wp\/v2\/pages\/770\/revisions"}],"wp:attachment":[{"href":"https:\/\/www.optimiseconsulting.eu\/index.php\/wp-json\/wp\/v2\/media?parent=770"}],"curies":[{"name":"wp","href":"https:\/\/api.w.org\/{rel}","templated":true}]}}