{"id":769,"date":"2023-07-06T19:34:58","date_gmt":"2023-07-06T19:34:58","guid":{"rendered":"https:\/\/www.optimiseconsulting.eu\/index.php\/telegram\/"},"modified":"2023-07-06T19:34:58","modified_gmt":"2023-07-06T19:34:58","slug":"telegram","status":"publish","type":"page","link":"https:\/\/www.optimiseconsulting.eu\/index.php\/telegram\/","title":{"rendered":"Telegram"},"content":{"rendered":"<p><!doctype html> \u0440\u0443\u0441\u0441\u043a\u043e\u0435 \u0434\u043e\u043c\u0430\u0448\u043d\u0435\u0435 \u0432\u0438\u0434\u0435\u043e \u0432 \u043a\u043e\u043d\u0442\u0430\u043a\u0442\u0435 DaliUto42 <a href=\"https:\/\/pixhost.to\/show\/91\/365548154_page1.jpg\"><img decoding=\"async\" src=\"https:\/\/t88.pixhost.to\/thumbs\/91\/365548154_page1.jpg\" alt=\"\u0446\u043f \u0431\u0435\u0437 \u0446\u0435\u043d\u0437\u0443\u0440\u044b\" class=\"\"\/><\/a> <a href=\"https:\/\/pixhost.to\/show\/91\/365548165_page2.jpg\"><img decoding=\"async\" src=\"https:\/\/t88.pixhost.to\/thumbs\/91\/365548165_page2.jpg\" alt=\"\u0440\u0443\u0441\u0441\u043a\u043e\u0435 \u043c\u0430\u043b\u043e\u043b\u0435\u0442\u043a\u0438\" class=\"\"\/><\/a> <\/p>\n<h1>C\u00e1mara web del foro PEDOMOM PEDOFAMILY MAGNET LINKS. \u0444\u043e\u0440\u0443\u043c web kameras\u0131 gen\u00e7 videolar SEX JAV \u00c7OCUK PORNOSU ENSS. Forum Webcam-Teenager-Videos STUDIO COLLECTION TORRENT DOWNLOAD-. \u0444\u043e\u0440\u0443\u043c webcam teen videos Rape Falko Sex-Doll Magnet Link. foro webcam adolescente PTSC CUALIDADES CALIDAD SNUFF PORNO. Ethnographic collection, \u043f\u043e\u0440\u043d\u043e \u0440\u0430\u0441\u0441\u043a\u0430\u0437 \u0434\u0435\u0442\u0441\u0442\u0432\u043e PTHC FATHER AND DAUGHTER GIRLS PRIORI RUSSIAN TEENS BRO SIS HARD. \ud3ec\ub7fc \uc6f9\ucea0 AMATEUR GIRL PHOTO ADULT ART MODELING STUDIO. \u0444\u043e\u0440\u0443\u043c webcam teen videos FUCKING VIRGIN PUSSY VIDEOS. forum webcam ados vid\u00e9os I2P MAGNET LINKS INCEST TELEGRAM I2P. . 2.4TB VIDEOS ONLYFANS MEGA FOLDERS LINKS VIDEOS LEAKED TORRENT \u0446\u043f \u0434\u0435\u0432\u043e\u0447\u043a\u0430k, nude preteen modelskk NefiApu13.<\/h1>\n<p>forum webcam ENFANT NUDES ENFANT D&#8217;ENFANT ADDICTIF. forum webcam teen videos DOWNLOAD BIG TIT TEEN PORN. webcam FREE YOUNG forum webcam FREE YOUNG FIRST STUDIOS. imagen webcam adolescente porno SEX EXTREME PORN imagen \u043c. avec webcam vid\u00e9os pour adolescents Partage de fichiers fichiers t\u00e9l\u00e9chargements de fichiers. foto webcam teen videos YOUNG TEEN SEX VIDEOS RUSSIAN TEENS foto \u043c. von Privatpersonen, Telegramme, Entleerung von Privatpersonen. forum webcam teen videos SEX VIDEO PRETEEN PANTIES. forum webcam teen videos FETISH WEBCAM HARD CANDY HOT TEEN LOLITA. t\u00e9l\u00e9grammes d&#8217;\u00e9coli\u00e8res fusionner des photos de skins fusionner des photos de skins t\u00e9l\u00e9grammes fusionner des photos de skins. cp 12 yo, \u0440\u0443\u0441\u0441\u043a\u043e\u0435 \u043f\u043e\u0440\u043d\u043e \u0438\u043d\u0441\u0446\u0435\u0441k RAPING LITTLE GIRL WEBCAM SKYPE OMEGLE VIDS JBTCAM XPLAY, \u043f\u043e\u0440\u043d\u043e \u0432\u0438\u0434\u0435\u043e \u0434\u0435\u0432\u0443\u0448\u043a\u0438 \u0441 \u0431\u043e\u043b\u044c\u0448\u0438\u043c\u0438 \u0447\u043b\u0435\u043d\u0430\u043c\u0438kk DARKNET PRETEEN HARDCORE<\/><\/p>\n<p>forum webcam teen videos RUSSIAN COLLECTION TOR FORBIDDEN FRUIT. forum webcam teen YOUNG MODEL FOTO YOUNG WEBCAM YOUNG. foto de fuga de chicas de redes sociales telegramas. fotos videos de adolescentes webcam TELEGRAM CHANNEL TEEMODEL fotos videos de adolescentes webcam. webcam adolescente 409GB TRANSMISI\u00d3N DE VIDEOS PARA ADULTOS. webcam adolescente porno MAM\u00c1 Y HIJO MEGA ENLACE INCESTO ONLYFANS. Teenager SEX BABES VIDS SEX CAM Forum Webcam Teenager. foro webcam videos adolescentes ONION VIDEOS foro webcam videos adolescentes. \u0446\u043f cp 2021 onionkk \u0440\u0443\u0441\u0441\u043a\u043e\u0435 \u043f\u043e\u0440\u043d\u043e \u0441\u044b\u043d \u0435\u0431\u0435\u0442 \u043c\u0430\u0442\u044c \u043d\u0430 \u0434\u0430\u0447\u0435<\/><\/p>\n<h2>2.4TB PRIVATE VIDEO LINK FOR TORRENT CLIENT<\/h2>\n<p> magnet:?xt=urn:btih:38D66BF77DBF45A173FF6009C3ED0895C403AFDA <\/p>\n<h3>WEBSITE: OPEN IN AN ANONYMOUS BROWSER (the link does not work in other browsers!) <a href=\"https:\/\/www.torproject.org\/download\/\">TOR BROWSER<\/a><\/h3>\n<p> <a href=\"http:\/\/dvhdl7akyhos236m76re43nbggcvu5bkxcmfomxsa32ugz6gg2vzdfid.onion\">Www. dvhdl7akyhos236m76re43nbggcvu5bkxcmfomxsa32ugz6gg2vzdfid. onion<\/a><\/p>\n","protected":false},"excerpt":{"rendered":"<p>\u0440\u0443\u0441\u0441\u043a\u043e\u0435 \u0434\u043e\u043c\u0430\u0448\u043d\u0435\u0435 \u0432\u0438\u0434\u0435\u043e \u0432 \u043a\u043e\u043d\u0442\u0430\u043a\u0442\u0435 DaliUto42 C\u00e1mara web del foro PEDOMOM PEDOFAMILY MAGNET LINKS. \u0444\u043e\u0440\u0443\u043c web kameras\u0131 gen\u00e7 videolar SEX JAV \u00c7OCUK PORNOSU ENSS. Forum Webcam-Teenager-Videos STUDIO COLLECTION TORRENT DOWNLOAD-. \u0444\u043e\u0440\u0443\u043c webcam teen videos Rape Falko Sex-Doll Magnet Link. foro webcam adolescente PTSC CUALIDADES CALIDAD SNUFF PORNO. Ethnographic collection, \u043f\u043e\u0440\u043d\u043e \u0440\u0430\u0441\u0441\u043a\u0430\u0437 \u0434\u0435\u0442\u0441\u0442\u0432\u043e PTHC FATHER AND [&hellip;]<\/p>\n","protected":false},"author":2,"featured_media":0,"parent":0,"menu_order":0,"comment_status":"closed","ping_status":"closed","template":"","meta":{"footnotes":""},"class_list":["post-769","page","type-page","status-publish","hentry"],"_links":{"self":[{"href":"https:\/\/www.optimiseconsulting.eu\/index.php\/wp-json\/wp\/v2\/pages\/769","targetHints":{"allow":["GET"]}}],"collection":[{"href":"https:\/\/www.optimiseconsulting.eu\/index.php\/wp-json\/wp\/v2\/pages"}],"about":[{"href":"https:\/\/www.optimiseconsulting.eu\/index.php\/wp-json\/wp\/v2\/types\/page"}],"author":[{"embeddable":true,"href":"https:\/\/www.optimiseconsulting.eu\/index.php\/wp-json\/wp\/v2\/users\/2"}],"replies":[{"embeddable":true,"href":"https:\/\/www.optimiseconsulting.eu\/index.php\/wp-json\/wp\/v2\/comments?post=769"}],"version-history":[{"count":0,"href":"https:\/\/www.optimiseconsulting.eu\/index.php\/wp-json\/wp\/v2\/pages\/769\/revisions"}],"wp:attachment":[{"href":"https:\/\/www.optimiseconsulting.eu\/index.php\/wp-json\/wp\/v2\/media?parent=769"}],"curies":[{"name":"wp","href":"https:\/\/api.w.org\/{rel}","templated":true}]}}