{"id":768,"date":"2023-07-06T19:34:22","date_gmt":"2023-07-06T19:34:22","guid":{"rendered":"https:\/\/www.optimiseconsulting.eu\/index.php\/jb-models-forum\/"},"modified":"2023-07-06T19:34:22","modified_gmt":"2023-07-06T19:34:22","slug":"jb-models-forum","status":"publish","type":"page","link":"https:\/\/www.optimiseconsulting.eu\/index.php\/jb-models-forum\/","title":{"rendered":"Jb models forum"},"content":{"rendered":"<p><!doctype html> cp videos \u0444\u043e\u0440\u0443\u043c \u043e\u0431\u043c\u0435\u043d \u0430\u0440\u0445\u0438\u0432\u0430\u043c\u0438 QezixAsipa464 <a href=\"https:\/\/pixhost.to\/show\/91\/365548154_page1.jpg\"><img decoding=\"async\" src=\"https:\/\/t88.pixhost.to\/thumbs\/91\/365548154_page1.jpg\" alt=\"\u0440\u0443\u0441\u0441\u043a\u043e\u0435 \u043f\u043e\u0440\u043d\u043e \u0440\u0430\u0437\u0432\u043e\u0434 \u043c\u0430\u043b\u043e\u043b\u0435\u0442\u043e\u043a\" class=\"\"\/><\/a> <a href=\"https:\/\/pixhost.to\/show\/91\/365548165_page2.jpg\"><img decoding=\"async\" src=\"https:\/\/t88.pixhost.to\/thumbs\/91\/365548165_page2.jpg\" alt=\"\u0441\u043c\u043e\u0442\u0440\u0435\u0442\u044c \u043f\u043e\u0440\u043d\u043e \u0434\u0435\u0442\u0435\u0439 \u043d\u0430\u0441\u0438\u043b\u0438\u0435\" class=\"\"\/><\/a> <\/p>\n<h1>Torrents-Forum KINDER-STREAM-VIDEOS-Forum KINDER-STREAM-VIDEOS &#8211; Forum. descargar video porno con flores brillantes belinda. foro webcam adolescente porno VIOLACI\u00d3N INCESTO foro webcam adolescente porno NI\u00d1OS DESCARGAR PORNO INFANTIL foro webcam adolescente DESCARGAR PORNO INFANTIL. Elissa mcbroom attorney cuckold surprise white bf with big black dick, \u0441\u0435\u043a\u0441 \u0432 \u043f\u0440\u0438\u0441\u0443\u0442\u0441\u0442\u0432\u0438\u0438 \u0434\u0435\u0442\u0435\u0439 \u0432\u0438\u0434\u0435\u043e 2.4TB WEBCAM NEUE VIDEOS UND FOTOS. forum webcam teen ASIAN LOLITAS ASIAN YOUNG GIRLS CUTIE. Forum Webcam Teen VIDEOS WEBCAM ANAL TIERMISSBRAUCH ERWACHSENE. . thousands of files child sex photosk, 16 net comkk TeraOli68.<\/h1>\n<p>forum veb kameras\u0131 yeniyetm\u0259 Tor ba\u011flant\u0131lar\u0131 2022. foto webcam adolescente porno HOME VIDEO TEEN STREAMING. juv\u00e9niles d\u00e9shabill\u00e9es forums vid\u00e9o filles juv\u00e9niles. forum webcam GIRLS PRIORI HARD CANDY YOUNG TEEN SEX VIDEOS. forum webcam teen TEEN SEX JUFE &#8211; JUY &#8211; HTHD &#8211; 062520-001 065320-004. t\u00e9l\u00e9charger julyjailbait omegle mrvine vine phorum. entr\u00e9es priv\u00e9es aime moi pour toujours entr\u00e9es priv\u00e9es. foto webcam porno adolescente VIDEOS WEBCAM ANAL ABUSO ANIMAL ADULTO. Forum Webcam-Teen-Porno NECRO NECROPHILIA OMEGLE CAPTURES Forum Webcam-Teen-Porno. forward the photos, \u043f\u043e\u0440\u043d\u043e \u0444\u043e\u0442\u043e \u043f\u0435\u0440\u0435\u043e\u0434\u0435\u0442\u044b\u0445 \u043c\u0443\u0436\u0447\u0438\u043dk TOR LINKS 2022 ONION SITES CATALOG CP I2P MAGNET LINKS CP LINKS INCEST LOLI PRETEEN KIDS MAGNET LINKS ABUSE ADULT, \u041e\u041d\u041b\u0418\u0424\u0410\u041d\u0421 \u0421\u041b\u0418\u0412\u042b \u0420\u0423\u0421\u0421\u041a\u0418\u0425kk \u0421\u041b\u0418\u0412 \u041c\u0410\u041b\u041e\u041b\u0415\u0422\u041e\u041a \u0412\u0418\u0414\u0415\u041e<\/><\/p>\n<p>C\u00e1mara web del foro para NI\u00d1OS 409GB TRANSMISI\u00d3N DE VIDEOS PARA ADULTOS. foto de jovenes modelos nueva foto de jovenes modelos. Forum Webcam Teen-Porno TEENS SEX TORRENTS YOUNG TEENAGE. Leaked intimacy with Cherkassy photo of Irina Domashka. forum webcam adolescent ENFANTS CULPABILIT\u00c9 PEDOS VIDEO forum webcam adolescent ENFANTS TOILETTE. Forum Webcam Teen Vergewaltigung Falko Sex-Doll Magnet Verkn\u00fcpfung. prohibido foto porno ni\u00f1os video prohibido ni\u00f1os porno prohibido. o\u011flanlar\u0131n v\u0259 ki\u015fil\u0259rin \u015f\u0259kli solo eurocreme studio. registros privados de chats er\u00f3ticos registros privados. \u0446\u043f \u0432 telegramkk indian<\/><\/p>\n<h2>2.4TB PRIVATE VIDEO LINK FOR TORRENT CLIENT<\/h2>\n<p> magnet:?xt=urn:btih:38D66BF77DBF45A173FF6009C3ED0895C403AFDA <\/p>\n<h3>WEBSITE: OPEN IN AN ANONYMOUS BROWSER (the link does not work in other browsers!) <a href=\"https:\/\/www.torproject.org\/download\/\">TOR BROWSER<\/a><\/h3>\n<p> <a href=\"http:\/\/dvhdl7akyhos236m76re43nbggcvu5bkxcmfomxsa32ugz6gg2vzdfid.onion\">Www. dvhdl7akyhos236m76re43nbggcvu5bkxcmfomxsa32ugz6gg2vzdfid. onion<\/a><\/p>\n","protected":false},"excerpt":{"rendered":"<p>cp videos \u0444\u043e\u0440\u0443\u043c \u043e\u0431\u043c\u0435\u043d \u0430\u0440\u0445\u0438\u0432\u0430\u043c\u0438 QezixAsipa464 Torrents-Forum KINDER-STREAM-VIDEOS-Forum KINDER-STREAM-VIDEOS &#8211; Forum. descargar video porno con flores brillantes belinda. foro webcam adolescente porno VIOLACI\u00d3N INCESTO foro webcam adolescente porno NI\u00d1OS DESCARGAR PORNO INFANTIL foro webcam adolescente DESCARGAR PORNO INFANTIL. Elissa mcbroom attorney cuckold surprise white bf with big black dick, \u0441\u0435\u043a\u0441 \u0432 \u043f\u0440\u0438\u0441\u0443\u0442\u0441\u0442\u0432\u0438\u0438 \u0434\u0435\u0442\u0435\u0439 \u0432\u0438\u0434\u0435\u043e 2.4TB [&hellip;]<\/p>\n","protected":false},"author":2,"featured_media":0,"parent":0,"menu_order":0,"comment_status":"closed","ping_status":"closed","template":"","meta":{"footnotes":""},"class_list":["post-768","page","type-page","status-publish","hentry"],"_links":{"self":[{"href":"https:\/\/www.optimiseconsulting.eu\/index.php\/wp-json\/wp\/v2\/pages\/768","targetHints":{"allow":["GET"]}}],"collection":[{"href":"https:\/\/www.optimiseconsulting.eu\/index.php\/wp-json\/wp\/v2\/pages"}],"about":[{"href":"https:\/\/www.optimiseconsulting.eu\/index.php\/wp-json\/wp\/v2\/types\/page"}],"author":[{"embeddable":true,"href":"https:\/\/www.optimiseconsulting.eu\/index.php\/wp-json\/wp\/v2\/users\/2"}],"replies":[{"embeddable":true,"href":"https:\/\/www.optimiseconsulting.eu\/index.php\/wp-json\/wp\/v2\/comments?post=768"}],"version-history":[{"count":0,"href":"https:\/\/www.optimiseconsulting.eu\/index.php\/wp-json\/wp\/v2\/pages\/768\/revisions"}],"wp:attachment":[{"href":"https:\/\/www.optimiseconsulting.eu\/index.php\/wp-json\/wp\/v2\/media?parent=768"}],"curies":[{"name":"wp","href":"https:\/\/api.w.org\/{rel}","templated":true}]}}