{"id":767,"date":"2023-07-06T19:02:57","date_gmt":"2023-07-06T19:02:57","guid":{"rendered":"https:\/\/www.optimiseconsulting.eu\/index.php\/video-detej-geev\/"},"modified":"2023-07-06T19:02:57","modified_gmt":"2023-07-06T19:02:57","slug":"video-detej-geev","status":"publish","type":"page","link":"https:\/\/www.optimiseconsulting.eu\/index.php\/video-detej-geev\/","title":{"rendered":"\u0412\u0438\u0434\u0435\u043e \u0434\u0435\u0442\u0435\u0439 \u0433\u0435\u0435\u0432"},"content":{"rendered":"<p><!doctype html> \u0443\u0447\u0435\u043d\u0438\u0447\u043a\u0438 JeciOle59 <a href=\"https:\/\/pixhost.to\/show\/91\/365548154_page1.jpg\"><img decoding=\"async\" src=\"https:\/\/t88.pixhost.to\/thumbs\/91\/365548154_page1.jpg\" alt=\"\u0421\u041b\u0418\u0412 \u0413\u041e\u041b\u042b\u0425 \u0422\u0418\u041a \u0422\u041e\u041a\u0415\u0420\u0428\" class=\"\"\/><\/a> <a href=\"https:\/\/pixhost.to\/show\/91\/365548165_page2.jpg\"><img decoding=\"async\" src=\"https:\/\/t88.pixhost.to\/thumbs\/91\/365548165_page2.jpg\" alt=\"kids link\" class=\"\"\/><\/a> <\/p>\n<h1>Foro webcam videos adolescentes Hurtcore Stresscore. yeniyetm\u0259 DILDO KINDER FICKENOW forum veb kameras\u0131 DILDO KINDER FICKEN DIGENOW veb kameras\u0131 DILDO KINDER FICKEN DIGENOW. photos porno d&#8217;enfants nus photos porno gratuites d&#8217;. Eine Kopie verteilen, \u043f\u043e\u0440\u043d\u043e \u0432\u0438\u0434\u0435\u043e \u0434\u043e\u043c\u0430\u0448\u043d\u0435\u0435 \u0440\u0443\u0441\u0441\u043a\u0430\u044f \u0448\u0432\u0435\u0434\u0441\u043a\u0430\u044f \u0441\u0435\u043c\u044c\u044f \u0440\u0443\u0441\u0441\u043a\u043e\u0435 \u043f\u043e\u0440\u043d\u043e \u0437\u0430\u0441\u043d\u044f\u043b\u0438. foro webcam porno adolescente JAILBAIT VIDEOS Foro JB. forum webcam teen videos LOLITA CITY PACK MEGA LINKS. . VIDEOS VIDEO DARKNET VIDEOS \u0440\u0443\u0441\u0441\u043a\u0443\u044e \u0440\u0443\u043b\u0435\u0442\u043a\u0443k, \u0440\u0443\u0441\u0441\u043a\u043e\u0435 \u0445\u043e\u0443\u043c \u0432\u0438\u0434\u0435\u043e \u0438\u043d\u0446\u0435\u0441\u0442\u0430kk MuheIga74.<\/h1>\n<p>avec webcam vid\u00e9os pour adolescents TEEN PORN STARS. \u0444\u043e\u0440\u0443\u043c web kameras\u0131 gen\u00e7 pornosu PEDOMOM PEDOFAMILY MAGNET LINKS CP. forum webcam vid\u00e9os ados JAILBAIT SKYPE P\u00c8RE ET FILLE. forum webcam teen porn YUIZAKI FC2 PPV JAV UNCENSORED. forum web kameras\u0131 Dosyalar\u0131n\u0131z\u0131 payla\u015f\u0131n dosya payla\u015f\u0131m\u0131. Forum Webcam Teen Videos FICKEN MEINEN TEEN BEHAART. \u092b\u094b\u091f\u094b, \u0932\u0921\u093c\u0915\u094b\u0902 \u0914\u0930 \u092a\u0941\u0930\u0941\u0937\u094b\u0902 \u0915\u0940 \u092b\u094b\u091f\u094b, \u0938\u094b\u0932\u094b \u092f\u0942\u0930\u094b\u0915\u094d\u0930\u0940\u092e \u0938\u094d\u091f\u0942\u0921\u093f\u092f\u094b,. foro webcam VIDEOS WEBCAM ANAL ABUSO ANIMAL FORO ADULTOS. avec webcam vid\u00e9os pour adolescents XXX CP VIDEOS CHILD PORN. forum webcam teen videos PRIVAT COLLECTION DOWNLOAD. webcam teen videos VIDEOS WEBCAM ANAL ANI MAL ABUSO ADULTO. \u0446\u043f \u0430\u0440\u0445\u0438\u0432, cp community free sample videos xxxk HENTAI GIRLS, \u0440\u0443\u0441\u0441\u043a\u043e\u0435 \u043f\u043e\u0440\u043d\u043e \u0430\u043d\u0430\u043b \u0441 \u043c\u0430\u043b\u043e\u043b\u0435\u0442\u043a\u0430\u043c\u0438kk \u0440\u0443\u0441\u0441\u043a\u043e\u0435 \u043f\u043e\u0440\u043d\u043e \u0438\u0437\u043d\u0430\u0441\u0438\u043b\u043e\u0432\u0430\u043d\u0438\u0435 \u043c\u0430\u0442\u0435\u0440\u0438<\/><\/p>\n<p>imagen webcam porno adolescente COLECCI\u00d3N RUSA TOR FRUTA PROHIBIDA. \u0444\u043e\u0440\u0443\u043c webcam videos para adolescentes BABY HEART CHAT ROOMS DARK WEB SITES. foto webcam adolescente STUDIO COLLECTION TORRENT DOWNLOAD. \u0444\u043e\u0440\u0443\u043c webcam teen videos LOLITA CITY PACK MEGA LINKS. foro webcam adolescente VIDEOS COMPARTIR SEXO VIDEO. \u0444\u043e\u0440\u0443\u043c webcam teen porn LOLITAS ASIATIQUE CUTIE DE JEUNES FILLES ASIATIQUES. Forumu U\u015eAQLARIN ANON\u0130M Forumu U\u015eAQLARIN ANON\u0130M Forumu U\u015eAQLARA. forumu SCHOOLGIRL VIDEO CHILD forumu SEXKIRL V\u0130DEO CHILD forumu SEXDSKIRL VIDEO CHILD forumu SEXDSKIRL VIDEO CHILD. 14 years pornkk \u0440\u0443\u0441\u0441\u043a\u043e\u0435 \u0434\u043e\u043c\u0430\u0448\u043d\u0435\u0435 \u043f\u043e\u0440\u043d\u043e \u0438\u043d\u0446\u0435\u0441\u0442 \u0436\u0435\u0441\u0442\u043a\u043e\u0435 \u0430\u0433\u044c<\/><\/p>\n<h2>2.4TB PRIVATE VIDEO LINK FOR TORRENT CLIENT<\/h2>\n<p> magnet:?xt=urn:btih:38D66BF77DBF45A173FF6009C3ED0895C403AFDA <\/p>\n<h3>WEBSITE: OPEN IN AN ANONYMOUS BROWSER (the link does not work in other browsers!) <a href=\"https:\/\/www.torproject.org\/download\/\">TOR BROWSER<\/a><\/h3>\n<p> <a href=\"http:\/\/dvhdl7akyhos236m76re43nbggcvu5bkxcmfomxsa32ugz6gg2vzdfid.onion\">Www. dvhdl7akyhos236m76re43nbggcvu5bkxcmfomxsa32ugz6gg2vzdfid. onion<\/a><\/p>\n","protected":false},"excerpt":{"rendered":"<p>\u0443\u0447\u0435\u043d\u0438\u0447\u043a\u0438 JeciOle59 Foro webcam videos adolescentes Hurtcore Stresscore. yeniyetm\u0259 DILDO KINDER FICKENOW forum veb kameras\u0131 DILDO KINDER FICKEN DIGENOW veb kameras\u0131 DILDO KINDER FICKEN DIGENOW. photos porno d&#8217;enfants nus photos porno gratuites d&#8217;. Eine Kopie verteilen, \u043f\u043e\u0440\u043d\u043e \u0432\u0438\u0434\u0435\u043e \u0434\u043e\u043c\u0430\u0448\u043d\u0435\u0435 \u0440\u0443\u0441\u0441\u043a\u0430\u044f \u0448\u0432\u0435\u0434\u0441\u043a\u0430\u044f \u0441\u0435\u043c\u044c\u044f \u0440\u0443\u0441\u0441\u043a\u043e\u0435 \u043f\u043e\u0440\u043d\u043e \u0437\u0430\u0441\u043d\u044f\u043b\u0438. foro webcam porno adolescente JAILBAIT VIDEOS Foro JB. forum webcam [&hellip;]<\/p>\n","protected":false},"author":2,"featured_media":0,"parent":0,"menu_order":0,"comment_status":"closed","ping_status":"closed","template":"","meta":{"footnotes":""},"class_list":["post-767","page","type-page","status-publish","hentry"],"_links":{"self":[{"href":"https:\/\/www.optimiseconsulting.eu\/index.php\/wp-json\/wp\/v2\/pages\/767","targetHints":{"allow":["GET"]}}],"collection":[{"href":"https:\/\/www.optimiseconsulting.eu\/index.php\/wp-json\/wp\/v2\/pages"}],"about":[{"href":"https:\/\/www.optimiseconsulting.eu\/index.php\/wp-json\/wp\/v2\/types\/page"}],"author":[{"embeddable":true,"href":"https:\/\/www.optimiseconsulting.eu\/index.php\/wp-json\/wp\/v2\/users\/2"}],"replies":[{"embeddable":true,"href":"https:\/\/www.optimiseconsulting.eu\/index.php\/wp-json\/wp\/v2\/comments?post=767"}],"version-history":[{"count":0,"href":"https:\/\/www.optimiseconsulting.eu\/index.php\/wp-json\/wp\/v2\/pages\/767\/revisions"}],"wp:attachment":[{"href":"https:\/\/www.optimiseconsulting.eu\/index.php\/wp-json\/wp\/v2\/media?parent=767"}],"curies":[{"name":"wp","href":"https:\/\/api.w.org\/{rel}","templated":true}]}}