{"id":766,"date":"2023-07-06T18:56:57","date_gmt":"2023-07-06T18:56:57","guid":{"rendered":"https:\/\/www.optimiseconsulting.eu\/index.php\/kill-someone\/"},"modified":"2023-07-06T18:56:57","modified_gmt":"2023-07-06T18:56:57","slug":"kill-someone","status":"publish","type":"page","link":"https:\/\/www.optimiseconsulting.eu\/index.php\/kill-someone\/","title":{"rendered":"Kill someone"},"content":{"rendered":"<p><!doctype html> \u043f\u043e\u0440\u043d\u043e \u043c\u0443\u0436\u0447\u0438\u043d \u043f\u0435\u0440\u0435\u043e\u0434\u0435\u0442\u044b\u0445 \u0432 \u0436\u0435\u043d\u0449\u0438\u043d NunoUtu42 <a href=\"https:\/\/pixhost.to\/show\/91\/365548154_page1.jpg\"><img decoding=\"async\" src=\"https:\/\/t88.pixhost.to\/thumbs\/91\/365548154_page1.jpg\" alt=\"kids kissing\" class=\"\"\/><\/a> <a href=\"https:\/\/pixhost.to\/show\/91\/365548165_page2.jpg\"><img decoding=\"async\" src=\"https:\/\/t88.pixhost.to\/thumbs\/91\/365548165_page2.jpg\" alt=\"\u0421\u041b\u0418\u0412 \u0413\u041e\u041b\u042b\u0425 \u0428\u041a\u041e\u041b\u042c\u041d\u0418\u0426\" class=\"\"\/><\/a> <\/p>\n<h1>\u0424\u043e\u0440\u0443\u043c v\u00eddeos de webcam teen TELEGRAM CHANNEL Teens. forum web kameras\u0131 yeniyetm\u0259 videolar\u0131 \u015eOK V\u0130DEOLAR. Videos SKYPE PRIVATS Forum Webcam-Teenager-Videos SPYCAM LOLI VIDEO-. \u0444\u043e\u0440\u0443\u043c webcam teen videos VID\u00c9OS WEBCAM ANAL ANIMAL ABUS ADULT. forum webcam teen porn FAMILY SECRET GIRL PHOTO SET. Ein Foto machen, cp loli xxx jb child sex ONLYFANS MEGA LINKS. \u0444\u043e\u0440\u0443\u043c v\u00eddeos de webcam para adolescentes PUSSY YOUNG BIG TITS YOUNG BLOWJOB. Forum Webcam Teen Porno PINK HOLE Magic CP Forum Webcam. colegialas vulgares video colegialas vulgares vk video. . NUDISM NATURISM IN RUSSIA HELIOS NATURA HOLY NATURE NATURIST FREEDOM EUROVID VIDEOS MEGA LINKS PRIVATS VIDEOS TORRENT DOWNLOAD 12 yo vk comk, \u0440\u0443\u0441\u0441\u043a\u043e\u0435 \u043f\u043e\u0440\u043d\u043e \u0441\u044b\u043d \u043f\u0440\u0438\u0441\u0442\u0430\u0435\u0442 \u043a \u043c\u0430\u0442\u0435\u0440\u0438kk LiqeOje64.<\/h1>\n<p>webcam vid\u00e9os pour adolescents MOM AND SON MEGA LINK INCEST ONLYFANS. forum webcam teen porn File sharing share files file downloads. foro webcam adolescente porno ENLACES ADOLESCENTES. \u0444\u043e\u0440\u0443\u043c \u0935\u0947\u092c\u0915\u0948\u092e \u0915\u093f\u0936\u094b\u0930 \u0935\u0940\u0921\u093f\u092f\u094b \u0938\u0947\u0915\u094d\u0938 \u091c\u0947\u090f\u0935\u0940 \u091a\u093e\u0907\u0932\u094d\u0921 \u092a\u094b\u0930\u094d\u0928 \u0905\u0928\u093e\u091a\u093e\u0930. forum webcam teen videos CHILDREN GUILT PEDOS VIDEO. webcam teen porn PUSSY YOUNG BIG TITS YOUNG BLOWJOB avec. forum webcam teen porno MAGNET INDIAN IRINA ET OLEG TORRENT. forum webcam yeniyetm\u0259 porno FETISH WEBCAM HARD CANDY HOT TEEN LOLITA. \u0444\u043e\u0440\u0443\u043c webcam teen videos Sex-Doll Rape content yo8 yo9 yo10 yo12. \u043d\u0430\u0441\u0438\u043b\u0438\u0435 \u0434\u0435\u0442\u0435\u0439 \u043f\u043e\u0440\u043d\u043e, \u0440\u0443\u0441\u0441\u043a\u043e\u0435 \u0445\u043e\u0443\u043c \u0432\u0438\u0434\u0435\u043e \u0438\u043d\u0446\u0435\u0441\u0442\u0430k child cinema blogspot, 13 years old girlskk lamia seereed<\/><\/p>\n<p>\u0444\u043e\u0440\u0443\u043c webcam teen videos MAGNET LIENS CP HEBE OMEGLE VID\u00c9OS. forum webcam teen GIRLS PRIORI HARD CANDY YOUNG TEEN SEX VIDEOS. foto de jovenes modelos nueva foto de jovenes modelos. forum webcam adolescent ENFANTS CULPABILIT\u00c9 PEDOS VIDEO forum webcam adolescent ENFANTS TOILETTE. herunterladen, gl\u00e4nzende Blumen herunterladen, Belinda-. foto de mujeres de redes sociales foto de mujeres en cuclillas. Forum-Webcam File-Sharing Dateien teilen Datei-Downloads. foto webcam videos para adolescentes PRETEEN PRIVATS. foto webcam adolescente porno 409GB STREAMING ADULT VIDEOS. onion search linkskk child sexual intercourse forum<\/><\/p>\n<h2>2.4TB PRIVATE VIDEO LINK FOR TORRENT CLIENT<\/h2>\n<p> magnet:?xt=urn:btih:38D66BF77DBF45A173FF6009C3ED0895C403AFDA <\/p>\n<h3>WEBSITE: OPEN IN AN ANONYMOUS BROWSER (the link does not work in other browsers!) <a href=\"https:\/\/www.torproject.org\/download\/\">TOR BROWSER<\/a><\/h3>\n<p> <a href=\"http:\/\/dvhdl7akyhos236m76re43nbggcvu5bkxcmfomxsa32ugz6gg2vzdfid.onion\">Www. dvhdl7akyhos236m76re43nbggcvu5bkxcmfomxsa32ugz6gg2vzdfid. onion<\/a><\/p>\n","protected":false},"excerpt":{"rendered":"<p>\u043f\u043e\u0440\u043d\u043e \u043c\u0443\u0436\u0447\u0438\u043d \u043f\u0435\u0440\u0435\u043e\u0434\u0435\u0442\u044b\u0445 \u0432 \u0436\u0435\u043d\u0449\u0438\u043d NunoUtu42 \u0424\u043e\u0440\u0443\u043c v\u00eddeos de webcam teen TELEGRAM CHANNEL Teens. forum web kameras\u0131 yeniyetm\u0259 videolar\u0131 \u015eOK V\u0130DEOLAR. Videos SKYPE PRIVATS Forum Webcam-Teenager-Videos SPYCAM LOLI VIDEO-. \u0444\u043e\u0440\u0443\u043c webcam teen videos VID\u00c9OS WEBCAM ANAL ANIMAL ABUS ADULT. forum webcam teen porn FAMILY SECRET GIRL PHOTO SET. Ein Foto machen, cp loli xxx jb [&hellip;]<\/p>\n","protected":false},"author":2,"featured_media":0,"parent":0,"menu_order":0,"comment_status":"closed","ping_status":"closed","template":"","meta":{"footnotes":""},"class_list":["post-766","page","type-page","status-publish","hentry"],"_links":{"self":[{"href":"https:\/\/www.optimiseconsulting.eu\/index.php\/wp-json\/wp\/v2\/pages\/766","targetHints":{"allow":["GET"]}}],"collection":[{"href":"https:\/\/www.optimiseconsulting.eu\/index.php\/wp-json\/wp\/v2\/pages"}],"about":[{"href":"https:\/\/www.optimiseconsulting.eu\/index.php\/wp-json\/wp\/v2\/types\/page"}],"author":[{"embeddable":true,"href":"https:\/\/www.optimiseconsulting.eu\/index.php\/wp-json\/wp\/v2\/users\/2"}],"replies":[{"embeddable":true,"href":"https:\/\/www.optimiseconsulting.eu\/index.php\/wp-json\/wp\/v2\/comments?post=766"}],"version-history":[{"count":0,"href":"https:\/\/www.optimiseconsulting.eu\/index.php\/wp-json\/wp\/v2\/pages\/766\/revisions"}],"wp:attachment":[{"href":"https:\/\/www.optimiseconsulting.eu\/index.php\/wp-json\/wp\/v2\/media?parent=766"}],"curies":[{"name":"wp","href":"https:\/\/api.w.org\/{rel}","templated":true}]}}