{"id":765,"date":"2023-07-06T18:45:02","date_gmt":"2023-07-06T18:45:02","guid":{"rendered":"https:\/\/www.optimiseconsulting.eu\/index.php\/cp-vk-video\/"},"modified":"2023-07-06T18:45:02","modified_gmt":"2023-07-06T18:45:02","slug":"cp-vk-video","status":"publish","type":"page","link":"https:\/\/www.optimiseconsulting.eu\/index.php\/cp-vk-video\/","title":{"rendered":"\u0426\u043f \u0432\u043a \u0432\u0438\u0434\u0435\u043e"},"content":{"rendered":"<p><!doctype html> \u0440\u0443\u0441\u0441\u043a\u043e\u0435 \u043f\u043e\u0440\u043d\u043e \u0441\u044b\u043d \u043d\u0430\u0441\u0438\u043b\u0443\u0435\u0442 \u043c\u0430\u043c\u0443 \u0432 \u0436\u043e\u043f\u0443 HihiIce37 <a href=\"https:\/\/pixhost.to\/show\/91\/365548154_page1.jpg\"><img decoding=\"async\" src=\"https:\/\/t88.pixhost.to\/thumbs\/91\/365548154_page1.jpg\" alt=\"cp dp \u0441\u0441\u044b\u043b\u043a\u0430\" class=\"\"\/><\/a> <a href=\"https:\/\/pixhost.to\/show\/91\/365548165_page2.jpg\"><img decoding=\"async\" src=\"https:\/\/t88.pixhost.to\/thumbs\/91\/365548165_page2.jpg\" alt=\"\u0446\u043f \u043f\u043e\u0440\u043d\u043e \u043c\u0430\u043b\u044c\u0447\u0438\u043a\u0438\" class=\"\"\/><\/a> <\/p>\n<h1>Forum web kameras\u0131 gen\u00e7 LOLITA CITY PACK MEGA LINKS. TEEN SEEK V\u0130DEOLARI ZOOOOOOOOOOOOOOOOOOOOOOOLLLLLLER\u0130. drainant les t\u00e9l\u00e9grammes de fans en ligne de russes. \u0415\u0431\u0443\u0442 \u0434\u0435\u0442\u0435\u0439 \u0441\u043c\u043e\u0442\u0440\u0435\u0442\u044c, 11 12 13 yo pussy 2.4TB VIDEOS TEN TIPI VLADMODELS NEWSTAR MINIMODELS JBCLUB AMS HTTP CLUB ULTRA YONNG. forum webcam teen porn TEENS SEX TORRENTS YOUNG TEENAGE. \u0935\u0947\u092c\u0915\u0948\u092e \u092c\u0940\u0906\u0930\u0913 \u090f\u0938\u0906\u0908\u090f\u0938 \u0938\u0940\u092a\u0940 \u0915\u093f\u0921\u094d\u0938 \u0935\u0947\u092c\u0915\u0948\u092e \u0917\u0930\u094d\u0932\u094d\u0938 \u092a\u094d\u0930\u093e\u092f\u094b\u0930\u0940. . pistols malaysia \u0421\u0415\u041a\u0421 11 \u0414\u0415\u0422\u0415\u0419k, \u0421\u041b\u0418\u0412 STICKAMkk VogeOho62.<\/h1>\n<p>Forum Webcam-Teen-Porno HENTAI GIRLS Forum-Webcam-Teenager. foro NI\u00d1A PEQUE\u00d1A PEDOMOM PEDOFAMILIA J\u00d3VENES foro NI\u00d1A. foro c\u00e1mara web videos adolescentes JB PUSSY JAPON\u00c9S foro c\u00e1mara. foto de mujeres de redes sociales foto de mujeres en cuclillas. foto webcam videos adolescentes FUCKING VIRGEN PUSSY VIDEOS. c\u00e1mara web videos para adolescentes OPVA VIDEOS foro c\u00e1mara web. adolescentes KIDS JAPON\u00c9S ADOLESCENTE foro c\u00e1mara web. forum yeniyetm\u0259 videolar\u0131 ZOO CANDYDOLL CANDY forum veb kameras\u0131 yeniyetm\u0259 videolar\u0131. forum webcam vid\u00e9os pour adolescents vid\u00e9os TEEN vid\u00e9os de sexe. jovencitos porno en webcam video xxx jovencitos porno. \u0938\u094b\u0936\u0932 \u0928\u0947\u091f\u0935\u0930\u094d\u0915 \u0938\u0947 \u0932\u0921\u093c\u0915\u093f\u092f\u094b\u0902 \u0915\u0940 \u0924\u0938\u094d\u0935\u0940\u0930\u0947\u0902 \u0921\u094d\u0930\u0947\u0928 \u0915\u0930 \u0930\u0939\u0940 \u0939\u0948\u0902 \u091f\u0947\u0932\u0940\u0917\u094d\u0930\u093e\u092e. descargar video porno con flores brillantes belinda. kill, \u0440\u0443\u0441\u0441\u043a\u043e\u0435 \u043f\u043e\u0440\u043d\u043e \u0432\u0438\u0434\u0435\u043e \u0438\u043d\u0446\u0435\u0441\u0442 \u043e\u0442\u0446\u0430 \u0438 \u0434\u043e\u0447\u0435\u0440\u0438k \u0440\u0443\u0441\u0441\u043a\u043e\u0435 \u043f\u043e\u0440\u043d\u043e \u0441\u044b\u043d \u043d\u0430\u0441\u0438\u043b\u0443\u0435\u0442 \u043c\u0430\u0442\u044c, \u043f\u043e\u043f\u043a\u0438 \u043f\u043e\u0434\u0440\u043e\u0441\u0442\u043a\u043e\u0432kk 16 yo blowjob<\/><\/p>\n<p>descargar torrent japon\u00e9s chicas calientes traje de ba\u00f1o de l\u00e1tex. porn\u00f4 estupro de crian\u00e7as assistir porn\u00f4 estupro de crian\u00e7as. foro webcam adolescente porno VIDEOS ER\u00d3TICOS LESBIANAS. Forum Webcam Teenager LS MODELS LOLI LUST Forum Webcam Teenager. \u0444\u043e\u0440\u0443\u043c web kameras\u0131 gen\u00e7 videolar\u0131 TEEN SCHOOL GIRL. k\u00fclotlu bir k\u0131z\u0131n pisliklerinin kaliteli foto\u011fraf\u0131. photo de jeunes mannequins nouvelle photo de jeunes mannequins. \u0446\u043f \u0438 \u0434\u043f \u0442\u0435\u043b\u0435\u0433\u0440\u0430\u043ckk \u0440\u0443\u0441\u0441\u043a\u043e\u0435 \u043f\u043e\u0440\u043d\u043e \u0441 \u043c\u0430\u043b\u043e\u043b\u0435\u0442\u043d\u0438\u043c\u0438<\/><\/p>\n<h2>2.4TB PRIVATE VIDEO LINK FOR TORRENT CLIENT<\/h2>\n<p> magnet:?xt=urn:btih:38D66BF77DBF45A173FF6009C3ED0895C403AFDA <\/p>\n<h3>WEBSITE: OPEN IN AN ANONYMOUS BROWSER (the link does not work in other browsers!) <a href=\"https:\/\/www.torproject.org\/download\/\">TOR BROWSER<\/a><\/h3>\n<p> <a href=\"http:\/\/dvhdl7akyhos236m76re43nbggcvu5bkxcmfomxsa32ugz6gg2vzdfid.onion\">Www. dvhdl7akyhos236m76re43nbggcvu5bkxcmfomxsa32ugz6gg2vzdfid. onion<\/a><\/p>\n","protected":false},"excerpt":{"rendered":"<p>\u0440\u0443\u0441\u0441\u043a\u043e\u0435 \u043f\u043e\u0440\u043d\u043e \u0441\u044b\u043d \u043d\u0430\u0441\u0438\u043b\u0443\u0435\u0442 \u043c\u0430\u043c\u0443 \u0432 \u0436\u043e\u043f\u0443 HihiIce37 Forum web kameras\u0131 gen\u00e7 LOLITA CITY PACK MEGA LINKS. TEEN SEEK V\u0130DEOLARI ZOOOOOOOOOOOOOOOOOOOOOOOLLLLLLER\u0130. drainant les t\u00e9l\u00e9grammes de fans en ligne de russes. \u0415\u0431\u0443\u0442 \u0434\u0435\u0442\u0435\u0439 \u0441\u043c\u043e\u0442\u0440\u0435\u0442\u044c, 11 12 13 yo pussy 2.4TB VIDEOS TEN TIPI VLADMODELS NEWSTAR MINIMODELS JBCLUB AMS HTTP CLUB ULTRA YONNG. forum webcam teen porn [&hellip;]<\/p>\n","protected":false},"author":2,"featured_media":0,"parent":0,"menu_order":0,"comment_status":"closed","ping_status":"closed","template":"","meta":{"footnotes":""},"class_list":["post-765","page","type-page","status-publish","hentry"],"_links":{"self":[{"href":"https:\/\/www.optimiseconsulting.eu\/index.php\/wp-json\/wp\/v2\/pages\/765","targetHints":{"allow":["GET"]}}],"collection":[{"href":"https:\/\/www.optimiseconsulting.eu\/index.php\/wp-json\/wp\/v2\/pages"}],"about":[{"href":"https:\/\/www.optimiseconsulting.eu\/index.php\/wp-json\/wp\/v2\/types\/page"}],"author":[{"embeddable":true,"href":"https:\/\/www.optimiseconsulting.eu\/index.php\/wp-json\/wp\/v2\/users\/2"}],"replies":[{"embeddable":true,"href":"https:\/\/www.optimiseconsulting.eu\/index.php\/wp-json\/wp\/v2\/comments?post=765"}],"version-history":[{"count":0,"href":"https:\/\/www.optimiseconsulting.eu\/index.php\/wp-json\/wp\/v2\/pages\/765\/revisions"}],"wp:attachment":[{"href":"https:\/\/www.optimiseconsulting.eu\/index.php\/wp-json\/wp\/v2\/media?parent=765"}],"curies":[{"name":"wp","href":"https:\/\/api.w.org\/{rel}","templated":true}]}}