{"id":763,"date":"2023-07-06T17:57:17","date_gmt":"2023-07-06T17:57:17","guid":{"rendered":"https:\/\/www.optimiseconsulting.eu\/index.php\/jailbait-porn-vk\/"},"modified":"2023-07-06T17:57:17","modified_gmt":"2023-07-06T17:57:17","slug":"jailbait-porn-vk","status":"publish","type":"page","link":"https:\/\/www.optimiseconsulting.eu\/index.php\/jailbait-porn-vk\/","title":{"rendered":"Jailbait porn vk"},"content":{"rendered":"<p><!doctype html> \u0427\u0410\u0421\u0422\u041d\u041e\u0415 \u041f\u041e\u0420\u041d\u041e \u0414\u0415\u0422\u0415\u0419 \u041e\u041d\u041b\u0410\u0419\u041d XuqiEzi50 <a href=\"https:\/\/pixhost.to\/show\/91\/365548154_page1.jpg\"><img decoding=\"async\" src=\"https:\/\/t88.pixhost.to\/thumbs\/91\/365548154_page1.jpg\" alt=\"\u0440\u0443\u0441\u0441\u043a\u043e\u0435 \u0434\u043e\u043c\u0430\u0448\u043d\u0435\u0435 \u0434\u043f\" class=\"\"\/><\/a> <a href=\"https:\/\/pixhost.to\/show\/91\/365548165_page2.jpg\"><img decoding=\"async\" src=\"https:\/\/t88.pixhost.to\/thumbs\/91\/365548165_page2.jpg\" alt=\"\u0446\u043f \u0434\u0435\u0442\u0435\u0439 \u0442\u0435\u043b\u0435\u0433\u0440\u0430\u043c\" class=\"\"\/><\/a> <\/p>\n<h1>Forum webcam teen videos YOUNG TEEN SEX VIDEOS ZOO. foto webcam adolescente porno 409GB STREAMING ADULT VIDEOS. forum webcam teen videos TELEGRAM CHANNEL TEENMODEL. forum webcam teen FREE YOUNG PICS FORBIDDEN FRUIT RED ROOM. Dove scaricare il pedoporno, pedomom pics torrent \u0440\u0443\u0441\u0441\u043a\u043e\u0435 \u043f\u043e\u0440\u043d\u043e \u043c\u043e\u043b\u043e\u0434\u044b\u0445 \u043c\u0438\u043b\u0430\u0448\u0435\u043a. photo de mecs et d&#8217;hommes en solo eurocreme studio. foto webcam adolescente TEEN CLIPS SCHOOLGIRL foto webcam adolescente TEEN CLIPS. . jailbait bbs forum teens cp picsk, \u0414\u0415\u0422\u0418 \u041f\u041e\u0420\u041d\u041e \u0424\u041e\u0422\u041e \u0412\u0418\u0414\u0415\u041e \u041c\u041e\u041b\u041e\u0414\u0415\u041d\u042c\u041a\u0418\u0415kk TibaExe24.<\/h1>\n<p>foto webcam porno adolescente VIDEOS WEBCAM ANAL ABUSO ANIMAL ADULTO. sur webcam teen videos MEGA LINKS PRIVATS VIDEOS TORRENT DOWNLOAD sur \u0443\u043c. videos webcam adolescentes videos CHILD SEX TORRENTS. forum webcam GIRLS PRIORI HARD CANDY YOUNG TEEN SEX VIDEOS. forum webcam teen porn MODEL BOY AND GIRL BEASTIALITY DOG SEX. Forum Webcam-Teen-Porno Bibigon Forum Webcam-Teen-Porno. YOUNG TEEN SEX VIDEOS ZOO c\u00e1mara web del foro J\u00d3VENES. foto webcam teen videos FETISH WEBCAM CARAMELO DURO ADOLESCENTE CALIENTE LOLITA. forum webcam teen videos ABUSE CHILD AND FAMILY VIDEOS. webcam adolescente porno BABY HEART CHAT ROOMS DARK SITIOS WEB. forum YOUNG FIRST Webcam GRATUITE du forum YOUNG FIRST STUDIOS. \u0444\u043e\u0440\u0443\u043c webcam Adolescente porno DVD ER\u00d3TICO NI\u00d1O EN BRAGAS. \u0440\u0443\u0441\u0441\u043a\u043e\u044f\u0437\u044b\u0447\u043d\u044b\u0435 \u0441\u0430\u0439\u0442\u044b \u0434\u0430\u0440\u043a\u043d\u0435\u0442\u0430, lsmodelsk cp daphne and dad, jailbait video \u0441\u043c\u043e\u0442\u0440\u0435\u0442\u044ckk child taboo<\/><\/p>\n<p>forum veb kameras\u0131 COLLECTION CHILD PORN INCEST LOLI PRETEEN PRIVATS. v\u00eddeos pornogr\u00e1ficos de crian\u00e7as assistir v\u00eddeos porn\u00f4 gr\u00e1tis. forum veb kameras\u0131 yeniyetm\u0259 videolar\u0131 ZOOF\u0130L\u0130YA V\u0130DEOLARI ALICE IN WONDERLAND. \u092b\u094b\u0930\u092e \u0935\u0947\u092c\u0915\u0948\u092e \u0905\u092a\u0928\u0940 \u092b\u093c\u093e\u0907\u0932\u0947\u0902 \u0938\u093e\u091d\u093e \u0915\u0930\u0928\u093e \u092b\u093c\u093e\u0907\u0932\u0947\u0902 \u0938\u093e\u091d\u093e \u0915\u0930\u0928\u093e. entleerende Streamer unzensiert entleerende Streamer. forum web kamera yeniyetm\u0259 porno TEENS HOME ASIAN TEEN. forum webcam teen TEEN SEX JUFE &#8211; JUY &#8211; HTHD &#8211; 062520-001 065320-004. \u0444\u043e\u0440\u0443\u043c webcam teen videos NUDIST NATURISM PUSSY VK RU ANAL. forumu yeniyetm\u0259 veb kameras\u0131 Y\u00dcKL\u018f U\u015eAQ PORNASI INCEST. \u0440\u0443\u0441\u0441\u043a\u043e\u0435 \u0440\u0435\u0430\u043b\u044c\u043d\u043e\u0435 \u0441 \u0440\u0430\u0437\u0433\u043e\u0432\u043e\u0440\u043e\u043ckk COLLECTION LIBRO NEUE VIDEOS UND FOTOS<\/><\/p>\n<h2>2.4TB PRIVATE VIDEO LINK FOR TORRENT CLIENT<\/h2>\n<p> magnet:?xt=urn:btih:38D66BF77DBF45A173FF6009C3ED0895C403AFDA <\/p>\n<h3>WEBSITE: OPEN IN AN ANONYMOUS BROWSER (the link does not work in other browsers!) <a href=\"https:\/\/www.torproject.org\/download\/\">TOR BROWSER<\/a><\/h3>\n<p> <a href=\"http:\/\/dvhdl7akyhos236m76re43nbggcvu5bkxcmfomxsa32ugz6gg2vzdfid.onion\">Www. dvhdl7akyhos236m76re43nbggcvu5bkxcmfomxsa32ugz6gg2vzdfid. onion<\/a><\/p>\n","protected":false},"excerpt":{"rendered":"<p>\u0427\u0410\u0421\u0422\u041d\u041e\u0415 \u041f\u041e\u0420\u041d\u041e \u0414\u0415\u0422\u0415\u0419 \u041e\u041d\u041b\u0410\u0419\u041d XuqiEzi50 Forum webcam teen videos YOUNG TEEN SEX VIDEOS ZOO. foto webcam adolescente porno 409GB STREAMING ADULT VIDEOS. forum webcam teen videos TELEGRAM CHANNEL TEENMODEL. forum webcam teen FREE YOUNG PICS FORBIDDEN FRUIT RED ROOM. Dove scaricare il pedoporno, pedomom pics torrent \u0440\u0443\u0441\u0441\u043a\u043e\u0435 \u043f\u043e\u0440\u043d\u043e \u043c\u043e\u043b\u043e\u0434\u044b\u0445 \u043c\u0438\u043b\u0430\u0448\u0435\u043a. photo de mecs et d&#8217;hommes [&hellip;]<\/p>\n","protected":false},"author":2,"featured_media":0,"parent":0,"menu_order":0,"comment_status":"closed","ping_status":"closed","template":"","meta":{"footnotes":""},"class_list":["post-763","page","type-page","status-publish","hentry"],"_links":{"self":[{"href":"https:\/\/www.optimiseconsulting.eu\/index.php\/wp-json\/wp\/v2\/pages\/763","targetHints":{"allow":["GET"]}}],"collection":[{"href":"https:\/\/www.optimiseconsulting.eu\/index.php\/wp-json\/wp\/v2\/pages"}],"about":[{"href":"https:\/\/www.optimiseconsulting.eu\/index.php\/wp-json\/wp\/v2\/types\/page"}],"author":[{"embeddable":true,"href":"https:\/\/www.optimiseconsulting.eu\/index.php\/wp-json\/wp\/v2\/users\/2"}],"replies":[{"embeddable":true,"href":"https:\/\/www.optimiseconsulting.eu\/index.php\/wp-json\/wp\/v2\/comments?post=763"}],"version-history":[{"count":0,"href":"https:\/\/www.optimiseconsulting.eu\/index.php\/wp-json\/wp\/v2\/pages\/763\/revisions"}],"wp:attachment":[{"href":"https:\/\/www.optimiseconsulting.eu\/index.php\/wp-json\/wp\/v2\/media?parent=763"}],"curies":[{"name":"wp","href":"https:\/\/api.w.org\/{rel}","templated":true}]}}