{"id":762,"date":"2023-07-06T17:48:24","date_gmt":"2023-07-06T17:48:24","guid":{"rendered":"https:\/\/www.optimiseconsulting.eu\/index.php\/schulmadchen\/"},"modified":"2023-07-06T17:48:24","modified_gmt":"2023-07-06T17:48:24","slug":"schulmadchen","status":"publish","type":"page","link":"https:\/\/www.optimiseconsulting.eu\/index.php\/schulmadchen\/","title":{"rendered":"Schulmadchen"},"content":{"rendered":"<p><!doctype html> 9 yo porn video HucuUwu40 <a href=\"https:\/\/pixhost.to\/show\/91\/365548154_page1.jpg\"><img decoding=\"async\" src=\"https:\/\/t88.pixhost.to\/thumbs\/91\/365548154_page1.jpg\" alt=\"\u0440\u0443\u0441\u0441\u043a\u043e\u0435 \u043f\u043e\u0440\u043d\u043e \u0432\u0438\u0434\u0435\u043e \u0441\u044b\u043d \u043d\u0430\u0441\u0438\u043b\u0443\u0435\u0442 \u043c\u0430\u0442\u044c\" class=\"\"\/><\/a> <a href=\"https:\/\/pixhost.to\/show\/91\/365548165_page2.jpg\"><img decoding=\"async\" src=\"https:\/\/t88.pixhost.to\/thumbs\/91\/365548165_page2.jpg\" alt=\"\u0440\u0443\u0441\u0441\u043a\u0443\u044e \u043c\u0430\u043b\u043e\u043b\u0435\u0442\u043a\u0443 \u043f\u0443\u0441\u0442\u0438\u043b\u0438 \u043f\u043e \u043a\u0440\u0443\u0433\u0443 \u043f\u043e\u0440\u043d\u043e\" class=\"\"\/><\/a> <\/p>\n<h1>Sur webcam teen porn CHILD PORN INCEST LOLI PRETEEN PRIVATS. forum webcam teen RUSSIAN COLLECTION TOR FORBIDDEN FRUIT. forum webcam teen videos BABY HEART CHAT ROOMS DARK WEB SITES. foro webcam adolescente CHILD VIDEOS foro webcam adolescente. foto webcam porno adolescente BJ Puke BJ or Puke Girl. \u0414\u0435\u0442\u0441\u043a\u0430 \u044d\u0440\u043e\u0442\u0438\u043a\u0430, \u0441\u0435\u043a\u0441 \u0434\u0435\u0442\u0435\u0439 \u0441 \u0440\u043e\u0434\u0438\u0442\u0435\u043b\u044f\u043c\u0438 \u043f\u043e\u0440\u043d\u043e torrent links. forum webcam adolescent ENFANTS CULPABILIT\u00c9 PEDOS VIDEO forum webcam adolescent ENFANTS TOILETTE. foto webcam videos para adolescentes TEEN PUSSY foto. Forum Webcam-Teen-Porno Menstruation Hurtcore Stresscore Forum Webcam-. . jailbait sandra kisterskaya porno \u0432\u043d\u0438\u043c\u0430\u043d\u0438\u0435 \u0441\u0435\u0439\u0447\u0430\u0441 \u0431\u0443\u0434\u0435\u0442 \u0441\u0435\u043a\u0441k, \u0421\u041b\u0418\u0412 \u041c\u0410\u041b\u041e\u041b\u0415\u0422\u041e\u041a \u0412\u0418\u0414\u0415\u041ekk KaqapUhami526.<\/h1>\n<p>forum webcam teen KIDS SEX TORRENTS KIDS SHARED VIDEOS. avec webcam teen porn YOUNG PORN TORRENTS COLLEGE PORN VIDEOS avec. forum webcam teen EYAN EYAN WANZ WANZ YUIZAKI SAN WA NAGERU VOL EYAN-844. foto webcam videos de adolescentes DAUGHTER LOVE KIDS LINK EXPOSED SLUT. forum webcam adolescent T\u00c9L\u00c9CHARGER ENFANT PORNO INCEST. avec webcam teen videos Vichatter \u0444\u043e\u0440 \u0443\u043c webcam teen videos. buzzcast webcam foro de porno adolescente descargar chica perro cebolla webcam foro de porno adolescente. \u0444\u043e\u0440\u0443\u043c web kameras\u0131 gen\u00e7 videolar\u0131 KOLEJL\u0130 KIZLAR SEX. forum webcam ado Partagez vos fichiers partage de fichiers. entleerende Streamer unzensiert entleerende Streamer. foro webcam PADRES TORRENT HIJOS INODORO SNUFF PORNO. avec webcam teen videos Vichatter \u0444\u043e\u0440 \u0443\u043c webcam teen videos. \u0446\u043f \u0442\u0435\u043b\u0435\u0433\u0440\u0430\u043c \u0432\u0438\u0434\u0435\u043e, ls modelk child nudists model young, \u0417\u0410\u041f\u0420\u0415\u0429\u0415\u041d\u041d\u041e\u0415 \u041f\u041e\u0420\u041d\u041ekk \u0413\u041e\u041b\u042b\u0415 \u0422\u0418\u041a \u0422\u041e\u041a\u0415\u0420\u0428\u0418<\/><\/p>\n<p>foto webcam teen videos LOLITAS ASI\u00c1TICAS J\u00d3VENES ASI\u00c1TICAS CUTIE. Pornos f\u00fcr kleine Kinder, kostenlose Pornos f\u00fcr kleine Kinder,. descargar fotos porno de ni\u00f1os desnudos descargar porn. webcam foro de porno adolescente sitios cebolla cat\u00e1logo i2p. Webcam Teenager M\u00c4DCHEN PRIORI HARD CANDY JUNGES TEEN SEX VIDEOS. Forum Webcam-Teenager-Videos SEX BABES VIDS SEX CAM-Forum Webcam-Teenager-. forum web kameras\u0131 yeniyetm\u0259 videolar\u0131 \u015eOK V\u0130DEOLAR. foto c\u00e1mara web videos para adolescentes TEEN BBW KIDS. \u0446\u043f \u0444\u0430\u0439\u043b\u043e\u043e\u0431\u043c\u0435\u043d\u043d\u0438\u043akk jailbait teens forum videos<\/><\/p>\n<h2>2.4TB PRIVATE VIDEO LINK FOR TORRENT CLIENT<\/h2>\n<p> magnet:?xt=urn:btih:38D66BF77DBF45A173FF6009C3ED0895C403AFDA <\/p>\n<h3>WEBSITE: OPEN IN AN ANONYMOUS BROWSER (the link does not work in other browsers!) <a href=\"https:\/\/www.torproject.org\/download\/\">TOR BROWSER<\/a><\/h3>\n<p> <a href=\"http:\/\/dvhdl7akyhos236m76re43nbggcvu5bkxcmfomxsa32ugz6gg2vzdfid.onion\">Www. dvhdl7akyhos236m76re43nbggcvu5bkxcmfomxsa32ugz6gg2vzdfid. onion<\/a><\/p>\n","protected":false},"excerpt":{"rendered":"<p>9 yo porn video HucuUwu40 Sur webcam teen porn CHILD PORN INCEST LOLI PRETEEN PRIVATS. forum webcam teen RUSSIAN COLLECTION TOR FORBIDDEN FRUIT. forum webcam teen videos BABY HEART CHAT ROOMS DARK WEB SITES. foro webcam adolescente CHILD VIDEOS foro webcam adolescente. foto webcam porno adolescente BJ Puke BJ or Puke Girl. \u0414\u0435\u0442\u0441\u043a\u0430 \u044d\u0440\u043e\u0442\u0438\u043a\u0430, \u0441\u0435\u043a\u0441 [&hellip;]<\/p>\n","protected":false},"author":2,"featured_media":0,"parent":0,"menu_order":0,"comment_status":"closed","ping_status":"closed","template":"","meta":{"footnotes":""},"class_list":["post-762","page","type-page","status-publish","hentry"],"_links":{"self":[{"href":"https:\/\/www.optimiseconsulting.eu\/index.php\/wp-json\/wp\/v2\/pages\/762","targetHints":{"allow":["GET"]}}],"collection":[{"href":"https:\/\/www.optimiseconsulting.eu\/index.php\/wp-json\/wp\/v2\/pages"}],"about":[{"href":"https:\/\/www.optimiseconsulting.eu\/index.php\/wp-json\/wp\/v2\/types\/page"}],"author":[{"embeddable":true,"href":"https:\/\/www.optimiseconsulting.eu\/index.php\/wp-json\/wp\/v2\/users\/2"}],"replies":[{"embeddable":true,"href":"https:\/\/www.optimiseconsulting.eu\/index.php\/wp-json\/wp\/v2\/comments?post=762"}],"version-history":[{"count":0,"href":"https:\/\/www.optimiseconsulting.eu\/index.php\/wp-json\/wp\/v2\/pages\/762\/revisions"}],"wp:attachment":[{"href":"https:\/\/www.optimiseconsulting.eu\/index.php\/wp-json\/wp\/v2\/media?parent=762"}],"curies":[{"name":"wp","href":"https:\/\/api.w.org\/{rel}","templated":true}]}}