{"id":761,"date":"2023-07-06T17:36:39","date_gmt":"2023-07-06T17:36:39","guid":{"rendered":"https:\/\/www.optimiseconsulting.eu\/index.php\/luto-blue-orchid\/"},"modified":"2023-07-06T17:36:39","modified_gmt":"2023-07-06T17:36:39","slug":"luto-blue-orchid","status":"publish","type":"page","link":"https:\/\/www.optimiseconsulting.eu\/index.php\/luto-blue-orchid\/","title":{"rendered":"Luto blue orchid"},"content":{"rendered":"<p><!doctype html> \u0440\u0443\u0441\u0441\u043a\u043e\u0435 \u043b\u044e\u0431\u0438\u0442\u0435\u043b\u044c\u0441\u043a\u043e\u0435 \u0433\u0435\u0439 \u043f\u043e\u0440\u043d\u043e \u0432\u0438\u0434\u0435\u043e SexiIwu60 <a href=\"https:\/\/pixhost.to\/show\/91\/365548154_page1.jpg\"><img decoding=\"async\" src=\"https:\/\/t88.pixhost.to\/thumbs\/91\/365548154_page1.jpg\" alt=\"opva\" class=\"\"\/><\/a> <a href=\"https:\/\/pixhost.to\/show\/91\/365548165_page2.jpg\"><img decoding=\"async\" src=\"https:\/\/t88.pixhost.to\/thumbs\/91\/365548165_page2.jpg\" alt=\"13 yo boy\" class=\"\"\/><\/a> <\/p>\n<h1>\u00c7inli \u00e7ocuk pornosu \u00e7izgi roman \u00e7ocuklar yeti\u015fkin pornosu. forum veb kameras\u0131 yeniyetm\u0259 videolar\u0131 DARKNET V\u0130DEOLARI. foto webcam adolescente pornograf\u00eda TELEGRAM CHANNEL Teens. Forum Webcam Teenager LS MODELS LOLI LUST Forum Webcam Teenager. \u0444\u043e\u0440\u0443\u043c web kameras\u0131 gen\u00e7 videolar\u0131 Koleksiyon NUDE DRUNK \u0444\u043e\u0440\u0443\u043c web kameras\u0131 gen\u00e7 videolar\u0131. \u0414\u0435\u0442\u0438 \u043f\u043e\u0440\u043d\u043e \u0444\u043e\u0442\u043e \u0432\u0438\u0434\u0435\u043e \u043c\u043e\u043b\u043e\u0434\u0435\u043d\u044c\u043a\u0438\u0435, ls girl nude ARCHIVE WEBCAM DOWNLOAD. Forum Webcam Teenager KIDS SEX CAMPS Forum Webcam Teenager. forum webcam adolescent FILLE AMOUR ENFANTS LIEN EXPOS\u00c9 SALOPE. forumu PULSUZ G\u018fNC \u015e\u0259kill\u0259r QADA\u011eAN MEYVE QIRMIZI OTAQ. . jailbait little girls webcam cp hard child samples videosk, \u0440\u0443\u0441\u0441\u043a\u043e\u0435 \u043f\u043e\u0440\u043d\u043e \u0438\u043d\u0446\u0435\u0441\u0442kk QuxuOku83.<\/h1>\n<p>Forum Webcam Teenager MAGNETVERBINDUNGEN MISSBRAUCH VON ERWACHSENEN. webcam NUDISTE forum webcam NUDISTE NATURISME PUSSY VK RU ANAL. \u0935\u0947\u092c\u0915\u0948\u092e \u092c\u0940\u0906\u0930\u0913 \u090f\u0938\u0906\u0908\u090f\u0938 \u0938\u0940\u092a\u0940 \u0915\u093f\u0921\u094d\u0938 \u0935\u0947\u092c\u0915\u0948\u092e \u0917\u0930\u094d\u0932\u094d\u0938 \u092a\u094d\u0930\u093e\u092f\u094b\u0930\u0940. resimleri porno \u00e7ocuk resimleri \u00e7\u0131plak amc\u0131k \u00e7ocuk. webcam foro de porno adolescente sitios cebolla cat\u00e1logo i2p. forum webcam teen videos ZOOPHILES ZOOPHILIA BEAST. foro webcam porno adolescente MAGNET LINKS CP HEBE OMEGLE VIDS. forum webcam remaja DVD EROTIK ANAK DI CELANA DALAM. jailbait pussy forum, \u0421\u041b\u0418\u0412 \u0413\u041e\u041b\u042b\u0425 \u0428\u041a\u041e\u041b\u042c\u041d\u0418\u0426k jailbait forum snapcams co new 2023 lolitas, \u0440\u0443\u0441\u0441\u043a\u043e\u0435 \u043f\u043e\u0440\u043d\u043e \u0433\u0430\u043d\u0433 \u0431\u0430\u043d\u0433 \u0441 \u0436\u0435\u043d\u043e\u0439kk 2.4TB VIDEO BUCH<\/><\/p>\n<p>Forum Webcam-Teen-Videos SEX DVD &#8211; Forum Webcam-Teen-Videos. \u0444\u043e\u0440\u0443\u043c web kameras\u0131 gen\u00e7 videolar\u0131 CP I2P MAGNET LINKS. foto webcam adolescente CANDYDOLL CANDY ADULT KIDS FAMILY. Forum Webcam Teen-Porno TEEN SEX Forum Webcam Teen-. c\u00e1mara web del foro MOVING TORRENT 409GB CHILD NUDE c\u00e1mara. Forum Webcam-Teen-Porno PUSSY YOUNG BIG TITS YOUNG BLOWJOB Forum Webcam-Teen-Porno. grupos privados intercambio de telegramas fotos esposas. Forum Webcam Teen Videos BJ Puke BJ oder Puke Girl Menstruation Kind. fotos de chicas desnudas con un segundo tama\u00f1o de seno. 16 yo girl pornkk squint at the photo<\/><\/p>\n<h2>2.4TB PRIVATE VIDEO LINK FOR TORRENT CLIENT<\/h2>\n<p> magnet:?xt=urn:btih:38D66BF77DBF45A173FF6009C3ED0895C403AFDA <\/p>\n<h3>WEBSITE: OPEN IN AN ANONYMOUS BROWSER (the link does not work in other browsers!) <a href=\"https:\/\/www.torproject.org\/download\/\">TOR BROWSER<\/a><\/h3>\n<p> <a href=\"http:\/\/dvhdl7akyhos236m76re43nbggcvu5bkxcmfomxsa32ugz6gg2vzdfid.onion\">Www. dvhdl7akyhos236m76re43nbggcvu5bkxcmfomxsa32ugz6gg2vzdfid. onion<\/a><\/p>\n","protected":false},"excerpt":{"rendered":"<p>\u0440\u0443\u0441\u0441\u043a\u043e\u0435 \u043b\u044e\u0431\u0438\u0442\u0435\u043b\u044c\u0441\u043a\u043e\u0435 \u0433\u0435\u0439 \u043f\u043e\u0440\u043d\u043e \u0432\u0438\u0434\u0435\u043e SexiIwu60 \u00c7inli \u00e7ocuk pornosu \u00e7izgi roman \u00e7ocuklar yeti\u015fkin pornosu. forum veb kameras\u0131 yeniyetm\u0259 videolar\u0131 DARKNET V\u0130DEOLARI. foto webcam adolescente pornograf\u00eda TELEGRAM CHANNEL Teens. Forum Webcam Teenager LS MODELS LOLI LUST Forum Webcam Teenager. \u0444\u043e\u0440\u0443\u043c web kameras\u0131 gen\u00e7 videolar\u0131 Koleksiyon NUDE DRUNK \u0444\u043e\u0440\u0443\u043c web kameras\u0131 gen\u00e7 videolar\u0131. \u0414\u0435\u0442\u0438 \u043f\u043e\u0440\u043d\u043e \u0444\u043e\u0442\u043e \u0432\u0438\u0434\u0435\u043e [&hellip;]<\/p>\n","protected":false},"author":2,"featured_media":0,"parent":0,"menu_order":0,"comment_status":"closed","ping_status":"closed","template":"","meta":{"footnotes":""},"class_list":["post-761","page","type-page","status-publish","hentry"],"_links":{"self":[{"href":"https:\/\/www.optimiseconsulting.eu\/index.php\/wp-json\/wp\/v2\/pages\/761","targetHints":{"allow":["GET"]}}],"collection":[{"href":"https:\/\/www.optimiseconsulting.eu\/index.php\/wp-json\/wp\/v2\/pages"}],"about":[{"href":"https:\/\/www.optimiseconsulting.eu\/index.php\/wp-json\/wp\/v2\/types\/page"}],"author":[{"embeddable":true,"href":"https:\/\/www.optimiseconsulting.eu\/index.php\/wp-json\/wp\/v2\/users\/2"}],"replies":[{"embeddable":true,"href":"https:\/\/www.optimiseconsulting.eu\/index.php\/wp-json\/wp\/v2\/comments?post=761"}],"version-history":[{"count":0,"href":"https:\/\/www.optimiseconsulting.eu\/index.php\/wp-json\/wp\/v2\/pages\/761\/revisions"}],"wp:attachment":[{"href":"https:\/\/www.optimiseconsulting.eu\/index.php\/wp-json\/wp\/v2\/media?parent=761"}],"curies":[{"name":"wp","href":"https:\/\/api.w.org\/{rel}","templated":true}]}}