{"id":760,"date":"2023-07-06T17:33:47","date_gmt":"2023-07-06T17:33:47","guid":{"rendered":"https:\/\/www.optimiseconsulting.eu\/index.php\/onlyfans-leaked\/"},"modified":"2023-07-06T17:33:47","modified_gmt":"2023-07-06T17:33:47","slug":"onlyfans-leaked","status":"publish","type":"page","link":"https:\/\/www.optimiseconsulting.eu\/index.php\/onlyfans-leaked\/","title":{"rendered":"Onlyfans leaked"},"content":{"rendered":"<p><!doctype html> 15 teen pussy SacaAyu37 <a href=\"https:\/\/pixhost.to\/show\/91\/365548154_page1.jpg\"><img decoding=\"async\" src=\"https:\/\/t88.pixhost.to\/thumbs\/91\/365548154_page1.jpg\" alt=\"\u0440\u0443\u0441\u0441\u043a\u043e\u0435 \u043f\u043e\u0440\u043d\u043e \u0437\u0430\u0441\u043d\u044f\u043b\u0438\" class=\"\"\/><\/a> <a href=\"https:\/\/pixhost.to\/show\/91\/365548165_page2.jpg\"><img decoding=\"async\" src=\"https:\/\/t88.pixhost.to\/thumbs\/91\/365548165_page2.jpg\" alt=\"10yo mp4\" class=\"\"\/><\/a> <\/p>\n<h1>Avec webcam vid\u00e9os pour adolescents SEXE JEUNES MOD\u00c8LES Menstruation. \u0935\u0947\u092c\u0915\u0948\u092e \u0915\u093f\u0936\u094b\u0930 \u0935\u0940\u0921\u093f\u092f\u094b \u092b\u094b\u0930\u092e \u091f\u0940\u0928 \u092a\u094b\u0930\u094d\u0928\u094b \u092a\u0947\u0921\u094b \u0932\u093f\u0902\u0915\u094d\u0938 \u0935\u0947\u092c\u0915\u0948\u092e \u0915\u093f\u0936\u094b\u0930. Forum Webcam Teen-Porno TELEGRAMMKANAL Teens Forum Webcam Teen-Porno. forum webcam vid\u00e9os teen AMATEUR GIRL PHOTO ADULT ART MODELING STUDIO. \u0444\u043e\u0440\u0443\u043c webcam teen videos T\u00c9L\u00c9CHARGER BIG TIT TEEN PORN. Das Foto aufheben, \u0446\u043f \u0444\u043e\u0442\u043e \u0442\u0435\u043b\u0435\u0433\u0440\u0430\u043c\u043c \u044e\u043d\u044b\u0435 \u043c\u043e\u0434\u0435\u043b\u0438 jb \u0444\u043e\u0440\u0443\u043c. webcam adolescente PRIMEROS ESTUDIOS foto webcam adolescente. webcam teen porno ZOOFILIA VIDEOS ALICE AU PAYS DES MERVEILLES avec webcam. . \u0440\u0443\u0441\u0441\u043a\u043e\u0435 \u043f\u043e\u0440\u043d\u043e \u0430\u043d\u0430\u043b \u0441 \u043c\u0430\u043b\u043e\u043b\u0435\u0442\u043a\u0430\u043c\u0438 \u0440\u0443\u0441\u0441\u043a\u043e\u0435\u043f\u043e\u0440\u043d\u043ek, \u0440\u0443\u0441\u0441\u043a\u043e\u0435 \u043f\u043e\u0440\u043d\u043e \u0440\u0443\u0441\u0441\u043a\u0438\u0435 \u043c\u0430\u043c\u043a\u0438kk HaroOtu50.<\/h1>\n<p>descargar video con trance anya rublevskaya descargar video. forum webcam adolescent T\u00c9L\u00c9CHARGER DES VID\u00c9OS DE SEXE. forum veb kameras\u0131 yeniyetm\u0259 pornosu JAILBAIT V\u0130DEOLARI JB forum. \u0444\u043e\u0440\u0443\u043c webcam teen porn CHILD NUDES CHILD OF ADDICTS CHILD. resimleri porno \u00e7ocuk resimleri \u00e7\u0131plak amc\u0131k \u00e7ocuk. forum webcam teen File sharing share files file downloads. \u0444\u043e\u0440\u0443\u043c webcam teen videos TEENS CHILD PORNO MY PRIVATS. T\u00e9l\u00e9chargement de fichier T\u00e9l\u00e9chargez votre des dossiers. forum GIRLS PRIORI forum HARD CANDY YOUNG TEEN SEX VIDEOS. foto webcam adolescente porno MOM SON REAL INCESTO. foto videos de webcam para adolescentes LS MODELS LOLI LUST. Forum Webcam-Teenager-Videos DARK YOUNG TEEN SEX RUSSIAN. JAILBAIT YOUNG TEEN SEX VIDEOS KIDS JAPANESE TEEN, \u0447\u0438\u0442\u0430\u0442\u044c \u043f\u043e\u0440\u043d\u043e \u0440\u0430\u0441\u0441\u043a\u0430\u0437\u044b \u043f\u0440\u043e \u0434\u0435\u0442\u0435\u0439k mom and son, \u043f\u043e\u0440\u043d\u043e \u043c\u043e\u043b\u043e\u0434\u044b\u0445 \u0434\u0435\u0442\u0435\u0439kk jailbait cp free preview<\/><\/p>\n<p>Forum Webcam-Teenager-Videos STUDIO COLLECTION TORRENT DOWNLOAD-. forum webcam yeniyetm\u0259 porno NECRO NECROPHILIA OMEGLE CAPTURES. forum web kameras\u0131 Sex-Doll Tecav\u00fcz i\u00e7eri\u011fi yo8 yo9 yo10 yo12. Forum TEEN SEX JUFE &#8211; JUY &#8211; HTHD &#8211; 062520-001 065320-004. Teen-Porno MODEL JUNGE UND M\u00c4DCHEN BEASTIALITY DOG SEX. forum webcam ado NUDISTE NATURISME CHATTE VK RU ANAL. \u0444\u043e\u0440\u0443\u043c webcam teen porn PRIVAT COLLECTION T\u00c9L\u00c9CHARGEMENT. \u0444\u043e\u0440\u0443\u043c v\u00eddeos de webcam teen TEEN SEX JUFE &#8211; JUY &#8211; HTHD &#8211; 062520-001 065320-004. descargue la foto de ni\u00f1os desnudos a trav\u00e9s de torrent. \u0441\u0435\u043a\u0441 \u0434\u0435\u0442\u0435\u0439 \u0442\u0438\u0442\u0430\u043d\u043e\u0432kk children s feet<\/><\/p>\n<h2>2.4TB PRIVATE VIDEO LINK FOR TORRENT CLIENT<\/h2>\n<p> magnet:?xt=urn:btih:38D66BF77DBF45A173FF6009C3ED0895C403AFDA <\/p>\n<h3>WEBSITE: OPEN IN AN ANONYMOUS BROWSER (the link does not work in other browsers!) <a href=\"https:\/\/www.torproject.org\/download\/\">TOR BROWSER<\/a><\/h3>\n<p> <a href=\"http:\/\/dvhdl7akyhos236m76re43nbggcvu5bkxcmfomxsa32ugz6gg2vzdfid.onion\">Www. dvhdl7akyhos236m76re43nbggcvu5bkxcmfomxsa32ugz6gg2vzdfid. onion<\/a><\/p>\n","protected":false},"excerpt":{"rendered":"<p>15 teen pussy SacaAyu37 Avec webcam vid\u00e9os pour adolescents SEXE JEUNES MOD\u00c8LES Menstruation. \u0935\u0947\u092c\u0915\u0948\u092e \u0915\u093f\u0936\u094b\u0930 \u0935\u0940\u0921\u093f\u092f\u094b \u092b\u094b\u0930\u092e \u091f\u0940\u0928 \u092a\u094b\u0930\u094d\u0928\u094b \u092a\u0947\u0921\u094b \u0932\u093f\u0902\u0915\u094d\u0938 \u0935\u0947\u092c\u0915\u0948\u092e \u0915\u093f\u0936\u094b\u0930. Forum Webcam Teen-Porno TELEGRAMMKANAL Teens Forum Webcam Teen-Porno. forum webcam vid\u00e9os teen AMATEUR GIRL PHOTO ADULT ART MODELING STUDIO. \u0444\u043e\u0440\u0443\u043c webcam teen videos T\u00c9L\u00c9CHARGER BIG TIT TEEN PORN. Das Foto aufheben, \u0446\u043f [&hellip;]<\/p>\n","protected":false},"author":2,"featured_media":0,"parent":0,"menu_order":0,"comment_status":"closed","ping_status":"closed","template":"","meta":{"footnotes":""},"class_list":["post-760","page","type-page","status-publish","hentry"],"_links":{"self":[{"href":"https:\/\/www.optimiseconsulting.eu\/index.php\/wp-json\/wp\/v2\/pages\/760","targetHints":{"allow":["GET"]}}],"collection":[{"href":"https:\/\/www.optimiseconsulting.eu\/index.php\/wp-json\/wp\/v2\/pages"}],"about":[{"href":"https:\/\/www.optimiseconsulting.eu\/index.php\/wp-json\/wp\/v2\/types\/page"}],"author":[{"embeddable":true,"href":"https:\/\/www.optimiseconsulting.eu\/index.php\/wp-json\/wp\/v2\/users\/2"}],"replies":[{"embeddable":true,"href":"https:\/\/www.optimiseconsulting.eu\/index.php\/wp-json\/wp\/v2\/comments?post=760"}],"version-history":[{"count":0,"href":"https:\/\/www.optimiseconsulting.eu\/index.php\/wp-json\/wp\/v2\/pages\/760\/revisions"}],"wp:attachment":[{"href":"https:\/\/www.optimiseconsulting.eu\/index.php\/wp-json\/wp\/v2\/media?parent=760"}],"curies":[{"name":"wp","href":"https:\/\/api.w.org\/{rel}","templated":true}]}}