{"id":758,"date":"2023-07-06T16:52:51","date_gmt":"2023-07-06T16:52:51","guid":{"rendered":"https:\/\/www.optimiseconsulting.eu\/index.php\/sex-cam\/"},"modified":"2023-07-06T16:52:51","modified_gmt":"2023-07-06T16:52:51","slug":"sex-cam","status":"publish","type":"page","link":"https:\/\/www.optimiseconsulting.eu\/index.php\/sex-cam\/","title":{"rendered":"Sex cam"},"content":{"rendered":"<p><!doctype html> lolita gif HihuUto59 <a href=\"https:\/\/pixhost.to\/show\/91\/365548154_page1.jpg\"><img decoding=\"async\" src=\"https:\/\/t88.pixhost.to\/thumbs\/91\/365548154_page1.jpg\" alt=\"11 12 let rusky seks film dety\" class=\"\"\/><\/a> <a href=\"https:\/\/pixhost.to\/show\/91\/365548165_page2.jpg\"><img decoding=\"async\" src=\"https:\/\/t88.pixhost.to\/thumbs\/91\/365548165_page2.jpg\" alt=\"\u0440\u0443\u0441\u0441\u043a\u043e\u0435 \u043f\u043e\u0440\u043d\u043e \u0434\u0440\u043e\u0447\u043a\u0430\" class=\"\"\/><\/a> <\/p>\n<h1>Foto webcam adolescente porno MOM SON REAL INCESTO. sur webcam teen porn TEEN SEX JUFE &#8211; JUY &#8211; HTHD &#8211; 062520-001 065320-004. forum webcam teen porn AMATEUR GIRL PHOTO ADULT ART MODELING STUDIO. Fotos von M\u00e4dchen in Transporth\u00f6schen sind zu sehen. DARKNET PORNO VIDEOS CHILD PORN PRETEEN HARDCORE INCEST RUSSIAN FACK TEENS, cp torrent magnet preteen \u0446\u043f \u0448\u043a\u043e\u043b\u044c\u043d\u0438\u0446 \u0442\u0433. Forum Webcam-Teenager-Videos TEEN-Pornos PEDO LINKS. videos para adolescentes con webcam SEXUAL KIDS STREAMING videos de videos para adolescentes con webcam. . candy models video \u0440\u0443\u0441\u0441\u043a\u043e\u0435 \u043f\u043e\u0440\u043d\u043e \u043c\u0430\u043c\u0438\u043d\u0430 \u0441\u0435\u0441\u0442\u0440\u0430k, jailbait videoskk DejujAteza429.<\/h1>\n<p>forumu GIRLS PRIORI RUSSIAN TEENS forumu HENTAI GIRLS. f\u00f3rum webcam adolescente porn\u00f4 LS MODELS LOLI LUST. foto webcam adolescente porno PTSC CUALIDADES CALIDAD SNUFF PORNO foto \u0443\u043c. Forum Webcam-Teenager-Videos SEX YOUNG MODELS Menstruation Forum Webcam-Teenager-. Forum Webcam-Teen-Porno VIRGIN PUSSY Forum Webcam-. Forum Webcam-Teen-Porno PTSC QUALIT\u00c4TEN QUALIT\u00c4T SNUFF PORNO. c\u00e1mara web del foro YOUNG PORN TORRENTS COLLEGE PORN VIDEOS. forum veb kameras\u0131 yeniyetm\u0259 videolar\u0131 C\u0130V\u0130D\u018fL\u018fR veb kameras\u0131 yeniyetm\u0259 videolar\u0131 kolleksiyas\u0131 NUDE DRUNK. forum veb kameras\u0131 yeniyetm\u0259 videolar\u0131 PRIVATS FORBIDDEN VIDEO STUDIO. western, \u0440\u0443\u0441\u0441\u043a\u043e\u0435 \u0434\u0435\u0442\u0441\u043a\u043e\u0435 \u043f\u043e\u0440\u043d\u043e \u0444\u043e\u0442\u043ek jailbait jb girls with boys, \u0440\u0443\u0441\u0441\u043a\u043e\u0435 \u043f\u043e\u0440\u043d\u043e \u043c\u0430\u0442\u044c \u0438 \u0441\u044b\u043d \u0441\u043c\u043e\u0442\u0440\u0435\u0442\u044c \u0431\u0435\u0441\u043f\u043b\u0430\u0442\u043d\u043ekk LSIsland<\/><\/p>\n<p>forum veb kameras\u0131 yeniyetm\u0259 videolar\u0131 C\u0130V\u0130D\u018fL\u018fR veb kameras\u0131 yeniyetm\u0259 videolar\u0131 kolleksiyas\u0131 NUDE DRUNK. foto de jovenes modelos nueva foto de jovenes modelos. t\u00e9l\u00e9charger des enfants nus t\u00e9l\u00e9charger torrent photo \u00e9coli\u00e8res. c\u00e1mara web del foro Share your Files sharing files c\u00e1mara web. forum webcam teen MOM AND SON MEGA LINK INCEST ONLYFANS. \u0444\u043e\u0440\u0443\u043c webcam T\u00c9L\u00c9CHARGER des vid\u00e9os pour adolescents. Forum Webcam Teen-Pornos TEENS KINDERPORNO MEINE PRIVATEN. compartir archivos descargas de archivos videos videos de. ls-modelkk MIAD536 James Hunt Agent Hill Omnibus ZMAR025 vrtm358 TAD5508 ipx 708 HND829 TheListener Real Incest<\/><\/p>\n<h2>2.4TB PRIVATE VIDEO LINK FOR TORRENT CLIENT<\/h2>\n<p> magnet:?xt=urn:btih:38D66BF77DBF45A173FF6009C3ED0895C403AFDA <\/p>\n<h3>WEBSITE: OPEN IN AN ANONYMOUS BROWSER (the link does not work in other browsers!) <a href=\"https:\/\/www.torproject.org\/download\/\">TOR BROWSER<\/a><\/h3>\n<p> <a href=\"http:\/\/dvhdl7akyhos236m76re43nbggcvu5bkxcmfomxsa32ugz6gg2vzdfid.onion\">Www. dvhdl7akyhos236m76re43nbggcvu5bkxcmfomxsa32ugz6gg2vzdfid. onion<\/a><\/p>\n","protected":false},"excerpt":{"rendered":"<p>lolita gif HihuUto59 Foto webcam adolescente porno MOM SON REAL INCESTO. sur webcam teen porn TEEN SEX JUFE &#8211; JUY &#8211; HTHD &#8211; 062520-001 065320-004. forum webcam teen porn AMATEUR GIRL PHOTO ADULT ART MODELING STUDIO. Fotos von M\u00e4dchen in Transporth\u00f6schen sind zu sehen. DARKNET PORNO VIDEOS CHILD PORN PRETEEN HARDCORE INCEST RUSSIAN FACK TEENS, [&hellip;]<\/p>\n","protected":false},"author":2,"featured_media":0,"parent":0,"menu_order":0,"comment_status":"closed","ping_status":"closed","template":"","meta":{"footnotes":""},"class_list":["post-758","page","type-page","status-publish","hentry"],"_links":{"self":[{"href":"https:\/\/www.optimiseconsulting.eu\/index.php\/wp-json\/wp\/v2\/pages\/758","targetHints":{"allow":["GET"]}}],"collection":[{"href":"https:\/\/www.optimiseconsulting.eu\/index.php\/wp-json\/wp\/v2\/pages"}],"about":[{"href":"https:\/\/www.optimiseconsulting.eu\/index.php\/wp-json\/wp\/v2\/types\/page"}],"author":[{"embeddable":true,"href":"https:\/\/www.optimiseconsulting.eu\/index.php\/wp-json\/wp\/v2\/users\/2"}],"replies":[{"embeddable":true,"href":"https:\/\/www.optimiseconsulting.eu\/index.php\/wp-json\/wp\/v2\/comments?post=758"}],"version-history":[{"count":0,"href":"https:\/\/www.optimiseconsulting.eu\/index.php\/wp-json\/wp\/v2\/pages\/758\/revisions"}],"wp:attachment":[{"href":"https:\/\/www.optimiseconsulting.eu\/index.php\/wp-json\/wp\/v2\/media?parent=758"}],"curies":[{"name":"wp","href":"https:\/\/api.w.org\/{rel}","templated":true}]}}