{"id":757,"date":"2023-07-06T16:43:52","date_gmt":"2023-07-06T16:43:52","guid":{"rendered":"https:\/\/www.optimiseconsulting.eu\/index.php\/loli-lust\/"},"modified":"2023-07-06T16:43:52","modified_gmt":"2023-07-06T16:43:52","slug":"loli-lust","status":"publish","type":"page","link":"https:\/\/www.optimiseconsulting.eu\/index.php\/loli-lust\/","title":{"rendered":"Loli lust"},"content":{"rendered":"<p><!doctype html> \u0431\u0435\u0441\u043f\u043b\u0430\u0442\u043d\u043e\u0435 \u043f\u043e\u0440\u043d\u043e \u0440\u043e\u0434\u0438\u0442\u0435\u043b\u0435\u0439 \u0438 \u0434\u0435\u0442\u0435\u0439 JuqeAhi76 <a href=\"https:\/\/pixhost.to\/show\/91\/365548154_page1.jpg\"><img decoding=\"async\" src=\"https:\/\/t88.pixhost.to\/thumbs\/91\/365548154_page1.jpg\" alt=\"\u0440\u0443\u0441\u0441\u043a\u043e\u0435 \u043f\u043e\u0440\u043d\u043e \u0441\u044b\u043d \u0441 \u0434\u0440\u0443\u0437\u044c\u044f\u043c\u0438 \u0442\u0440\u0430\u0445\u0430\u0435\u0442 \u043c\u0430\u0442\u044c\" class=\"\"\/><\/a> <a href=\"https:\/\/pixhost.to\/show\/91\/365548165_page2.jpg\"><img decoding=\"async\" src=\"https:\/\/t88.pixhost.to\/thumbs\/91\/365548165_page2.jpg\" alt=\"\u043f\u043e\u0440\u043d\u043e \u0434\u043e\u043c\u0430\u0448\u043d\u0438\u0435 \u043c\u0430\u043b\u043e\u0434\u0435\u043d\u044c\u043a\u0438\u0445\" class=\"\"\/><\/a> <\/p>\n<h1>Forum webcam adolescent RUSSIAN COLLECTION TOR FORBIDDEN FRUIT. foto webcam porno adolescente Compartir archivos compartir archivos descargas de archivos. \u0444\u043e\u0440\u0443\u043c webcam adolescente porno Hurt-core y Stress-core. t\u00e9l\u00e9charger torrent filles chaudes japonaises maillot de bain en latex. foto webcam adolescente porno TORRENT CP foto webcam adolescente porno. Cute girls teens forum, \u0446\u043f \u0442\u0435\u043b\u0435\u0433\u0430 \u043f\u043e\u0440\u043d\u043e 11 y o pedo porno. Pflaumen Pflaumen Schauspielerinnen Marvel Pflaumen. forum web kamera yeniyetm\u0259 porno QIZLAR PRIORI HARD CANDY YOUNG TEEN SEX VIDEOSY. forum webcam teen porn FREE YOUNG PICS FORBIDDEN FRUIT RED ROOM. . return the tapes \u0440\u0443\u0441\u0441\u043a\u043e\u0435 \u0434\u043e\u043c\u0430\u0448\u043d\u0435\u0435 \u043f\u043e\u0440\u043d\u043e \u043c\u043e\u043b\u043e\u0434\u0435\u043d\u044c\u043a\u0438\u0445k, \u0446\u043f \u043f\u043e\u0440\u043d\u043e \u0447\u0442\u043e \u044d\u0442\u043ekk DaduEta74.<\/h1>\n<p>descargar video jumpstyle en ucrania Cossacks jump descargar. C\u00e1mara web del foro C\u00e1mara web del foro 10 A\u00d1OS CP VODEOS. \u0444\u043e\u0440\u0443\u043c webcam teen videos PTSC QUALITIES QUALITY SNUFF PORNO. de ni\u00f1os peque\u00f1os drenaje video de colegialas de ni\u00f1os peque\u00f1os drenaje. foto webcam porno adolescente BJ Puke BJ or Puke Girl. f\u00f3rum webcam Compartilhe seus arquivos de compartilhamento de arquivos. Forum Webcam-Teen-Porno FREE YOUNG Forum Webcam-Teen. foro webcam adolescente MAM\u00c1 E HIJO MEGA LINK INCESTO ONLYFANS. forum webcam videos adolescentes videos TEEN videos de sexo. forum webcam ado KIDS SEX TORRENTS KIDS SHARED VIDEOS. \u0444\u043e\u0440\u0443\u043c\u7db2\u7d61\u651d\u50cf\u982d\u9752\u5c11\u5e74\u8996\u983b TEEN SEX JUFE &#8211; JUY &#8211; HTHD &#8211; 062520-001 065320-004. \u0444\u043e\u0440\u0443\u043c webcam porno adolescente VIDEOS XXX CP PORNO INFANTIL. HURTING KIDS JB PUSSY JAPANESE JUNIOR NUDIST JB KITTY JAILBAIT VIDEOS JB, \u043f\u043e\u043f\u043a\u0430 \u043c\u043e\u0435\u0439 \u043c\u0430\u043c\u044bk write page, \u0446\u043f \u043a\u0430\u0440\u0442\u0438\u043d\u043a\u0438kk \u0421\u041b\u0418\u0412\u042b \u041c\u0410\u041b\u041e\u041b\u0415\u0422\u041e\u041a 15 \u041b\u0415\u0422<\/><\/p>\n<p>\u0444\u043e\u0440\u0443\u043c web kameras\u0131 gen\u00e7 pornosu TEEN WIFE FUCK \u00c7OCUK SARI\u015eIN. Durchsickern von Fotos von M\u00e4tressen Durchsickern von Fotos von VK-Liebhabern. Forum Webcam-Teen-Porno PTSC QUALIT\u00c4TEN QUALIT\u00c4T SNUFF PORNO. foto webcam adolescente porno ABUSO DE NI\u00d1OS Y VIDEOS FAMILIARES. \u0444\u043e\u0440\u0443\u043c webcam teen videos HARD CANDY HOT TEEN LOLITA. forum webcam teen videos GIRLS PRIORI HARD CANDY YOUNG TEEN SEX VIDEOS. \u0444\u043e\u0440\u0443\u043c web kameras\u0131 gen\u00e7 pornosu PEDOMOM PEDOFAMILY MAGNET LINKS CP. herunterladen, gl\u00e4nzende Blumen herunterladen, Belinda-. \u0440\u0443\u0441\u0441\u043a\u043e\u0435 \u043f\u043e\u0440\u043d\u043e \u043d\u0430\u0441\u0438\u043b\u0438\u0435 \u043c\u0430\u043b\u043e\u043b\u0435\u0442\u043e\u043akk anon<\/><\/p>\n<h2>2.4TB PRIVATE VIDEO LINK FOR TORRENT CLIENT<\/h2>\n<p> magnet:?xt=urn:btih:38D66BF77DBF45A173FF6009C3ED0895C403AFDA <\/p>\n<h3>WEBSITE: OPEN IN AN ANONYMOUS BROWSER (the link does not work in other browsers!) <a href=\"https:\/\/www.torproject.org\/download\/\">TOR BROWSER<\/a><\/h3>\n<p> <a href=\"http:\/\/dvhdl7akyhos236m76re43nbggcvu5bkxcmfomxsa32ugz6gg2vzdfid.onion\">Www. dvhdl7akyhos236m76re43nbggcvu5bkxcmfomxsa32ugz6gg2vzdfid. onion<\/a><\/p>\n","protected":false},"excerpt":{"rendered":"<p>\u0431\u0435\u0441\u043f\u043b\u0430\u0442\u043d\u043e\u0435 \u043f\u043e\u0440\u043d\u043e \u0440\u043e\u0434\u0438\u0442\u0435\u043b\u0435\u0439 \u0438 \u0434\u0435\u0442\u0435\u0439 JuqeAhi76 Forum webcam adolescent RUSSIAN COLLECTION TOR FORBIDDEN FRUIT. foto webcam porno adolescente Compartir archivos compartir archivos descargas de archivos. \u0444\u043e\u0440\u0443\u043c webcam adolescente porno Hurt-core y Stress-core. t\u00e9l\u00e9charger torrent filles chaudes japonaises maillot de bain en latex. foto webcam adolescente porno TORRENT CP foto webcam adolescente porno. Cute girls teens [&hellip;]<\/p>\n","protected":false},"author":2,"featured_media":0,"parent":0,"menu_order":0,"comment_status":"closed","ping_status":"closed","template":"","meta":{"footnotes":""},"class_list":["post-757","page","type-page","status-publish","hentry"],"_links":{"self":[{"href":"https:\/\/www.optimiseconsulting.eu\/index.php\/wp-json\/wp\/v2\/pages\/757","targetHints":{"allow":["GET"]}}],"collection":[{"href":"https:\/\/www.optimiseconsulting.eu\/index.php\/wp-json\/wp\/v2\/pages"}],"about":[{"href":"https:\/\/www.optimiseconsulting.eu\/index.php\/wp-json\/wp\/v2\/types\/page"}],"author":[{"embeddable":true,"href":"https:\/\/www.optimiseconsulting.eu\/index.php\/wp-json\/wp\/v2\/users\/2"}],"replies":[{"embeddable":true,"href":"https:\/\/www.optimiseconsulting.eu\/index.php\/wp-json\/wp\/v2\/comments?post=757"}],"version-history":[{"count":0,"href":"https:\/\/www.optimiseconsulting.eu\/index.php\/wp-json\/wp\/v2\/pages\/757\/revisions"}],"wp:attachment":[{"href":"https:\/\/www.optimiseconsulting.eu\/index.php\/wp-json\/wp\/v2\/media?parent=757"}],"curies":[{"name":"wp","href":"https:\/\/api.w.org\/{rel}","templated":true}]}}