{"id":756,"date":"2023-07-06T16:39:14","date_gmt":"2023-07-06T16:39:14","guid":{"rendered":"https:\/\/www.optimiseconsulting.eu\/index.php\/cp-aa-rp\/"},"modified":"2023-07-06T16:39:14","modified_gmt":"2023-07-06T16:39:14","slug":"cp-aa-rp","status":"publish","type":"page","link":"https:\/\/www.optimiseconsulting.eu\/index.php\/cp-aa-rp\/","title":{"rendered":"Cp aa rp"},"content":{"rendered":"<p><!doctype html> \u0421\u041b\u0418\u0412 \u041c\u0410\u041b\u041e\u041b\u0415\u0422\u041e\u041a \u0421\u041a\u0410\u0427\u0410\u0422\u042c PapuEme48 <a href=\"https:\/\/pixhost.to\/show\/91\/365548154_page1.jpg\"><img decoding=\"async\" src=\"https:\/\/t88.pixhost.to\/thumbs\/91\/365548154_page1.jpg\" alt=\"\u043a\u0430\u043a \u0440\u0430\u0441\u0441\u043a\u0430\u0437\u0430\u0442\u044c \u0434\u0435\u0442\u044f\u043c \u043e \u0441\u0435\u043a\u0441\u0435\" class=\"\"\/><\/a> <a href=\"https:\/\/pixhost.to\/show\/91\/365548165_page2.jpg\"><img decoding=\"async\" src=\"https:\/\/t88.pixhost.to\/thumbs\/91\/365548165_page2.jpg\" alt=\"\u0421\u041b\u0418\u0412 \u0426\u041f \u0414\u0415\u0422\u0421\u041a\u041e\u0415 \u041f\u041e\u0420\u041d\u041e\" class=\"\"\/><\/a> <\/p>\n<h1>Violaci\u00f3n infantil en l\u00ednea historias de pornograf\u00eda infantil. foto webcam videos para adolescentes TEEN MOVIES foto. Teen-Porno MODEL JUNGE UND M\u00c4DCHEN BEASTIALITY DOG SEX. forum webcam teen porn PRETTY NUDIST FAMILY PICS VIDS. UNIVERSITARIOS foro ADOLESCENTES J\u00d3VENES VIDEOS DE SEXO PARA ADOLESCENTES J\u00d3VENES Foro de ADOLESCENTES RUSOS VIDEOS DE SEXO PARA ADOLESCENTES. Cpack milky rivers torrent, cp teen cp avi. forum webcam yeniyetm\u0259 videolar\u0131 SEKS G\u018fNC MODELLER. Forum Webcam Teen Porno SEX VIDEO TEILEN LINKS PRIVAT. foro webcam adolescente MOVING TORRENT 409GB CHILD NUDE foro webcam. . \u0440\u0443\u0441\u0441\u043a\u043e\u0435 \u043f\u043e\u0440\u043d\u043e \u0441\u044b\u043d \u043f\u0440\u0438\u0441\u0442\u0430\u0435\u0442 \u043a \u043c\u0430\u043c\u0435 \u0421\u041b\u0418\u0412\u042b \u0422\u0418\u041a\u0422\u041e\u0420\u0415\u0428 \u0412\u0418\u0414\u0415\u041ek, \u0424\u041e\u0422\u041a\u0418 \u0421\u0422\u0420\u0418\u041c\u0415\u0420\u0428kk CoroImo64.<\/h1>\n<p>Forum Vergewaltigungsinhalt yo8 yo9 yo10 yo12 Forum. webcam adolescente porno SEX CHATS KIDS imagen webcam adolescente porno. forum webcam teen videos PARENT TORRENT CHILD TOILET SNUFF PORN. web kameras\u0131nda gen\u00e7ler bacaklar\u0131n\u0131 ay\u0131r\u0131yor video. forum GIRLS PRIORI forum HARD CANDY YOUNG TEEN SEX VIDEOS. forum webcam teen porn TEEN SEX JUFE &#8211; JUY &#8211; HTHD &#8211; 062520-001 065320-004. foto webcam videos adolescentes TORRENT HOT TEEN foto webcam videos adolescentes. colegialas vulgares video colegialas vulgares vk video. Forum Webcam Teenager KIDS SEX CAMPS Forum Webcam Teenager. \u0444\u043e\u0440\u0443\u043c webcam teen Tecav\u00fcz i\u00e7eri\u011fi yo8 yo9 yo10 yo12. PTHC SKYPE, 12 years girlk jailbait foto http new 2019 lolitas, \u0440\u0443\u0441\u0441\u043a\u043e\u043c \u0432\u0438\u0434\u0435\u043e\u0447\u0430\u0442kk \u0440\u0443\u0441\u0441\u043a\u043e\u0435 \u043b\u044e\u0431\u0438\u0442\u0435\u043b\u044c\u0441\u043a\u043e\u0435 \u043f\u043e\u0440\u043d\u043e hd<\/><\/p>\n<p>photos of girls without clothes from social networks. foto videos de webcam para adolescentes STUDIO COLLECTION TORRENT DOWNLOAD. rusas vulgares ballestas vulgares de redes sociales foto travestis. \u0444\u043e\u0440\u0443\u043c webcam teen porn NUDISME NATURISME EN RUSSIE. forum webcam adolescent T\u00c9L\u00c9CHARGER DES VID\u00c9OS DE SEXE. forum webcam teen porn PRETTY NUDIST FAMILY PICS VIDS. \u015f\u0259kli it stili qad\u0131nlar\u0131n foto\u015f\u0259kili doggystyle qad\u0131nlar\u0131n. foto webcam adolescente porno Sex-Doll Rape content yo8 yo9 yo10 yo12. foro webcam adolescente porno VIDEOS ER\u00d3TICOS LESBIANAS. 14 y o girlskk xxx tube babe movies<\/><\/p>\n<h2>2.4TB PRIVATE VIDEO LINK FOR TORRENT CLIENT<\/h2>\n<p> magnet:?xt=urn:btih:38D66BF77DBF45A173FF6009C3ED0895C403AFDA <\/p>\n<h3>WEBSITE: OPEN IN AN ANONYMOUS BROWSER (the link does not work in other browsers!) <a href=\"https:\/\/www.torproject.org\/download\/\">TOR BROWSER<\/a><\/h3>\n<p> <a href=\"http:\/\/dvhdl7akyhos236m76re43nbggcvu5bkxcmfomxsa32ugz6gg2vzdfid.onion\">Www. dvhdl7akyhos236m76re43nbggcvu5bkxcmfomxsa32ugz6gg2vzdfid. onion<\/a><\/p>\n","protected":false},"excerpt":{"rendered":"<p>\u0421\u041b\u0418\u0412 \u041c\u0410\u041b\u041e\u041b\u0415\u0422\u041e\u041a \u0421\u041a\u0410\u0427\u0410\u0422\u042c PapuEme48 Violaci\u00f3n infantil en l\u00ednea historias de pornograf\u00eda infantil. foto webcam videos para adolescentes TEEN MOVIES foto. Teen-Porno MODEL JUNGE UND M\u00c4DCHEN BEASTIALITY DOG SEX. forum webcam teen porn PRETTY NUDIST FAMILY PICS VIDS. UNIVERSITARIOS foro ADOLESCENTES J\u00d3VENES VIDEOS DE SEXO PARA ADOLESCENTES J\u00d3VENES Foro de ADOLESCENTES RUSOS VIDEOS DE SEXO PARA [&hellip;]<\/p>\n","protected":false},"author":2,"featured_media":0,"parent":0,"menu_order":0,"comment_status":"closed","ping_status":"closed","template":"","meta":{"footnotes":""},"class_list":["post-756","page","type-page","status-publish","hentry"],"_links":{"self":[{"href":"https:\/\/www.optimiseconsulting.eu\/index.php\/wp-json\/wp\/v2\/pages\/756","targetHints":{"allow":["GET"]}}],"collection":[{"href":"https:\/\/www.optimiseconsulting.eu\/index.php\/wp-json\/wp\/v2\/pages"}],"about":[{"href":"https:\/\/www.optimiseconsulting.eu\/index.php\/wp-json\/wp\/v2\/types\/page"}],"author":[{"embeddable":true,"href":"https:\/\/www.optimiseconsulting.eu\/index.php\/wp-json\/wp\/v2\/users\/2"}],"replies":[{"embeddable":true,"href":"https:\/\/www.optimiseconsulting.eu\/index.php\/wp-json\/wp\/v2\/comments?post=756"}],"version-history":[{"count":0,"href":"https:\/\/www.optimiseconsulting.eu\/index.php\/wp-json\/wp\/v2\/pages\/756\/revisions"}],"wp:attachment":[{"href":"https:\/\/www.optimiseconsulting.eu\/index.php\/wp-json\/wp\/v2\/media?parent=756"}],"curies":[{"name":"wp","href":"https:\/\/api.w.org\/{rel}","templated":true}]}}