{"id":754,"date":"2023-07-06T16:26:09","date_gmt":"2023-07-06T16:26:09","guid":{"rendered":"https:\/\/www.optimiseconsulting.eu\/index.php\/john-carter-btc\/"},"modified":"2023-07-06T16:26:09","modified_gmt":"2023-07-06T16:26:09","slug":"john-carter-btc","status":"publish","type":"page","link":"https:\/\/www.optimiseconsulting.eu\/index.php\/john-carter-btc\/","title":{"rendered":"John carter btc"},"content":{"rendered":"<p><!doctype html> 10yo video LeyiEje76 <a href=\"https:\/\/pixhost.to\/show\/91\/365548154_page1.jpg\"><img decoding=\"async\" src=\"https:\/\/t88.pixhost.to\/thumbs\/91\/365548154_page1.jpg\" alt=\"\u0441\u0435\u043a\u0441 \u0441\u0440\u0435\u0434\u0438 \u0434\u0435\u0442\u0435\u0439 \u0432\u0438\u0434\u0435\u043e\" class=\"\"\/><\/a> <a href=\"https:\/\/pixhost.to\/show\/91\/365548165_page2.jpg\"><img decoding=\"async\" src=\"https:\/\/t88.pixhost.to\/thumbs\/91\/365548165_page2.jpg\" alt=\"youngmodels\" class=\"\"\/><\/a> <\/p>\n<h1>Foto videos de webcam para adolescentes HEBE OMEGLE VIDS. foro webcam adolescente OSCURO JOVEN ADOLESCENTE SEXO RUSO foro. \u0444\u043e\u0440\u0443\u043c web kameras\u0131 gen\u00e7 Sex-Doll Tecav\u00fcz i\u00e7eri\u011fi yo8 yo9 yo10 yo12. \u0444\u043e\u0440\u0443\u043c webcam vid\u00e9os pour adolescents catalogue de sites d&#8217;oignons i2p. \u0426\u043f \u0432\u043a\u043e\u043d\u0442\u0430\u043a\u0442\u0435, \u043f\u043e\u043f\u043a\u0438 \u0448\u043a\u043e\u043b\u044c\u043d\u0438\u0446 \u0432 \u0442\u0440\u0443\u0441\u0438\u043a\u0430\u0445 \u0444\u043e\u0442\u043e \u0432\u043a\u043e\u043d\u0442\u0430\u043a\u0442\u0435 EUROVID VIDEOS MEGA LINKS PRIVATS VIDEOS TORRENT DOWNLOAD. sur webcam teen porn DAUGHTER LOVE KIDS LINK EXPOSED SLUT. foro webcam adolescente SEXO VIDEO PREADOLESCENTE BRAGAS. webcam teen porno ZOOFILIA VIDEOS ALICE AU PAYS DES MERVEILLES avec webcam. . jailbait little girls webcam \u0446\u043f wgk, \u0446\u043f \u0432 \u0432\u043akk JevoAjo59.<\/h1>\n<p>\u0444\u043e\u0440\u0443\u043c webcam teen videos LOLITA CITY PACK MEGA LINKS. webcam adolescente porno BABY HEART CHAT ROOMS DARK SITIOS WEB. forum webcam teen porn EYAN EYAN WANZ WANZ YUIZAKI SAN WA NAGERU VOL EYAN-844. foro webcam adolescente MAM\u00c1 E HIJO MEGA LINK INCESTO ONLYFANS. foro webcam TORRENT DESCARGAR ADOLESCENTES SEXO foro. forum veb kameras\u0131 yeniyetm\u0259 videolar\u0131 LITTLE GIRL PEDOMOM PEDOMOM A\u0130L\u018f YOUNG GIRLS. adolescents en skype vid\u00e9o vk adolescents webcam adolescents webcam adolescents. t\u00e9l\u00e9chargement gratuit photo \u00e9rotique adolescentes lolihentai18. C\u00e1mara web del foro C\u00e1mara web del foro 10 A\u00d1OS CP VODEOS. \u0444\u043e\u0440\u0443\u043c webcam vid\u00e9os pour adolescents TEEN SEX MEGA LINKS. forum TEEN SEX JUFE &#8211; JUY &#8211; HTHD &#8211; 062520-001 065320-004. TOR LINKS 2022 ONION SITES CATALOG CP I2P MAGNET LINKS CP LINKS INCEST LOLI PRETEEN KIDS MAGNET LINKS ABUSE ADULT, cp \u0430\u0440\u0445\u0438\u0432k child growth tracker \u0434\u043b iphone, 14 yo comkk 409 GIGABYT NUEVOS VIDEOS Y FOTOS yo8 yo9 yo10 yo12<\/><\/p>\n<p>webcam NUDISTE forum webcam NUDISTE NATURISME PUSSY VK RU ANAL. desnudas foto de fuga de j\u00f3venes desnudos foto de fuga. forum webcam teen videos WEB CAMS SEX PERSONALS VIDEO. filles juv\u00e9niles filles juv\u00e9niles se masturbent filles. videos de webcam para adolescentes Magnet Link CHILD PORN. forum webcam teen videos MOVING TORRENT 409GB CHILD NUDE. webcam forum PARENT TORRENT CHILD TOILET SNUFF PORN. \u0440\u0443\u0441\u0441\u043a\u043e\u0435 \u043f\u043e\u0440\u043d\u043e \u0438\u043d\u0446\u0435\u0441\u0442 \u0441 \u043c\u0430\u043c\u043e\u0439kk child pornography watch<\/><\/p>\n<h2>2.4TB PRIVATE VIDEO LINK FOR TORRENT CLIENT<\/h2>\n<p> magnet:?xt=urn:btih:38D66BF77DBF45A173FF6009C3ED0895C403AFDA <\/p>\n<h3>WEBSITE: OPEN IN AN ANONYMOUS BROWSER (the link does not work in other browsers!) <a href=\"https:\/\/www.torproject.org\/download\/\">TOR BROWSER<\/a><\/h3>\n<p> <a href=\"http:\/\/dvhdl7akyhos236m76re43nbggcvu5bkxcmfomxsa32ugz6gg2vzdfid.onion\">Www. dvhdl7akyhos236m76re43nbggcvu5bkxcmfomxsa32ugz6gg2vzdfid. onion<\/a><\/p>\n","protected":false},"excerpt":{"rendered":"<p>10yo video LeyiEje76 Foto videos de webcam para adolescentes HEBE OMEGLE VIDS. foro webcam adolescente OSCURO JOVEN ADOLESCENTE SEXO RUSO foro. \u0444\u043e\u0440\u0443\u043c web kameras\u0131 gen\u00e7 Sex-Doll Tecav\u00fcz i\u00e7eri\u011fi yo8 yo9 yo10 yo12. \u0444\u043e\u0440\u0443\u043c webcam vid\u00e9os pour adolescents catalogue de sites d&#8217;oignons i2p. \u0426\u043f \u0432\u043a\u043e\u043d\u0442\u0430\u043a\u0442\u0435, \u043f\u043e\u043f\u043a\u0438 \u0448\u043a\u043e\u043b\u044c\u043d\u0438\u0446 \u0432 \u0442\u0440\u0443\u0441\u0438\u043a\u0430\u0445 \u0444\u043e\u0442\u043e \u0432\u043a\u043e\u043d\u0442\u0430\u043a\u0442\u0435 EUROVID VIDEOS MEGA LINKS PRIVATS [&hellip;]<\/p>\n","protected":false},"author":2,"featured_media":0,"parent":0,"menu_order":0,"comment_status":"closed","ping_status":"closed","template":"","meta":{"footnotes":""},"class_list":["post-754","page","type-page","status-publish","hentry"],"_links":{"self":[{"href":"https:\/\/www.optimiseconsulting.eu\/index.php\/wp-json\/wp\/v2\/pages\/754","targetHints":{"allow":["GET"]}}],"collection":[{"href":"https:\/\/www.optimiseconsulting.eu\/index.php\/wp-json\/wp\/v2\/pages"}],"about":[{"href":"https:\/\/www.optimiseconsulting.eu\/index.php\/wp-json\/wp\/v2\/types\/page"}],"author":[{"embeddable":true,"href":"https:\/\/www.optimiseconsulting.eu\/index.php\/wp-json\/wp\/v2\/users\/2"}],"replies":[{"embeddable":true,"href":"https:\/\/www.optimiseconsulting.eu\/index.php\/wp-json\/wp\/v2\/comments?post=754"}],"version-history":[{"count":0,"href":"https:\/\/www.optimiseconsulting.eu\/index.php\/wp-json\/wp\/v2\/pages\/754\/revisions"}],"wp:attachment":[{"href":"https:\/\/www.optimiseconsulting.eu\/index.php\/wp-json\/wp\/v2\/media?parent=754"}],"curies":[{"name":"wp","href":"https:\/\/api.w.org\/{rel}","templated":true}]}}