{"id":752,"date":"2023-07-06T16:22:06","date_gmt":"2023-07-06T16:22:06","guid":{"rendered":"https:\/\/www.optimiseconsulting.eu\/index.php\/ls-little-nude\/"},"modified":"2023-07-06T16:22:06","modified_gmt":"2023-07-06T16:22:06","slug":"ls-little-nude","status":"publish","type":"page","link":"https:\/\/www.optimiseconsulting.eu\/index.php\/ls-little-nude\/","title":{"rendered":"Ls little nude"},"content":{"rendered":"<p><!doctype html> 11yo video VuyaIte19 <a href=\"https:\/\/pixhost.to\/show\/91\/365548154_page1.jpg\"><img decoding=\"async\" src=\"https:\/\/t88.pixhost.to\/thumbs\/91\/365548154_page1.jpg\" alt=\"\u0446\u043f 13 \u043b\u0435\u0442\" class=\"\"\/><\/a> <a href=\"https:\/\/pixhost.to\/show\/91\/365548165_page2.jpg\"><img decoding=\"async\" src=\"https:\/\/t88.pixhost.to\/thumbs\/91\/365548165_page2.jpg\" alt=\"cp teen posstome\" class=\"\"\/><\/a> <\/p>\n<h1>Forum webcam teen videos PRIVATS FORBIDDEN VIDEO STUDIO. forum webcam teen videos Rape content yo8 yo9 yo10 yo12. photos de filles nues dans minecraft photos de femmes nues. privates VK-Video, privates Vkontakte &#8211; Video, Periscope. video gay adolescente corriente desnuda adolescente vk. \u0426\u043f \u0432\u0438\u0434\u0435\u043e \u0432\u043a\u043e\u043d\u0442\u0430\u043a\u0442\u0435, \u0446\u043f 10 \u043b\u0435\u0442 COLLECTION LIBRO ARCHIVEN. forum veb kameras\u0131 yeniyetm\u0259 videolar\u0131 PRIVATS FORBIDDEN VIDEO STUDIO. \u0444\u043e\u0440\u0443\u043c webcam teen porn KIDS SEX TORRENTS ENFANTS VID\u00c9OS PARTAG\u00c9ES. . little girl pussy forum \u0446\u043f \u0441 \u043c\u0430\u0448\u0435\u043d\u044c\u043a\u043e\u0439 \u0431\u0430\u0431\u0435\u043d\u043a\u043ek, \u0438\u0433\u0440\u044b \u043e\u043d\u043b\u0430\u0439\u043d \u0441\u0435\u043a\u0441 \u0434\u043b\u044f \u0434\u0435\u0442\u0435\u0439kk GiyaUlo41.<\/h1>\n<p>\u0444\u043e\u0440\u0443\u043c webcam remaja porno E VIDEO DEWASA JEPANG ENS. porno BABES BLOWJOB GIRLS foto webcam adolescente porno. photos et vid\u00e9os de la maison photos et vid\u00e9os de sexe. foro c\u00e1mara web adolescente YUIZAKI FC2 PPV JAV SIN CENSURA foro c\u00e1mara web. t\u00e9l\u00e9grammes d&#8217;\u00e9coli\u00e8res fusionner des photos de skins fusionner des photos de skins t\u00e9l\u00e9grammes fusionner des photos de skins. forum EYAN EYAN WANZ WANZ YUIZAKI SAN WA NAGERU VOL EYAN-844. \u30d5\u30a9\u30fc\u30e9\u30e0 \u30a6\u30a7\u30d6\u30ab\u30e1\u30e9 \u30c6\u30a3\u30fc\u30f3 SEX TEEN PUSSY VIDEO \u30d5\u30a9\u30fc\u30e9\u30e0 \u30a6\u30a7\u30d6\u30ab\u30e1\u30e9 \u30c6\u30a3\u30fc\u30f3. forum EYAN EYAN WANZ WANZ YUIZAKI SAN WA NAGERU VOL EYAN-8 44. forum webcam BJ Puke BJ or Puke Girl Menstruation Child. herunterladen, Fotosets von nackten Jugendlichen herunterladen. union null hpse, ls model videok \u041f\u0420\u0418\u0412\u0410\u0422 \u041c\u0410\u041b\u041e\u041b\u0415\u0422\u041a\u0418, \u0446\u043f wgkk jailbait ok 18 ru<\/><\/p>\n<p>Monat wurde das Video \u201eKleiner Junge\u201c abgerissen, nachdem der Kleine Junge abgeschnitten hatte. foto c\u00e1mara web videos adolescentes LOLICON SHOTACON SHOTA. forum veb kameras\u0131 yeniyetm\u0259 videolar\u0131 VLADMODELS YOUNG VIDEO MODELS. forum veb kameras\u0131 yeniyetm\u0259 videolar\u0131 SEX HOME V\u0130DEO. Durchsickern von Fotos und Videos eines russischen Studentenforums. forum webcam adolescent MOM ET FILS MEGA LINK INCEST ONLYFANS. \u0444\u043e\u0440\u0443\u043c webcam videos de adolescentes ADOLESCENTE ESPOSA FUCK CHILD BLONDE. Forum Webcam-Teen-Videos NUDIST NATURISM PUSSY VK RU ANAL. forum webcam teen videos Rape Falko Sex-Doll Magnet Link. ls nn modelskk TEEN JAILBAIT TORRENT DOWNLOAD<\/><\/p>\n<h2>2.4TB PRIVATE VIDEO LINK FOR TORRENT CLIENT<\/h2>\n<p> magnet:?xt=urn:btih:38D66BF77DBF45A173FF6009C3ED0895C403AFDA <\/p>\n<h3>WEBSITE: OPEN IN AN ANONYMOUS BROWSER (the link does not work in other browsers!) <a href=\"https:\/\/www.torproject.org\/download\/\">TOR BROWSER<\/a><\/h3>\n<p> <a href=\"http:\/\/dvhdl7akyhos236m76re43nbggcvu5bkxcmfomxsa32ugz6gg2vzdfid.onion\">Www. dvhdl7akyhos236m76re43nbggcvu5bkxcmfomxsa32ugz6gg2vzdfid. onion<\/a><\/p>\n","protected":false},"excerpt":{"rendered":"<p>11yo video VuyaIte19 Forum webcam teen videos PRIVATS FORBIDDEN VIDEO STUDIO. forum webcam teen videos Rape content yo8 yo9 yo10 yo12. photos de filles nues dans minecraft photos de femmes nues. privates VK-Video, privates Vkontakte &#8211; Video, Periscope. video gay adolescente corriente desnuda adolescente vk. \u0426\u043f \u0432\u0438\u0434\u0435\u043e \u0432\u043a\u043e\u043d\u0442\u0430\u043a\u0442\u0435, \u0446\u043f 10 \u043b\u0435\u0442 COLLECTION LIBRO ARCHIVEN. forum [&hellip;]<\/p>\n","protected":false},"author":2,"featured_media":0,"parent":0,"menu_order":0,"comment_status":"closed","ping_status":"closed","template":"","meta":{"footnotes":""},"class_list":["post-752","page","type-page","status-publish","hentry"],"_links":{"self":[{"href":"https:\/\/www.optimiseconsulting.eu\/index.php\/wp-json\/wp\/v2\/pages\/752","targetHints":{"allow":["GET"]}}],"collection":[{"href":"https:\/\/www.optimiseconsulting.eu\/index.php\/wp-json\/wp\/v2\/pages"}],"about":[{"href":"https:\/\/www.optimiseconsulting.eu\/index.php\/wp-json\/wp\/v2\/types\/page"}],"author":[{"embeddable":true,"href":"https:\/\/www.optimiseconsulting.eu\/index.php\/wp-json\/wp\/v2\/users\/2"}],"replies":[{"embeddable":true,"href":"https:\/\/www.optimiseconsulting.eu\/index.php\/wp-json\/wp\/v2\/comments?post=752"}],"version-history":[{"count":0,"href":"https:\/\/www.optimiseconsulting.eu\/index.php\/wp-json\/wp\/v2\/pages\/752\/revisions"}],"wp:attachment":[{"href":"https:\/\/www.optimiseconsulting.eu\/index.php\/wp-json\/wp\/v2\/media?parent=752"}],"curies":[{"name":"wp","href":"https:\/\/api.w.org\/{rel}","templated":true}]}}