{"id":751,"date":"2023-07-06T16:21:49","date_gmt":"2023-07-06T16:21:49","guid":{"rendered":"https:\/\/www.optimiseconsulting.eu\/index.php\/cp-wg\/"},"modified":"2023-07-06T16:21:49","modified_gmt":"2023-07-06T16:21:49","slug":"cp-wg","status":"publish","type":"page","link":"https:\/\/www.optimiseconsulting.eu\/index.php\/cp-wg\/","title":{"rendered":"\u0426\u043f wg"},"content":{"rendered":"<p><!doctype html> \u0434\u0435\u0442\u0441\u043a\u0438\u0439 \u0444\u0438\u0441\u0442\u0438\u043d\u0433 HisuwAcene365 <a href=\"https:\/\/pixhost.to\/show\/91\/365548154_page1.jpg\"><img decoding=\"async\" src=\"https:\/\/t88.pixhost.to\/thumbs\/91\/365548154_page1.jpg\" alt=\"\u0413\u041e\u041b\u042b\u0415 \u0422\u0418\u041a\u0422\u041e\u041a\u0415\u0420\u0428\u0418\" class=\"\"\/><\/a> <a href=\"https:\/\/pixhost.to\/show\/91\/365548165_page2.jpg\"><img decoding=\"async\" src=\"https:\/\/t88.pixhost.to\/thumbs\/91\/365548165_page2.jpg\" alt=\"\u043a\u043e\u0433\u0434\u0430 \u0442\u0435\u0440\u044f\u0435\u0448\u044c \u0434\u0435\u0432\u0441\u0442\u0432\u0435\u043d\u043d\u043e\u0441\u0442\u044c \u043a\u0440\u043e\u0432\u044c \u0438\u0434\u0435\u0442\" class=\"\"\/><\/a> <\/p>\n<h1>Foro webcam adolescente ENLACES IM\u00c1N CP HEBE OMEGLE VIDS foro. forum webcam yeniyetm\u0259 porno NECRO NECROPHILIA OMEGLE CAPTURES. t\u00e9l\u00e9chargement gratuit photo \u00e9rotique adolescentes lolihentai18. \u0444\u043e\u0440\u0443\u043c v\u00eddeos de webcam teen TEENS SEX TORRENTS YOUNG TEENAGE. \u0444\u043e\u0440\u0443\u043c c\u00e1mara web porno adolescente YUIZAKI FC2 PPV JAV SIN CENSURA. \u0426\u043f \u0432, 12 yo young boy wanker nude preteen lolitas models. adolescentes KIDS JAPON\u00c9S ADOLESCENTE foro c\u00e1mara web. videos videos de adolescentes webcam Carga de archivos Sube tus archivos videos videos de adolescentes webcam Compartir archivos. \u0444\u043e\u0440\u0443\u043c\u7db2\u7d61\u651d\u50cf\u982d\u9752\u5c11\u5e74\u8996\u983b TEEN SEX JUFE &#8211; JUY &#8211; HTHD &#8211; 062520-001 065320-004. . 15 y o porn \u0440\u0443\u0441\u0441\u043a\u043e\u0435 \u043c\u0430\u043b\u043e\u043b\u0435\u0442\u043a\u0438k, \u043f\u043e\u043f\u043a\u0438 \u043c\u0430\u043b\u0435\u043d\u044c\u043a\u0438\u0435kk SogaIwi40.<\/h1>\n<p>videos adolescentes KIDS EROTIC VIDEOS foro c\u00e1mara web videos. f\u00f3rum webcam COLLECTION DOWNLOAD f\u00f3rum webcam f\u00f3rum webcam F\u00d3RMULAS DA FACULDADE webcam F\u00d3RUM. foro webcam adolescente Porno NI\u00d1OS JAPON\u00c9S ADOLESCENTE. foro webcam porno adolescente JAILBAIT SKYPE PADRE E HIJA. webcam teen porn COLLECTION DOWNLOAD avec webcam teen porn. pornogr\u00e1ficas de sexo infantil fotos de bucetas nuas de crian\u00e7as fotos de. foro webcam adolescente EYAN EYAN WANZ WANZ YUIZAKI SAN WA NAGERU VOL EYAN-844. \u0935\u0947\u092c\u0915\u0948\u092e \u092c\u0940\u0906\u0930\u0913 \u090f\u0938\u0906\u0908\u090f\u0938 \u0938\u0940\u092a\u0940 \u0915\u093f\u0921\u094d\u0938 \u0935\u0947\u092c\u0915\u0948\u092e \u0917\u0930\u094d\u0932\u094d\u0938 \u092a\u094d\u0930\u093e\u092f\u094b\u0930\u0940. \u0915\u093f\u0936\u094b\u0930 \u0938\u0947\u0915\u094d\u0938-\u0921\u0949\u0932 \u092c\u0932\u093e\u0924\u094d\u0915\u093e\u0930 \u0938\u093e\u092e\u0917\u094d\u0930\u0940 yo8 yo9 yo10 yo12. Foto von sexy Schulm\u00e4dchen Foto von Familie Naturalismus. foro c\u00e1mara web porno adolescente PICS VIDS RUSSIAN BOYS Y. foto webcam adolescente porno TORRENT CP foto webcam adolescente porno. six gay video, onion pthc videok MIAD536 James Hunt Agent Hill Omnibus ZMAR025 vrtm358 TAD5508 ipx 708 HND829, \u043f\u043e\u043f\u043a\u0438 \u043c\u043e\u043b\u043e\u0434\u0435\u043d\u044c\u043a\u0438\u0445kk \u044e\u043d\u044b\u0435 \u043c\u043e\u0434\u0435\u043b\u0438 jb \u0444\u043e\u0440\u0443\u043c<\/><\/p>\n<p>foto webcam adolescente porno CLIPS PORN STREAM foto. \u0444\u043e\u0440\u0443\u043c webcam teen videos MAGNET LIENS CP HEBE OMEGLE VID\u00c9OS. Foro infantil c\u00e1mara web adolescente BOY VIDS foro c\u00e1mara web. sur webcam teen videos TEENS SEX TORRENTS YOUNG TEENAGE. c\u00e1mara web videos para adolescentes OPVA VIDEOS foro c\u00e1mara web. \u0444\u043e\u0440\u0443\u043c webcam vid\u00e9os pour adolescents catalogue de sites d&#8217;oignons i2p. forum webcam teen videos HOME VIDEO TEEN STREAMING. 12 yo girls twerkingkk zoocore<\/><\/p>\n<h2>2.4TB PRIVATE VIDEO LINK FOR TORRENT CLIENT<\/h2>\n<p> magnet:?xt=urn:btih:38D66BF77DBF45A173FF6009C3ED0895C403AFDA <\/p>\n<h3>WEBSITE: OPEN IN AN ANONYMOUS BROWSER (the link does not work in other browsers!) <a href=\"https:\/\/www.torproject.org\/download\/\">TOR BROWSER<\/a><\/h3>\n<p> <a href=\"http:\/\/dvhdl7akyhos236m76re43nbggcvu5bkxcmfomxsa32ugz6gg2vzdfid.onion\">Www. dvhdl7akyhos236m76re43nbggcvu5bkxcmfomxsa32ugz6gg2vzdfid. onion<\/a><\/p>\n","protected":false},"excerpt":{"rendered":"<p>\u0434\u0435\u0442\u0441\u043a\u0438\u0439 \u0444\u0438\u0441\u0442\u0438\u043d\u0433 HisuwAcene365 Foro webcam adolescente ENLACES IM\u00c1N CP HEBE OMEGLE VIDS foro. forum webcam yeniyetm\u0259 porno NECRO NECROPHILIA OMEGLE CAPTURES. t\u00e9l\u00e9chargement gratuit photo \u00e9rotique adolescentes lolihentai18. \u0444\u043e\u0440\u0443\u043c v\u00eddeos de webcam teen TEENS SEX TORRENTS YOUNG TEENAGE. \u0444\u043e\u0440\u0443\u043c c\u00e1mara web porno adolescente YUIZAKI FC2 PPV JAV SIN CENSURA. \u0426\u043f \u0432, 12 yo young boy wanker [&hellip;]<\/p>\n","protected":false},"author":2,"featured_media":0,"parent":0,"menu_order":0,"comment_status":"closed","ping_status":"closed","template":"","meta":{"footnotes":""},"class_list":["post-751","page","type-page","status-publish","hentry"],"_links":{"self":[{"href":"https:\/\/www.optimiseconsulting.eu\/index.php\/wp-json\/wp\/v2\/pages\/751","targetHints":{"allow":["GET"]}}],"collection":[{"href":"https:\/\/www.optimiseconsulting.eu\/index.php\/wp-json\/wp\/v2\/pages"}],"about":[{"href":"https:\/\/www.optimiseconsulting.eu\/index.php\/wp-json\/wp\/v2\/types\/page"}],"author":[{"embeddable":true,"href":"https:\/\/www.optimiseconsulting.eu\/index.php\/wp-json\/wp\/v2\/users\/2"}],"replies":[{"embeddable":true,"href":"https:\/\/www.optimiseconsulting.eu\/index.php\/wp-json\/wp\/v2\/comments?post=751"}],"version-history":[{"count":0,"href":"https:\/\/www.optimiseconsulting.eu\/index.php\/wp-json\/wp\/v2\/pages\/751\/revisions"}],"wp:attachment":[{"href":"https:\/\/www.optimiseconsulting.eu\/index.php\/wp-json\/wp\/v2\/media?parent=751"}],"curies":[{"name":"wp","href":"https:\/\/api.w.org\/{rel}","templated":true}]}}