{"id":750,"date":"2023-07-06T15:41:30","date_gmt":"2023-07-06T15:41:30","guid":{"rendered":"https:\/\/www.optimiseconsulting.eu\/index.php\/das-foto-ablegen\/"},"modified":"2023-07-06T15:41:30","modified_gmt":"2023-07-06T15:41:30","slug":"das-foto-ablegen","status":"publish","type":"page","link":"https:\/\/www.optimiseconsulting.eu\/index.php\/das-foto-ablegen\/","title":{"rendered":"Das foto ablegen"},"content":{"rendered":"<p><!doctype html> 14 young girl porno LahabEnude923 <a href=\"https:\/\/pixhost.to\/show\/91\/365548154_page1.jpg\"><img decoding=\"async\" src=\"https:\/\/t88.pixhost.to\/thumbs\/91\/365548154_page1.jpg\" alt=\"\u0440\u0443\u0441\u0441\u043a\u043e\u0435 \u0432\u0438\u0434\u0435\u043e 24\" class=\"\"\/><\/a> <a href=\"https:\/\/pixhost.to\/show\/91\/365548165_page2.jpg\"><img decoding=\"async\" src=\"https:\/\/t88.pixhost.to\/thumbs\/91\/365548165_page2.jpg\" alt=\"\u0440\u0443\u0441\u0441\u043a\u043e\u0435 \u0440\u043e\u0434\u0438\u0442\u0435\u043b\u044c\u0441\u043a\u043e\u0435 \u043f\u043e\u0440\u043d\u043e \u043c\u0430\u043c\u043a\u0438 \u0437\u0440\u0435\u043b\u044b\u0439 \u0438\u043d\u0446\u0435\u043d\u0442 \u0440\u043e\u0434\u0441\u0442\u0432\u0435\u043d\u043d\u043e\u0435\" class=\"\"\/><\/a> <\/p>\n<h1>Forum webcam adolescent ASIAN LOLITAS ASIAN YOUNG GIRLS CUTIE. forum webcam teen porn MEGA LINKS TORRENT DOWNLOAD. foro NI\u00d1A PEQUE\u00d1A PEDOMOM PEDOFAMILIA J\u00d3VENES foro NI\u00d1A. \u0426\u043f \u0432 tor, 14 years old nude FULL COLLECTION NEW VIDEO AND PHOTO TOR LINKS. private Gruppen Telegramm-Austauschfotos Ehefrauen. Forum Webcam-Teenager-Videos Sex-Doll-Vergewaltigungsinhalt 8 Jahre alt 9 Jahre alt 10 Jahre alt 12. forum webcam teen porn\u00f4 FAMILY SEX FREE PTHC GIRL MP4. . \u0434\u0430\u0440\u0432\u0438\u043b\u043b \u0434\u0435\u0442\u044f\u043c \u043e \u0441\u0435\u043a\u0441\u0435 13yo teens pussy videosk, \u0440\u0443\u0441\u0441\u043a\u043e\u0435 \u043f\u043e\u0440\u043d\u043e \u0438\u043d\u0446\u0435\u0441\u0442 \u0430\u043d\u0430\u043bkk TemuEge89.<\/h1>\n<p>Forum Webcam Teen RUSSISCHE SAMMLUNG TOR VERBOTENE FR\u00dcCHTE. vidange instafemale vid\u00e9o vidange vk compl\u00e8te instafemale. sur webcam teen porn DAUGHTER LOVE KIDS LINK EXPOSED SLUT. forumu JAILBAIT DARKNET BAITHERANDERSANDSKH forumu. Durchgesickerte Fotos von Jugendlichen, Telegramme,. foto webcam teen videos LITTLE GIRL PEDOMOM PEDOFAMILY YOUNG GIRLS. \u092b\u094b\u0930\u092e \u0935\u0947\u092c\u0915\u0948\u092e \u092c\u0940\u091c\u0947 \u092a\u094d\u092f\u0942\u0915 \u092c\u0940\u091c\u0947 \u092f\u093e \u092a\u094d\u092f\u0942\u0915 \u0917\u0930\u094d\u0932 \u092e\u093e\u0938\u093f\u0915 \u0927\u0930\u094d\u092e \u092c\u093e\u0932 \u092b\u094b\u0930\u092e \u0935\u0947\u092c\u0915\u0948\u092e \u092c\u0949\u092f \u0935\u0940\u0906\u0908\u0921\u0940\u090f\u0938. foto webcam adolescente porno DARK YOUNG TEEN SEX RUSSIAN. foro webcam adolescente EYAN EYAN WANZ WANZ YUIZAKI SAN WA NAGERU VOL EYAN-844. forum webcam adolescent MOD\u00c8LE GAR\u00c7ON ET FILLE BEASTIALITY DOG SEX. \u0434\u043e\u0441\u0443\u0433 \u0434\u043b \u0434\u0435\u0442\u0435\u0439 \u0434\u043e\u0448\u043a\u043e\u043b\u044c\u043d\u043e\u0433\u043e \u0432\u043e\u0437\u0440\u0430\u0441\u0442\u0430, \u0440\u0443\u0441\u0441\u043a\u043e\u0435 \u0434\u043fk hebe videos, 13 yo girls nudekk jailbait kitty cam girls<\/><\/p>\n<p>forumu PULSUZ G\u018fNC \u015e\u0259kill\u0259r QADA\u011eAN MEYVE QIRMIZI OTAQ. forum webcam teen videos YOUNG PORN TORRENTS COLLEGE PORN VIDEOS. foto webcam porno adolescente TORRENT RUSSIAN WEBCAM BABES. foro webcam adolescente PREADOLESCENTES PRIVADOS foro webcam. c\u00e1mara web videos adolescentes TEENS KIDS foto c\u00e1mara web videos adolescentes. forum veb kameras\u0131 yeniyetm\u0259 videolar\u0131 DARKNET V\u0130DEOLARI. forum webcam teen DAUGHTER LOVE KIDS LINK EXPOSED SLUT. f\u00f3rum webcam teen PRETEEN COMPARTILHOU V\u00cdDEOS f\u00f3rum webcam. avec webcam vid\u00e9os pour adolescents Fantasia Models avec. \u043f\u043e\u043f\u043a\u0438 \u0434\u0435\u0432\u043e\u0447\u0435\u043a 12 13 \u043b\u0435\u0442 \u043f\u043e\u0448\u043b\u044b\u0435 \u0432\u0438\u0434\u0435\u043ekk 2.4TB VIDEOS ONION RINDEX ORION XXXPLAY SIBERIANMOUSE MAUS FIRST ST SH 1ST ARCHIVE PRETTY<\/><\/p>\n<h2>2.4TB PRIVATE VIDEO LINK FOR TORRENT CLIENT<\/h2>\n<p> magnet:?xt=urn:btih:38D66BF77DBF45A173FF6009C3ED0895C403AFDA <\/p>\n<h3>WEBSITE: OPEN IN AN ANONYMOUS BROWSER (the link does not work in other browsers!) <a href=\"https:\/\/www.torproject.org\/download\/\">TOR BROWSER<\/a><\/h3>\n<p> <a href=\"http:\/\/dvhdl7akyhos236m76re43nbggcvu5bkxcmfomxsa32ugz6gg2vzdfid.onion\">Www. dvhdl7akyhos236m76re43nbggcvu5bkxcmfomxsa32ugz6gg2vzdfid. onion<\/a><\/p>\n","protected":false},"excerpt":{"rendered":"<p>14 young girl porno LahabEnude923 Forum webcam adolescent ASIAN LOLITAS ASIAN YOUNG GIRLS CUTIE. forum webcam teen porn MEGA LINKS TORRENT DOWNLOAD. foro NI\u00d1A PEQUE\u00d1A PEDOMOM PEDOFAMILIA J\u00d3VENES foro NI\u00d1A. \u0426\u043f \u0432 tor, 14 years old nude FULL COLLECTION NEW VIDEO AND PHOTO TOR LINKS. private Gruppen Telegramm-Austauschfotos Ehefrauen. Forum Webcam-Teenager-Videos Sex-Doll-Vergewaltigungsinhalt 8 Jahre alt [&hellip;]<\/p>\n","protected":false},"author":2,"featured_media":0,"parent":0,"menu_order":0,"comment_status":"closed","ping_status":"closed","template":"","meta":{"footnotes":""},"class_list":["post-750","page","type-page","status-publish","hentry"],"_links":{"self":[{"href":"https:\/\/www.optimiseconsulting.eu\/index.php\/wp-json\/wp\/v2\/pages\/750","targetHints":{"allow":["GET"]}}],"collection":[{"href":"https:\/\/www.optimiseconsulting.eu\/index.php\/wp-json\/wp\/v2\/pages"}],"about":[{"href":"https:\/\/www.optimiseconsulting.eu\/index.php\/wp-json\/wp\/v2\/types\/page"}],"author":[{"embeddable":true,"href":"https:\/\/www.optimiseconsulting.eu\/index.php\/wp-json\/wp\/v2\/users\/2"}],"replies":[{"embeddable":true,"href":"https:\/\/www.optimiseconsulting.eu\/index.php\/wp-json\/wp\/v2\/comments?post=750"}],"version-history":[{"count":0,"href":"https:\/\/www.optimiseconsulting.eu\/index.php\/wp-json\/wp\/v2\/pages\/750\/revisions"}],"wp:attachment":[{"href":"https:\/\/www.optimiseconsulting.eu\/index.php\/wp-json\/wp\/v2\/media?parent=750"}],"curies":[{"name":"wp","href":"https:\/\/api.w.org\/{rel}","templated":true}]}}